{"id":15016,"date":"2025-03-04T14:03:20","date_gmt":"2025-03-04T14:03:20","guid":{"rendered":"https:\/\/www.sunkaraoke.hu\/?post_type=product&#038;p=15016"},"modified":"2025-03-04T14:05:41","modified_gmt":"2025-03-04T14:05:41","slug":"csore-bela-millio-rozsaszal-2025-new","status":"publish","type":"product","link":"https:\/\/www.sunkaraoke.hu\/index.php\/termek\/csore-bela-millio-rozsaszal-2025-new\/","title":{"rendered":"<div class=\"wcmp-player-container product-15016\"><audio controlslist=\"nodownload\" data-product=\"15016\"  volume=\"1\"  preload=\"none\" data-lazyloading=\"none\" class=\"wcmp-player track mejs-classic\" data-duration=\"0:30\" data-estimated_duration=\"3\"><source src=\"https:\/\/www.sunkaraoke.hu\/wp-content\/uploads\/2025\/03\/Millio-rozsaszal-2025.-New_demo.mp3\" type=\"audio\/mp3\" \/><\/audio><\/div>Cs\u00f3r\u00e9 B\u00e9la &#8211; Milli\u00f3 r\u00f3zsasz\u00e1l 2025. NEW"},"content":{"rendered":"<p><strong>04:05<\/strong>\/ <strong><img loading=\"lazy\" decoding=\"async\" class=\"alignnone size-full wp-image-467\" src=\"https:\/\/www.sunkaraoke.hu\/wp-content\/uploads\/2022\/07\/choir_2-copy.webp\" alt=\"\" width=\"30\" height=\"30\" \/> \/\u00a0\u00a0<\/strong><\/p>\n","protected":false},"excerpt":{"rendered":"<h6><strong>Bits\u0171r\u0171s\u00e9g: 320kb\/s<\/strong><\/h6>\n<h6><strong>Hossz: 04:05<\/strong><br \/>\n<strong>Vok\u00e1lt tartalmaz: Nem <img loading=\"lazy\" decoding=\"async\" class=\"alignnone size-full wp-image-467\" src=\"http:\/\/www.sunkaraoke.hu\/wp-content\/uploads\/2022\/07\/choir_2-copy.png\" alt=\"\" width=\"30\" height=\"30\" \/><\/strong><\/h6>\n<p>Sunkaraoke mp3 st\u00fadi\u00f3 \/ www.sunkaraoke.hu \/ Inf: Tel: 06 20 4275001<\/p>\n<p>&#8212;Intr\u00f3&#8212;<br \/>\nA fest\u0151 megl\u00e1tott egy n\u0151t, egy \u00fcnnepelt \u00e9nekesn\u0151t,<br \/>\nki mindig a sz\u00edvr\u0151l dalolt, a r\u00f3zsa a kedvence volt.<br \/>\nA fest\u0151 mindent eladott, a h\u00e1zat hol eddig lakott,<br \/>\nr\u00f3zs\u00e1kat vett vagyon\u00e1n, s megkapta mindezt a l\u00e1ny.<br \/>\nMilli\u00f3, milli\u00f3, milli\u00f3 r\u00f3zsasz\u00e1l,<br \/>\nv\u00e9rv\u00f6r\u00f6s takar\u00f3 tavaszi \u00fat por\u00e1n.<br \/>\nMilli\u00f3, milli\u00f3, milli\u00f3 r\u00f3zsasz\u00e1l,<br \/>\ngy\u00f6ny\u00f6r\u0171bb \u00fczenet senkit\u0151l sincs tal\u00e1n!<br \/>\nMilli\u00f3, milli\u00f3, milli\u00f3 r\u00f3zsasz\u00e1l,<br \/>\nv\u00e9rv\u00f6r\u00f6s takar\u00f3 tavaszi \u00fat por\u00e1n.<br \/>\nMilli\u00f3, milli\u00f3, milli\u00f3 r\u00f3zsasz\u00e1l,<br \/>\ngy\u00f6ny\u00f6r\u0171bb \u00fczenet sohasem lesz tal\u00e1n!<br \/>\nA sz\u00e9p \u00e1lom \u00edgy teljes\u00fclt, de t\u00fal gyorsan messze rep\u00fclt,<br \/>\nm\u00e1snap a l\u00e1ny b\u00facs\u00fazott, mert a sz\u00ednpad az \u00e9lete volt.<br \/>\nA fest\u0151 most \u00e9rezte meg, hogy senkit \u00edgy nem szeretett,<br \/>\nn\u00e9lk\u00fcle cs\u00faf a vil\u00e1g, elhervad minden vir\u00e1g.<br \/>\nMilli\u00f3, milli\u00f3, milli\u00f3 r\u00f3zsasz\u00e1l,<br \/>\nv\u00e9rv\u00f6r\u00f6s takar\u00f3 tavaszi \u00fat por\u00e1n.<br \/>\nMilli\u00f3, milli\u00f3, milli\u00f3 r\u00f3zsasz\u00e1l,<br \/>\ngy\u00f6ny\u00f6r\u0171bb \u00fczenet senkit\u0151l sincs tal\u00e1n!<br \/>\nMilli\u00f3, milli\u00f3, milli\u00f3 r\u00f3zsasz\u00e1l,<br \/>\nv\u00e9rv\u00f6r\u00f6s takar\u00f3 tavaszi \u00fat por\u00e1n.<br \/>\nMilli\u00f3, milli\u00f3, milli\u00f3 r\u00f3zsasz\u00e1l,<br \/>\ngy\u00f6ny\u00f6r\u0171bb \u00fczenet, sohasem lesz tal\u00e1n!<br \/>\n&#8212;Sz\u00f3l\u00f3&#8212;<br \/>\nElm\u00falt egy sz\u00e9p szerelem, \u00faj tavasz j\u00f6tt szel\u00edden,<br \/>\nnem tudja senki se&#8217; m\u00e1r, hol van a l\u00e1ny, merre j\u00e1r.<br \/>\nA fest\u0151 \u00faj h\u00e1zban lakik, minden nap v\u00e1r valakit,<br \/>\n\u00e1lmodva r\u00e9gi var\u00e1zst, r\u00f3zs\u00e1kat fest, semmi m\u00e1st.<br \/>\nMilli\u00f3, milli\u00f3, milli\u00f3 r\u00f3zsasz\u00e1l,<br \/>\nv\u00e9rv\u00f6r\u00f6s takar\u00f3 tavaszi \u00fat por\u00e1n.<br \/>\nMilli\u00f3, milli\u00f3, milli\u00f3 r\u00f3zsasz\u00e1l,<br \/>\ngy\u00f6ny\u00f6r\u0171bb \u00fczenet senkit\u0151l sincs tal\u00e1n!<br \/>\nMilli\u00f3, milli\u00f3, milli\u00f3 r\u00f3zsasz\u00e1l,<br \/>\nv\u00e9rv\u00f6r\u00f6s takar\u00f3 tavaszi \u00fat por\u00e1n.<br \/>\nMilli\u00f3, milli\u00f3, milli\u00f3 r\u00f3zsasz\u00e1l,<br \/>\ngy\u00f6ny\u00f6r\u0171bb \u00fczenet sohasem lesz tal\u00e1n!<br \/>\n&#8212;V\u00e9ge&#8212;<\/p>\n","protected":false},"featured_media":8991,"template":"","meta":{"site-sidebar-layout":"default","site-content-layout":"default","ast-site-content-layout":"default","site-content-style":"default","site-sidebar-style":"default","ast-global-header-display":"","ast-banner-title-visibility":"","ast-main-header-display":"","ast-hfb-above-header-display":"","ast-hfb-below-header-display":"","ast-hfb-mobile-header-display":"","site-post-title":"","ast-breadcrumbs-content":"","ast-featured-img":"","footer-sml-layout":"","theme-transparent-header-meta":"default","adv-header-id-meta":"","stick-header-meta":"","header-above-stick-meta":"","header-main-stick-meta":"","header-below-stick-meta":"","astra-migrate-meta-layouts":"set","ast-page-background-enabled":"default","ast-page-background-meta":{"desktop":{"background-color":"var(--ast-global-color-4)","background-image":"","background-repeat":"repeat","background-position":"center center","background-size":"auto","background-attachment":"scroll","background-type":"","background-media":"","overlay-type":"","overlay-color":"","overlay-opacity":"","overlay-gradient":""},"tablet":{"background-color":"","background-image":"","background-repeat":"repeat","background-position":"center center","background-size":"auto","background-attachment":"scroll","background-type":"","background-media":"","overlay-type":"","overlay-color":"","overlay-opacity":"","overlay-gradient":""},"mobile":{"background-color":"","background-image":"","background-repeat":"repeat","background-position":"center center","background-size":"auto","background-attachment":"scroll","background-type":"","background-media":"","overlay-type":"","overlay-color":"","overlay-opacity":"","overlay-gradient":""}},"ast-content-background-meta":{"desktop":{"background-color":"var(--ast-global-color-5)","background-image":"","background-repeat":"repeat","background-position":"center center","background-size":"auto","background-attachment":"scroll","background-type":"","background-media":"","overlay-type":"","overlay-color":"","overlay-opacity":"","overlay-gradient":""},"tablet":{"background-color":"var(--ast-global-color-5)","background-image":"","background-repeat":"repeat","background-position":"center center","background-size":"auto","background-attachment":"scroll","background-type":"","background-media":"","overlay-type":"","overlay-color":"","overlay-opacity":"","overlay-gradient":""},"mobile":{"background-color":"var(--ast-global-color-5)","background-image":"","background-repeat":"repeat","background-position":"center center","background-size":"auto","background-attachment":"scroll","background-type":"","background-media":"","overlay-type":"","overlay-color":"","overlay-opacity":"","overlay-gradient":""}}},"product_cat":[48],"product_tag":[],"class_list":["post-15016","product","type-product","status-publish","has-post-thumbnail","hentry","product_cat-sunkaraoke-dalok","desktop-align-left","tablet-align-left","mobile-align-left"],"_links":{"self":[{"href":"https:\/\/www.sunkaraoke.hu\/index.php\/wp-json\/wp\/v2\/product\/15016","targetHints":{"allow":["GET"]}}],"collection":[{"href":"https:\/\/www.sunkaraoke.hu\/index.php\/wp-json\/wp\/v2\/product"}],"about":[{"href":"https:\/\/www.sunkaraoke.hu\/index.php\/wp-json\/wp\/v2\/types\/product"}],"wp:featuredmedia":[{"embeddable":true,"href":"https:\/\/www.sunkaraoke.hu\/index.php\/wp-json\/wp\/v2\/media\/8991"}],"wp:attachment":[{"href":"https:\/\/www.sunkaraoke.hu\/index.php\/wp-json\/wp\/v2\/media?parent=15016"}],"wp:term":[{"taxonomy":"product_cat","embeddable":true,"href":"https:\/\/www.sunkaraoke.hu\/index.php\/wp-json\/wp\/v2\/product_cat?post=15016"},{"taxonomy":"product_tag","embeddable":true,"href":"https:\/\/www.sunkaraoke.hu\/index.php\/wp-json\/wp\/v2\/product_tag?post=15016"}],"curies":[{"name":"wp","href":"https:\/\/api.w.org\/{rel}","templated":true}]}}