{"id":15008,"date":"2025-03-03T13:57:00","date_gmt":"2025-03-03T13:57:00","guid":{"rendered":"https:\/\/www.sunkaraoke.hu\/?post_type=product&#038;p=15008"},"modified":"2025-03-03T13:58:22","modified_gmt":"2025-03-03T13:58:22","slug":"csore-bela-reg-lattalak-2025-new","status":"publish","type":"product","link":"https:\/\/www.sunkaraoke.hu\/index.php\/termek\/csore-bela-reg-lattalak-2025-new\/","title":{"rendered":"<div class=\"wcmp-player-container product-15008\"><audio controlslist=\"nodownload\" data-product=\"15008\"  volume=\"1\"  preload=\"none\" data-lazyloading=\"none\" class=\"wcmp-player track mejs-classic\" data-duration=\"0:33\" data-estimated_duration=\"4\"><source src=\"https:\/\/www.sunkaraoke.hu\/wp-content\/uploads\/2025\/03\/Reg-lattalak-2025.-New_demo.mp3\" type=\"audio\/mp3\" \/><\/audio><\/div>Cs\u00f3r\u00e9 B\u00e9la &#8211; R\u00e9g l\u00e1ttalak 2025. New"},"content":{"rendered":"<p><strong>03:27<\/strong>\/ <strong><img loading=\"lazy\" decoding=\"async\" class=\"alignnone size-full wp-image-467\" src=\"https:\/\/www.sunkaraoke.hu\/wp-content\/uploads\/2022\/07\/choir_2-copy.webp\" alt=\"\" width=\"30\" height=\"30\" \/> \/\u00a0\u00a0<\/strong><\/p>\n","protected":false},"excerpt":{"rendered":"<h6><strong>Bits\u0171r\u0171s\u00e9g: 320kb\/s<\/strong><\/h6>\n<h6><strong>Hossz: 03:27<\/strong><br \/>\n<strong>Vok\u00e1lt tartalmaz: Nem <img loading=\"lazy\" decoding=\"async\" class=\"alignnone size-full wp-image-467\" src=\"http:\/\/www.sunkaraoke.hu\/wp-content\/uploads\/2022\/07\/choir_2-copy.png\" alt=\"\" width=\"30\" height=\"30\" \/><\/strong><\/h6>\n<p>Sunkaraoke mp3 st\u00fadi\u00f3 \/ www.sunkaraoke.hu \/ Inf: Tel: 06 20 4275001<\/p>\n<p>&#8212;Intr\u00f3&#8212;<br \/>\nCsendesen k\u00e9z a k\u00e9zben, s\u00e9t\u00e1ltunk lent a t\u00e9ren,<br \/>\nhideg volt \u00e9jjel \u00e9s semmi nem mozdult csak n\u00e9ma csend.<br \/>\nGy\u00f6ng\u00e9den \u00e1tkaroltam, \u0150 k\u00e9rdezett v\u00e1laszoltam,<br \/>\nb\u00e1r n\u00e9melyik sz\u00f3r\u00f3l, azt sem tudtam m\u00e9g hogy mit jelent.<br \/>\nVan ennek n\u00e9gy vagy \u00f6t \u00e9ve, sz\u00e1moljuk sz\u00e1ll az id\u0151,<br \/>\nhogy el kellett j\u00f6nn\u00f6m, m\u00e9g most is b\u00e1nt nagyon.<br \/>\nR\u00e9g l\u00e1ttalak, sz\u00e9p kedvesem! Nem j\u00f6n lev\u00e9l. Mi van veled?<br \/>\n\u00dajra indulok, hogy megkeresselek. Nincs semmi m\u00e1s, hogy szerettelek.<br \/>\nMost itt \u00e1llok \u00fajra a parton, f\u00e9nyk\u00e9ped kezemben tartom.<br \/>\nM\u00e1r hi\u00e1ba h\u00edvlak az egykori sz\u00e1mon, m\u00e1r m\u00e1st jelent.<br \/>\nA h\u00e1z, ahol laktatok r\u00e9gen, m\u00e9g ugyan\u00fagy ott \u00e1ll a t\u00e9ren.<br \/>\nDe hi\u00e1ba k\u00e9rdem, senki sem tudja, mi lett veled.<br \/>\n\u00c9n j\u00e1rom az utc\u00e1kat sorra, minden hely t\u00e9ged id\u00e9z,<br \/>\nde t\u00fal nagy a v\u00e1ros, s hogy merre vagy, nem tudom.<br \/>\nR\u00e9g l\u00e1ttalak sz\u00e9p kedvesem! Nem j\u00f6n lev\u00e9l. Mi van veled?<br \/>\n\u00dajra indulok, hogy megkeresselek. Nincs semmi m\u00e1s, hogy szerettelek.<br \/>\n&#8212;Sz\u00f3l\u00f3&#8212;<br \/>\nVan ennek n\u00e9gy vagy \u00f6t \u00e9ve, sz\u00e1moljuk sz\u00e1ll az id\u0151,<br \/>\nhogy el kellett j\u00f6nn\u00f6m, m\u00e9g most is b\u00e1nt nagyon.<br \/>\nR\u00e9g l\u00e1ttalak, sz\u00e9p kedvesem! Nem j\u00f6n lev\u00e9l. Mi van veled?<br \/>\n\u00dajra indulok, hogy megkeresselek. Nincs semmi m\u00e1s, hogy szerettelek.<br \/>\n&#8212;V\u00e9ge&#8212;<\/p>\n","protected":false},"featured_media":8991,"template":"","meta":{"site-sidebar-layout":"default","site-content-layout":"default","ast-site-content-layout":"default","site-content-style":"default","site-sidebar-style":"default","ast-global-header-display":"","ast-banner-title-visibility":"","ast-main-header-display":"","ast-hfb-above-header-display":"","ast-hfb-below-header-display":"","ast-hfb-mobile-header-display":"","site-post-title":"","ast-breadcrumbs-content":"","ast-featured-img":"","footer-sml-layout":"","theme-transparent-header-meta":"default","adv-header-id-meta":"","stick-header-meta":"","header-above-stick-meta":"","header-main-stick-meta":"","header-below-stick-meta":"","astra-migrate-meta-layouts":"set","ast-page-background-enabled":"default","ast-page-background-meta":{"desktop":{"background-color":"var(--ast-global-color-4)","background-image":"","background-repeat":"repeat","background-position":"center center","background-size":"auto","background-attachment":"scroll","background-type":"","background-media":"","overlay-type":"","overlay-color":"","overlay-opacity":"","overlay-gradient":""},"tablet":{"background-color":"","background-image":"","background-repeat":"repeat","background-position":"center center","background-size":"auto","background-attachment":"scroll","background-type":"","background-media":"","overlay-type":"","overlay-color":"","overlay-opacity":"","overlay-gradient":""},"mobile":{"background-color":"","background-image":"","background-repeat":"repeat","background-position":"center center","background-size":"auto","background-attachment":"scroll","background-type":"","background-media":"","overlay-type":"","overlay-color":"","overlay-opacity":"","overlay-gradient":""}},"ast-content-background-meta":{"desktop":{"background-color":"var(--ast-global-color-5)","background-image":"","background-repeat":"repeat","background-position":"center center","background-size":"auto","background-attachment":"scroll","background-type":"","background-media":"","overlay-type":"","overlay-color":"","overlay-opacity":"","overlay-gradient":""},"tablet":{"background-color":"var(--ast-global-color-5)","background-image":"","background-repeat":"repeat","background-position":"center center","background-size":"auto","background-attachment":"scroll","background-type":"","background-media":"","overlay-type":"","overlay-color":"","overlay-opacity":"","overlay-gradient":""},"mobile":{"background-color":"var(--ast-global-color-5)","background-image":"","background-repeat":"repeat","background-position":"center center","background-size":"auto","background-attachment":"scroll","background-type":"","background-media":"","overlay-type":"","overlay-color":"","overlay-opacity":"","overlay-gradient":""}}},"product_cat":[48],"product_tag":[],"class_list":["post-15008","product","type-product","status-publish","has-post-thumbnail","hentry","product_cat-sunkaraoke-dalok","desktop-align-left","tablet-align-left","mobile-align-left"],"_links":{"self":[{"href":"https:\/\/www.sunkaraoke.hu\/index.php\/wp-json\/wp\/v2\/product\/15008","targetHints":{"allow":["GET"]}}],"collection":[{"href":"https:\/\/www.sunkaraoke.hu\/index.php\/wp-json\/wp\/v2\/product"}],"about":[{"href":"https:\/\/www.sunkaraoke.hu\/index.php\/wp-json\/wp\/v2\/types\/product"}],"wp:featuredmedia":[{"embeddable":true,"href":"https:\/\/www.sunkaraoke.hu\/index.php\/wp-json\/wp\/v2\/media\/8991"}],"wp:attachment":[{"href":"https:\/\/www.sunkaraoke.hu\/index.php\/wp-json\/wp\/v2\/media?parent=15008"}],"wp:term":[{"taxonomy":"product_cat","embeddable":true,"href":"https:\/\/www.sunkaraoke.hu\/index.php\/wp-json\/wp\/v2\/product_cat?post=15008"},{"taxonomy":"product_tag","embeddable":true,"href":"https:\/\/www.sunkaraoke.hu\/index.php\/wp-json\/wp\/v2\/product_tag?post=15008"}],"curies":[{"name":"wp","href":"https:\/\/api.w.org\/{rel}","templated":true}]}}