{"id":14982,"date":"2025-02-24T13:19:17","date_gmt":"2025-02-24T13:19:17","guid":{"rendered":"https:\/\/www.sunkaraoke.hu\/?post_type=product&#038;p=14982"},"modified":"2025-02-24T13:20:56","modified_gmt":"2025-02-24T13:20:56","slug":"aradszky-laszlo-szomszedasszony-futyulok-2025-new","status":"publish","type":"product","link":"https:\/\/www.sunkaraoke.hu\/index.php\/termek\/aradszky-laszlo-szomszedasszony-futyulok-2025-new\/","title":{"rendered":"<div class=\"wcmp-player-container product-14982\"><audio controlslist=\"nodownload\" data-product=\"14982\"  volume=\"1\"  preload=\"none\" data-lazyloading=\"none\" class=\"wcmp-player track mejs-classic\" data-duration=\"0:33\" data-estimated_duration=\"4\"><source src=\"https:\/\/www.sunkaraoke.hu\/wp-content\/uploads\/2025\/02\/Szomszedasszyony_demo.mp3\" type=\"audio\/mp3\" \/><\/audio><\/div>Aradszky L\u00e1szl\u00f3: Szomsz\u00e9dasszony f\u00fcty\u00fcl\u00f6k 2025. NEW"},"content":{"rendered":"<p><strong>02:27<\/strong>\u00a0| <strong><img loading=\"lazy\" decoding=\"async\" class=\"alignnone size-full wp-image-467\" src=\"https:\/\/www.sunkaraoke.hu\/wp-content\/uploads\/2022\/07\/choir_2-copy.webp\" alt=\"\" width=\"30\" height=\"30\" \/> <\/strong><\/p>\n","protected":false},"excerpt":{"rendered":"<h6><strong>Bits\u0171r\u0171s\u00e9g: 320kb\/s<\/strong><br \/>\n<strong>Hossz: 02:27<\/strong><\/h6>\n<h6><strong>Vok\u00e1lt tartalmaz: Nem <img loading=\"lazy\" decoding=\"async\" class=\"alignnone size-full wp-image-467\" src=\"http:\/\/www.sunkaraoke.hu\/wp-content\/uploads\/2022\/07\/choir_2-copy.png\" alt=\"\" width=\"30\" height=\"30\" \/><\/strong><\/h6>\n<p>Sunkaraoke mp3 st\u00fadi\u00f3 \/ www.sunkaraoke.hu \/ Inf: Tel: 06 20 4275001<\/p>\n<p>&#8212;-Intr\u00f3&#8212;<br \/>\nK\u00e9pzelj\u00e9k, van nekem egy r\u00e9gi kedves bar\u00e1tom,<br \/>\npanaszkodik csendben mindig, ha l\u00e1tom,<br \/>\nszomsz\u00e9dj\u00e1ban \u00e9l egy mama a l\u00e1ny\u00e1val.<br \/>\nA mama szeretn\u00e9, ha \u0151 a kisl\u00e1nnyal j\u00e1rna,<br \/>\n\u00e9s ez\u00e9rt a c\u00e9l\u00e9rt semmi sem dr\u00e1ga,<br \/>\nszeg\u00e9ny kis bar\u00e1tom, ne k\u00e9ss a v\u00e1lasszal.<br \/>\nSzomsz\u00e9dasszony, f\u00fcty\u00fcl\u00f6k a l\u00e1ny\u00e1ra,<br \/>\nink\u00e1bb j\u00e1rok \u00e9n a foci p\u00e1ly\u00e1ra.<br \/>\nHagyjon engem b\u00e9k\u00e9ben egy \u00e9letre,<br \/>\nmaga \u00e9s a kedves gyereke..<br \/>\nK\u00e9pzelj\u00e9k, beh\u00edv\u00f3t kapott a kedves bar\u00e1tom,<br \/>\n\u00e9s a mama \u00edgy sz\u00f3lt: Oly b\u00fasnak l\u00e1tom,<br \/>\nm\u00e9gse f\u00e9ljen, mert \u00e9n azt is elint\u00e9zem!<br \/>\nNem kell majd katon\u00e1nak menni, b\u00edzza csak \u00e9n r\u00e1m,<br \/>\nde a l\u00e1nyom nem lesz akkor majd v\u00e9n l\u00e1ny.<br \/>\nErre a bar\u00e1tom csak ennyit sz\u00f3lt csendesen.<br \/>\nSzomsz\u00e9dasszony, f\u00fcty\u00fcl\u00f6k a l\u00e1ny\u00e1ra,<br \/>\nink\u00e1bb \u00fcl\u00f6k a katona l\u00e1d\u00e1ra,<br \/>\nhagyjon engem b\u00e9k\u00e9ben egy \u00e9letre,<br \/>\nmaga \u00e9s a kedves gyereke&#8230;<br \/>\nK\u00e9pzelj\u00e9k, elint\u00e9zte m\u00e9gis a mama nyomban,<br \/>\nasszony lesz a l\u00e1nyb\u00f3l, azt hitte gyorsan,<br \/>\nde a bar\u00e1tommal nem b\u00e1nt el m\u00e9g \u00edgy sem.<br \/>\nAzonnal elk\u00f6lt\u00f6z\u00f6tt pestr\u0151l vid\u00e9kre,<br \/>\naddig, m\u00edg a l\u00e1that\u00e1ron \u00faj f\u00e9rj nem l\u00e1tszik,<br \/>\nannyit \u00edrt csak egy kis lev\u00e9lben kedvesen.<br \/>\nSzomsz\u00e9dasszony, f\u00fcty\u00fcl\u00f6k a l\u00e1ny\u00e1ra,<br \/>\nink\u00e1bb n\u00e9zzen m\u00e1s partyt a sz\u00e1m\u00e1ra,<br \/>\nhagyjon engem b\u00e9k\u00e9ben egy \u00e9letre,<br \/>\nmaga \u00e9s a kedves gyereke&#8230;<br \/>\n&#8212;V\u00e9ge&#8212;<\/p>\n","protected":false},"featured_media":10081,"template":"","meta":{"site-sidebar-layout":"default","site-content-layout":"default","ast-site-content-layout":"default","site-content-style":"default","site-sidebar-style":"default","ast-global-header-display":"","ast-banner-title-visibility":"","ast-main-header-display":"","ast-hfb-above-header-display":"","ast-hfb-below-header-display":"","ast-hfb-mobile-header-display":"","site-post-title":"","ast-breadcrumbs-content":"","ast-featured-img":"","footer-sml-layout":"","theme-transparent-header-meta":"default","adv-header-id-meta":"","stick-header-meta":"","header-above-stick-meta":"","header-main-stick-meta":"","header-below-stick-meta":"","astra-migrate-meta-layouts":"set","ast-page-background-enabled":"default","ast-page-background-meta":{"desktop":{"background-color":"var(--ast-global-color-4)","background-image":"","background-repeat":"repeat","background-position":"center center","background-size":"auto","background-attachment":"scroll","background-type":"","background-media":"","overlay-type":"","overlay-color":"","overlay-opacity":"","overlay-gradient":""},"tablet":{"background-color":"","background-image":"","background-repeat":"repeat","background-position":"center center","background-size":"auto","background-attachment":"scroll","background-type":"","background-media":"","overlay-type":"","overlay-color":"","overlay-opacity":"","overlay-gradient":""},"mobile":{"background-color":"","background-image":"","background-repeat":"repeat","background-position":"center center","background-size":"auto","background-attachment":"scroll","background-type":"","background-media":"","overlay-type":"","overlay-color":"","overlay-opacity":"","overlay-gradient":""}},"ast-content-background-meta":{"desktop":{"background-color":"var(--ast-global-color-5)","background-image":"","background-repeat":"repeat","background-position":"center center","background-size":"auto","background-attachment":"scroll","background-type":"","background-media":"","overlay-type":"","overlay-color":"","overlay-opacity":"","overlay-gradient":""},"tablet":{"background-color":"var(--ast-global-color-5)","background-image":"","background-repeat":"repeat","background-position":"center center","background-size":"auto","background-attachment":"scroll","background-type":"","background-media":"","overlay-type":"","overlay-color":"","overlay-opacity":"","overlay-gradient":""},"mobile":{"background-color":"var(--ast-global-color-5)","background-image":"","background-repeat":"repeat","background-position":"center center","background-size":"auto","background-attachment":"scroll","background-type":"","background-media":"","overlay-type":"","overlay-color":"","overlay-opacity":"","overlay-gradient":""}}},"product_cat":[48],"product_tag":[],"class_list":["post-14982","product","type-product","status-publish","has-post-thumbnail","hentry","product_cat-sunkaraoke-dalok","desktop-align-left","tablet-align-left","mobile-align-left"],"_links":{"self":[{"href":"https:\/\/www.sunkaraoke.hu\/index.php\/wp-json\/wp\/v2\/product\/14982","targetHints":{"allow":["GET"]}}],"collection":[{"href":"https:\/\/www.sunkaraoke.hu\/index.php\/wp-json\/wp\/v2\/product"}],"about":[{"href":"https:\/\/www.sunkaraoke.hu\/index.php\/wp-json\/wp\/v2\/types\/product"}],"wp:featuredmedia":[{"embeddable":true,"href":"https:\/\/www.sunkaraoke.hu\/index.php\/wp-json\/wp\/v2\/media\/10081"}],"wp:attachment":[{"href":"https:\/\/www.sunkaraoke.hu\/index.php\/wp-json\/wp\/v2\/media?parent=14982"}],"wp:term":[{"taxonomy":"product_cat","embeddable":true,"href":"https:\/\/www.sunkaraoke.hu\/index.php\/wp-json\/wp\/v2\/product_cat?post=14982"},{"taxonomy":"product_tag","embeddable":true,"href":"https:\/\/www.sunkaraoke.hu\/index.php\/wp-json\/wp\/v2\/product_tag?post=14982"}],"curies":[{"name":"wp","href":"https:\/\/api.w.org\/{rel}","templated":true}]}}