{"id":14976,"date":"2025-02-24T11:57:48","date_gmt":"2025-02-24T11:57:48","guid":{"rendered":"https:\/\/www.sunkaraoke.hu\/?post_type=product&#038;p=14976"},"modified":"2025-03-09T17:33:48","modified_gmt":"2025-03-09T17:33:48","slug":"tesok-attila-te-vagy-az-eletem-2025-new-edition","status":"publish","type":"product","link":"https:\/\/www.sunkaraoke.hu\/index.php\/termek\/tesok-attila-te-vagy-az-eletem-2025-new-edition\/","title":{"rendered":"<div class=\"wcmp-player-container product-14976\"><audio controlslist=\"nodownload\" data-product=\"14976\"  volume=\"1\"  preload=\"none\" data-lazyloading=\"none\" class=\"wcmp-player track mejs-classic\" data-duration=\"0:33\" data-estimated_duration=\"4\"><source src=\"https:\/\/www.sunkaraoke.hu\/wp-content\/uploads\/2025\/02\/Te-vagy-az-eletem-2025-New_demo.mp3\" type=\"audio\/mp3\" \/><\/audio><\/div>Tes\u00f3k Attila- Te vagy az \u00e9letem 2025. New Edit"},"content":{"rendered":"<p><strong>03:35<\/strong>\u00a0| <strong><img loading=\"lazy\" decoding=\"async\" class=\"alignnone size-full wp-image-467\" src=\"https:\/\/www.sunkaraoke.hu\/wp-content\/uploads\/2022\/07\/choir_2-copy.webp\" alt=\"\" width=\"30\" height=\"30\" \/> \u00a0<\/strong><\/p>\n","protected":false},"excerpt":{"rendered":"<h6><strong>Bits\u0171r\u0171s\u00e9g: 320kb\/s<\/strong><br \/>\n<strong>Hossz: 03:35<\/strong><\/h6>\n<h6><strong>Vok\u00e1lt tartalmaz: Nem <img loading=\"lazy\" decoding=\"async\" class=\"alignnone size-full wp-image-467\" src=\"http:\/\/www.sunkaraoke.hu\/wp-content\/uploads\/2022\/07\/choir_2-copy.png\" alt=\"\" width=\"30\" height=\"30\" \/><\/strong><\/h6>\n<p>Sunkaraoke mp3 st\u00fadi\u00f3 \/ www.sunkaraoke.hu \/ Inf: Tel: 06 20 4275001<\/p>\n<p>&#8212;Intr\u00f3&#8212;<br \/>\nHa nem hiszi el hogy \u00e9n \u0151t akarom, r\u00f3zs\u00e1kat sz\u00f3rok el\u00e9.<br \/>\nMegtenn\u00e9k b\u00e1rmit de nem zavarom, mert szerelmes lettem bel\u00e9.<br \/>\nTudnia kell hogy \u00e9n \u0151t akarom, mi\u00e9rt j\u00e1rok arra fel\u00e9,<br \/>\nha k\u00e9rdezn\u00e9 t\u0151lem, m\u00e1r nem tagadom,b\u00e1rmikor \u00e1llok el\u00e9.<br \/>\nTe vagy az \u00e9letem boldogs\u00e1ga, te lett\u00e9l nekem a f\u00e9ny.<br \/>\nTe vagy a sz\u00edvemnek orvoss\u00e1ga, te lett\u00e9l nekem a v\u00e9g.<br \/>\nTe vagy az \u00e9letem boldogs\u00e1ga, te lett\u00e9l nekem a f\u00e9ny.<br \/>\nTe vagy a sz\u00edvemnek orvoss\u00e1ga,te lett\u00e9l nekem a v\u00e9g.<br \/>\n&#8212;Sz\u00f3l\u00f3&#8212;<br \/>\nHa nem hiszi el hogy \u00e9n \u0151t akarom,r\u00f3zs\u00e1kat sz\u00f3rok el\u00e9.<br \/>\nMegtenn\u00e9k b\u00e1rmit de nem zavarom, mert szerelmes lettem bel\u00e9.<br \/>\nTudnia kell hogy \u00e9n \u0151t akarom, mi\u00e9rt j\u00e1rok arra fel\u00e9,<br \/>\nha k\u00e9rdezn\u00e9 t\u0151lem, m\u00e1r nem tagadom,b\u00e1rmikor \u00e1llok el\u00e9.<br \/>\nTe vagy az \u00e9letem boldogs\u00e1ga,te lett\u00e9l nekem a f\u00e9ny.<br \/>\nTe vagy a sz\u00edvemnek orvoss\u00e1ga,te lett\u00e9l nekem a v\u00e9g.<br \/>\nTe vagy az \u00e9letem boldogs\u00e1ga,te lett\u00e9l nekem a f\u00e9ny.<br \/>\nTe vagy a sz\u00edvemnek orvoss\u00e1ga,te lett\u00e9l nekem a v\u00e9g.<br \/>\n&#8212;Sz\u00f3l\u00f3&#8212;<br \/>\nTe vagy az \u00e9letem boldogs\u00e1ga,te lett\u00e9l nekem a f\u00e9ny.<br \/>\nTe vagy a sz\u00edvemnek orvoss\u00e1ga,te lett\u00e9l nekem a v\u00e9g.<br \/>\nTe vagy az \u00e9letem boldogs\u00e1ga,te lett\u00e9l nekem a f\u00e9ny.<br \/>\nTe vagy a sz\u00edvemnek orvoss\u00e1ga,te lett\u00e9l nekem a v\u00e9g.<br \/>\n&#8212;V\u00e9ge&#8212;<\/p>\n","protected":false},"featured_media":8715,"template":"","meta":{"site-sidebar-layout":"default","site-content-layout":"default","ast-site-content-layout":"default","site-content-style":"default","site-sidebar-style":"default","ast-global-header-display":"","ast-banner-title-visibility":"","ast-main-header-display":"","ast-hfb-above-header-display":"","ast-hfb-below-header-display":"","ast-hfb-mobile-header-display":"","site-post-title":"","ast-breadcrumbs-content":"","ast-featured-img":"","footer-sml-layout":"","theme-transparent-header-meta":"default","adv-header-id-meta":"","stick-header-meta":"","header-above-stick-meta":"","header-main-stick-meta":"","header-below-stick-meta":"","astra-migrate-meta-layouts":"set","ast-page-background-enabled":"default","ast-page-background-meta":{"desktop":{"background-color":"var(--ast-global-color-4)","background-image":"","background-repeat":"repeat","background-position":"center center","background-size":"auto","background-attachment":"scroll","background-type":"","background-media":"","overlay-type":"","overlay-color":"","overlay-opacity":"","overlay-gradient":""},"tablet":{"background-color":"","background-image":"","background-repeat":"repeat","background-position":"center center","background-size":"auto","background-attachment":"scroll","background-type":"","background-media":"","overlay-type":"","overlay-color":"","overlay-opacity":"","overlay-gradient":""},"mobile":{"background-color":"","background-image":"","background-repeat":"repeat","background-position":"center center","background-size":"auto","background-attachment":"scroll","background-type":"","background-media":"","overlay-type":"","overlay-color":"","overlay-opacity":"","overlay-gradient":""}},"ast-content-background-meta":{"desktop":{"background-color":"var(--ast-global-color-5)","background-image":"","background-repeat":"repeat","background-position":"center center","background-size":"auto","background-attachment":"scroll","background-type":"","background-media":"","overlay-type":"","overlay-color":"","overlay-opacity":"","overlay-gradient":""},"tablet":{"background-color":"var(--ast-global-color-5)","background-image":"","background-repeat":"repeat","background-position":"center center","background-size":"auto","background-attachment":"scroll","background-type":"","background-media":"","overlay-type":"","overlay-color":"","overlay-opacity":"","overlay-gradient":""},"mobile":{"background-color":"var(--ast-global-color-5)","background-image":"","background-repeat":"repeat","background-position":"center center","background-size":"auto","background-attachment":"scroll","background-type":"","background-media":"","overlay-type":"","overlay-color":"","overlay-opacity":"","overlay-gradient":""}}},"product_cat":[48],"product_tag":[],"class_list":["post-14976","product","type-product","status-publish","has-post-thumbnail","hentry","product_cat-sunkaraoke-dalok","desktop-align-left","tablet-align-left","mobile-align-left"],"_links":{"self":[{"href":"https:\/\/www.sunkaraoke.hu\/index.php\/wp-json\/wp\/v2\/product\/14976","targetHints":{"allow":["GET"]}}],"collection":[{"href":"https:\/\/www.sunkaraoke.hu\/index.php\/wp-json\/wp\/v2\/product"}],"about":[{"href":"https:\/\/www.sunkaraoke.hu\/index.php\/wp-json\/wp\/v2\/types\/product"}],"wp:featuredmedia":[{"embeddable":true,"href":"https:\/\/www.sunkaraoke.hu\/index.php\/wp-json\/wp\/v2\/media\/8715"}],"wp:attachment":[{"href":"https:\/\/www.sunkaraoke.hu\/index.php\/wp-json\/wp\/v2\/media?parent=14976"}],"wp:term":[{"taxonomy":"product_cat","embeddable":true,"href":"https:\/\/www.sunkaraoke.hu\/index.php\/wp-json\/wp\/v2\/product_cat?post=14976"},{"taxonomy":"product_tag","embeddable":true,"href":"https:\/\/www.sunkaraoke.hu\/index.php\/wp-json\/wp\/v2\/product_tag?post=14976"}],"curies":[{"name":"wp","href":"https:\/\/api.w.org\/{rel}","templated":true}]}}