{"id":14928,"date":"2025-02-14T15:12:56","date_gmt":"2025-02-14T15:12:56","guid":{"rendered":"https:\/\/www.sunkaraoke.hu\/?post_type=product&#038;p=14928"},"modified":"2025-02-14T15:14:37","modified_gmt":"2025-02-14T15:14:37","slug":"ignacz-marko-szeretm-ot-2025-new","status":"publish","type":"product","link":"https:\/\/www.sunkaraoke.hu\/index.php\/termek\/ignacz-marko-szeretm-ot-2025-new\/","title":{"rendered":"<div class=\"wcmp-player-container product-14928\"><audio controlslist=\"nodownload\" data-product=\"14928\"  volume=\"1\"  preload=\"none\" data-lazyloading=\"none\" class=\"wcmp-player track mejs-classic\" data-duration=\"0:33\" data-estimated_duration=\"4\"><source src=\"https:\/\/www.sunkaraoke.hu\/wp-content\/uploads\/2025\/02\/Szeretem-Ot-2025.-New_demo.mp3\" type=\"audio\/mp3\" \/><\/audio><\/div>Ign\u00e1cz M\u00e1rk\u00f3 &#8211; Szeretem \u0150t 2025. New"},"content":{"rendered":"<p><strong>03:38<\/strong>\u00a0| <strong><img loading=\"lazy\" decoding=\"async\" class=\"alignnone size-full wp-image-467\" src=\"https:\/\/www.sunkaraoke.hu\/wp-content\/uploads\/2022\/07\/choir_2-copy.webp\" alt=\"\" width=\"30\" height=\"30\" \/> <\/strong><\/p>\n","protected":false},"excerpt":{"rendered":"<h6><strong>Bits\u0171r\u0171s\u00e9g: 320 kb\/s<\/strong><br \/>\n<strong>Hossz: 03:38<\/strong><br \/>\n<strong>Vok\u00e1lt tartalmaz: Nem <img loading=\"lazy\" decoding=\"async\" class=\"alignnone size-full wp-image-467\" src=\"http:\/\/www.sunkaraoke.hu\/wp-content\/uploads\/2022\/07\/choir_2-copy.png\" alt=\"\" width=\"30\" height=\"30\" \/><\/strong><strong style=\"font-size: 16px;\"><br \/>\n<\/strong><\/h6>\n<p>Sunkaraoke mp3 st\u00fadi\u00f3 \/ www.sunkaraoke.hu \/ Inf: Tel: 06 20 4275001<\/p>\n<p>&#8212;Intr\u00f3&#8212;<br \/>\nMint egy vill\u00e1ml\u00e1s az \u00e9jjen \u00e1t,<br \/>\negy barna szemp\u00e1r r\u00e1m tal\u00e1lt,<br \/>\n\u00e9rint\u00e9se r\u00f6gt\u00f6n m\u00e1st \u00edg\u00e9rt,<br \/>\nahogy az ajkaimhoz \u00e9rt.<br \/>\n\u00dagy \u00f6leltem \u00e1t, mint lombok a f\u00e1t,<br \/>\npedig \u0151 csak cs\u00f3kra v\u00e1rt,<br \/>\nde szemem el\u0151tt,<br \/>\nm\u00e1r szerelmet sz\u0151tt a vil\u00e1g.<br \/>\nSzeretem \u0151t de szeretni f\u00e1j,<br \/>\nmert elj\u00f6n a hajnal \u00e9s menni musz\u00e1j,<br \/>\nakarom \u0151t de mire el\u00e9g,<br \/>\nha valaki m\u00e1snak sz\u00e1nta az \u00e9g.<br \/>\nSzeretem \u0151t de szeretni f\u00e1j,<br \/>\nmert elj\u00f6n a hajnal \u00e9s menni musz\u00e1j,<br \/>\nakarom \u0151t de mire el\u00e9g,<br \/>\nha valaki m\u00e1snak sz\u00e1nta az \u00e9g.<br \/>\nA sz\u00edvem \u00fagy \u00e9g!<br \/>\n&#8212;Sz\u00f3l\u00f3&#8212;<br \/>\nCsak n\u00e9h\u00e1ny \u00f3ra volt a v\u00e9gtelen,<br \/>\nm\u00e9gis benne volt az \u00e9letem,<br \/>\nde \u00f6sszet\u00f6rte v\u00e9g\u00fcl \u00e1lmomat,<br \/>\nmivel csak l\u00e1tom\u00e1s maradt.<br \/>\nElvitte a sz\u00e9l s a hajnali f\u00e9ny,<br \/>\nmit az \u00e9g r\u00e1m hagyott.<br \/>\nA sohasem volt titkot,<br \/>\namit arca m\u00f6g\u00e9 rejt a Hold.<br \/>\nSzeretem \u0151t de szeretni f\u00e1j,<br \/>\nmert elj\u00f6n a hajnal \u00e9s menni musz\u00e1j,<br \/>\nakarom \u0151t de mire el\u00e9g,<br \/>\nha valaki m\u00e1snak sz\u00e1nta az \u00e9g.<br \/>\nSzeretem \u0151t de szeretni f\u00e1j,<br \/>\nmert elj\u00f6n a hajnal \u00e9s menni musz\u00e1j,<br \/>\nakarom \u0151t de mire el\u00e9g,<br \/>\nha valaki m\u00e1snak sz\u00e1nta az \u00e9g.<br \/>\nA sz\u00edvem \u00fagy \u00e9g!<br \/>\n&#8212;Sz\u00f3l\u00f3&#8212;<br \/>\nSzeretem \u0151t de szeretni f\u00e1j,<br \/>\nmert elj\u00f6n a hajnal \u00e9s menni musz\u00e1j,<br \/>\nakarom \u0151t de mire el\u00e9g,<br \/>\nha valaki m\u00e1snak sz\u00e1nta az \u00e9g.<br \/>\nSzeretem \u0151t de szeretni f\u00e1j,<br \/>\nmert elj\u00f6n a hajnal \u00e9s menni musz\u00e1j,<br \/>\nakarom \u0151t de mire el\u00e9g,<br \/>\nha valaki m\u00e1snak sz\u00e1nta az \u00e9g.<br \/>\nSzeretem \u0151t de szeretni f\u00e1j,<br \/>\nmert elj\u00f6n a hajnal \u00e9s menni musz\u00e1j,<br \/>\nakarom \u0151t de mire el\u00e9g,<br \/>\nha valaki m\u00e1snak sz\u00e1nta az \u00e9g.<br \/>\nSzeretem \u0151t de szeretni f\u00e1j,<br \/>\nmert elj\u00f6n a hajnal \u00e9s menni musz\u00e1j,<br \/>\nakarom \u0151t de mire el\u00e9g,<br \/>\nha valaki m\u00e1snak sz\u00e1nta az \u00e9g.<br \/>\nA sz\u00edvem \u00fagy \u00e9g!<br \/>\n&#8212;V\u00e9ge&#8212;<\/p>\n","protected":false},"featured_media":10184,"template":"","meta":{"site-sidebar-layout":"default","site-content-layout":"default","ast-site-content-layout":"default","site-content-style":"default","site-sidebar-style":"default","ast-global-header-display":"","ast-banner-title-visibility":"","ast-main-header-display":"","ast-hfb-above-header-display":"","ast-hfb-below-header-display":"","ast-hfb-mobile-header-display":"","site-post-title":"","ast-breadcrumbs-content":"","ast-featured-img":"","footer-sml-layout":"","theme-transparent-header-meta":"default","adv-header-id-meta":"","stick-header-meta":"","header-above-stick-meta":"","header-main-stick-meta":"","header-below-stick-meta":"","astra-migrate-meta-layouts":"set","ast-page-background-enabled":"default","ast-page-background-meta":{"desktop":{"background-color":"var(--ast-global-color-4)","background-image":"","background-repeat":"repeat","background-position":"center center","background-size":"auto","background-attachment":"scroll","background-type":"","background-media":"","overlay-type":"","overlay-color":"","overlay-opacity":"","overlay-gradient":""},"tablet":{"background-color":"","background-image":"","background-repeat":"repeat","background-position":"center center","background-size":"auto","background-attachment":"scroll","background-type":"","background-media":"","overlay-type":"","overlay-color":"","overlay-opacity":"","overlay-gradient":""},"mobile":{"background-color":"","background-image":"","background-repeat":"repeat","background-position":"center center","background-size":"auto","background-attachment":"scroll","background-type":"","background-media":"","overlay-type":"","overlay-color":"","overlay-opacity":"","overlay-gradient":""}},"ast-content-background-meta":{"desktop":{"background-color":"var(--ast-global-color-5)","background-image":"","background-repeat":"repeat","background-position":"center center","background-size":"auto","background-attachment":"scroll","background-type":"","background-media":"","overlay-type":"","overlay-color":"","overlay-opacity":"","overlay-gradient":""},"tablet":{"background-color":"var(--ast-global-color-5)","background-image":"","background-repeat":"repeat","background-position":"center center","background-size":"auto","background-attachment":"scroll","background-type":"","background-media":"","overlay-type":"","overlay-color":"","overlay-opacity":"","overlay-gradient":""},"mobile":{"background-color":"var(--ast-global-color-5)","background-image":"","background-repeat":"repeat","background-position":"center center","background-size":"auto","background-attachment":"scroll","background-type":"","background-media":"","overlay-type":"","overlay-color":"","overlay-opacity":"","overlay-gradient":""}}},"product_cat":[48],"product_tag":[],"class_list":["post-14928","product","type-product","status-publish","has-post-thumbnail","hentry","product_cat-sunkaraoke-dalok","desktop-align-left","tablet-align-left","mobile-align-left"],"_links":{"self":[{"href":"https:\/\/www.sunkaraoke.hu\/index.php\/wp-json\/wp\/v2\/product\/14928","targetHints":{"allow":["GET"]}}],"collection":[{"href":"https:\/\/www.sunkaraoke.hu\/index.php\/wp-json\/wp\/v2\/product"}],"about":[{"href":"https:\/\/www.sunkaraoke.hu\/index.php\/wp-json\/wp\/v2\/types\/product"}],"wp:featuredmedia":[{"embeddable":true,"href":"https:\/\/www.sunkaraoke.hu\/index.php\/wp-json\/wp\/v2\/media\/10184"}],"wp:attachment":[{"href":"https:\/\/www.sunkaraoke.hu\/index.php\/wp-json\/wp\/v2\/media?parent=14928"}],"wp:term":[{"taxonomy":"product_cat","embeddable":true,"href":"https:\/\/www.sunkaraoke.hu\/index.php\/wp-json\/wp\/v2\/product_cat?post=14928"},{"taxonomy":"product_tag","embeddable":true,"href":"https:\/\/www.sunkaraoke.hu\/index.php\/wp-json\/wp\/v2\/product_tag?post=14928"}],"curies":[{"name":"wp","href":"https:\/\/api.w.org\/{rel}","templated":true}]}}