{"id":14862,"date":"2025-02-06T13:01:27","date_gmt":"2025-02-06T13:01:27","guid":{"rendered":"https:\/\/www.sunkaraoke.hu\/?post_type=product&#038;p=14862"},"modified":"2025-02-06T13:04:18","modified_gmt":"2025-02-06T13:04:18","slug":"csore-bela-bella-ciao-2025-new","status":"publish","type":"product","link":"https:\/\/www.sunkaraoke.hu\/index.php\/termek\/csore-bela-bella-ciao-2025-new\/","title":{"rendered":"<div class=\"wcmp-player-container product-14862\"><audio controlslist=\"nodownload\" data-product=\"14862\"  volume=\"1\"  preload=\"none\" data-lazyloading=\"none\" class=\"wcmp-player track mejs-classic\" data-duration=\"0:33\" data-estimated_duration=\"4\"><source src=\"https:\/\/www.sunkaraoke.hu\/wp-content\/uploads\/2025\/02\/Bella-Ciao-2025._demo.mp3\" type=\"audio\/mp3\" \/><\/audio><\/div>Cs\u00f3r\u00e9 B\u00e9la &#8211; Bella Cia\u00f3 2025. NEW"},"content":{"rendered":"<p><strong>03:34<\/strong>\/ <strong><img loading=\"lazy\" decoding=\"async\" class=\"alignnone size-full wp-image-467\" src=\"https:\/\/www.sunkaraoke.hu\/wp-content\/uploads\/2022\/07\/choir_2-copy.webp\" alt=\"\" width=\"30\" height=\"30\" \/> \/\u00a0\u00a0<\/strong><\/p>\n","protected":false},"excerpt":{"rendered":"<h6><strong>Bits\u0171r\u0171s\u00e9g: 320kb\/s<\/strong><\/h6>\n<h6><strong>Hossz: 03:34<\/strong><br \/>\n<strong>Vok\u00e1lt tartalmaz: Nem <img loading=\"lazy\" decoding=\"async\" class=\"alignnone size-full wp-image-467\" src=\"http:\/\/www.sunkaraoke.hu\/wp-content\/uploads\/2022\/07\/choir_2-copy.png\" alt=\"\" width=\"30\" height=\"30\" \/><\/strong><\/h6>\n<p>Sunkaraoke mp3 st\u00fadi\u00f3 \/ www.sunkaraoke.hu \/ Inf: Tel: 06 20 4275001<\/p>\n<p>&#8212;Intr\u00f3&#8212;<br \/>\nElj\u00f6tt a hajnal, el\u00e9be mentem,<br \/>\n\u00f3h Bella ciao, Bella ciao, Bella ciao, ciao, ciao.<br \/>\nElj\u00f6tt a hajnal, el\u00e9be mentem,<br \/>\n\u00e9s r\u00e1m tal\u00e1lt a megsz\u00e1ll\u00f3.<br \/>\nHa j\u00f3 zen\u00e9sz vagy, vigy\u00e9l el innen,<br \/>\n\u00f3h Bella ciao, Bella ciao, Bella ciao, ciao, ciao.<br \/>\nHa J\u00f3 zen\u00e9sz vagy, vigy\u00e9l el innen,<br \/>\nmert ma \u00e9rzem meghalok.<br \/>\n&#8212;Sz\u00f3l\u00f3&#8212;<br \/>\nHa meghalok majd, mint annyi t\u00e1rsam,<br \/>\n\u00f3h Bella ciao, Bella ciao, Bella ciao, ciao, ciao.<br \/>\nHa meghalok majd, mint annyi t\u00e1rsam,<br \/>\nlegy\u00e9l te az, ki eltemet.<br \/>\nA hegyvid\u00e9ken temess el engem,<br \/>\n\u00f3h Bella ciao, Bella ciao, Bella ciao, ciao, ciao.<br \/>\nA hegyvid\u00e9ken temess el engem,<br \/>\nlegyen vir\u00e1g a s\u00edromon.<br \/>\n&#8212;Sz\u00f3l\u00f3&#8212;<br \/>\nA hegyvid\u00e9ken temess el engem,<br \/>\n\u00f3h Bella ciao, Bella ciao, Bella ciao, ciao, ciao.<br \/>\nA hegyvid\u00e9ken temess el engem,<br \/>\nlegyen vir\u00e1g a s\u00edromon.<br \/>\nAz \u0151 vir\u00e1ga, a j\u00f3 zen\u00e9sz\u00e9,<br \/>\n\u00f3h Bella ciao, Bella ciao, Bella ciao, ciao, ciao.<br \/>\nAz \u0151 vir\u00e1ga, a j\u00f3 zen\u00e9sz\u00e9,<br \/>\nki a szabads\u00e1g\u00e9rt halt meg.<br \/>\n&#8212;Sz\u00f3l\u00f3&#8212;<br \/>\nHa meghalok majd, mint annyi t\u00e1rsam,<br \/>\n\u00f3h Bella ciao, Bella ciao, Bella ciao, ciao, ciao.<br \/>\nHa meghalok majd, mint annyi t\u00e1rsam,<br \/>\nlegy\u00e9l te az, ki eltemet.<br \/>\nHa J\u00f3 zen\u00e9sz vagy, vigy\u00e9l el innen,<br \/>\n\u00f3h Bella ciao, Bella ciao, Bella ciao, ciao, ciao.<br \/>\nHa J\u00f3 zen\u00e9sz vagy, vigy\u00e9l el innen,<br \/>\nmert ma \u00e9rzem meghalok.<br \/>\n&#8212;V\u00e9ge-<\/p>\n","protected":false},"featured_media":8991,"template":"","meta":{"site-sidebar-layout":"default","site-content-layout":"default","ast-site-content-layout":"default","site-content-style":"default","site-sidebar-style":"default","ast-global-header-display":"","ast-banner-title-visibility":"","ast-main-header-display":"","ast-hfb-above-header-display":"","ast-hfb-below-header-display":"","ast-hfb-mobile-header-display":"","site-post-title":"","ast-breadcrumbs-content":"","ast-featured-img":"","footer-sml-layout":"","theme-transparent-header-meta":"default","adv-header-id-meta":"","stick-header-meta":"","header-above-stick-meta":"","header-main-stick-meta":"","header-below-stick-meta":"","astra-migrate-meta-layouts":"set","ast-page-background-enabled":"default","ast-page-background-meta":{"desktop":{"background-color":"var(--ast-global-color-4)","background-image":"","background-repeat":"repeat","background-position":"center center","background-size":"auto","background-attachment":"scroll","background-type":"","background-media":"","overlay-type":"","overlay-color":"","overlay-opacity":"","overlay-gradient":""},"tablet":{"background-color":"","background-image":"","background-repeat":"repeat","background-position":"center center","background-size":"auto","background-attachment":"scroll","background-type":"","background-media":"","overlay-type":"","overlay-color":"","overlay-opacity":"","overlay-gradient":""},"mobile":{"background-color":"","background-image":"","background-repeat":"repeat","background-position":"center center","background-size":"auto","background-attachment":"scroll","background-type":"","background-media":"","overlay-type":"","overlay-color":"","overlay-opacity":"","overlay-gradient":""}},"ast-content-background-meta":{"desktop":{"background-color":"var(--ast-global-color-5)","background-image":"","background-repeat":"repeat","background-position":"center center","background-size":"auto","background-attachment":"scroll","background-type":"","background-media":"","overlay-type":"","overlay-color":"","overlay-opacity":"","overlay-gradient":""},"tablet":{"background-color":"var(--ast-global-color-5)","background-image":"","background-repeat":"repeat","background-position":"center center","background-size":"auto","background-attachment":"scroll","background-type":"","background-media":"","overlay-type":"","overlay-color":"","overlay-opacity":"","overlay-gradient":""},"mobile":{"background-color":"var(--ast-global-color-5)","background-image":"","background-repeat":"repeat","background-position":"center center","background-size":"auto","background-attachment":"scroll","background-type":"","background-media":"","overlay-type":"","overlay-color":"","overlay-opacity":"","overlay-gradient":""}}},"product_cat":[48],"product_tag":[],"class_list":["post-14862","product","type-product","status-publish","has-post-thumbnail","hentry","product_cat-sunkaraoke-dalok","desktop-align-left","tablet-align-left","mobile-align-left"],"_links":{"self":[{"href":"https:\/\/www.sunkaraoke.hu\/index.php\/wp-json\/wp\/v2\/product\/14862","targetHints":{"allow":["GET"]}}],"collection":[{"href":"https:\/\/www.sunkaraoke.hu\/index.php\/wp-json\/wp\/v2\/product"}],"about":[{"href":"https:\/\/www.sunkaraoke.hu\/index.php\/wp-json\/wp\/v2\/types\/product"}],"wp:featuredmedia":[{"embeddable":true,"href":"https:\/\/www.sunkaraoke.hu\/index.php\/wp-json\/wp\/v2\/media\/8991"}],"wp:attachment":[{"href":"https:\/\/www.sunkaraoke.hu\/index.php\/wp-json\/wp\/v2\/media?parent=14862"}],"wp:term":[{"taxonomy":"product_cat","embeddable":true,"href":"https:\/\/www.sunkaraoke.hu\/index.php\/wp-json\/wp\/v2\/product_cat?post=14862"},{"taxonomy":"product_tag","embeddable":true,"href":"https:\/\/www.sunkaraoke.hu\/index.php\/wp-json\/wp\/v2\/product_tag?post=14862"}],"curies":[{"name":"wp","href":"https:\/\/api.w.org\/{rel}","templated":true}]}}