{"id":14839,"date":"2025-02-04T13:56:33","date_gmt":"2025-02-04T13:56:33","guid":{"rendered":"https:\/\/www.sunkaraoke.hu\/?post_type=product&#038;p=14839"},"modified":"2025-02-04T13:59:02","modified_gmt":"2025-02-04T13:59:02","slug":"jerzsele-zoltan-muki-mix-2025","status":"publish","type":"product","link":"https:\/\/www.sunkaraoke.hu\/index.php\/termek\/jerzsele-zoltan-muki-mix-2025\/","title":{"rendered":"<div class=\"wcmp-player-container product-14839\"><audio controlslist=\"nodownload\" data-product=\"14839\"  volume=\"1\"  preload=\"none\" data-lazyloading=\"none\" class=\"wcmp-player track mejs-classic\" data-duration=\"0:35\" data-estimated_duration=\"4\"><source src=\"https:\/\/www.sunkaraoke.hu\/wp-content\/uploads\/2025\/02\/Muki-Zold-szalagos_demo.mp3\" type=\"audio\/mp3\" \/><\/audio><\/div>Jerzsele Zolt\u00e1n- Muki Mix 2025."},"content":{"rendered":"<p><b>04:55<\/b>| <strong><img loading=\"lazy\" decoding=\"async\" class=\"alignnone size-full wp-image-467\" src=\"https:\/\/www.sunkaraoke.hu\/wp-content\/uploads\/2022\/07\/choir_2-copy.webp\" alt=\"\" width=\"30\" height=\"30\" \/> <\/strong><\/p>\n","protected":false},"excerpt":{"rendered":"<h6><strong>Bits\u0171r\u0171s\u00e9g: 320 kb\/s<\/strong><br \/>\n<strong>Hossz: 04:55<\/strong><\/h6>\n<h6><strong>Vok\u00e1lt tartalmaz: Nem<\/strong> <img loading=\"lazy\" decoding=\"async\" class=\"alignnone size-full wp-image-467\" src=\"http:\/\/www.sunkaraoke.hu\/wp-content\/uploads\/2022\/07\/choir_2-copy.png\" alt=\"\" width=\"30\" height=\"30\" \/><strong style=\"font-size: 16px;\"><br \/>\n<\/strong><\/h6>\n<p>Sunkaraoke mp3 st\u00fadi\u00f3 \/ www.sunkaraoke.hu \/ Inf: Tel: 06 20 4275001<\/p>\n<p>&#8212;Intr\u00f3&#8212;<br \/>\nJaj, de nem tudj\u00e1tok, hogy ki vagyok.<br \/>\nA Mukinak, a Mukinak a fia vagyok.<br \/>\nR\u00e1n\u00e9zek a hossz\u00fanyel\u0171 k\u00e9sre,<br \/>\n\u00f6sszesz\u00farlak, \u00f6sszev\u00e1glak benneteket.<br \/>\nDe r\u00e1n\u00e9zek a hossz\u00fanyel\u0171 k\u00e9sre,<br \/>\n\u00f6sszesz\u00farlak, \u00f6sszev\u00e1glak benneteket.<br \/>\nCsin\u00e1ld, csin\u00e1ld j\u00f3l csin\u00e1ld,<br \/>\nveszek neked, veszek neked p\u00e1link\u00e1t.<br \/>\nR\u00e1n\u00e9zek a hossz\u00fanyel\u0171 k\u00e9sre,<br \/>\n\u00f6sszesz\u00farlak, \u00f6sszev\u00e1glak benneteket.<br \/>\nDe r\u00e1n\u00e9zek a hossz\u00fanyel\u0171 k\u00e9sre,<br \/>\n\u00f6sszesz\u00farlak, \u00f6sszev\u00e1glak benneteket.<br \/>\nF\u00fav\u00f3s solo!<br \/>\nDe nem tudj\u00e1tok, hogy ki vagyok.<br \/>\nA Mukinak, a Mukinak a fia vagyok.<br \/>\nR\u00e1n\u00e9zek a hossz\u00fanyel\u0171 k\u00e9sre,<br \/>\n\u00f6sszesz\u00farlak, \u00f6sszev\u00e1glak benneteket.<br \/>\nDe r\u00e1n\u00e9zek a hossz\u00fanyel\u0171 k\u00e9sre,<br \/>\n\u00f6sszesz\u00farlak, \u00f6sszev\u00e1glak benneteket.<br \/>\nCsin\u00e1ld, csin\u00e1ld j\u00f3l csin\u00e1ld,<br \/>\nveszek neked, veszek neked p\u00e1link\u00e1t.<br \/>\nR\u00e1n\u00e9zek a hossz\u00fanyel\u0171 k\u00e9sre,<br \/>\n\u00f6sszesz\u00farlak, \u00f6sszev\u00e1glak benneteket.<br \/>\nDe r\u00e1n\u00e9zek a hossz\u00fanyel\u0171 k\u00e9sre,<br \/>\n\u00f6sszesz\u00farlak, \u00f6sszev\u00e1glak benneteket.<br \/>\nF\u00fav\u00f3s solo!<br \/>\nDe nem tudj\u00e1tok, hogy ki vagyok.<br \/>\nA Mukinak, a Mukinak a fia vagyok.<br \/>\nR\u00e1n\u00e9zek a hossz\u00fanyel\u0171 k\u00e9sre,<br \/>\n\u00f6sszesz\u00farlak, \u00f6sszev\u00e1glak benneteket.<br \/>\nDe r\u00e1n\u00e9zek a hossz\u00fanyel\u0171 k\u00e9sre,<br \/>\n\u00f6sszesz\u00farlak, \u00f6sszev\u00e1glak benneteket.<br \/>\nCsin\u00e1ld, csin\u00e1ld j\u00f3l csin\u00e1ld,<br \/>\nveszek neked, veszek neked p\u00e1link\u00e1t.<br \/>\nR\u00e1n\u00e9zek a hossz\u00fanyel\u0171 k\u00e9sre,<br \/>\n\u00f6sszesz\u00farlak, \u00f6sszev\u00e1glak benneteket.<br \/>\nDe r\u00e1n\u00e9zek a hossz\u00fanyel\u0171 k\u00e9sre,<br \/>\n\u00f6sszesz\u00farlak, \u00f6sszev\u00e1glak benneteket&#8230;<br \/>\nKi\u00e1ll\u00e1s &#8211; Lass\u00edt\u00e1ssal!<br \/>\nZ\u00f6ld szalagos a kalapom jaj,<br \/>\ns\u00e1rga csizm\u00e1m puha mint a vaj jaj jaj jaj.<br \/>\nRipeg ropog a j\u00e1r\u00e1sa,<br \/>\nsz\u0151ke asszony adom\u00e1nya.<br \/>\nRipeg ropog a j\u00e1r\u00e1sa,<br \/>\nsz\u0151ke asszony adom\u00e1nya.<br \/>\nAd\u00f3s vagyok neki ez\u00e9rt jaj,<br \/>\nde ebb\u0151l m\u00e9g nem lesz semmi baj jaj jaj jaj.<br \/>\nHogyha szerelemre k\u00e9rne,<br \/>\ncs\u00f3kra cs\u00f3kot adn\u00e9k \u00e9rte.<br \/>\nHogyha szerelemre k\u00e9rne,<br \/>\ncs\u00f3kra cs\u00f3kot adn\u00e9k \u00e9rte.<br \/>\nF\u00fav\u00f3s solo!<br \/>\nZ\u00f6ld szalagos a kalapom jaj,<br \/>\ns\u00e1rga csizm\u00e1m puha mint a vaj jaj jaj jaj.<br \/>\nRipeg ropog a j\u00e1r\u00e1sa,<br \/>\nsz\u0151ke asszony adom\u00e1nya.<br \/>\nRipeg ropog a j\u00e1r\u00e1sa,<br \/>\nsz\u0151ke asszony adom\u00e1nya.<br \/>\nF\u00fav\u00f3s solo!<br \/>\nAd\u00f3s vagyok neki ez\u00e9rt jaj,<br \/>\nde ebb\u0151l m\u00e9g nem lesz semmi baj &#8216;sose volt&#8217; jaj.<br \/>\nHogyha szerelemre k\u00e9rne,<br \/>\ncs\u00f3kra cs\u00f3kot adn\u00e9k \u00e9rte.<br \/>\nHogyha szerelemre k\u00e9rne,<br \/>\ncs\u00f3kra cs\u00f3kot adn\u00e9k \u00e9rte!<br \/>\nJMS-(Jer\u00f3 Music Studio)-2025.Jan.04.<\/p>\n","protected":false},"featured_media":9772,"template":"","meta":{"site-sidebar-layout":"default","site-content-layout":"default","ast-site-content-layout":"default","site-content-style":"default","site-sidebar-style":"default","ast-global-header-display":"","ast-banner-title-visibility":"","ast-main-header-display":"","ast-hfb-above-header-display":"","ast-hfb-below-header-display":"","ast-hfb-mobile-header-display":"","site-post-title":"","ast-breadcrumbs-content":"","ast-featured-img":"","footer-sml-layout":"","theme-transparent-header-meta":"default","adv-header-id-meta":"","stick-header-meta":"","header-above-stick-meta":"","header-main-stick-meta":"","header-below-stick-meta":"","astra-migrate-meta-layouts":"set","ast-page-background-enabled":"default","ast-page-background-meta":{"desktop":{"background-color":"var(--ast-global-color-4)","background-image":"","background-repeat":"repeat","background-position":"center center","background-size":"auto","background-attachment":"scroll","background-type":"","background-media":"","overlay-type":"","overlay-color":"","overlay-opacity":"","overlay-gradient":""},"tablet":{"background-color":"","background-image":"","background-repeat":"repeat","background-position":"center center","background-size":"auto","background-attachment":"scroll","background-type":"","background-media":"","overlay-type":"","overlay-color":"","overlay-opacity":"","overlay-gradient":""},"mobile":{"background-color":"","background-image":"","background-repeat":"repeat","background-position":"center center","background-size":"auto","background-attachment":"scroll","background-type":"","background-media":"","overlay-type":"","overlay-color":"","overlay-opacity":"","overlay-gradient":""}},"ast-content-background-meta":{"desktop":{"background-color":"var(--ast-global-color-5)","background-image":"","background-repeat":"repeat","background-position":"center center","background-size":"auto","background-attachment":"scroll","background-type":"","background-media":"","overlay-type":"","overlay-color":"","overlay-opacity":"","overlay-gradient":""},"tablet":{"background-color":"var(--ast-global-color-5)","background-image":"","background-repeat":"repeat","background-position":"center center","background-size":"auto","background-attachment":"scroll","background-type":"","background-media":"","overlay-type":"","overlay-color":"","overlay-opacity":"","overlay-gradient":""},"mobile":{"background-color":"var(--ast-global-color-5)","background-image":"","background-repeat":"repeat","background-position":"center center","background-size":"auto","background-attachment":"scroll","background-type":"","background-media":"","overlay-type":"","overlay-color":"","overlay-opacity":"","overlay-gradient":""}}},"product_cat":[75],"product_tag":[],"class_list":["post-14839","product","type-product","status-publish","has-post-thumbnail","hentry","product_cat-jerzsele-zoltan","desktop-align-left","tablet-align-left","mobile-align-left"],"_links":{"self":[{"href":"https:\/\/www.sunkaraoke.hu\/index.php\/wp-json\/wp\/v2\/product\/14839","targetHints":{"allow":["GET"]}}],"collection":[{"href":"https:\/\/www.sunkaraoke.hu\/index.php\/wp-json\/wp\/v2\/product"}],"about":[{"href":"https:\/\/www.sunkaraoke.hu\/index.php\/wp-json\/wp\/v2\/types\/product"}],"wp:featuredmedia":[{"embeddable":true,"href":"https:\/\/www.sunkaraoke.hu\/index.php\/wp-json\/wp\/v2\/media\/9772"}],"wp:attachment":[{"href":"https:\/\/www.sunkaraoke.hu\/index.php\/wp-json\/wp\/v2\/media?parent=14839"}],"wp:term":[{"taxonomy":"product_cat","embeddable":true,"href":"https:\/\/www.sunkaraoke.hu\/index.php\/wp-json\/wp\/v2\/product_cat?post=14839"},{"taxonomy":"product_tag","embeddable":true,"href":"https:\/\/www.sunkaraoke.hu\/index.php\/wp-json\/wp\/v2\/product_tag?post=14839"}],"curies":[{"name":"wp","href":"https:\/\/api.w.org\/{rel}","templated":true}]}}