{"id":14797,"date":"2025-01-29T21:19:15","date_gmt":"2025-01-29T21:19:15","guid":{"rendered":"https:\/\/www.sunkaraoke.hu\/?post_type=product&#038;p=14797"},"modified":"2025-01-29T21:21:30","modified_gmt":"2025-01-29T21:21:30","slug":"gergely-robert-emmanuelle-2025-new-the-remixer-rmx","status":"publish","type":"product","link":"https:\/\/www.sunkaraoke.hu\/index.php\/termek\/gergely-robert-emmanuelle-2025-new-the-remixer-rmx\/","title":{"rendered":"<div class=\"wcmp-player-container product-14797\"><audio controlslist=\"nodownload\" data-product=\"14797\"  volume=\"1\"  preload=\"none\" data-lazyloading=\"none\" class=\"wcmp-player track mejs-classic\" data-duration=\"0:34\" data-estimated_duration=\"4\"><source src=\"https:\/\/www.sunkaraoke.hu\/wp-content\/uploads\/2025\/01\/Emmanuelle_demo.mp3\" type=\"audio\/mp3\" \/><\/audio><\/div>Gergely R\u00f3bert &#8211; Emmanuelle 2025. NEW (The ReMixer RMX)"},"content":{"rendered":"<p><strong>02:59<\/strong>\u00a0| <strong><img loading=\"lazy\" decoding=\"async\" class=\"alignnone size-full wp-image-467\" src=\"https:\/\/www.sunkaraoke.hu\/wp-content\/uploads\/2022\/07\/choir_2-copy.webp\" alt=\"\" width=\"30\" height=\"30\" \/> <\/strong><\/p>\n","protected":false},"excerpt":{"rendered":"<h5><strong>Bits\u0171r\u0171s\u00e9g: 320kb\/s<\/strong><br \/>\n<strong>Hossz: 02:59<\/strong><br \/>\n<strong>Vok\u00e1lt tartalmaz: Nem <img loading=\"lazy\" decoding=\"async\" class=\"alignnone size-full wp-image-467\" src=\"http:\/\/www.sunkaraoke.hu\/wp-content\/uploads\/2022\/07\/choir_2-copy.png\" alt=\"\" width=\"30\" height=\"30\" \/><\/strong><strong style=\"font-size: 16px;\"><br \/>\n<\/strong><\/h5>\n<p>Sunkaraoke mp3 st\u00fadi\u00f3 \/ www.sunkaraoke.hu \/ Inf: Tel: 06 20 4275001<\/p>\n<p>&#8212;Intr\u00f3&#8212;<br \/>\nA szerelem dal\u00e1val elindult Emmanuelle,ledobva l\u00e1ncait,<br \/>\nt\u00e1vol otthon\u00e1t\u00f3l k\u00f3borolt Emmanuelle,elk\u00eds\u00e9rte v\u00e1gyait.<br \/>\nSzerette \u0151t, a tr\u00f3pusi nap,t\u00f6rtek a sz\u00edvek, egy l\u00e1ny miatt.<br \/>\nBoldog legyen, vagy csak szabad,hagyta hogy m\u00e1sok, v\u00e1lasszanak.<br \/>\nA szerelem dal\u00e1val elindult Emmanuelle,ledobva l\u00e1ncait,<br \/>\nt\u00e1vol otthon\u00e1t\u00f3l k\u00f3borolt Emmanuelle,elk\u00eds\u00e9rte v\u00e1gyait.<br \/>\n&#8212;Sz\u00f3l\u00f3&#8212;<br \/>\nSzerette \u0151t, a tr\u00f3pusi nap,t\u00f6rtek a sz\u00edvek, egy l\u00e1ny miatt.<br \/>\nBoldog legyen, vagy csak szabad,hagyta hogy m\u00e1sok, v\u00e1lasszanak.<br \/>\nA szerelem dal\u00e1val elindult Emmanuelle,ledobva l\u00e1ncait,<br \/>\nt\u00e1vol otthon\u00e1t\u00f3l k\u00f3borolt Emmanuelle,elk\u00eds\u00e9rte v\u00e1gyait.<br \/>\nA szerelem dal\u00e1val elindult Emmanuelle,ledobva l\u00e1ncait,<br \/>\nt\u00e1vol otthon\u00e1t\u00f3l k\u00f3borolt Emmanuelle,elk\u00eds\u00e9rte v\u00e1gyait.<br \/>\n&#8212;V\u00e9ge&#8212;<\/p>\n<p>&nbsp;<\/p>\n","protected":false},"featured_media":12581,"template":"","meta":{"site-sidebar-layout":"default","site-content-layout":"default","ast-site-content-layout":"default","site-content-style":"default","site-sidebar-style":"default","ast-global-header-display":"","ast-banner-title-visibility":"","ast-main-header-display":"","ast-hfb-above-header-display":"","ast-hfb-below-header-display":"","ast-hfb-mobile-header-display":"","site-post-title":"","ast-breadcrumbs-content":"","ast-featured-img":"","footer-sml-layout":"","theme-transparent-header-meta":"default","adv-header-id-meta":"","stick-header-meta":"","header-above-stick-meta":"","header-main-stick-meta":"","header-below-stick-meta":"","astra-migrate-meta-layouts":"set","ast-page-background-enabled":"default","ast-page-background-meta":{"desktop":{"background-color":"var(--ast-global-color-4)","background-image":"","background-repeat":"repeat","background-position":"center center","background-size":"auto","background-attachment":"scroll","background-type":"","background-media":"","overlay-type":"","overlay-color":"","overlay-opacity":"","overlay-gradient":""},"tablet":{"background-color":"","background-image":"","background-repeat":"repeat","background-position":"center center","background-size":"auto","background-attachment":"scroll","background-type":"","background-media":"","overlay-type":"","overlay-color":"","overlay-opacity":"","overlay-gradient":""},"mobile":{"background-color":"","background-image":"","background-repeat":"repeat","background-position":"center center","background-size":"auto","background-attachment":"scroll","background-type":"","background-media":"","overlay-type":"","overlay-color":"","overlay-opacity":"","overlay-gradient":""}},"ast-content-background-meta":{"desktop":{"background-color":"var(--ast-global-color-5)","background-image":"","background-repeat":"repeat","background-position":"center center","background-size":"auto","background-attachment":"scroll","background-type":"","background-media":"","overlay-type":"","overlay-color":"","overlay-opacity":"","overlay-gradient":""},"tablet":{"background-color":"var(--ast-global-color-5)","background-image":"","background-repeat":"repeat","background-position":"center center","background-size":"auto","background-attachment":"scroll","background-type":"","background-media":"","overlay-type":"","overlay-color":"","overlay-opacity":"","overlay-gradient":""},"mobile":{"background-color":"var(--ast-global-color-5)","background-image":"","background-repeat":"repeat","background-position":"center center","background-size":"auto","background-attachment":"scroll","background-type":"","background-media":"","overlay-type":"","overlay-color":"","overlay-opacity":"","overlay-gradient":""}}},"product_cat":[58],"product_tag":[],"class_list":["post-14797","product","type-product","status-publish","has-post-thumbnail","hentry","product_cat-erdelyi-zoltan","desktop-align-left","tablet-align-left","mobile-align-left"],"_links":{"self":[{"href":"https:\/\/www.sunkaraoke.hu\/index.php\/wp-json\/wp\/v2\/product\/14797","targetHints":{"allow":["GET"]}}],"collection":[{"href":"https:\/\/www.sunkaraoke.hu\/index.php\/wp-json\/wp\/v2\/product"}],"about":[{"href":"https:\/\/www.sunkaraoke.hu\/index.php\/wp-json\/wp\/v2\/types\/product"}],"wp:featuredmedia":[{"embeddable":true,"href":"https:\/\/www.sunkaraoke.hu\/index.php\/wp-json\/wp\/v2\/media\/12581"}],"wp:attachment":[{"href":"https:\/\/www.sunkaraoke.hu\/index.php\/wp-json\/wp\/v2\/media?parent=14797"}],"wp:term":[{"taxonomy":"product_cat","embeddable":true,"href":"https:\/\/www.sunkaraoke.hu\/index.php\/wp-json\/wp\/v2\/product_cat?post=14797"},{"taxonomy":"product_tag","embeddable":true,"href":"https:\/\/www.sunkaraoke.hu\/index.php\/wp-json\/wp\/v2\/product_tag?post=14797"}],"curies":[{"name":"wp","href":"https:\/\/api.w.org\/{rel}","templated":true}]}}