{"id":14774,"date":"2025-01-24T08:49:23","date_gmt":"2025-01-24T08:49:23","guid":{"rendered":"https:\/\/www.sunkaraoke.hu\/?post_type=product&#038;p=14774"},"modified":"2025-01-24T08:51:09","modified_gmt":"2025-01-24T08:51:09","slug":"kaczor-ferenc-hazudtak-a-rozsak-2025-new","status":"publish","type":"product","link":"https:\/\/www.sunkaraoke.hu\/index.php\/termek\/kaczor-ferenc-hazudtak-a-rozsak-2025-new\/","title":{"rendered":"<div class=\"wcmp-player-container product-14774\"><audio controlslist=\"nodownload\" data-product=\"14774\"  volume=\"1\"  preload=\"none\" data-lazyloading=\"none\" class=\"wcmp-player track mejs-classic\" data-duration=\"0:32\" data-estimated_duration=\"4\"><source src=\"https:\/\/www.sunkaraoke.hu\/wp-content\/uploads\/2025\/01\/Hazudtak-a-rozsak-2025.-New-TRP_demo.mp3\" type=\"audio\/mp3\" \/><\/audio><\/div>Kaczor Ferenc &#8211; Hazudtak a r\u00f3zs\u00e1k 2025. NEW"},"content":{"rendered":"<p><strong>03:40 <\/strong>| <strong><img loading=\"lazy\" decoding=\"async\" class=\"alignnone size-full wp-image-467\" src=\"https:\/\/www.sunkaraoke.hu\/wp-content\/uploads\/2022\/07\/choir_2-copy.webp\" alt=\"\" width=\"30\" height=\"30\" \/> | <img decoding=\"async\" src=\"https:\/\/www.sunkaraoke.hu\/wp-content\/uploads\/2022\/07\/transzponalas.webp\" \/>\u00a0 \u00a0+1<\/strong><\/p>\n","protected":false},"excerpt":{"rendered":"<h5><strong>Bits\u0171r\u0171s\u00e9g: 320kb\/s<\/strong><br \/>\n<strong>Hossz: 03:40<\/strong><br \/>\n<strong>Vok\u00e1lt tartalmaz: Nem <img loading=\"lazy\" decoding=\"async\" class=\"alignnone size-full wp-image-467\" src=\"http:\/\/www.sunkaraoke.hu\/wp-content\/uploads\/2022\/07\/choir_2-copy.png\" alt=\"\" width=\"30\" height=\"30\" \/><\/strong><\/h5>\n<h5><strong>Transzpon\u00e1lt: Igen +1<\/strong><\/h5>\n<p>Sunkaraoke mp3 st\u00fadi\u00f3 \/ www.sunkaraoke.hu \/ Inf: Tel: 06 20 4275001<\/p>\n<p>&#8212;Intr\u00f3&#8211;<br \/>\nKeresek egy r\u00e9gi utc\u00e1t, benne kicsiny h\u00e1zat,<br \/>\nkeresek egy r\u00f3zsa kertet, egy ny\u00edl\u00f3 r\u00f3zsasz\u00e1lat.<br \/>\nAzt hittem hogy a szerelem, elk\u00eds\u00e9r a s\u00edrig,<br \/>\nde a legszebb vir\u00e1g, r\u00e9gen m\u00e1snak ny\u00edlik.<br \/>\nAz\u00f3ta gy\u0171l\u00f6l\u00f6k, minden r\u00f3zsasz\u00e1lat,<br \/>\nhazudtak a r\u00f3zs\u00e1k, hazudtak az \u00e1lmok.<br \/>\nAz\u00f3ta gy\u0171l\u00f6l\u00f6k, minden ny\u00edl\u00f3 r\u00f3zs\u00e1t,<br \/>\n\u00e1lmodozni mertem, szerettem egy kisl\u00e1nyt.<br \/>\n&#8212;Sz\u00f3l\u00f3&#8212;<br \/>\nKeresek egy r\u00f3zsakertet, benn egy r\u00f3zsasz\u00e1lat,<br \/>\nkeresem a boldogs\u00e1got, kergetek egy \u00e1lmot.<br \/>\nAzt hittem majd a szerelem, elk\u00eds\u00e9r a s\u00edrig,<br \/>\nazt hittem a legszebb vir\u00e1g, csak \u00e9n n\u00e9kem ny\u00edlik.<br \/>\nAz\u00f3ta gy\u0171l\u00f6l\u00f6k, minden r\u00f3zsasz\u00e1lat,<br \/>\nhazudtak a r\u00f3zs\u00e1k, hazudtak az \u00e1lmok.<br \/>\nAz\u00f3ta gy\u0171l\u00f6l\u00f6k, minden ny\u00edl\u00f3 r\u00f3zs\u00e1t,<br \/>\n\u00e1lmodozni mertem, szerettem egy kisl\u00e1nyt.<br \/>\n&#8212;Sz\u00f3l\u00f3&#8212;<br \/>\nAz\u00f3ta gy\u0171l\u00f6l\u00f6k, minden r\u00f3zsasz\u00e1lat,<br \/>\nhazudtak a r\u00f3zs\u00e1k, hazudtak az \u00e1lmok.<br \/>\nAz\u00f3ta gy\u0171l\u00f6l\u00f6k, minden ny\u00edl\u00f3 r\u00f3zs\u00e1t,<br \/>\n\u00e1lmodozni mertem, szerettem egy kisl\u00e1nyt.<br \/>\n&#8212;V\u00e9ge&#8212;<\/p>\n","protected":false},"featured_media":8960,"template":"","meta":{"site-sidebar-layout":"default","site-content-layout":"default","ast-site-content-layout":"default","site-content-style":"default","site-sidebar-style":"default","ast-global-header-display":"","ast-banner-title-visibility":"","ast-main-header-display":"","ast-hfb-above-header-display":"","ast-hfb-below-header-display":"","ast-hfb-mobile-header-display":"","site-post-title":"","ast-breadcrumbs-content":"","ast-featured-img":"","footer-sml-layout":"","theme-transparent-header-meta":"default","adv-header-id-meta":"","stick-header-meta":"","header-above-stick-meta":"","header-main-stick-meta":"","header-below-stick-meta":"","astra-migrate-meta-layouts":"set","ast-page-background-enabled":"default","ast-page-background-meta":{"desktop":{"background-color":"var(--ast-global-color-4)","background-image":"","background-repeat":"repeat","background-position":"center center","background-size":"auto","background-attachment":"scroll","background-type":"","background-media":"","overlay-type":"","overlay-color":"","overlay-opacity":"","overlay-gradient":""},"tablet":{"background-color":"","background-image":"","background-repeat":"repeat","background-position":"center center","background-size":"auto","background-attachment":"scroll","background-type":"","background-media":"","overlay-type":"","overlay-color":"","overlay-opacity":"","overlay-gradient":""},"mobile":{"background-color":"","background-image":"","background-repeat":"repeat","background-position":"center center","background-size":"auto","background-attachment":"scroll","background-type":"","background-media":"","overlay-type":"","overlay-color":"","overlay-opacity":"","overlay-gradient":""}},"ast-content-background-meta":{"desktop":{"background-color":"var(--ast-global-color-5)","background-image":"","background-repeat":"repeat","background-position":"center center","background-size":"auto","background-attachment":"scroll","background-type":"","background-media":"","overlay-type":"","overlay-color":"","overlay-opacity":"","overlay-gradient":""},"tablet":{"background-color":"var(--ast-global-color-5)","background-image":"","background-repeat":"repeat","background-position":"center center","background-size":"auto","background-attachment":"scroll","background-type":"","background-media":"","overlay-type":"","overlay-color":"","overlay-opacity":"","overlay-gradient":""},"mobile":{"background-color":"var(--ast-global-color-5)","background-image":"","background-repeat":"repeat","background-position":"center center","background-size":"auto","background-attachment":"scroll","background-type":"","background-media":"","overlay-type":"","overlay-color":"","overlay-opacity":"","overlay-gradient":""}}},"product_cat":[48],"product_tag":[],"class_list":["post-14774","product","type-product","status-publish","has-post-thumbnail","hentry","product_cat-sunkaraoke-dalok","desktop-align-left","tablet-align-left","mobile-align-left"],"_links":{"self":[{"href":"https:\/\/www.sunkaraoke.hu\/index.php\/wp-json\/wp\/v2\/product\/14774","targetHints":{"allow":["GET"]}}],"collection":[{"href":"https:\/\/www.sunkaraoke.hu\/index.php\/wp-json\/wp\/v2\/product"}],"about":[{"href":"https:\/\/www.sunkaraoke.hu\/index.php\/wp-json\/wp\/v2\/types\/product"}],"wp:featuredmedia":[{"embeddable":true,"href":"https:\/\/www.sunkaraoke.hu\/index.php\/wp-json\/wp\/v2\/media\/8960"}],"wp:attachment":[{"href":"https:\/\/www.sunkaraoke.hu\/index.php\/wp-json\/wp\/v2\/media?parent=14774"}],"wp:term":[{"taxonomy":"product_cat","embeddable":true,"href":"https:\/\/www.sunkaraoke.hu\/index.php\/wp-json\/wp\/v2\/product_cat?post=14774"},{"taxonomy":"product_tag","embeddable":true,"href":"https:\/\/www.sunkaraoke.hu\/index.php\/wp-json\/wp\/v2\/product_tag?post=14774"}],"curies":[{"name":"wp","href":"https:\/\/api.w.org\/{rel}","templated":true}]}}