{"id":14734,"date":"2025-01-15T12:20:09","date_gmt":"2025-01-15T12:20:09","guid":{"rendered":"https:\/\/www.sunkaraoke.hu\/?post_type=product&#038;p=14734"},"modified":"2025-01-15T12:25:40","modified_gmt":"2025-01-15T12:25:40","slug":"lakatos-dani-ha-kimegyek-a-piacra-2025-new","status":"publish","type":"product","link":"https:\/\/www.sunkaraoke.hu\/index.php\/termek\/lakatos-dani-ha-kimegyek-a-piacra-2025-new\/","title":{"rendered":"<div class=\"wcmp-player-container product-14734\"><audio controlslist=\"nodownload\" data-product=\"14734\"  volume=\"1\"  preload=\"none\" data-lazyloading=\"none\" class=\"wcmp-player track mejs-classic\" data-duration=\"0:32\" data-estimated_duration=\"32\"><source src=\"https:\/\/www.sunkaraoke.hu\/wp-content\/uploads\/2025\/01\/Ha-kimegyek-a-2025.-New_demo.mp3\" type=\"audio\/mp3\" \/><\/audio><\/div>Lakatos Dani: Ha kimegyek a piacra 2025. NEW"},"content":{"rendered":"<p><strong>03:13<\/strong>\u00a0| <strong><img loading=\"lazy\" decoding=\"async\" class=\"alignnone size-full wp-image-467\" src=\"https:\/\/www.sunkaraoke.hu\/wp-content\/uploads\/2022\/07\/choir_2-copy.webp\" alt=\"\" width=\"30\" height=\"30\" \/> <\/strong><\/p>\n","protected":false},"excerpt":{"rendered":"<h6>Bits\u0171r\u0171s\u00e9g:320 kb\/s<br \/>\nHossz: 03:13<br \/>\nVok\u00e1lt tartalmaz: Nem <img loading=\"lazy\" decoding=\"async\" class=\"alignnone size-full wp-image-467\" src=\"http:\/\/www.sunkaraoke.hu\/wp-content\/uploads\/2022\/07\/choir_2-copy.png\" alt=\"\" width=\"30\" height=\"30\" \/><strong style=\"font-size: 16px;\"><br \/>\n<\/strong><\/h6>\n<p>Sunkaraoke mp3 st\u00fadi\u00f3 \/ www.sunkaraoke.hu \/ Inf: Tel: 06 20 4275001<\/p>\n<p>&#8212;Intr\u00f3&#8212;<br \/>\nHallja mit mondok mag\u00e1nak, v\u00e1llaljon el bab\u00e1j\u00e1nak,<br \/>\nha nem v\u00e1llal bab\u00e1j\u00e1nak temer\u00e1v, v\u00e1llaljon el \u00fatit\u00e1rsnak.<br \/>\nHa nem v\u00e1llal bab\u00e1j\u00e1nak temer\u00e1v, v\u00e1llaljon el \u00fatit\u00e1rsnak.<br \/>\nHa kimegyek a piacra, r\u00e1l\u00e9pek egy papirosra,<br \/>\npapirosra \u00f6tsz\u00e1zasra, f\u00e1j a sz\u00edvem a csajokra.<br \/>\nPapirosra \u00f6tsz\u00e1zasra, f\u00e1j a sz\u00edvem a csajokra.<br \/>\nAki zen\u00e9sz akar lenni, j\u00f6jj\u00f6n hozz\u00e1m jelentkezni,<br \/>\n\u00e9n is az akarok lenni, abb\u00f3l nem maradt sok semmi.<br \/>\n\u00c9n is az akarok lenni, abb\u00f3l nem maradt sok semmi.<br \/>\nVan nekem egy imak\u00f6nyvem, belen\u00e9zek hull a k\u00f6nnyem,<br \/>\naz van abba bele\u00edrva, hogy a munka a visz a s\u00edrba.<br \/>\nAz van abba bele\u00edrva, a szerelem visz a s\u00edrba.<br \/>\n&#8212;Sz\u00f3l\u00f3&#8212;<br \/>\nHallja mit mondok mag\u00e1nak, v\u00e1llaljon el bab\u00e1j\u00e1nak,<br \/>\nha nem v\u00e1llal bab\u00e1j\u00e1nak, v\u00e1llaljon el \u00fatit\u00e1rsnak.<br \/>\nHa nem v\u00e1llal bab\u00e1j\u00e1nak, v\u00e1llaljon el \u00fatit\u00e1rsnak.<br \/>\nHa kimegyek a piacra, r\u00e1l\u00e9pek egy papirosra,<br \/>\npapirosra \u00f6tsz\u00e1zasra, f\u00e1j a sz\u00edvem a csajokra.<br \/>\nPapirosra \u00f6tsz\u00e1zasra, f\u00e1j a sz\u00edvem a csajokra.<br \/>\n&#8212;V\u00e9ge&#8212;<\/p>\n","protected":false},"featured_media":14737,"template":"","meta":{"site-sidebar-layout":"default","site-content-layout":"default","ast-site-content-layout":"default","site-content-style":"default","site-sidebar-style":"default","ast-global-header-display":"","ast-banner-title-visibility":"","ast-main-header-display":"","ast-hfb-above-header-display":"","ast-hfb-below-header-display":"","ast-hfb-mobile-header-display":"","site-post-title":"","ast-breadcrumbs-content":"","ast-featured-img":"","footer-sml-layout":"","theme-transparent-header-meta":"default","adv-header-id-meta":"","stick-header-meta":"","header-above-stick-meta":"","header-main-stick-meta":"","header-below-stick-meta":"","astra-migrate-meta-layouts":"set","ast-page-background-enabled":"default","ast-page-background-meta":{"desktop":{"background-color":"var(--ast-global-color-4)","background-image":"","background-repeat":"repeat","background-position":"center center","background-size":"auto","background-attachment":"scroll","background-type":"","background-media":"","overlay-type":"","overlay-color":"","overlay-opacity":"","overlay-gradient":""},"tablet":{"background-color":"","background-image":"","background-repeat":"repeat","background-position":"center center","background-size":"auto","background-attachment":"scroll","background-type":"","background-media":"","overlay-type":"","overlay-color":"","overlay-opacity":"","overlay-gradient":""},"mobile":{"background-color":"","background-image":"","background-repeat":"repeat","background-position":"center center","background-size":"auto","background-attachment":"scroll","background-type":"","background-media":"","overlay-type":"","overlay-color":"","overlay-opacity":"","overlay-gradient":""}},"ast-content-background-meta":{"desktop":{"background-color":"var(--ast-global-color-5)","background-image":"","background-repeat":"repeat","background-position":"center center","background-size":"auto","background-attachment":"scroll","background-type":"","background-media":"","overlay-type":"","overlay-color":"","overlay-opacity":"","overlay-gradient":""},"tablet":{"background-color":"var(--ast-global-color-5)","background-image":"","background-repeat":"repeat","background-position":"center center","background-size":"auto","background-attachment":"scroll","background-type":"","background-media":"","overlay-type":"","overlay-color":"","overlay-opacity":"","overlay-gradient":""},"mobile":{"background-color":"var(--ast-global-color-5)","background-image":"","background-repeat":"repeat","background-position":"center center","background-size":"auto","background-attachment":"scroll","background-type":"","background-media":"","overlay-type":"","overlay-color":"","overlay-opacity":"","overlay-gradient":""}}},"product_cat":[48],"product_tag":[],"class_list":["post-14734","product","type-product","status-publish","has-post-thumbnail","hentry","product_cat-sunkaraoke-dalok","desktop-align-left","tablet-align-left","mobile-align-left"],"_links":{"self":[{"href":"https:\/\/www.sunkaraoke.hu\/index.php\/wp-json\/wp\/v2\/product\/14734","targetHints":{"allow":["GET"]}}],"collection":[{"href":"https:\/\/www.sunkaraoke.hu\/index.php\/wp-json\/wp\/v2\/product"}],"about":[{"href":"https:\/\/www.sunkaraoke.hu\/index.php\/wp-json\/wp\/v2\/types\/product"}],"wp:featuredmedia":[{"embeddable":true,"href":"https:\/\/www.sunkaraoke.hu\/index.php\/wp-json\/wp\/v2\/media\/14737"}],"wp:attachment":[{"href":"https:\/\/www.sunkaraoke.hu\/index.php\/wp-json\/wp\/v2\/media?parent=14734"}],"wp:term":[{"taxonomy":"product_cat","embeddable":true,"href":"https:\/\/www.sunkaraoke.hu\/index.php\/wp-json\/wp\/v2\/product_cat?post=14734"},{"taxonomy":"product_tag","embeddable":true,"href":"https:\/\/www.sunkaraoke.hu\/index.php\/wp-json\/wp\/v2\/product_tag?post=14734"}],"curies":[{"name":"wp","href":"https:\/\/api.w.org\/{rel}","templated":true}]}}