{"id":14728,"date":"2025-01-13T12:29:04","date_gmt":"2025-01-13T12:29:04","guid":{"rendered":"https:\/\/www.sunkaraoke.hu\/?post_type=product&#038;p=14728"},"modified":"2025-01-13T12:30:11","modified_gmt":"2025-01-13T12:30:11","slug":"bitto-duo-temiattad-nem-alszom-2025-new","status":"publish","type":"product","link":"https:\/\/www.sunkaraoke.hu\/index.php\/termek\/bitto-duo-temiattad-nem-alszom-2025-new\/","title":{"rendered":"<div class=\"wcmp-player-container product-14728\"><audio controlslist=\"nodownload\" data-product=\"14728\"  volume=\"1\"  preload=\"none\" data-lazyloading=\"none\" class=\"wcmp-player track mejs-classic\" data-duration=\"0:31\" data-estimated_duration=\"4\"><source src=\"https:\/\/www.sunkaraoke.hu\/wp-content\/uploads\/2025\/01\/Temiattad-2025.-New_demo.mp3\" type=\"audio\/mp3\" \/><\/audio><\/div>Bitt\u00f3 Du\u00f3 &#8211; Temiattad nem alszom 2025. NEW"},"content":{"rendered":"<p><strong>04:09<\/strong>| <strong><img loading=\"lazy\" decoding=\"async\" class=\"alignnone size-full wp-image-467\" src=\"https:\/\/www.sunkaraoke.hu\/wp-content\/uploads\/2022\/07\/choir_2-copy.webp\" alt=\"\" width=\"30\" height=\"30\" \/> <\/strong><\/p>\n","protected":false},"excerpt":{"rendered":"<h6><strong>Bits\u0171r\u0171s\u00e9g: 320kb\/s<\/strong><\/h6>\n<h6><strong>Hoosz: 04:09<\/strong><\/h6>\n<h6><strong>Vok\u00e1l: Nem<\/strong><\/h6>\n<p>Sunkaraoke mp3 st\u00fadi\u00f3 \/ www.sunkaraoke.hu \/ Inf: Tel: 06 20 4275001<\/p>\n<p>&#8212;Intr\u00f3&#8212;<br \/>\nTe miattad nem alszom \u00e9n, l\u00e1zas \u00e9jszak\u00e1kon.<br \/>\nTe miattad \u00e9g m\u00e9g mindig, hazug cs\u00f3k a sz\u00e1mon.<br \/>\nSz\u00e1zszor megs\u00fagn\u00e1m, hogy nagyon szeretlek,<br \/>\namikor a sz\u00edvem dobog, \u00e9rted hull a k\u00f6nnyem.<br \/>\nDe szeretn\u00e9k m\u00e9g egyszer, oly boldog lenni v\u00e9led,<br \/>\na te cs\u00f3kod n\u00e9lk\u00fcl, szenved\u00e9s az \u00e9let.<br \/>\nSz\u00e1zszor megs\u00fagn\u00e1m, hogy nagyon szeretlek,<br \/>\namikor a sz\u00edvem dobog, \u00e9rted hull a k\u00f6nnyem.<br \/>\n&#8212;Sz\u00f3l\u00f3&#8212;<br \/>\nVeled olyan sz\u00e9p volt minden,<br \/>\nmondd, m\u00e9rt ment\u00e9l el t\u0151lem,<br \/>\namit nekem hagyt\u00e1l, csak szenved\u00e9s, \u00fagy \u00e9rzem.<br \/>\nDe sz\u00e1zszor megs\u00fagn\u00e1m, hogy nagyon szeretlek,<br \/>\namikor a sz\u00edvem dobog, \u00e9rted hull a k\u00f6nnyem.<br \/>\nDe szeretn\u00e9k m\u00e9g egyszer, oly boldog lenni v\u00e9led,<br \/>\na te cs\u00f3kod n\u00e9lk\u00fcl, szenved\u00e9s az \u00e9let.<br \/>\nSz\u00e1zszor megs\u00fagn\u00e1m, hogy nagyon szeretlek,<br \/>\namikor a sz\u00edvem dobog, \u00e9rted hull a k\u00f6nnyem.<br \/>\n&#8212;Sz\u00f3l\u00f3&#8212;<br \/>\nTe miattad nem alszom \u00e9n, l\u00e1zas \u00e9jszak\u00e1kon.<br \/>\nTe miattad \u00e9g m\u00e9g mindig, hazug cs\u00f3k a sz\u00e1mon.<br \/>\nSz\u00e1zszor megs\u00fagn\u00e1m, hogy nagyon szeretlek,<br \/>\namikor a sz\u00edvem dobog, \u00e9rted hull a k\u00f6nnyem.<br \/>\nDe szeretn\u00e9k m\u00e9g egyszer, oly boldog lenni v\u00e9led,<br \/>\na te cs\u00f3kod n\u00e9lk\u00fcl, szenved\u00e9s az \u00e9let.<br \/>\nSz\u00e1zszor megs\u00fagn\u00e1m, hogy nagyon szeretlek,<br \/>\namikor a sz\u00edvem dobog, \u00e9rted hull a k\u00f6nnyem.<br \/>\nSz\u00e1zszor megs\u00fagn\u00e1m, hogy nagyon szeretlek,<br \/>\namikor a sz\u00edvem dobog, \u00e9rted hull a k\u00f6nnyem.<br \/>\n&#8212;V\u00e9ge&#8212;<\/p>\n","protected":false},"featured_media":11406,"template":"","meta":{"site-sidebar-layout":"default","site-content-layout":"default","ast-site-content-layout":"default","site-content-style":"default","site-sidebar-style":"default","ast-global-header-display":"","ast-banner-title-visibility":"","ast-main-header-display":"","ast-hfb-above-header-display":"","ast-hfb-below-header-display":"","ast-hfb-mobile-header-display":"","site-post-title":"","ast-breadcrumbs-content":"","ast-featured-img":"","footer-sml-layout":"","theme-transparent-header-meta":"default","adv-header-id-meta":"","stick-header-meta":"","header-above-stick-meta":"","header-main-stick-meta":"","header-below-stick-meta":"","astra-migrate-meta-layouts":"set","ast-page-background-enabled":"default","ast-page-background-meta":{"desktop":{"background-color":"var(--ast-global-color-4)","background-image":"","background-repeat":"repeat","background-position":"center center","background-size":"auto","background-attachment":"scroll","background-type":"","background-media":"","overlay-type":"","overlay-color":"","overlay-opacity":"","overlay-gradient":""},"tablet":{"background-color":"","background-image":"","background-repeat":"repeat","background-position":"center center","background-size":"auto","background-attachment":"scroll","background-type":"","background-media":"","overlay-type":"","overlay-color":"","overlay-opacity":"","overlay-gradient":""},"mobile":{"background-color":"","background-image":"","background-repeat":"repeat","background-position":"center center","background-size":"auto","background-attachment":"scroll","background-type":"","background-media":"","overlay-type":"","overlay-color":"","overlay-opacity":"","overlay-gradient":""}},"ast-content-background-meta":{"desktop":{"background-color":"var(--ast-global-color-5)","background-image":"","background-repeat":"repeat","background-position":"center center","background-size":"auto","background-attachment":"scroll","background-type":"","background-media":"","overlay-type":"","overlay-color":"","overlay-opacity":"","overlay-gradient":""},"tablet":{"background-color":"var(--ast-global-color-5)","background-image":"","background-repeat":"repeat","background-position":"center center","background-size":"auto","background-attachment":"scroll","background-type":"","background-media":"","overlay-type":"","overlay-color":"","overlay-opacity":"","overlay-gradient":""},"mobile":{"background-color":"var(--ast-global-color-5)","background-image":"","background-repeat":"repeat","background-position":"center center","background-size":"auto","background-attachment":"scroll","background-type":"","background-media":"","overlay-type":"","overlay-color":"","overlay-opacity":"","overlay-gradient":""}}},"product_cat":[48],"product_tag":[],"class_list":["post-14728","product","type-product","status-publish","has-post-thumbnail","hentry","product_cat-sunkaraoke-dalok","desktop-align-left","tablet-align-left","mobile-align-left"],"_links":{"self":[{"href":"https:\/\/www.sunkaraoke.hu\/index.php\/wp-json\/wp\/v2\/product\/14728","targetHints":{"allow":["GET"]}}],"collection":[{"href":"https:\/\/www.sunkaraoke.hu\/index.php\/wp-json\/wp\/v2\/product"}],"about":[{"href":"https:\/\/www.sunkaraoke.hu\/index.php\/wp-json\/wp\/v2\/types\/product"}],"wp:featuredmedia":[{"embeddable":true,"href":"https:\/\/www.sunkaraoke.hu\/index.php\/wp-json\/wp\/v2\/media\/11406"}],"wp:attachment":[{"href":"https:\/\/www.sunkaraoke.hu\/index.php\/wp-json\/wp\/v2\/media?parent=14728"}],"wp:term":[{"taxonomy":"product_cat","embeddable":true,"href":"https:\/\/www.sunkaraoke.hu\/index.php\/wp-json\/wp\/v2\/product_cat?post=14728"},{"taxonomy":"product_tag","embeddable":true,"href":"https:\/\/www.sunkaraoke.hu\/index.php\/wp-json\/wp\/v2\/product_tag?post=14728"}],"curies":[{"name":"wp","href":"https:\/\/api.w.org\/{rel}","templated":true}]}}