{"id":14702,"date":"2025-01-09T12:57:18","date_gmt":"2025-01-09T12:57:18","guid":{"rendered":"https:\/\/www.sunkaraoke.hu\/?post_type=product&#038;p=14702"},"modified":"2025-04-07T15:29:59","modified_gmt":"2025-04-07T15:29:59","slug":"piros-bela-piros-mulatos-mix-88-mix","status":"publish","type":"product","link":"https:\/\/www.sunkaraoke.hu\/index.php\/termek\/piros-bela-piros-mulatos-mix-88-mix\/","title":{"rendered":"<div class=\"wcmp-player-container product-14702\"><audio controlslist=\"nodownload\" data-product=\"14702\"  volume=\"1\"  preload=\"none\" data-lazyloading=\"none\" class=\"wcmp-player track mejs-classic\" data-duration=\"0:38\" data-estimated_duration=\"4\"><source src=\"https:\/\/www.sunkaraoke.hu\/wp-content\/uploads\/2025\/01\/Piros-mulatos-88-_demo.mp3\" type=\"audio\/mp3\" \/><\/audio><\/div>Piros B\u00e9la &#8211; Piros Mulat\u00f3s Mix 88. (Original)"},"content":{"rendered":"<p><b>17:27<\/b>| <strong><img loading=\"lazy\" decoding=\"async\" class=\"alignnone size-full wp-image-467\" src=\"https:\/\/www.sunkaraoke.hu\/wp-content\/uploads\/2022\/07\/choir_2-copy.webp\" alt=\"\" width=\"30\" height=\"30\" \/> <\/strong><\/p>\n","protected":false},"excerpt":{"rendered":"<h6><strong>Bits\u0171r\u0171s\u00e9g: 320kb\/s<\/strong><br \/>\n<strong>Hossz:17:27<\/strong><br \/>\n<strong>Vok\u00e1lt tartalmaz: Nem <img loading=\"lazy\" decoding=\"async\" class=\"alignnone size-full wp-image-467\" src=\"http:\/\/www.sunkaraoke.hu\/wp-content\/uploads\/2022\/07\/choir_2-copy.png\" alt=\"\" width=\"30\" height=\"30\" \/><\/strong><strong style=\"font-size: 16px;\"><br \/>\n<\/strong><\/h6>\n<p>Sunkaraoke mp3 st\u00fadi\u00f3 \/ www.sunkaraoke.hu \/ Inf: Tel: 06 20 4275001<\/p>\n<p>&#8212;Intr\u00f3&#8212;<br \/>\nAz \u00e9n uram j\u00f3 cig\u00e1ny,<br \/>\nnincs is olyan pr\u00edm\u00e1s t\u00e1n a vil\u00e1gon,<br \/>\nde amit keres megissza,<br \/>\nmindig reggel j\u00e1r haza a kocsm\u00e1b\u00f3l,<br \/>\nDe mondtam n\u00e9ked, te kutya cig\u00e1ny,<br \/>\nhogy ne j\u00e1rj haza reggel nyolc ut\u00e1n,<br \/>\nmegl\u00e1tod, fel\u00fcl\u00f6k a vonatra,<br \/>\nitt hagylak oszt hazamegyek Nam\u00e9nyba.<br \/>\nDe mondtam n\u00e9ked, te kutya cig\u00e1ny,<br \/>\nhogy ne j\u00e1rj haza reggel nyolc ut\u00e1n,<br \/>\nmegl\u00e1tod, fel\u00fcl\u00f6k a vonatra,<br \/>\nitt hagylak oszt hazamegyek Nam\u00e9nyba.<br \/>\n&#8212;Sz\u00f3l\u00f3&#8212;<br \/>\nNam\u00e9ny fel\u00e9 visz az \u00fat,<br \/>\nde a sz\u00edvem Pestre h\u00faz, mit csin\u00e1ljak?<br \/>\n\u00cdgy nem tudom, hogy mit tegyek,<br \/>\nha elhagyom v\u00e9ge lesz a cig\u00e1nynak.<br \/>\nDe kin\u00e9zek a vonat ablak\u00e1n,<br \/>\naz uram szalad a vonat ut\u00e1n, azt mondja,<br \/>\nugorj\u00e1l le feket\u00e9m,<br \/>\nvakuljak meg \u00f6lbe viszlek haza \u00e9n.<br \/>\nDe kin\u00e9zek a vonat ablak\u00e1n,<br \/>\naz uram szalad a vonat ut\u00e1n, azt mondja,<br \/>\nugorj\u00e1l le feket\u00e9m,<br \/>\nvakuljak meg \u00f6lbe viszlek haza \u00e9n.<br \/>\n&#8212;Sz\u00f3l\u00f3&#8212;<br \/>\nKecskeb\u00e9ka felm\u00e1szott a f\u0171zf\u00e1ra,<br \/>\nannak is a legmagasabb \u00e1g\u00e1ra.<br \/>\n\u00cdgy se volt j\u00f3, \u00fagy se volt j\u00f3,<br \/>\nsehogyan sem volt az j\u00f3,<br \/>\nmindig csak a m\u00e1s asszonya volt a j\u00f3.<br \/>\n\u00cdgy se volt j\u00f3, \u00fagy se volt j\u00f3,<br \/>\nsehogyan sem volt az j\u00f3,<br \/>\nmindig csak a m\u00e1s asszonya volt a j\u00f3.<br \/>\nKecskeb\u00e9ka felm\u00e1szott a f\u0171zf\u00e1ra,<br \/>\nz\u00f6ld levelet hozott le a sz\u00e1j\u00e1ban.<br \/>\n\u00cdgy se volt j\u00f3, \u00fagy se volt j\u00f3,<br \/>\nsehogyan se volt az j\u00f3.<br \/>\nMindig csak a m\u00e1s asszonya volna j\u00f3.<br \/>\n\u00cdgy se volt j\u00f3, \u00fagy se volt j\u00f3,<br \/>\nsehogyan se volt az j\u00f3.<br \/>\nMindig csak a m\u00e1s asszonya volna j\u00f3.<br \/>\nCirmos cica felm\u00e1szott a padl\u00e1sra,<br \/>\nkisegeret hozott le a sz\u00e1j\u00e1ba\u2019.<br \/>\nIde tette, oda tette, ide-oda letette,<br \/>\nv\u00e9g\u00e9n meg a f\u00fcl\u00e9t-fark\u00e1t megette.<br \/>\nIde tette, oda tette, ide-oda letette,<br \/>\nv\u00e9g\u00e9n meg a f\u00fcl\u00e9t-fark\u00e1t megette.<br \/>\n&#8212;Sz\u00f3l\u00f3&#8212;<br \/>\nSuszterleg\u00e9ny akart hozz\u00e1m j\u00e1rni,<br \/>\nmeg akarta a papucsom s\u00e1mf\u00e1zni.<br \/>\nSuszterleg\u00e9ny, nem vagyok \u00e9n d\u00e1ma,<br \/>\nverjed a fasz\u00f6get az any\u00e1d piros papucs\u00e1ba!<br \/>\nSuszterleg\u00e9ny, nem vagyok \u00e9n d\u00e1ma,<br \/>\nverjed a fasz\u00f6get az any\u00e1d piros papucs\u00e1ba!<br \/>\nTisza partj\u00e1n mennek a husz\u00e1rok,<br \/>\nidehallik cseng\u0151 n\u00f3t\u00e1z\u00e1suk.<br \/>\nEl\u0151l megy a hadnagy, aki vezet.<br \/>\nGyere, kisl\u00e1ny, fogj\u00e1l vele kezet!<br \/>\nEl\u0151l megy a hadnagy, aki vezet.<br \/>\nGyere, kisl\u00e1ny, fogj\u00e1l vele kezet!<br \/>\nNem fogok \u00e9n a hadnagy \u00farral kezet.<br \/>\nInk\u00e1bb \u00edrok egy szerelmes levelet.<br \/>\nMa meg\u00edrom, holnap elolvasom,<br \/>\nholnaput\u00e1n mas\u00edrozik a galambom.<br \/>\nMa meg\u00edrom, holnap elolvasom,<br \/>\nholnaput\u00e1n mas\u00edrozik a galambom.<br \/>\n&#8212;Sz\u00f3l\u00f3&#8212;<br \/>\n\u00c9n vagyok a falu rossza egyed\u00fcl,<br \/>\ncsak \u00e9nn\u00e9kem heged\u00fcl az \u00f6reg cig\u00e1ny.<br \/>\n\u00c9n vagyok a falu rossza egyed\u00fcl,<br \/>\ncsak \u00e9nn\u00e9kem heged\u00fcl az \u00f6reg cig\u00e1ny.<br \/>\nHa nincsen p\u00e9nzem, iszom hitelbe\u2019,<br \/>\neny\u00e9m a legszebb le\u00e1ny szerelme.<br \/>\n\u00c9n vagyok a falu rossza egyed\u00fcl,<br \/>\ncsak \u00e9nn\u00e9kem heged\u00fcl az \u00f6reg cig\u00e1ny.<br \/>\nHa nincsen p\u00e9nzem, iszom hitelbe\u2019,<br \/>\neny\u00e9m a legszebb le\u00e1ny szerelme.<br \/>\n\u00c9n vagyok a falu rossza egyed\u00fcl,<br \/>\ncsak \u00e9nn\u00e9kem heged\u00fcl az \u00f6reg cig\u00e1ny.<br \/>\n\u00c9n vagyok a falu rossza egyed\u00fcl,<br \/>\ncsak \u00e9nn\u00e9kem heged\u00fcl az \u00f6reg cig\u00e1ny.<br \/>\n\u00c9n vagyok a falu rossza egyed\u00fcl,<br \/>\ncsak \u00e9nn\u00e9kem heged\u00fcl az \u00f6reg cig\u00e1ny.<br \/>\nHa nincsen p\u00e9nzem, iszom hitelbe\u2019,<br \/>\neny\u00e9m a legszebb le\u00e1ny szerelme.<br \/>\n\u00c9n vagyok a falu rossza egyed\u00fcl,<br \/>\ncsak \u00e9nn\u00e9kem heged\u00fcl az \u00f6reg cig\u00e1ny.<br \/>\nHa nincsen p\u00e9nzem, iszom hitelbe\u2019,<br \/>\neny\u00e9m a legszebb le\u00e1ny szerelme.<br \/>\n\u00c9n vagyok a falu rossza egyed\u00fcl,<br \/>\ncsak \u00e9nn\u00e9kem heged\u00fcl az \u00f6reg cig\u00e1ny.<br \/>\n&#8212;Sz\u00f3l\u00f3&#8212;<br \/>\n\u00c9n vagyok a falu rossza egyed\u00fcl,<br \/>\ncsak \u00e9nn\u00e9kem heged\u00fcl az \u00f6reg cig\u00e1ny.<br \/>\n\u00c9n vagyok a falu rossza egyed\u00fcl,<br \/>\ncsak \u00e9nn\u00e9kem heged\u00fcl az \u00f6reg cig\u00e1ny.<br \/>\nHa nincsen p\u00e9nzem, iszom hitelbe\u2019,<br \/>\neny\u00e9m a legszebb le\u00e1ny szerelme.<br \/>\n\u00c9n vagyok a falu rossza egyed\u00fcl,<br \/>\ncsak \u00e9nn\u00e9kem heged\u00fcl az \u00f6reg cig\u00e1ny.<br \/>\nHa nincsen p\u00e9nzem, iszom hitelbe\u2019,<br \/>\neny\u00e9m a legszebb le\u00e1ny szerelme.<br \/>\n\u00c9n vagyok a falu rossza egyed\u00fcl,<br \/>\ncsak \u00e9nn\u00e9kem heged\u00fcl az \u00f6reg cig\u00e1ny.<br \/>\n\u00c9n vagyok a falu rossza egyed\u00fcl,<br \/>\ncsak \u00e9nn\u00e9kem heged\u00fcl az \u00f6reg cig\u00e1ny.<br \/>\n\u00c9n vagyok a falu rossza egyed\u00fcl,<br \/>\ncsak \u00e9nn\u00e9kem heged\u00fcl az \u00f6reg cig\u00e1ny.<br \/>\nHa nincsen p\u00e9nzem, iszom hitelbe\u2019,<br \/>\neny\u00e9m a legszebb le\u00e1ny szerelme.<br \/>\n\u00c9n vagyok a falu rossza egyed\u00fcl,<br \/>\ncsak \u00e9nn\u00e9kem heged\u00fcl az \u00f6reg cig\u00e1ny.<br \/>\nHa nincsen p\u00e9nzem, iszom hitelbe\u2019,<br \/>\neny\u00e9m a legszebb le\u00e1ny szerelme.<br \/>\n\u00c9n vagyok a falu rossza egyed\u00fcl,<br \/>\ncsak \u00e9nn\u00e9kem heged\u00fcl az \u00f6reg cig\u00e1ny.<br \/>\n&#8212;Sz\u00f3l\u00f3&#8212;<br \/>\nHaragszom a t\u00f6k\u00f6dre, r\u00e1futott a kukoricaf\u00f6ldemre.<br \/>\nHaragszom a t\u00f6k\u00f6dre, r\u00e1futott a kukoricaf\u00f6ldemre.<br \/>\n\u00c9n a t\u00f6k\u00f6d lev\u00e1gom, a f\u00f6ldemet besz\u00e1ntom.<br \/>\nHaragszom a t\u00f6k\u00f6dre, r\u00e1futott a kukoricaf\u00f6ldemre.<br \/>\n\u00c9n a t\u00f6k\u00f6d lev\u00e1gom, a f\u00f6ldemet besz\u00e1ntom.<br \/>\nHaragszom a t\u00f6k\u00f6dre, r\u00e1futott a kukoricaf\u00f6ldemre.<br \/>\nHaragszom a t\u00f6k\u00f6dre, r\u00e1futott a kukoricaf\u00f6ldemre.<br \/>\nHaragszom a t\u00f6k\u00f6dre, r\u00e1futott a kukoricaf\u00f6ldemre.<br \/>\n\u00c9n a t\u00f6k\u00f6d lev\u00e1gom, a f\u00f6ldemet besz\u00e1ntom.<br \/>\nHaragszom a t\u00f6k\u00f6dre, r\u00e1futott a kukoricaf\u00f6ldemre.<br \/>\n\u00c9n a t\u00f6k\u00f6d lev\u00e1gom, a f\u00f6ldemet besz\u00e1ntom.<br \/>\nHaragszom a t\u00f6k\u00f6dre, r\u00e1futott a kukoricaf\u00f6ldemre.<br \/>\n&#8212;Sz\u00f3l\u00f3&#8212;<br \/>\nZ\u00f6ldre van a, z\u00f6ldre van a r\u00e1csos kapu festve,<br \/>\nodaj\u00e1rok minden szombat este.<br \/>\nDe az este nem gy\u0151ztelek v\u00e1rni,<br \/>\nbe kellett a, be kellett a r\u00e1csos kaput z\u00e1rni.<br \/>\nDe az este nem gy\u0151ztelek v\u00e1rni,<br \/>\nbe kellett a, be kellett a r\u00e1csos kaput z\u00e1rni.<br \/>\nBez\u00e1rhatod, bez\u00e1rhatod, r\u00f3zs\u00e1m, kiskapudat,<br \/>\n\u00fagysem j\u00e1rom t\u00f6bb\u00e9 udvarodat.<br \/>\nVethetsz most m\u00e1r szegf\u0171t, majorann\u00e1t,<br \/>\nnem taposom, nem taposom t\u00f6bb\u00e9 a vir\u00e1g\u00e1t.<br \/>\nVethetsz most m\u00e1r szegf\u0171t, majorann\u00e1t,<br \/>\nnem taposom, nem taposom t\u00f6bb\u00e9 a vir\u00e1g\u00e1t.<br \/>\n&#8212;Sz\u00f3l\u00f3&#8212;-<br \/>\nS\u00e1ros az utc\u00e1tok, a fene j\u00e1rjon hozz\u00e1tok a s\u00f6t\u00e9tben.<br \/>\nS\u00e1ros az utc\u00e1tok, a fene j\u00e1rjon hozz\u00e1tok a s\u00f6t\u00e9tben.<br \/>\nAdj egy cs\u00f3kot kis angyalom el\u0151re! A m\u00e1sikat majd megadod j\u00f6v\u0151re.<br \/>\nS\u00e1ros az utc\u00e1tok, a fene j\u00e1rjon hozz\u00e1tok a s\u00f6t\u00e9tben.<br \/>\nAdj egy cs\u00f3kot kis angyalom el\u0151re! A m\u00e1sikat majd megadod j\u00f6v\u0151re.<br \/>\nS\u00e1ros az utc\u00e1tok, a fene j\u00e1rjon hozz\u00e1tok a s\u00f6t\u00e9tben.<br \/>\nS\u00e1ros a k\u00f6z\u00f6t\u00f6k, majd csak hazad\u00f6c\u00f6g\u00f6k a s\u00f6t\u00e9tben.<br \/>\nS\u00e1ros a k\u00f6z\u00f6t\u00f6k, majd csak hazad\u00f6c\u00f6g\u00f6k a s\u00f6t\u00e9tben.<br \/>\nJ\u00e1rtam \u00e9n m\u00e1r n\u00e1latok a s\u00f6t\u00e9tben, beleestem a mosl\u00e9kos v\u00f6d\u00f6rbe.<br \/>\nS\u00e1ros az utc\u00e1tok, a rosseb j\u00e1rjon hozz\u00e1tok a s\u00f6t\u00e9tben.<br \/>\nJ\u00e1rtam \u00e9n m\u00e1r n\u00e1latok a s\u00f6t\u00e9tben, beleestem a mosl\u00e9kosv\u00f6d\u00f6rbe.<br \/>\nS\u00e1ros az utc\u00e1tok, a rosseb j\u00e1rjon hozz\u00e1tok a s\u00f6t\u00e9tben.<br \/>\n&#8212;Sz\u00f3l\u00f3&#8212;<br \/>\nFejik a fekete kecsk\u00e9t,verik a barna menyecsk\u00e9t.<br \/>\nAz\u00e9rt verik,meg\u00e9rdemli,mer\u2019 az ur\u00e1t nem szereti.<br \/>\nAz\u00e9rt verik,meg\u00e9rdemli,mer\u2019 az ur\u00e1t nem szereti.<br \/>\n\u00c1rok,\u00e1rok,de m\u00e9ly \u00e1rok,m\u00e9g az \u00e9jjel benned h\u00e1lok.<br \/>\nBenne vagyok,beleestem,a szerelem rabja lettem.<br \/>\nBenne vagyok,beleestem,a szerelem rabja lettem.<br \/>\nTele a kocsi rajk\u00f3val,k\u00f6r\u00f6s-k\u00f6r\u00fcl kehes l\u00f3val.<br \/>\nEladom a keheseket,kapok \u00e9rte ezreseket.<br \/>\nEladom a keheseket,kapok \u00e9rte ezreseket.<br \/>\nEmber,ember,meg tudsz verni,de egy kend\u0151t nem tudsz venni.<br \/>\nTegnap vett\u00e9l egy feket\u00e9t,hogy a fejem bek\u00f6thess\u00e9k.<br \/>\nTegnap vett\u00e9l egy feket\u00e9t,hogy a fejem bek\u00f6thess\u00e9k.<br \/>\nAsszony,asszony,meg tudsz csalni,de egy gaty\u00e1t nem tudsz varrni.<br \/>\nVarrt\u00e1l egyet \u00fclep n\u00e9lk\u00fcl,itt \u00e1llok most gatya n\u00e9lk\u00fcl.<br \/>\nVarrt\u00e1l egyet \u00fclep n\u00e9lk\u00fcl,itt \u00e1llok most gatya n\u00e9lk\u00fcl.<br \/>\n&#8212;Sz\u00f3l\u00f3&#8212;<br \/>\nCig\u00e1nygyerek vagyok,git\u00e1rozni tudok,s\u00edr a git\u00e1r a kezemben.<br \/>\nGyere,r\u00e1nyi,\u00fclj az \u00f6lembe!<br \/>\nCig\u00e1nygyerek vagyok,cimbalmozni tudok,s\u00edr a cimbalom a kezemben.<br \/>\nGyere,r\u00e1nyi,\u00fclj az \u00f6lembe!<br \/>\n&#8212;Sz\u00f3l\u00f3&#8212;<br \/>\nCig\u00e1nygyerek vagyok,git\u00e1rozni tudok,s\u00edr a git\u00e1r a kezemben.<br \/>\nGyere,r\u00e1nyi,\u00fclj az \u00f6lembe!<br \/>\nCig\u00e1nygyerek vagyok,cimbalmozni tudok,s\u00edr a cimbalom a kezemben.<br \/>\nGyere,r\u00e1nyi,\u00fclj az \u00f6lembe!<br \/>\n&#8212;Sz\u00f3l\u00f3&#8212;<br \/>\nA cig\u00e1nyok s\u00e1tora,ladi-ladi-lom,s\u00e1rga liliom,<br \/>\nle\u00e9gett az \u00e9jszaka,ladi-ladi-lom,s\u00e1rga liliom.<br \/>\n\u00c9n a vajd\u00e1t nem b\u00e1nom,csak a l\u00e1ny\u00e1t sajn\u00e1lom,mert a l\u00e1nya.<br \/>\nA zimberi-zombori sz\u00e9p asszony,j\u00f3 asszony,ladi-ladi-lom,s\u00e1rga liliom.<br \/>\n\u00c9n a vajd\u00e1t nem b\u00e1nom,csak a l\u00e1ny\u00e1t sajn\u00e1lom,mert a l\u00e1nya.<br \/>\nA zimberi-zombori sz\u00e9p asszony,j\u00f3 asszony,ladi-ladi-lom,s\u00e1rga liliom.<br \/>\nA cig\u00e1nyok s\u00e1tora,ladi-ladi-lom,s\u00e1rga liliom,<br \/>\nle\u00e9gett az \u00e9jszaka,ladi-ladi-lom,s\u00e1rga liliom.<br \/>\n\u00c9n a vajd\u00e1t nem b\u00e1nom,csak a l\u00e1ny\u00e1t sajn\u00e1lom,mert a l\u00e1nya.<br \/>\nA zimberi-zombori sz\u00e9p asszony,j\u00f3 asszony,ladi-ladi-lom,s\u00e1rga liliom.<br \/>\n\u00c9n a vajd\u00e1t nem b\u00e1nom,csak a l\u00e1ny\u00e1t sajn\u00e1lom,mert a l\u00e1nya.<br \/>\nA zimberi-zombori sz\u00e9p asszony,j\u00f3 asszony,ladi-ladi-lom,s\u00e1rga liliom.<br \/>\n&#8212;V\u00e9ge&#8212;<\/p>\n","protected":false},"featured_media":12989,"template":"","meta":{"site-sidebar-layout":"default","site-content-layout":"default","ast-site-content-layout":"default","site-content-style":"default","site-sidebar-style":"default","ast-global-header-display":"","ast-banner-title-visibility":"","ast-main-header-display":"","ast-hfb-above-header-display":"","ast-hfb-below-header-display":"","ast-hfb-mobile-header-display":"","site-post-title":"","ast-breadcrumbs-content":"","ast-featured-img":"","footer-sml-layout":"","theme-transparent-header-meta":"default","adv-header-id-meta":"","stick-header-meta":"","header-above-stick-meta":"","header-main-stick-meta":"","header-below-stick-meta":"","astra-migrate-meta-layouts":"set","ast-page-background-enabled":"default","ast-page-background-meta":{"desktop":{"background-color":"var(--ast-global-color-4)","background-image":"","background-repeat":"repeat","background-position":"center center","background-size":"auto","background-attachment":"scroll","background-type":"","background-media":"","overlay-type":"","overlay-color":"","overlay-opacity":"","overlay-gradient":""},"tablet":{"background-color":"","background-image":"","background-repeat":"repeat","background-position":"center center","background-size":"auto","background-attachment":"scroll","background-type":"","background-media":"","overlay-type":"","overlay-color":"","overlay-opacity":"","overlay-gradient":""},"mobile":{"background-color":"","background-image":"","background-repeat":"repeat","background-position":"center center","background-size":"auto","background-attachment":"scroll","background-type":"","background-media":"","overlay-type":"","overlay-color":"","overlay-opacity":"","overlay-gradient":""}},"ast-content-background-meta":{"desktop":{"background-color":"var(--ast-global-color-5)","background-image":"","background-repeat":"repeat","background-position":"center center","background-size":"auto","background-attachment":"scroll","background-type":"","background-media":"","overlay-type":"","overlay-color":"","overlay-opacity":"","overlay-gradient":""},"tablet":{"background-color":"var(--ast-global-color-5)","background-image":"","background-repeat":"repeat","background-position":"center center","background-size":"auto","background-attachment":"scroll","background-type":"","background-media":"","overlay-type":"","overlay-color":"","overlay-opacity":"","overlay-gradient":""},"mobile":{"background-color":"var(--ast-global-color-5)","background-image":"","background-repeat":"repeat","background-position":"center center","background-size":"auto","background-attachment":"scroll","background-type":"","background-media":"","overlay-type":"","overlay-color":"","overlay-opacity":"","overlay-gradient":""}}},"product_cat":[48],"product_tag":[],"class_list":["post-14702","product","type-product","status-publish","has-post-thumbnail","hentry","product_cat-sunkaraoke-dalok","desktop-align-left","tablet-align-left","mobile-align-left"],"_links":{"self":[{"href":"https:\/\/www.sunkaraoke.hu\/index.php\/wp-json\/wp\/v2\/product\/14702","targetHints":{"allow":["GET"]}}],"collection":[{"href":"https:\/\/www.sunkaraoke.hu\/index.php\/wp-json\/wp\/v2\/product"}],"about":[{"href":"https:\/\/www.sunkaraoke.hu\/index.php\/wp-json\/wp\/v2\/types\/product"}],"wp:featuredmedia":[{"embeddable":true,"href":"https:\/\/www.sunkaraoke.hu\/index.php\/wp-json\/wp\/v2\/media\/12989"}],"wp:attachment":[{"href":"https:\/\/www.sunkaraoke.hu\/index.php\/wp-json\/wp\/v2\/media?parent=14702"}],"wp:term":[{"taxonomy":"product_cat","embeddable":true,"href":"https:\/\/www.sunkaraoke.hu\/index.php\/wp-json\/wp\/v2\/product_cat?post=14702"},{"taxonomy":"product_tag","embeddable":true,"href":"https:\/\/www.sunkaraoke.hu\/index.php\/wp-json\/wp\/v2\/product_tag?post=14702"}],"curies":[{"name":"wp","href":"https:\/\/api.w.org\/{rel}","templated":true}]}}