{"id":14665,"date":"2025-01-01T11:12:51","date_gmt":"2025-01-01T11:12:51","guid":{"rendered":"https:\/\/www.sunkaraoke.hu\/?post_type=product&#038;p=14665"},"modified":"2025-01-01T11:15:21","modified_gmt":"2025-01-01T11:15:21","slug":"100-folk-celsius-ohio-2025-new","status":"publish","type":"product","link":"https:\/\/www.sunkaraoke.hu\/index.php\/termek\/100-folk-celsius-ohio-2025-new\/","title":{"rendered":"<div class=\"wcmp-player-container product-14665\"><audio controlslist=\"nodownload\" data-product=\"14665\"  volume=\"1\"  preload=\"none\" data-lazyloading=\"none\" class=\"wcmp-player track mejs-classic\" data-duration=\"0:31\" data-estimated_duration=\"4\"><source src=\"https:\/\/www.sunkaraoke.hu\/wp-content\/uploads\/2025\/01\/Ohio-2025.-New_demo.mp3\" type=\"audio\/mp3\" \/><\/audio><\/div>100 Folk Celsius: OHIO 2025. NEW"},"content":{"rendered":"<p><b>03:59<\/b>| <strong><img loading=\"lazy\" decoding=\"async\" class=\"alignnone size-full wp-image-467\" src=\"https:\/\/www.sunkaraoke.hu\/wp-content\/uploads\/2022\/07\/choir_2-copy.webp\" alt=\"\" width=\"30\" height=\"30\" \/> <\/strong><\/p>\n","protected":false},"excerpt":{"rendered":"<h5>Bits\u0171r\u0171s\u00e9g: 320 kb\/s<br \/>\nHossz: 03:59<br \/>\nVok\u00e1lt tartalmaz: Nem <img loading=\"lazy\" decoding=\"async\" class=\"alignnone size-full wp-image-467\" src=\"http:\/\/www.sunkaraoke.hu\/wp-content\/uploads\/2022\/07\/choir_2-copy.png\" alt=\"\" width=\"30\" height=\"30\" \/><\/h5>\n<p>Sunkaraoke mp3 st\u00fadi\u00f3 \/ www.sunkaraoke.hu \/ Inf: Tel: 06 20 4275001<\/p>\n<p>&#8212;Intr\u00f3&#8212;<br \/>\nMegk\u00e9rtem \u0151t, sz\u00e9p kedvesen,<br \/>\nj\u00f6jj\u00f6n velem, s\u00e9t\u00e1ljon velem.<br \/>\nV\u00e1r r\u00e1nk a part, h\u00edv a nagy foly\u00f3,<br \/>\ncsobban a v\u00edz, h\u00edv az Ohio!<br \/>\nMegmondtam \u00e9n, eny\u00e9m leszel,<br \/>\n\u00e9s t\u00f6bb\u00e9 m\u00e1r, senki nem \u00f6lel,<br \/>\nv\u00e1r r\u00e1nk a part, h\u00edv a nagy foly\u00f3,<br \/>\ncsobban a v\u00edz, h\u00edv az Ohio!<br \/>\n\u00c9s amint ott, \u00e1t\u00f6leltem,<br \/>\na k\u00e9semet, nekiszegeztem,<br \/>\nfelki\u00e1ltott, k\u00e9rlek ne \u00f6lj meg,<br \/>\na hal\u00e1lba, ne k\u00fcldj engemet!<br \/>\nMegmondtam \u00e9n, eny\u00e9m leszel,<br \/>\n\u00e9s t\u00f6bb\u00e9 m\u00e1r, senki nem \u00f6lel.<br \/>\nV\u00e1r r\u00e1nk a part, h\u00edv a nagy foly\u00f3,<br \/>\ncsobban a v\u00edz, h\u00edv az Ohio!<br \/>\n&#8212;Sz\u00f3l\u00f3&#8212;<br \/>\n\u00c9jf\u00e9l ut\u00e1n, mentem haza,<br \/>\njaj, mit tettem, \u00f3, \u00e9n ostoba.<br \/>\nMeg\u00f6ltem \u0151t, akit szerettem,<br \/>\nmert nem kellett, \u00f3 a szerelme!<br \/>\nMegmondtam \u00e9n, eny\u00e9m leszel,<br \/>\n\u00e9s t\u00f6bb\u00e9 m\u00e1r, senki nem \u00f6lel,<br \/>\nv\u00e1r r\u00e1nk a part, h\u00edv a nagy foly\u00f3,<br \/>\ncsobban a v\u00edz, h\u00edv az Ohio!<br \/>\nMegmondtam \u00e9n, eny\u00e9m leszel,<br \/>\n\u00e9s t\u00f6bb\u00e9 m\u00e1r, senki nem \u00f6lel,<br \/>\nv\u00e1r r\u00e1nk a part, h\u00edv a nagy foly\u00f3,<br \/>\ncsobban a v\u00edz, h\u00edv az Ohio!<br \/>\n&#8212;V\u00e9ge&#8212;<\/p>\n","protected":false},"featured_media":14668,"template":"","meta":{"site-sidebar-layout":"default","site-content-layout":"default","ast-site-content-layout":"default","site-content-style":"default","site-sidebar-style":"default","ast-global-header-display":"","ast-banner-title-visibility":"","ast-main-header-display":"","ast-hfb-above-header-display":"","ast-hfb-below-header-display":"","ast-hfb-mobile-header-display":"","site-post-title":"","ast-breadcrumbs-content":"","ast-featured-img":"","footer-sml-layout":"","theme-transparent-header-meta":"default","adv-header-id-meta":"","stick-header-meta":"","header-above-stick-meta":"","header-main-stick-meta":"","header-below-stick-meta":"","astra-migrate-meta-layouts":"set","ast-page-background-enabled":"default","ast-page-background-meta":{"desktop":{"background-color":"var(--ast-global-color-4)","background-image":"","background-repeat":"repeat","background-position":"center center","background-size":"auto","background-attachment":"scroll","background-type":"","background-media":"","overlay-type":"","overlay-color":"","overlay-opacity":"","overlay-gradient":""},"tablet":{"background-color":"","background-image":"","background-repeat":"repeat","background-position":"center center","background-size":"auto","background-attachment":"scroll","background-type":"","background-media":"","overlay-type":"","overlay-color":"","overlay-opacity":"","overlay-gradient":""},"mobile":{"background-color":"","background-image":"","background-repeat":"repeat","background-position":"center center","background-size":"auto","background-attachment":"scroll","background-type":"","background-media":"","overlay-type":"","overlay-color":"","overlay-opacity":"","overlay-gradient":""}},"ast-content-background-meta":{"desktop":{"background-color":"var(--ast-global-color-5)","background-image":"","background-repeat":"repeat","background-position":"center center","background-size":"auto","background-attachment":"scroll","background-type":"","background-media":"","overlay-type":"","overlay-color":"","overlay-opacity":"","overlay-gradient":""},"tablet":{"background-color":"var(--ast-global-color-5)","background-image":"","background-repeat":"repeat","background-position":"center center","background-size":"auto","background-attachment":"scroll","background-type":"","background-media":"","overlay-type":"","overlay-color":"","overlay-opacity":"","overlay-gradient":""},"mobile":{"background-color":"var(--ast-global-color-5)","background-image":"","background-repeat":"repeat","background-position":"center center","background-size":"auto","background-attachment":"scroll","background-type":"","background-media":"","overlay-type":"","overlay-color":"","overlay-opacity":"","overlay-gradient":""}}},"product_cat":[48],"product_tag":[],"class_list":["post-14665","product","type-product","status-publish","has-post-thumbnail","hentry","product_cat-sunkaraoke-dalok","desktop-align-left","tablet-align-left","mobile-align-left"],"_links":{"self":[{"href":"https:\/\/www.sunkaraoke.hu\/index.php\/wp-json\/wp\/v2\/product\/14665","targetHints":{"allow":["GET"]}}],"collection":[{"href":"https:\/\/www.sunkaraoke.hu\/index.php\/wp-json\/wp\/v2\/product"}],"about":[{"href":"https:\/\/www.sunkaraoke.hu\/index.php\/wp-json\/wp\/v2\/types\/product"}],"wp:featuredmedia":[{"embeddable":true,"href":"https:\/\/www.sunkaraoke.hu\/index.php\/wp-json\/wp\/v2\/media\/14668"}],"wp:attachment":[{"href":"https:\/\/www.sunkaraoke.hu\/index.php\/wp-json\/wp\/v2\/media?parent=14665"}],"wp:term":[{"taxonomy":"product_cat","embeddable":true,"href":"https:\/\/www.sunkaraoke.hu\/index.php\/wp-json\/wp\/v2\/product_cat?post=14665"},{"taxonomy":"product_tag","embeddable":true,"href":"https:\/\/www.sunkaraoke.hu\/index.php\/wp-json\/wp\/v2\/product_tag?post=14665"}],"curies":[{"name":"wp","href":"https:\/\/api.w.org\/{rel}","templated":true}]}}