{"id":14610,"date":"2024-12-18T10:39:30","date_gmt":"2024-12-18T10:39:30","guid":{"rendered":"https:\/\/www.sunkaraoke.hu\/?post_type=product&#038;p=14610"},"modified":"2025-11-14T19:21:51","modified_gmt":"2025-11-14T17:21:51","slug":"zambo-jimmy-szent-karacsony-2024-new","status":"publish","type":"product","link":"https:\/\/www.sunkaraoke.hu\/index.php\/termek\/zambo-jimmy-szent-karacsony-2024-new\/","title":{"rendered":"<div class=\"wcmp-player-container product-14610\"><audio controlslist=\"nodownload\" data-product=\"14610\"  volume=\"1\"  preload=\"none\" data-lazyloading=\"none\" class=\"wcmp-player track mejs-classic\" data-duration=\"0:32\" data-estimated_duration=\"4\"><source src=\"https:\/\/www.sunkaraoke.hu\/wp-content\/uploads\/2024\/12\/Szent-_demo-1.mp3\" type=\"audio\/mp3\" \/><\/audio><\/div>Z\u00e1mb\u00f3 Jimmy &#8211; Szent kar\u00e1csony NEW. ( PB Edition Cover)"},"content":{"rendered":"<p><strong>04:12<\/strong>\u00a0| <strong><img loading=\"lazy\" decoding=\"async\" class=\"alignnone size-full wp-image-467\" src=\"https:\/\/www.sunkaraoke.hu\/wp-content\/uploads\/2022\/07\/choir_2-copy.webp\" alt=\"\" width=\"30\" height=\"30\" \/> <\/strong><\/p>\n","protected":false},"excerpt":{"rendered":"<h6>Bits\u0171r\u0171s\u00e9g: 320 kb\/s<br \/>\nHossz: 04:12<br \/>\nVok\u00e1lt tartalmaz: Nem <img loading=\"lazy\" decoding=\"async\" class=\"alignnone size-full wp-image-467\" src=\"http:\/\/www.sunkaraoke.hu\/wp-content\/uploads\/2022\/07\/choir_2-copy.png\" alt=\"\" width=\"30\" height=\"30\" \/><strong style=\"font-size: 16px;\"><br \/>\n<\/strong><\/h6>\n<p>Sunkaraoke mp3 st\u00fadi\u00f3 \/ www.sunkaraoke.hu \/ Inf: Tel: 06 20 4275001<\/p>\n<p>&#8212;Intr\u00f3&#8212;<br \/>\nHarang sz\u00f3l, a kis faludban,<br \/>\nszent Kar\u00e1csony \u00e9jjel.<br \/>\nEgy\u00fctt van, az eg\u00e9sz csal\u00e1d,<br \/>\nsiess h\u00e1t, ne k\u00e9ss el.<br \/>\nHavas \u00faton, cseng a kis sz\u00e1n,<br \/>\nk\u00e9m\u00e9nyekb\u0151l,f\u0171st sz\u00e1ll.<br \/>\nV\u00e9gre te is, megpihenhetsz,<br \/>\na kar\u00e1csonyfa ott \u00e1ll.<br \/>\nGy\u00fajts\u00e1l, egy gyerty\u00e1t,<br \/>\nha lesz\u00e1ll a csendes \u00e9j.<br \/>\nMondj el egy im\u00e1t,<br \/>\na sok szeg\u00e9ny, ember\u00e9rt.<br \/>\nA szeretet \u00fcnnepe, hidd el,<br \/>\ncsak \u00edgy lesz sz\u00e9p,<br \/>\n\u00e1ld\u00e1s\u00e1t sz\u00f3rja r\u00e1, majd az \u00e9g.<br \/>\nGy\u00fajts\u00e1l, egy gyerty\u00e1t,<br \/>\nha lesz\u00e1ll, a csendes \u00e9j.<br \/>\nMondj el egy im\u00e1t,<br \/>\na sok szeg\u00e9ny, ember\u00e9rt.<br \/>\nA szeretet \u00fcnnepe,<br \/>\nhidd el csak, \u00edgy lesz sz\u00e9p.<br \/>\nB\u00e9ke hull r\u00e1d, kar\u00e1csony \u00e9jjel\u00e9n!<br \/>\n&#8212;Sz\u00f3l\u00f3&#8212;<br \/>\nHarang sz\u00f3l, a kis faludban,<br \/>\nszent Kar\u00e1csony \u00e9jjel.<br \/>\nEgy\u00fctt van, az eg\u00e9sz csal\u00e1d,<br \/>\nsiess h\u00e1t, ne k\u00e9ss el.<br \/>\nHavas \u00faton, cseng a kis sz\u00e1n,<br \/>\nk\u00e9m\u00e9nyekb\u0151l, f\u0171st sz\u00e1ll.<br \/>\nV\u00e9gre te is, megpihenhetsz,<br \/>\na kar\u00e1csonyfa ott \u00e1ll.<br \/>\nGy\u00fajts\u00e1l, egy gyerty\u00e1t,<br \/>\nha lesz\u00e1ll a csendes \u00e9j.<br \/>\nMondj el egy im\u00e1t,<br \/>\na sok szeg\u00e9ny, ember\u00e9rt.<br \/>\nA szeretet \u00fcnnepe,<br \/>\nhidd el, csak \u00edgy lesz sz\u00e9p,<br \/>\n\u00e1ld\u00e1s\u00e1t sz\u00f3rja r\u00e1, majd az \u00e9g.<br \/>\nGy\u00fajts\u00e1l, egy gyerty\u00e1t,<br \/>\nha lesz\u00e1ll, a csendes \u00e9j.<br \/>\nMondj el egy im\u00e1t,<br \/>\na sok szeg\u00e9ny, ember\u00e9rt.<br \/>\nA szeretet \u00fcnnepe,<br \/>\nhidd el csak, \u00edgy lesz sz\u00e9p.<br \/>\nB\u00e9ke hull r\u00e1d, kar\u00e1csony \u00e9jjel\u00e9n.<br \/>\n&#8212;V\u00e9ge&#8212;<\/p>\n","protected":false},"featured_media":9274,"template":"","meta":{"site-sidebar-layout":"default","site-content-layout":"default","ast-site-content-layout":"default","site-content-style":"default","site-sidebar-style":"default","ast-global-header-display":"","ast-banner-title-visibility":"","ast-main-header-display":"","ast-hfb-above-header-display":"","ast-hfb-below-header-display":"","ast-hfb-mobile-header-display":"","site-post-title":"","ast-breadcrumbs-content":"","ast-featured-img":"","footer-sml-layout":"","theme-transparent-header-meta":"default","adv-header-id-meta":"","stick-header-meta":"","header-above-stick-meta":"","header-main-stick-meta":"","header-below-stick-meta":"","astra-migrate-meta-layouts":"set","ast-page-background-enabled":"default","ast-page-background-meta":{"desktop":{"background-color":"var(--ast-global-color-4)","background-image":"","background-repeat":"repeat","background-position":"center center","background-size":"auto","background-attachment":"scroll","background-type":"","background-media":"","overlay-type":"","overlay-color":"","overlay-opacity":"","overlay-gradient":""},"tablet":{"background-color":"","background-image":"","background-repeat":"repeat","background-position":"center center","background-size":"auto","background-attachment":"scroll","background-type":"","background-media":"","overlay-type":"","overlay-color":"","overlay-opacity":"","overlay-gradient":""},"mobile":{"background-color":"","background-image":"","background-repeat":"repeat","background-position":"center center","background-size":"auto","background-attachment":"scroll","background-type":"","background-media":"","overlay-type":"","overlay-color":"","overlay-opacity":"","overlay-gradient":""}},"ast-content-background-meta":{"desktop":{"background-color":"var(--ast-global-color-5)","background-image":"","background-repeat":"repeat","background-position":"center center","background-size":"auto","background-attachment":"scroll","background-type":"","background-media":"","overlay-type":"","overlay-color":"","overlay-opacity":"","overlay-gradient":""},"tablet":{"background-color":"var(--ast-global-color-5)","background-image":"","background-repeat":"repeat","background-position":"center center","background-size":"auto","background-attachment":"scroll","background-type":"","background-media":"","overlay-type":"","overlay-color":"","overlay-opacity":"","overlay-gradient":""},"mobile":{"background-color":"var(--ast-global-color-5)","background-image":"","background-repeat":"repeat","background-position":"center center","background-size":"auto","background-attachment":"scroll","background-type":"","background-media":"","overlay-type":"","overlay-color":"","overlay-opacity":"","overlay-gradient":""}}},"product_cat":[48],"product_tag":[],"class_list":["post-14610","product","type-product","status-publish","has-post-thumbnail","hentry","product_cat-sunkaraoke-dalok","desktop-align-left","tablet-align-left","mobile-align-left"],"_links":{"self":[{"href":"https:\/\/www.sunkaraoke.hu\/index.php\/wp-json\/wp\/v2\/product\/14610","targetHints":{"allow":["GET"]}}],"collection":[{"href":"https:\/\/www.sunkaraoke.hu\/index.php\/wp-json\/wp\/v2\/product"}],"about":[{"href":"https:\/\/www.sunkaraoke.hu\/index.php\/wp-json\/wp\/v2\/types\/product"}],"wp:featuredmedia":[{"embeddable":true,"href":"https:\/\/www.sunkaraoke.hu\/index.php\/wp-json\/wp\/v2\/media\/9274"}],"wp:attachment":[{"href":"https:\/\/www.sunkaraoke.hu\/index.php\/wp-json\/wp\/v2\/media?parent=14610"}],"wp:term":[{"taxonomy":"product_cat","embeddable":true,"href":"https:\/\/www.sunkaraoke.hu\/index.php\/wp-json\/wp\/v2\/product_cat?post=14610"},{"taxonomy":"product_tag","embeddable":true,"href":"https:\/\/www.sunkaraoke.hu\/index.php\/wp-json\/wp\/v2\/product_tag?post=14610"}],"curies":[{"name":"wp","href":"https:\/\/api.w.org\/{rel}","templated":true}]}}