{"id":14598,"date":"2024-12-15T18:42:41","date_gmt":"2024-12-15T18:42:41","guid":{"rendered":"https:\/\/www.sunkaraoke.hu\/?post_type=product&#038;p=14598"},"modified":"2025-11-14T19:21:51","modified_gmt":"2025-11-14T17:21:51","slug":"balance-band-karacsony-van","status":"publish","type":"product","link":"https:\/\/www.sunkaraoke.hu\/index.php\/termek\/balance-band-karacsony-van\/","title":{"rendered":"<div class=\"wcmp-player-container product-14598\"><audio controlslist=\"nodownload\" data-product=\"14598\"  volume=\"1\"  preload=\"none\" data-lazyloading=\"none\" class=\"wcmp-player track mejs-classic\" data-duration=\"0:35\" data-estimated_duration=\"4\"><source src=\"https:\/\/www.sunkaraoke.hu\/wp-content\/uploads\/2024\/12\/Balance-Band-Karacsony-_demo-1.mp3\" type=\"audio\/mp3\" \/><\/audio><\/div>Balance Band: Kar\u00e1csony van"},"content":{"rendered":"<p><strong>02:46<\/strong>|<\/p>\n","protected":false},"excerpt":{"rendered":"<h6><strong>Bits\u0171r\u0171s\u00e9g: 320kb\/s<\/strong><\/h6>\n<h6><strong>Hossz: 02:46<\/strong><\/h6>\n<h6><strong>Vok\u00e1l: Igen\u00a0<\/strong><\/h6>\n<p>Sunkaraoke mp3 st\u00fadi\u00f3 \/ www.sunkaraoke.hu \/ Inf: Tel: 06 20 4275001<\/p>\n<p>&#8212;Intr\u00f3&#8212;<br \/>\nSokszor mondan\u00e1m, sokszor hallan\u00e1m,<br \/>\nhogy a sz\u00edv\u00fcnkre a boldogs\u00e1g tal\u00e1lt.<br \/>\nGyermek \u00e1lmaink, gyermek v\u00e1gyaink,<br \/>\nelk\u00eds\u00e9rnek az \u00e9let \u00fatjain.<br \/>\nKar\u00e1csony van amit minden ember v\u00e1rt,<br \/>\nma a sz\u00edv\u00fcnk is boldogabb tal\u00e1n,<br \/>\nne menj m\u00e9g, maradj m\u00e9g,<br \/>\nhadd legyen eny\u00e9m, az aj\u00e1nd\u00e9k,<br \/>\namit gyermek \u00e1lmunk k\u00e9rt.<br \/>\nKar\u00e1csony van amit minden ember v\u00e1rt,<br \/>\nma a sz\u00edv\u00fcnk is boldogabb tal\u00e1n,<br \/>\nne menj m\u00e9g, maradj m\u00e9g,<br \/>\nhadd legyen eny\u00e9m, az aj\u00e1nd\u00e9k,<br \/>\namit gyermek \u00e1lmunk k\u00e9rt.<br \/>\nMinden \u00e9vben v\u00e1r, egy aj\u00e1nd\u00e9k a f\u00e1n,<br \/>\nde a legszebb amit kaptam a gyermekeim tal\u00e1n.<br \/>\nAmikor boldogok az a j\u00f3,<br \/>\namikor \u00f6r\u00fclnek az a sz\u00e9p,<br \/>\nezt l\u00e1thatom kar\u00e1csony szent est\u00e9n.<br \/>\nKar\u00e1csony van amit minden ember v\u00e1rt,<br \/>\nma a sz\u00edv\u00fcnk is boldogabb tal\u00e1n,<br \/>\nne menj m\u00e9g, maradj m\u00e9g,<br \/>\nhadd legyen eny\u00e9m, az aj\u00e1nd\u00e9k,<br \/>\namit gyermek \u00e1lmunk k\u00e9rt.<br \/>\nKar\u00e1csony van amit minden ember v\u00e1rt,<br \/>\nma a sz\u00edv\u00fcnk is boldogabb tal\u00e1n,<br \/>\nne menj m\u00e9g, maradj m\u00e9g,<br \/>\nhadd legyen eny\u00e9m, az aj\u00e1nd\u00e9k,<br \/>\namit gyermek \u00e1lmunk k\u00e9rt.<br \/>\n&#8212;V\u00e9ge&#8212;<\/p>\n","protected":false},"featured_media":14602,"template":"","meta":{"site-sidebar-layout":"default","site-content-layout":"default","ast-site-content-layout":"default","site-content-style":"default","site-sidebar-style":"default","ast-global-header-display":"","ast-banner-title-visibility":"","ast-main-header-display":"","ast-hfb-above-header-display":"","ast-hfb-below-header-display":"","ast-hfb-mobile-header-display":"","site-post-title":"","ast-breadcrumbs-content":"","ast-featured-img":"","footer-sml-layout":"","theme-transparent-header-meta":"default","adv-header-id-meta":"","stick-header-meta":"","header-above-stick-meta":"","header-main-stick-meta":"","header-below-stick-meta":"","astra-migrate-meta-layouts":"set","ast-page-background-enabled":"default","ast-page-background-meta":{"desktop":{"background-color":"var(--ast-global-color-4)","background-image":"","background-repeat":"repeat","background-position":"center center","background-size":"auto","background-attachment":"scroll","background-type":"","background-media":"","overlay-type":"","overlay-color":"","overlay-opacity":"","overlay-gradient":""},"tablet":{"background-color":"","background-image":"","background-repeat":"repeat","background-position":"center center","background-size":"auto","background-attachment":"scroll","background-type":"","background-media":"","overlay-type":"","overlay-color":"","overlay-opacity":"","overlay-gradient":""},"mobile":{"background-color":"","background-image":"","background-repeat":"repeat","background-position":"center center","background-size":"auto","background-attachment":"scroll","background-type":"","background-media":"","overlay-type":"","overlay-color":"","overlay-opacity":"","overlay-gradient":""}},"ast-content-background-meta":{"desktop":{"background-color":"var(--ast-global-color-5)","background-image":"","background-repeat":"repeat","background-position":"center center","background-size":"auto","background-attachment":"scroll","background-type":"","background-media":"","overlay-type":"","overlay-color":"","overlay-opacity":"","overlay-gradient":""},"tablet":{"background-color":"var(--ast-global-color-5)","background-image":"","background-repeat":"repeat","background-position":"center center","background-size":"auto","background-attachment":"scroll","background-type":"","background-media":"","overlay-type":"","overlay-color":"","overlay-opacity":"","overlay-gradient":""},"mobile":{"background-color":"var(--ast-global-color-5)","background-image":"","background-repeat":"repeat","background-position":"center center","background-size":"auto","background-attachment":"scroll","background-type":"","background-media":"","overlay-type":"","overlay-color":"","overlay-opacity":"","overlay-gradient":""}}},"product_cat":[104],"product_tag":[],"class_list":["post-14598","product","type-product","status-publish","has-post-thumbnail","hentry","product_cat-balance-band","desktop-align-left","tablet-align-left","mobile-align-left"],"_links":{"self":[{"href":"https:\/\/www.sunkaraoke.hu\/index.php\/wp-json\/wp\/v2\/product\/14598","targetHints":{"allow":["GET"]}}],"collection":[{"href":"https:\/\/www.sunkaraoke.hu\/index.php\/wp-json\/wp\/v2\/product"}],"about":[{"href":"https:\/\/www.sunkaraoke.hu\/index.php\/wp-json\/wp\/v2\/types\/product"}],"wp:featuredmedia":[{"embeddable":true,"href":"https:\/\/www.sunkaraoke.hu\/index.php\/wp-json\/wp\/v2\/media\/14602"}],"wp:attachment":[{"href":"https:\/\/www.sunkaraoke.hu\/index.php\/wp-json\/wp\/v2\/media?parent=14598"}],"wp:term":[{"taxonomy":"product_cat","embeddable":true,"href":"https:\/\/www.sunkaraoke.hu\/index.php\/wp-json\/wp\/v2\/product_cat?post=14598"},{"taxonomy":"product_tag","embeddable":true,"href":"https:\/\/www.sunkaraoke.hu\/index.php\/wp-json\/wp\/v2\/product_tag?post=14598"}],"curies":[{"name":"wp","href":"https:\/\/api.w.org\/{rel}","templated":true}]}}