{"id":14587,"date":"2024-12-14T13:10:25","date_gmt":"2024-12-14T13:10:25","guid":{"rendered":"https:\/\/www.sunkaraoke.hu\/?post_type=product&#038;p=14587"},"modified":"2025-11-14T19:21:52","modified_gmt":"2025-11-14T17:21:52","slug":"laszlo-i-attila-fekete-szempar-2024-new","status":"publish","type":"product","link":"https:\/\/www.sunkaraoke.hu\/index.php\/termek\/laszlo-i-attila-fekete-szempar-2024-new\/","title":{"rendered":"<div class=\"wcmp-player-container product-14587\"><audio controlslist=\"nodownload\" data-product=\"14587\"  volume=\"1\"  preload=\"none\" data-lazyloading=\"none\" class=\"wcmp-player track mejs-classic\" data-duration=\"0:32\" data-estimated_duration=\"4\"><source src=\"https:\/\/www.sunkaraoke.hu\/wp-content\/uploads\/2024\/12\/Fekete-szempar-2024.-New_demo.mp3\" type=\"audio\/mp3\" \/><\/audio><\/div>L\u00e1szl\u00f3 I Attila : Fekete szemp\u00e1r 2024. NEW"},"content":{"rendered":"<p><strong>04:08<\/strong>| <strong><img loading=\"lazy\" decoding=\"async\" class=\"alignnone size-full wp-image-467\" src=\"https:\/\/www.sunkaraoke.hu\/wp-content\/uploads\/2022\/07\/choir_2-copy.webp\" alt=\"\" width=\"30\" height=\"30\" \/> <\/strong><\/p>\n","protected":false},"excerpt":{"rendered":"<h6><strong>Bits\u0171r\u0171s\u00e9g: 320kb\/s<\/strong><\/h6>\n<h6><strong>Hossz: 04:08<\/strong><\/h6>\n<h6><strong>Vok\u00e1l: Nem <img loading=\"lazy\" decoding=\"async\" class=\"alignnone size-full wp-image-467\" src=\"http:\/\/www.sunkaraoke.hu\/wp-content\/uploads\/2022\/07\/choir_2-copy.png\" alt=\"\" width=\"30\" height=\"30\" \/><\/strong><\/h6>\n<p>Sunkaraoke mp3 st\u00fadi\u00f3 \/ www.sunkaraoke.hu \/ Inf: Tel: 06 20 4275001<\/p>\n<p>&#8212;Intr\u00f3&#8212;<br \/>\nFekete szemp\u00e1r, szeress bel\u00e9m,<br \/>\na k\u00e9k szemekbe, csal\u00f3dtam \u00e9n,<br \/>\nfekete szemp\u00e1r, ti\u00e9d vagyok,<br \/>\nezt suttogj\u00e1k fent, a csillagok!<br \/>\nFekete szemp\u00e1r, szeress bel\u00e9m,<br \/>\na k\u00e9k szemekbe, csal\u00f3dtam \u00e9n,<br \/>\nfekete szemp\u00e1r, ti\u00e9d vagyok,<br \/>\nezt suttogj\u00e1k fent a csillagok!<br \/>\nVolt egy sz\u0151ke kisl\u00e1ny,a szeme mint az \u00e9g,<br \/>\nha r\u00e1d tekint \u00fagy megbabon\u00e1z.<br \/>\n\u00c1tvirrasztott \u00e9jszak\u00e1kon v\u00e1rtam,<br \/>\nkider\u00fclt hogy k\u00e9sz duma sz\u00ednh\u00e1z.<br \/>\nHittem benne v\u00e9gig, ettem sz\u00e9p szav\u00e1t,<br \/>\nvele voltam n\u00e9h\u00e1ny \u00e9jszak\u00e1t.<br \/>\nEgy hajnal el\u0151tt hirtelen csak elt\u0171nt,<br \/>\n\u00fcres lett a kisszob\u00e1m.<br \/>\nFekete szemp\u00e1r, szeress bel\u00e9m,<br \/>\na k\u00e9k szemekbe csal\u00f3dtam \u00e9n,<br \/>\nfekete szemp\u00e1r, ti\u00e9d vagyok,<br \/>\nezt suttogj\u00e1k fent, a csillagok!<br \/>\nFekete szemp\u00e1r, szeress bel\u00e9m,<br \/>\na k\u00e9k szemekbe csal\u00f3dtam \u00e9n,<br \/>\nfekete szemp\u00e1r, ti\u00e9d vagyok,<br \/>\nezt suttogj\u00e1k fent, a csillagok!<br \/>\n&#8212;Sz\u00f3l\u00f3&#8212;<br \/>\nFekete szemp\u00e1r, szeress bel\u00e9m,<br \/>\na k\u00e9k szemekbe csal\u00f3dtam \u00e9n,<br \/>\nfekete szemp\u00e1r, ti\u00e9d vagyok,<br \/>\nezt suttogj\u00e1k fent, a csillagok!<br \/>\nFekete szemp\u00e1r, szeress bel\u00e9m,<br \/>\na k\u00e9k szemekbe csal\u00f3dtam \u00e9n,<br \/>\nfekete szemp\u00e1r, ti\u00e9d vagyok,<br \/>\nezt suttogj\u00e1k fent, a csillagok!<br \/>\n&#8212;V\u00e9ge&#8212;<\/p>\n","protected":false},"featured_media":14588,"template":"","meta":{"site-sidebar-layout":"default","site-content-layout":"default","ast-site-content-layout":"default","site-content-style":"default","site-sidebar-style":"default","ast-global-header-display":"","ast-banner-title-visibility":"","ast-main-header-display":"","ast-hfb-above-header-display":"","ast-hfb-below-header-display":"","ast-hfb-mobile-header-display":"","site-post-title":"","ast-breadcrumbs-content":"","ast-featured-img":"","footer-sml-layout":"","theme-transparent-header-meta":"default","adv-header-id-meta":"","stick-header-meta":"","header-above-stick-meta":"","header-main-stick-meta":"","header-below-stick-meta":"","astra-migrate-meta-layouts":"set","ast-page-background-enabled":"default","ast-page-background-meta":{"desktop":{"background-color":"var(--ast-global-color-4)","background-image":"","background-repeat":"repeat","background-position":"center center","background-size":"auto","background-attachment":"scroll","background-type":"","background-media":"","overlay-type":"","overlay-color":"","overlay-opacity":"","overlay-gradient":""},"tablet":{"background-color":"","background-image":"","background-repeat":"repeat","background-position":"center center","background-size":"auto","background-attachment":"scroll","background-type":"","background-media":"","overlay-type":"","overlay-color":"","overlay-opacity":"","overlay-gradient":""},"mobile":{"background-color":"","background-image":"","background-repeat":"repeat","background-position":"center center","background-size":"auto","background-attachment":"scroll","background-type":"","background-media":"","overlay-type":"","overlay-color":"","overlay-opacity":"","overlay-gradient":""}},"ast-content-background-meta":{"desktop":{"background-color":"var(--ast-global-color-5)","background-image":"","background-repeat":"repeat","background-position":"center center","background-size":"auto","background-attachment":"scroll","background-type":"","background-media":"","overlay-type":"","overlay-color":"","overlay-opacity":"","overlay-gradient":""},"tablet":{"background-color":"var(--ast-global-color-5)","background-image":"","background-repeat":"repeat","background-position":"center center","background-size":"auto","background-attachment":"scroll","background-type":"","background-media":"","overlay-type":"","overlay-color":"","overlay-opacity":"","overlay-gradient":""},"mobile":{"background-color":"var(--ast-global-color-5)","background-image":"","background-repeat":"repeat","background-position":"center center","background-size":"auto","background-attachment":"scroll","background-type":"","background-media":"","overlay-type":"","overlay-color":"","overlay-opacity":"","overlay-gradient":""}}},"product_cat":[48],"product_tag":[],"class_list":["post-14587","product","type-product","status-publish","has-post-thumbnail","hentry","product_cat-sunkaraoke-dalok","desktop-align-left","tablet-align-left","mobile-align-left"],"_links":{"self":[{"href":"https:\/\/www.sunkaraoke.hu\/index.php\/wp-json\/wp\/v2\/product\/14587","targetHints":{"allow":["GET"]}}],"collection":[{"href":"https:\/\/www.sunkaraoke.hu\/index.php\/wp-json\/wp\/v2\/product"}],"about":[{"href":"https:\/\/www.sunkaraoke.hu\/index.php\/wp-json\/wp\/v2\/types\/product"}],"wp:featuredmedia":[{"embeddable":true,"href":"https:\/\/www.sunkaraoke.hu\/index.php\/wp-json\/wp\/v2\/media\/14588"}],"wp:attachment":[{"href":"https:\/\/www.sunkaraoke.hu\/index.php\/wp-json\/wp\/v2\/media?parent=14587"}],"wp:term":[{"taxonomy":"product_cat","embeddable":true,"href":"https:\/\/www.sunkaraoke.hu\/index.php\/wp-json\/wp\/v2\/product_cat?post=14587"},{"taxonomy":"product_tag","embeddable":true,"href":"https:\/\/www.sunkaraoke.hu\/index.php\/wp-json\/wp\/v2\/product_tag?post=14587"}],"curies":[{"name":"wp","href":"https:\/\/api.w.org\/{rel}","templated":true}]}}