{"id":14567,"date":"2024-12-12T16:02:57","date_gmt":"2024-12-12T16:02:57","guid":{"rendered":"https:\/\/www.sunkaraoke.hu\/?post_type=product&#038;p=14567"},"modified":"2024-12-12T16:04:51","modified_gmt":"2024-12-12T16:04:51","slug":"dondi-duo-szeretni-valakit-valamiert-2024-new","status":"publish","type":"product","link":"https:\/\/www.sunkaraoke.hu\/index.php\/termek\/dondi-duo-szeretni-valakit-valamiert-2024-new\/","title":{"rendered":"<div class=\"wcmp-player-container product-14567\"><audio controlslist=\"nodownload\" data-product=\"14567\"  volume=\"1\"  preload=\"none\" data-lazyloading=\"none\" class=\"wcmp-player track mejs-classic\" data-duration=\"0:33\" data-estimated_duration=\"4\"><source src=\"https:\/\/www.sunkaraoke.hu\/wp-content\/uploads\/2024\/12\/Szeretni-valakit-2024.-NEW-_demo.mp3\" type=\"audio\/mp3\" \/><\/audio><\/div>D\u00f6ndi Du\u00f3 : Szeretni valakit valami\u00e9rt 2024. NEW."},"content":{"rendered":"<p><strong>03:28<\/strong>| <strong><img loading=\"lazy\" decoding=\"async\" class=\"alignnone size-full wp-image-467\" src=\"https:\/\/www.sunkaraoke.hu\/wp-content\/uploads\/2022\/07\/choir_2-copy.webp\" alt=\"\" width=\"30\" height=\"30\" \/> <\/strong><\/p>\n","protected":false},"excerpt":{"rendered":"<h6><strong>Bits\u0171r\u0171s\u00e9g: 320kb\/s<\/strong><\/h6>\n<h6><strong>Hossz: 03:28<\/strong><\/h6>\n<h6><strong>Vok\u00e1l: Nem <img loading=\"lazy\" decoding=\"async\" class=\"alignnone size-full wp-image-467\" src=\"http:\/\/www.sunkaraoke.hu\/wp-content\/uploads\/2022\/07\/choir_2-copy.png\" alt=\"\" width=\"30\" height=\"30\" \/><\/strong><\/h6>\n<p>Sunkaraoke mp3 st\u00fadi\u00f3 \/ www.sunkaraoke.hu \/ Inf: Tel: 06 20 4275001<\/p>\n<p>&#8212;Intr\u00f3&#8211;<br \/>\nHossz\u00fa az \u00fat m\u00edg, a kezem a kezedhez \u00e9r,<br \/>\nszeretni valakit valami\u00e9rt.<br \/>\nNe tudja senki, ne \u00e9rtse senki, hogy m\u00e9rt,<br \/>\nszeretni valakit valami\u00e9rt.<br \/>\nEzer \u00e9leten, \u00e9s ezer bajon \u00e1t,<br \/>\nszeretni valakit valami\u00e9rt.<br \/>\nAkkor is, hogyha nem lehet, hogyha f\u00e1j,<br \/>\nszeretni valakit valami\u00e9rt.<br \/>\nFenn az \u00e9g, s lenn a F\u00f6ld,<br \/>\n\u00e1lmodunk s fel\u00e9bred\u00fcnk.<br \/>\nMinden \u00fat k\u00f6rbe fut, b\u00e9ke van,<br \/>\nfelejts el minden h\u00e1bor\u00fat.<br \/>\nEsik a h\u00f3 \u00e9s, szemembe f\u00faj a sz\u00e9l,<br \/>\nszeretni valakit valami\u00e9rt.<br \/>\n\u00c9g a gyertya \u00e9g, el ne aludj\u00e9k,<br \/>\nszeretni valakit valami\u00e9rt.<br \/>\nEzer \u00e9leten, \u00e9s ezer bajon \u00e1t,<br \/>\nszeretni valakit valami\u00e9rt.<br \/>\nAkkor is, hogyha nem lehet, hogyha f\u00e1j,<br \/>\nszeretni valakit valami\u00e9rt.<br \/>\nFenn az \u00e9g , s lenn a F\u00f6ld,<br \/>\n\u00e1lmodunk s fel\u00e9bred\u00fcnk.<br \/>\nMinden \u00fat k\u00f6rbe fut,<br \/>\nb\u00e9ke van, felejts el minden h\u00e1bor\u00fat,<br \/>\n&#8212;Sz\u00f3l\u00f3&#8211;<br \/>\nHossz\u00fa az \u00fat m\u00edg, a kezem a kezedhez \u00e9r,<br \/>\nszeretni valakit valami\u00e9rt.<br \/>\nNe tudja senki, ne \u00e9rtse senki, hogy m\u00e9rt,<br \/>\nszeretni valakit valami\u00e9rt.<br \/>\nEzer \u00e9leten, \u00e9s ezer bajon \u00e1t,<br \/>\nszeretni valakit valami\u00e9rt.<br \/>\nAkkor is, hogyha nem lehet, hogyha f\u00e1j,<br \/>\nszeretni valakit valami\u00e9rt.<br \/>\nFenn az \u00e9g, s lenn a F\u00f6ld,<br \/>\n\u00e1lmodunk s fel\u00e9bred\u00fcnk.<br \/>\nMinden \u00fat k\u00f6rbe fut, b\u00e9ke van,<br \/>\nfelejts el minden h\u00e1bor\u00fat.<br \/>\n&#8212;V\u00e9ge&#8212;<\/p>\n","protected":false},"featured_media":12239,"template":"","meta":{"site-sidebar-layout":"default","site-content-layout":"default","ast-site-content-layout":"default","site-content-style":"default","site-sidebar-style":"default","ast-global-header-display":"","ast-banner-title-visibility":"","ast-main-header-display":"","ast-hfb-above-header-display":"","ast-hfb-below-header-display":"","ast-hfb-mobile-header-display":"","site-post-title":"","ast-breadcrumbs-content":"","ast-featured-img":"","footer-sml-layout":"","theme-transparent-header-meta":"default","adv-header-id-meta":"","stick-header-meta":"","header-above-stick-meta":"","header-main-stick-meta":"","header-below-stick-meta":"","astra-migrate-meta-layouts":"set","ast-page-background-enabled":"default","ast-page-background-meta":{"desktop":{"background-color":"var(--ast-global-color-4)","background-image":"","background-repeat":"repeat","background-position":"center center","background-size":"auto","background-attachment":"scroll","background-type":"","background-media":"","overlay-type":"","overlay-color":"","overlay-opacity":"","overlay-gradient":""},"tablet":{"background-color":"","background-image":"","background-repeat":"repeat","background-position":"center center","background-size":"auto","background-attachment":"scroll","background-type":"","background-media":"","overlay-type":"","overlay-color":"","overlay-opacity":"","overlay-gradient":""},"mobile":{"background-color":"","background-image":"","background-repeat":"repeat","background-position":"center center","background-size":"auto","background-attachment":"scroll","background-type":"","background-media":"","overlay-type":"","overlay-color":"","overlay-opacity":"","overlay-gradient":""}},"ast-content-background-meta":{"desktop":{"background-color":"var(--ast-global-color-5)","background-image":"","background-repeat":"repeat","background-position":"center center","background-size":"auto","background-attachment":"scroll","background-type":"","background-media":"","overlay-type":"","overlay-color":"","overlay-opacity":"","overlay-gradient":""},"tablet":{"background-color":"var(--ast-global-color-5)","background-image":"","background-repeat":"repeat","background-position":"center center","background-size":"auto","background-attachment":"scroll","background-type":"","background-media":"","overlay-type":"","overlay-color":"","overlay-opacity":"","overlay-gradient":""},"mobile":{"background-color":"var(--ast-global-color-5)","background-image":"","background-repeat":"repeat","background-position":"center center","background-size":"auto","background-attachment":"scroll","background-type":"","background-media":"","overlay-type":"","overlay-color":"","overlay-opacity":"","overlay-gradient":""}}},"product_cat":[48],"product_tag":[],"class_list":["post-14567","product","type-product","status-publish","has-post-thumbnail","hentry","product_cat-sunkaraoke-dalok","desktop-align-left","tablet-align-left","mobile-align-left"],"_links":{"self":[{"href":"https:\/\/www.sunkaraoke.hu\/index.php\/wp-json\/wp\/v2\/product\/14567","targetHints":{"allow":["GET"]}}],"collection":[{"href":"https:\/\/www.sunkaraoke.hu\/index.php\/wp-json\/wp\/v2\/product"}],"about":[{"href":"https:\/\/www.sunkaraoke.hu\/index.php\/wp-json\/wp\/v2\/types\/product"}],"wp:featuredmedia":[{"embeddable":true,"href":"https:\/\/www.sunkaraoke.hu\/index.php\/wp-json\/wp\/v2\/media\/12239"}],"wp:attachment":[{"href":"https:\/\/www.sunkaraoke.hu\/index.php\/wp-json\/wp\/v2\/media?parent=14567"}],"wp:term":[{"taxonomy":"product_cat","embeddable":true,"href":"https:\/\/www.sunkaraoke.hu\/index.php\/wp-json\/wp\/v2\/product_cat?post=14567"},{"taxonomy":"product_tag","embeddable":true,"href":"https:\/\/www.sunkaraoke.hu\/index.php\/wp-json\/wp\/v2\/product_tag?post=14567"}],"curies":[{"name":"wp","href":"https:\/\/api.w.org\/{rel}","templated":true}]}}