{"id":14552,"date":"2024-12-11T06:40:30","date_gmt":"2024-12-11T06:40:30","guid":{"rendered":"https:\/\/www.sunkaraoke.hu\/?post_type=product&#038;p=14552"},"modified":"2024-12-11T06:50:22","modified_gmt":"2024-12-11T06:50:22","slug":"gitano-x-zsuli-gyere-kicsi-lany-2024-new","status":"publish","type":"product","link":"https:\/\/www.sunkaraoke.hu\/index.php\/termek\/gitano-x-zsuli-gyere-kicsi-lany-2024-new\/","title":{"rendered":"<div class=\"wcmp-player-container product-14552\"><audio controlslist=\"nodownload\" data-product=\"14552\"  volume=\"1\"  preload=\"none\" data-lazyloading=\"none\" class=\"wcmp-player track mejs-classic\" data-duration=\"0:34\" data-estimated_duration=\"4\"><source src=\"https:\/\/www.sunkaraoke.hu\/wp-content\/uploads\/2024\/12\/Gyere-kicsi-lany-2024_demo.mp3\" type=\"audio\/mp3\" \/><\/audio><\/div>Gitano X Zs\u00fcli :  Gyere kicsi l\u00e1ny 2024. NEW"},"content":{"rendered":"<p><strong>03:49<\/strong>\/\u00a0<strong><img loading=\"lazy\" decoding=\"async\" class=\"alignnone size-full wp-image-466\" src=\"https:\/\/www.sunkaraoke.hu\/wp-content\/uploads\/2022\/07\/choir_1-copy.webp\" alt=\"\" width=\"30\" height=\"30\" \/>\u00a0 \/ <img decoding=\"async\" src=\"https:\/\/www.sunkaraoke.hu\/wp-content\/uploads\/2024\/01\/transzponalas.webp\" \/>\u00a0<\/strong><\/p>\n","protected":false},"excerpt":{"rendered":"<h5><strong>Bits\u0171r\u0171s\u00e9g: 320 kb\/s<\/strong><br \/>\n<strong>Hossz: 03:49<\/strong><br \/>\n<strong>Vok\u00e1lt tartalmaz: Nem<\/strong><\/h5>\n<p>&nbsp;<\/p>\n<p>Sunkaraoke mp3 st\u00fadi\u00f3 \/ www.sunkaraoke.hu \/ Inf: Tel: 06 20 4275001<\/p>\n<p>&#8212;Intr\u00f3&#8212;<br \/>\nAmikor megl\u00e1ttam a l\u00e1nyt, a l\u00e1nyt&#8230;<br \/>\n\u00e9n egyb\u0151l \u00e9reztem hogy engem v\u00e1r,<br \/>\nmert ilyen a sz\u00edv, mikor t\u00e9ged l\u00e1t,<br \/>\ncsak \u00f6ssze vissza kalimp\u00e1l.<br \/>\nElindult\u00e1l \u00e9s mondtam v\u00e1rj, v\u00e1rj, v\u00e1rj,<br \/>\nv\u00e1rj meg kisl\u00e1ny, egy kicsit v\u00e1rj!<br \/>\nMert itt ez a sz\u00edv, ami \u00e9rted f\u00e1j,<br \/>\nmeggy\u00f3gyulna ha maradn\u00e1l.<br \/>\nH\u00e1t gyere kicsi l\u00e1ny,<br \/>\nmeggy\u00f3gy\u00edthatn\u00e1d m\u00e1r,<br \/>\na sz\u00edvem, hisz nincsen,<br \/>\nrajtad k\u00edv\u00fcl m\u00e1s,<br \/>\nh\u00e1t add a kicsi sz\u00e1d,<br \/>\nh\u00e1t gyere ide cs\u00f3kolj m\u00e1r!<br \/>\nH\u00e1t gyere kicsi l\u00e1ny,<br \/>\nmeggy\u00f3gy\u00edthatn\u00e1d m\u00e1r,<br \/>\na sz\u00edvem, hisz nincsen,<br \/>\nrajtad k\u00edv\u00fcl m\u00e1s,<br \/>\nh\u00e1t add a kicsi sz\u00e1d,<br \/>\nh\u00e1t gyere ide cs\u00f3kolj m\u00e1r!<br \/>\n&#8212;Sz\u00f3l\u00f3&#8212;<br \/>\nT\u00e1ncoltunk egyet \u00e9s azt\u00e1n,<br \/>\nazt\u00e1n kettesben voltunk a tengerpartj\u00e1n.<br \/>\nDe rem\u00e9lem azt te is \u00e9rzed m\u00e1r,<br \/>\nhogy mi vagyunk az \u00e1lomp\u00e1r.<br \/>\nDe te, elindult\u00e1l \u00e9s mondtam v\u00e1rj, v\u00e1rj, v\u00e1rj,<br \/>\nv\u00e1rj meg kisl\u00e1ny, egy kicsit v\u00e1rj !<br \/>\nMert itt ez a sz\u00edv ami \u00e9rted f\u00e1j,<br \/>\nmeggy\u00f3gyulna ha maradn\u00e1l.<br \/>\nH\u00e1t gyere kicsi l\u00e1ny,<br \/>\nmeggy\u00f3gy\u00edthatn\u00e1d m\u00e1r,<br \/>\na sz\u00edvem, hisz nincsen,<br \/>\nrajtad k\u00edv\u00fcl m\u00e1s,<br \/>\nh\u00e1t add a kicsi sz\u00e1d,<br \/>\nh\u00e1t gyere ide cs\u00f3kolj m\u00e1r!<br \/>\nH\u00e1t gyere kicsi l\u00e1ny,<br \/>\nmeggy\u00f3gy\u00edthatn\u00e1d m\u00e1r,<br \/>\na sz\u00edvem, hisz nincsen,<br \/>\nrajtad k\u00edv\u00fcl m\u00e1s,<br \/>\nh\u00e1t add a kicsi sz\u00e1d,<br \/>\nh\u00e1t gyere ide cs\u00f3kolj m\u00e1r!<br \/>\n&#8212;Sz\u00f3l\u00f3&#8212;<br \/>\nH\u00e1t gyere kicsi l\u00e1ny,<br \/>\nmeggy\u00f3gy\u00edthatn\u00e1d m\u00e1r,<br \/>\na sz\u00edvem, hisz nincsen,<br \/>\nrajtad k\u00edv\u00fcl m\u00e1s,<br \/>\nh\u00e1t add a kicsi sz\u00e1d,<br \/>\nh\u00e1t gyere ide cs\u00f3kolj m\u00e1r!<br \/>\nH\u00e1t gyere kicsi l\u00e1ny,<br \/>\nmeggy\u00f3gy\u00edthatn\u00e1d m\u00e1r,<br \/>\na sz\u00edvem, hisz nincsen,<br \/>\nrajtad k\u00edv\u00fcl m\u00e1s,<br \/>\nh\u00e1t add a kicsi sz\u00e1d,<br \/>\nh\u00e1t gyere ide cs\u00f3kolj m\u00e1r!<br \/>\n&#8212;V\u00e9ge&#8211;<\/p>\n<p>&nbsp;<\/p>\n","protected":false},"featured_media":14555,"template":"","meta":{"site-sidebar-layout":"default","site-content-layout":"default","ast-site-content-layout":"default","site-content-style":"default","site-sidebar-style":"default","ast-global-header-display":"","ast-banner-title-visibility":"","ast-main-header-display":"","ast-hfb-above-header-display":"","ast-hfb-below-header-display":"","ast-hfb-mobile-header-display":"","site-post-title":"","ast-breadcrumbs-content":"","ast-featured-img":"","footer-sml-layout":"","theme-transparent-header-meta":"default","adv-header-id-meta":"","stick-header-meta":"","header-above-stick-meta":"","header-main-stick-meta":"","header-below-stick-meta":"","astra-migrate-meta-layouts":"set","ast-page-background-enabled":"default","ast-page-background-meta":{"desktop":{"background-color":"var(--ast-global-color-4)","background-image":"","background-repeat":"repeat","background-position":"center center","background-size":"auto","background-attachment":"scroll","background-type":"","background-media":"","overlay-type":"","overlay-color":"","overlay-opacity":"","overlay-gradient":""},"tablet":{"background-color":"","background-image":"","background-repeat":"repeat","background-position":"center center","background-size":"auto","background-attachment":"scroll","background-type":"","background-media":"","overlay-type":"","overlay-color":"","overlay-opacity":"","overlay-gradient":""},"mobile":{"background-color":"","background-image":"","background-repeat":"repeat","background-position":"center center","background-size":"auto","background-attachment":"scroll","background-type":"","background-media":"","overlay-type":"","overlay-color":"","overlay-opacity":"","overlay-gradient":""}},"ast-content-background-meta":{"desktop":{"background-color":"var(--ast-global-color-5)","background-image":"","background-repeat":"repeat","background-position":"center center","background-size":"auto","background-attachment":"scroll","background-type":"","background-media":"","overlay-type":"","overlay-color":"","overlay-opacity":"","overlay-gradient":""},"tablet":{"background-color":"var(--ast-global-color-5)","background-image":"","background-repeat":"repeat","background-position":"center center","background-size":"auto","background-attachment":"scroll","background-type":"","background-media":"","overlay-type":"","overlay-color":"","overlay-opacity":"","overlay-gradient":""},"mobile":{"background-color":"var(--ast-global-color-5)","background-image":"","background-repeat":"repeat","background-position":"center center","background-size":"auto","background-attachment":"scroll","background-type":"","background-media":"","overlay-type":"","overlay-color":"","overlay-opacity":"","overlay-gradient":""}}},"product_cat":[48],"product_tag":[],"class_list":["post-14552","product","type-product","status-publish","has-post-thumbnail","hentry","product_cat-sunkaraoke-dalok","desktop-align-left","tablet-align-left","mobile-align-left"],"_links":{"self":[{"href":"https:\/\/www.sunkaraoke.hu\/index.php\/wp-json\/wp\/v2\/product\/14552","targetHints":{"allow":["GET"]}}],"collection":[{"href":"https:\/\/www.sunkaraoke.hu\/index.php\/wp-json\/wp\/v2\/product"}],"about":[{"href":"https:\/\/www.sunkaraoke.hu\/index.php\/wp-json\/wp\/v2\/types\/product"}],"wp:featuredmedia":[{"embeddable":true,"href":"https:\/\/www.sunkaraoke.hu\/index.php\/wp-json\/wp\/v2\/media\/14555"}],"wp:attachment":[{"href":"https:\/\/www.sunkaraoke.hu\/index.php\/wp-json\/wp\/v2\/media?parent=14552"}],"wp:term":[{"taxonomy":"product_cat","embeddable":true,"href":"https:\/\/www.sunkaraoke.hu\/index.php\/wp-json\/wp\/v2\/product_cat?post=14552"},{"taxonomy":"product_tag","embeddable":true,"href":"https:\/\/www.sunkaraoke.hu\/index.php\/wp-json\/wp\/v2\/product_tag?post=14552"}],"curies":[{"name":"wp","href":"https:\/\/api.w.org\/{rel}","templated":true}]}}