{"id":14517,"date":"2024-12-05T15:10:53","date_gmt":"2024-12-05T15:10:53","guid":{"rendered":"https:\/\/www.sunkaraoke.hu\/?post_type=product&#038;p=14517"},"modified":"2025-04-04T20:02:55","modified_gmt":"2025-04-04T20:02:55","slug":"didi-lamour-huzzad-cigany-a-notat-a-fulembe","status":"publish","type":"product","link":"https:\/\/www.sunkaraoke.hu\/index.php\/termek\/didi-lamour-huzzad-cigany-a-notat-a-fulembe\/","title":{"rendered":"<div class=\"wcmp-player-container product-14517\"><audio controlslist=\"nodownload\" data-product=\"14517\"  volume=\"1\"  preload=\"none\" data-lazyloading=\"none\" class=\"wcmp-player track mejs-classic\" data-duration=\"0:31\" data-estimated_duration=\"4\"><source src=\"https:\/\/www.sunkaraoke.hu\/wp-content\/uploads\/2024\/12\/Huzzad-cigany-a-notat_demo.mp3\" type=\"audio\/mp3\" \/><\/audio><\/div>Didi Lamour -H\u00fazzad cig\u00e1ny a n\u00f3t\u00e1t a f\u00fclembe  (Original)"},"content":{"rendered":"<p><strong>03:32 <\/strong>\/\u00a0<strong>\u00a0<\/strong><\/p>\n","protected":false},"excerpt":{"rendered":"<h6><strong>Bits\u0171r\u0171s\u00e9g: 320 kb\/s<\/strong><br \/>\n<strong>Hossz: 03:32<\/strong><br \/>\n<strong>Vok\u00e1lt tartalmaz: Igen \u00a0<\/strong><strong style=\"font-size: 16px;\"><br \/>\n<\/strong><\/h6>\n<p>Sunkaraoke mp3 st\u00fadi\u00f3 \/ www.sunkaraoke.hu \/ Inf: Tel: 06 20 4275001<\/p>\n<p>&#8212;Intr\u00f3&#8212;<br \/>\nHej de pezsg\u0151t bontok \u00fagy mulatok,<br \/>\naz asztalon t\u00e1ncolok.<br \/>\nVerje devla j\u00f3 a kedvem,<br \/>\nnem sz\u00e1m\u00edt a p\u00e9nz nekem.<br \/>\nH\u00fazzad cig\u00e1ny a n\u00f3t\u00e1t a f\u00fclembe,<br \/>\nvan l\u00f3v\u00e9 a zsebembe,<br \/>\nt\u00e1ncol velem a fekete bab\u00e1m,<br \/>\n\u0150 a legszebb suk\u00e1r roma l\u00e1ny.<br \/>\nH\u00fazzad cig\u00e1ny a n\u00f3t\u00e1t a f\u00fclembe,<br \/>\nvan l\u00f3v\u00e9 a zsebembe,<br \/>\nt\u00e1ncol velem a fekete bab\u00e1m,<br \/>\n\u0150 a legszebb suk\u00e1r roma l\u00e1ny.<br \/>\nMindenkinek \u00e9n fizetek, de sok l\u00f3v\u00e9t elverek,<br \/>\nj\u00f3 a kedvem mit se b\u00e1nom,<br \/>\n\u00edgy is szeret a p\u00e1rom.<br \/>\nH\u00fazzad cig\u00e1ny a n\u00f3t\u00e1t a f\u00fclembe,<br \/>\nvan l\u00f3v\u00e9 a zsebembe,<br \/>\nt\u00e1ncol velem a fekete bab\u00e1m,<br \/>\n\u0150 a legszebb suk\u00e1r roma l\u00e1ny.<br \/>\nH\u00fazzad cig\u00e1ny a n\u00f3t\u00e1t a f\u00fclembe,<br \/>\nvan l\u00f3v\u00e9 a zsebembe,<br \/>\nt\u00e1ncol velem a fekete bab\u00e1m,<br \/>\n\u0150 a legszebb suk\u00e1r roma l\u00e1ny.<br \/>\n&#8212;Sz\u00f3l\u00f3&#8212;<br \/>\nA j\u00f3 bort\u00f3l j\u00f3l be\u00e1llok,<br \/>\nde m\u00e9g t\u00f6bbet k\u00edv\u00e1nok,<br \/>\nj\u00e1rd a t\u00e1ncot, \u00e9s is j\u00e1rom,<br \/>\n\u00edgy \u00e9lem a vil\u00e1gom.<br \/>\nH\u00fazzad cig\u00e1ny a n\u00f3t\u00e1t a f\u00fclembe,<br \/>\nvan l\u00f3v\u00e9 a zsebembe,<br \/>\nt\u00e1ncol velem a fekete bab\u00e1m,<br \/>\n\u0150 a legszebb suk\u00e1r roma l\u00e1ny.<br \/>\nH\u00fazzad cig\u00e1ny a n\u00f3t\u00e1t a f\u00fclembe,<br \/>\nvan l\u00f3v\u00e9 a zsebembe,<br \/>\nt\u00e1ncol velem a fekete bab\u00e1m,<br \/>\n\u0150 a legszebb suk\u00e1r roma l\u00e1ny.<br \/>\nHej de pezsg\u0151t bontok \u00fagy mulatok,<br \/>\naz asztalon t\u00e1ncolok.<br \/>\nVerje devla j\u00f3 a kedvem,<br \/>\nnem sz\u00e1m\u00edt a p\u00e9nz nekem.<br \/>\nH\u00fazzad cig\u00e1ny a n\u00f3t\u00e1t a f\u00fclembe,<br \/>\nvan l\u00f3v\u00e9 a zsebembe,<br \/>\nt\u00e1ncol velem a fekete bab\u00e1m,<br \/>\n\u0150 a legszebb suk\u00e1r roma l\u00e1ny.<br \/>\nH\u00fazzad cig\u00e1ny a n\u00f3t\u00e1t a f\u00fclembe,<br \/>\nvan l\u00f3v\u00e9 a zsebembe,<br \/>\nt\u00e1ncol velem a fekete bab\u00e1m,<br \/>\n\u0150 a legszebb suk\u00e1r roma l\u00e1ny.<br \/>\n&#8212;Sz\u00f3l\u00f3&#8212;<br \/>\nH\u00fazzad cig\u00e1ny a n\u00f3t\u00e1t a f\u00fclembe,<br \/>\nvan l\u00f3v\u00e9 a zsebembe,<br \/>\nt\u00e1ncol velem a fekete bab\u00e1m,<br \/>\n\u0150 a legszebb suk\u00e1r roma l\u00e1ny.<br \/>\nH\u00fazzad cig\u00e1ny a n\u00f3t\u00e1t a f\u00fclembe,<br \/>\nvan l\u00f3v\u00e9 a zsebembe,<br \/>\nt\u00e1ncol velem a fekete bab\u00e1m,<br \/>\n\u0150 a legszebb suk\u00e1r roma l\u00e1ny.<br \/>\n&#8212;V\u00e9ge&#8212;<\/p>\n","protected":false},"featured_media":721,"template":"","meta":{"site-sidebar-layout":"default","site-content-layout":"default","ast-site-content-layout":"default","site-content-style":"default","site-sidebar-style":"default","ast-global-header-display":"","ast-banner-title-visibility":"","ast-main-header-display":"","ast-hfb-above-header-display":"","ast-hfb-below-header-display":"","ast-hfb-mobile-header-display":"","site-post-title":"","ast-breadcrumbs-content":"","ast-featured-img":"","footer-sml-layout":"","theme-transparent-header-meta":"default","adv-header-id-meta":"","stick-header-meta":"","header-above-stick-meta":"","header-main-stick-meta":"","header-below-stick-meta":"","astra-migrate-meta-layouts":"set","ast-page-background-enabled":"default","ast-page-background-meta":{"desktop":{"background-color":"var(--ast-global-color-4)","background-image":"","background-repeat":"repeat","background-position":"center center","background-size":"auto","background-attachment":"scroll","background-type":"","background-media":"","overlay-type":"","overlay-color":"","overlay-opacity":"","overlay-gradient":""},"tablet":{"background-color":"","background-image":"","background-repeat":"repeat","background-position":"center center","background-size":"auto","background-attachment":"scroll","background-type":"","background-media":"","overlay-type":"","overlay-color":"","overlay-opacity":"","overlay-gradient":""},"mobile":{"background-color":"","background-image":"","background-repeat":"repeat","background-position":"center center","background-size":"auto","background-attachment":"scroll","background-type":"","background-media":"","overlay-type":"","overlay-color":"","overlay-opacity":"","overlay-gradient":""}},"ast-content-background-meta":{"desktop":{"background-color":"var(--ast-global-color-5)","background-image":"","background-repeat":"repeat","background-position":"center center","background-size":"auto","background-attachment":"scroll","background-type":"","background-media":"","overlay-type":"","overlay-color":"","overlay-opacity":"","overlay-gradient":""},"tablet":{"background-color":"var(--ast-global-color-5)","background-image":"","background-repeat":"repeat","background-position":"center center","background-size":"auto","background-attachment":"scroll","background-type":"","background-media":"","overlay-type":"","overlay-color":"","overlay-opacity":"","overlay-gradient":""},"mobile":{"background-color":"var(--ast-global-color-5)","background-image":"","background-repeat":"repeat","background-position":"center center","background-size":"auto","background-attachment":"scroll","background-type":"","background-media":"","overlay-type":"","overlay-color":"","overlay-opacity":"","overlay-gradient":""}}},"product_cat":[46],"product_tag":[],"class_list":["post-14517","product","type-product","status-publish","has-post-thumbnail","hentry","product_cat-eredeti-karaoke-dalok","desktop-align-left","tablet-align-left","mobile-align-left"],"_links":{"self":[{"href":"https:\/\/www.sunkaraoke.hu\/index.php\/wp-json\/wp\/v2\/product\/14517","targetHints":{"allow":["GET"]}}],"collection":[{"href":"https:\/\/www.sunkaraoke.hu\/index.php\/wp-json\/wp\/v2\/product"}],"about":[{"href":"https:\/\/www.sunkaraoke.hu\/index.php\/wp-json\/wp\/v2\/types\/product"}],"wp:featuredmedia":[{"embeddable":true,"href":"https:\/\/www.sunkaraoke.hu\/index.php\/wp-json\/wp\/v2\/media\/721"}],"wp:attachment":[{"href":"https:\/\/www.sunkaraoke.hu\/index.php\/wp-json\/wp\/v2\/media?parent=14517"}],"wp:term":[{"taxonomy":"product_cat","embeddable":true,"href":"https:\/\/www.sunkaraoke.hu\/index.php\/wp-json\/wp\/v2\/product_cat?post=14517"},{"taxonomy":"product_tag","embeddable":true,"href":"https:\/\/www.sunkaraoke.hu\/index.php\/wp-json\/wp\/v2\/product_tag?post=14517"}],"curies":[{"name":"wp","href":"https:\/\/api.w.org\/{rel}","templated":true}]}}