{"id":14499,"date":"2024-12-04T13:28:27","date_gmt":"2024-12-04T13:28:27","guid":{"rendered":"https:\/\/www.sunkaraoke.hu\/?post_type=product&#038;p=14499"},"modified":"2025-04-04T20:03:44","modified_gmt":"2025-04-04T20:03:44","slug":"didi-lamour-hogyha-ramnez-megol","status":"publish","type":"product","link":"https:\/\/www.sunkaraoke.hu\/index.php\/termek\/didi-lamour-hogyha-ramnez-megol\/","title":{"rendered":"<div class=\"wcmp-player-container product-14499\"><audio controlslist=\"nodownload\" data-product=\"14499\"  volume=\"1\"  preload=\"none\" data-lazyloading=\"none\" class=\"wcmp-player track mejs-classic\" data-duration=\"0:33\" data-estimated_duration=\"4\"><source src=\"https:\/\/www.sunkaraoke.hu\/wp-content\/uploads\/2024\/12\/Hogyha-ramnez-megol_demo.mp3\" type=\"audio\/mp3\" \/><\/audio><\/div>Didi Lamour -Hogyha r\u00e1mn\u00e9z meg\u00f6l  (Original)"},"content":{"rendered":"<p><strong>03:37 <\/strong>\/\u00a0<strong>\u00a0<\/strong><\/p>\n","protected":false},"excerpt":{"rendered":"<h6><strong>Bits\u0171r\u0171s\u00e9g: 320 kb\/s<\/strong><br \/>\n<strong>Hossz: 03:37<\/strong><br \/>\n<strong>Vok\u00e1lt tartalmaz: Igen \u00a0<\/strong><strong style=\"font-size: 16px;\"><br \/>\n<\/strong><\/h6>\n<p>Sunkaraoke mp3 st\u00fadi\u00f3 \/ www.sunkaraoke.hu \/ Inf: Tel: 06 20 4275001<\/p>\n<p>&#8212;Intr\u00f3&#8212;<br \/>\nHogyha r\u00e1mn\u00e9z meg\u00f6l a k\u00e9t szem\u00e9vel,<br \/>\nelcs\u00e1b\u00edtott engemet a sz\u00edv\u00e9vel,<br \/>\n\u00e9n mag\u00e1val nem \u00e9lhetek boldogan,<br \/>\nmert m\u00e1r sz\u00e1zszor csal\u00f3dtam.<br \/>\nMegk\u00e9rem hogy ne cic\u00e1zzon \u00e9nvelem,<br \/>\nmert ha megszeretem maga lesz a v\u00e9gzetem,<br \/>\nmegbolond\u00edt a gy\u00f6ny\u00f6r\u0171 haj\u00e1val,<br \/>\n\u00e9s a kedves szav\u00e1val.<br \/>\nSz\u00e9d\u00edtsen m\u00e1st csak ne engemet,<br \/>\nhazudta nekem azt hogy szeret.<br \/>\nNe mondja t\u00f6bbet hogy k\u00edv\u00e1nom,<br \/>\nkedves vir\u00e1gom.<br \/>\nSz\u00e9d\u00edtsen m\u00e1st csak ne engemet,<br \/>\nhazudta nekem azt hogy szeret.<br \/>\nNe mondja t\u00f6bbet hogy k\u00edv\u00e1nom,<br \/>\nkedves vir\u00e1gom.<br \/>\nNe t\u00e1ncoljon t\u00f6bb\u00e9 rumb\u00e1t \u00e9nvelem,<br \/>\nmert csak maga megeszi az \u00e9letem,<br \/>\nnyomot hagyott m\u00e9lyen az \u00e9n sz\u00edvemben,<br \/>\nh\u00e1t el kell feledjen.<br \/>\nT\u00f6vis n\u00e9lk\u00fcl nincsen piros r\u00f3zsasz\u00e1l,<br \/>\naz \u00e9n laka tova tova messze sz\u00e1ll,<br \/>\nelb\u00facs\u00fazom mag\u00e1t\u00f3l egy \u00e9jjelen,<br \/>\nh\u00e1t viszl\u00e1t kedvesem.<br \/>\nSz\u00e9d\u00edtsen m\u00e1st csak ne engemet,<br \/>\nhazudta nekem azt hogy szeret.<br \/>\nNe mondja t\u00f6bbet hogy k\u00edv\u00e1nom,<br \/>\nkedves vir\u00e1gom.<br \/>\nSz\u00e9d\u00edtsen m\u00e1st csak ne engemet,<br \/>\nhazudta nekem azt hogy szeret.<br \/>\nNe mondja t\u00f6bbet hogy k\u00edv\u00e1nom,<br \/>\nkedves vir\u00e1gom.<br \/>\n&#8212;Sz\u00f3l\u00f3&#8212;<br \/>\nSz\u00e9d\u00edtsen m\u00e1st csak ne engemet,<br \/>\nhazudta nekem azt hogy szeret.<br \/>\nNe mondja t\u00f6bbet hogy k\u00edv\u00e1nom,<br \/>\nkedves vir\u00e1gom.<br \/>\nSz\u00e9d\u00edtsen m\u00e1st csak ne engemet,<br \/>\nhazudta nekem azt hogy szeret.<br \/>\nNe mondja t\u00f6bbet hogy k\u00edv\u00e1nom,<br \/>\nkedves vir\u00e1gom.<br \/>\nHogyha r\u00e1mn\u00e9z meg\u00f6l a k\u00e9t szem\u00e9vel,<br \/>\nelcs\u00e1b\u00edtott engemet a sz\u00edv\u00e9vel,<br \/>\n\u00e9n mag\u00e1val nem \u00e9lhetek boldogan,<br \/>\nmert m\u00e1r sz\u00e1zszor csal\u00f3dtam.<br \/>\nMegk\u00e9rem hogy ne cic\u00e1zzon \u00e9nvelem,<br \/>\nmert ha megszeretem maga lesz a v\u00e9gzetem,<br \/>\nmegbolond\u00edt a gy\u00f6ny\u00f6r\u0171 haj\u00e1val,<br \/>\n\u00e9s a kedves szav\u00e1val.<br \/>\nSz\u00e9d\u00edtsen m\u00e1st csak ne engemet,<br \/>\nhazudta nekem azt hogy szeret.<br \/>\nNe mondja t\u00f6bbet hogy k\u00edv\u00e1nom,<br \/>\nkedves vir\u00e1gom.<br \/>\nSz\u00e9d\u00edtsen m\u00e1st csak ne engemet,<br \/>\nhazudta nekem azt hogy szeret.<br \/>\nNe mondja t\u00f6bbet hogy k\u00edv\u00e1nom,<br \/>\nkedves vir\u00e1gom.<br \/>\n&#8212;V\u00e9ge&#8212;<\/p>\n","protected":false},"featured_media":721,"template":"","meta":{"site-sidebar-layout":"default","site-content-layout":"default","ast-site-content-layout":"default","site-content-style":"default","site-sidebar-style":"default","ast-global-header-display":"","ast-banner-title-visibility":"","ast-main-header-display":"","ast-hfb-above-header-display":"","ast-hfb-below-header-display":"","ast-hfb-mobile-header-display":"","site-post-title":"","ast-breadcrumbs-content":"","ast-featured-img":"","footer-sml-layout":"","theme-transparent-header-meta":"default","adv-header-id-meta":"","stick-header-meta":"","header-above-stick-meta":"","header-main-stick-meta":"","header-below-stick-meta":"","astra-migrate-meta-layouts":"set","ast-page-background-enabled":"default","ast-page-background-meta":{"desktop":{"background-color":"var(--ast-global-color-4)","background-image":"","background-repeat":"repeat","background-position":"center center","background-size":"auto","background-attachment":"scroll","background-type":"","background-media":"","overlay-type":"","overlay-color":"","overlay-opacity":"","overlay-gradient":""},"tablet":{"background-color":"","background-image":"","background-repeat":"repeat","background-position":"center center","background-size":"auto","background-attachment":"scroll","background-type":"","background-media":"","overlay-type":"","overlay-color":"","overlay-opacity":"","overlay-gradient":""},"mobile":{"background-color":"","background-image":"","background-repeat":"repeat","background-position":"center center","background-size":"auto","background-attachment":"scroll","background-type":"","background-media":"","overlay-type":"","overlay-color":"","overlay-opacity":"","overlay-gradient":""}},"ast-content-background-meta":{"desktop":{"background-color":"var(--ast-global-color-5)","background-image":"","background-repeat":"repeat","background-position":"center center","background-size":"auto","background-attachment":"scroll","background-type":"","background-media":"","overlay-type":"","overlay-color":"","overlay-opacity":"","overlay-gradient":""},"tablet":{"background-color":"var(--ast-global-color-5)","background-image":"","background-repeat":"repeat","background-position":"center center","background-size":"auto","background-attachment":"scroll","background-type":"","background-media":"","overlay-type":"","overlay-color":"","overlay-opacity":"","overlay-gradient":""},"mobile":{"background-color":"var(--ast-global-color-5)","background-image":"","background-repeat":"repeat","background-position":"center center","background-size":"auto","background-attachment":"scroll","background-type":"","background-media":"","overlay-type":"","overlay-color":"","overlay-opacity":"","overlay-gradient":""}}},"product_cat":[46],"product_tag":[],"class_list":["post-14499","product","type-product","status-publish","has-post-thumbnail","hentry","product_cat-eredeti-karaoke-dalok","desktop-align-left","tablet-align-left","mobile-align-left"],"_links":{"self":[{"href":"https:\/\/www.sunkaraoke.hu\/index.php\/wp-json\/wp\/v2\/product\/14499","targetHints":{"allow":["GET"]}}],"collection":[{"href":"https:\/\/www.sunkaraoke.hu\/index.php\/wp-json\/wp\/v2\/product"}],"about":[{"href":"https:\/\/www.sunkaraoke.hu\/index.php\/wp-json\/wp\/v2\/types\/product"}],"wp:featuredmedia":[{"embeddable":true,"href":"https:\/\/www.sunkaraoke.hu\/index.php\/wp-json\/wp\/v2\/media\/721"}],"wp:attachment":[{"href":"https:\/\/www.sunkaraoke.hu\/index.php\/wp-json\/wp\/v2\/media?parent=14499"}],"wp:term":[{"taxonomy":"product_cat","embeddable":true,"href":"https:\/\/www.sunkaraoke.hu\/index.php\/wp-json\/wp\/v2\/product_cat?post=14499"},{"taxonomy":"product_tag","embeddable":true,"href":"https:\/\/www.sunkaraoke.hu\/index.php\/wp-json\/wp\/v2\/product_tag?post=14499"}],"curies":[{"name":"wp","href":"https:\/\/api.w.org\/{rel}","templated":true}]}}