{"id":14485,"date":"2024-12-03T09:15:36","date_gmt":"2024-12-03T09:15:36","guid":{"rendered":"https:\/\/www.sunkaraoke.hu\/?post_type=product&#038;p=14485"},"modified":"2024-12-03T09:18:19","modified_gmt":"2024-12-03T09:18:19","slug":"marta-joco-erdo-szelen-mix-2024","status":"publish","type":"product","link":"https:\/\/www.sunkaraoke.hu\/index.php\/termek\/marta-joco-erdo-szelen-mix-2024\/","title":{"rendered":"<div class=\"wcmp-player-container product-14485\"><audio controlslist=\"nodownload\" data-product=\"14485\"  volume=\"1\"  preload=\"none\" data-lazyloading=\"none\" class=\"wcmp-player track mejs-classic\" data-duration=\"0:32\" data-estimated_duration=\"4\"><source src=\"https:\/\/www.sunkaraoke.hu\/wp-content\/uploads\/2024\/12\/Erdo-szelen-2024.-Mix-Marta_demo.mp3\" type=\"audio\/mp3\" \/><\/audio><\/div>M\u00e1rta Joc\u00f3 &#8211; Erd\u0151 sz\u00e9l\u00e9n Mix. 2024."},"content":{"rendered":"<p><b>06: 42<\/b>| <strong><img loading=\"lazy\" decoding=\"async\" class=\"alignnone size-full wp-image-467\" src=\"https:\/\/www.sunkaraoke.hu\/wp-content\/uploads\/2022\/07\/choir_2-copy.webp\" alt=\"\" width=\"30\" height=\"30\" \/> <\/strong><\/p>\n","protected":false},"excerpt":{"rendered":"<h5>Bits\u0171r\u0171s\u00e9g: 320 kb\/s<br \/>\nHossz: 06:42<br \/>\nVok\u00e1lt tartalmaz: Nem <img loading=\"lazy\" decoding=\"async\" class=\"alignnone size-full wp-image-467\" src=\"http:\/\/www.sunkaraoke.hu\/wp-content\/uploads\/2022\/07\/choir_2-copy.png\" alt=\"\" width=\"30\" height=\"30\" \/><strong style=\"font-size: 16px;\"><br \/>\n<\/strong><\/h5>\n<p>Sunkaraoke mp3 st\u00fadi\u00f3 \/ www.sunkaraoke.hu \/ Inf: Tel: 06 20 4275001<\/p>\n<p>&#8212;Intro&#8212;\/\/00:20\/\/<br \/>\nErd\u0151 sz\u00e9l\u00e9n s\u00e1toroznak az ol\u00e1h cig\u00e1nyok,<br \/>\nJegenyefa tetej\u00e9r\u0151l a rig\u00f3 f\u00fcty\u00fcl r\u00e1juk,<br \/>\nJegenyefa tetej\u00e9r\u0151l a rig\u00f3 f\u00fcty\u00fcl r\u00e1juk.<br \/>\nAz emberek az erd\u0151ben, de mind a tekn\u0151t v\u00e1jj\u00e1k,<br \/>\nAz asszonyok meg a faluban, de mind a k\u00e1rty\u00e1t h\u00e1nyj\u00e1k,<br \/>\nAz asszonyok meg a faluban, de mind a k\u00e1rty\u00e1t h\u00e1nyj\u00e1k.<br \/>\n&#8212;Solo&#8212;\/\/01:17\/\/<br \/>\n\u00d6sszeszedi a sz\u00e9n\u00e1t, zabot a f\u00e9lszem\u0171 lov\u00e1nak,<br \/>\nKertek alatt a d\u00f6gl\u00f6tt ty\u00fakot az apr\u00f3 csal\u00e1dj\u00e1nak,<br \/>\nKertek alatt a d\u00f6gl\u00f6tt ty\u00fakot az apr\u00f3 csal\u00e1dj\u00e1nak.<br \/>\nAzt f\u00fcty\u00fcli az a rig\u00f3 de odafenn az \u00e1gon,<br \/>\nHogy cig\u00e1ny l\u00e1nynak nincsen p\u00e1rja, ezen a vil\u00e1gon.<br \/>\nDe hogy cig\u00e1ny l\u00e1nynak nincsen p\u00e1rja, ezen a vil\u00e1gon.<br \/>\n&#8212;Solo&#8212;\/\/02:37\/\/<br \/>\nPiros lett a pipacs vir\u00e1ga,<br \/>\nmegn\u0151s\u00fcl\u00f6k \u00e9n nemsok\u00e1ra.<br \/>\nPiros lett a pipacs vir\u00e1ga,<br \/>\nmegn\u0151s\u00fcl\u00f6k \u00e9n nemsok\u00e1ra.<br \/>\nDe v\u00e1rj\u00e1l kicsik\u00e9t m\u00e9g, de fiatal vagyok \u00e9n m\u00e9g ,<br \/>\nTizenhat \u00e9ves vagyok, szeretni m\u00e9g nem tudok,<br \/>\nGyere bab\u00e1m, tan\u00edts\u00e1l meg szeretni!<br \/>\nDe v\u00e1rj\u00e1l kicsik\u00e9t m\u00e9g, fiatal vagyok \u00e9n m\u00e9g ,<br \/>\nTizenhat \u00e9ves vagyok, szeretni m\u00e9g nem tudok,<br \/>\nGyere bab\u00e1m, tan\u00edts\u00e1l meg szeretni!<br \/>\n&#8212;Solo&#8212;\/\/03:39\/\/<br \/>\nKicsi n\u00e9kem ez a h\u00e1z, kir\u00fagom az oldal\u00e1t,<br \/>\nGyere bab\u00e1m, gyere be,<br \/>\nde adok n\u00e9ked cs\u00f3kot idebe!<br \/>\nGyere bab\u00e1m, gyere be,<br \/>\nde adok n\u00e9ked cs\u00f3kot idebe!<br \/>\nMegtanultam \u00fcrg\u00e9zni, hogy kell az \u00fcrg\u00e9t \u00f6nteni,<br \/>\nCig\u00e1ny vagyok, j\u00f3l \u00e9lek,<br \/>\na g\u00e1dzs\u00f3kkal nem cser\u00e9lek!<br \/>\nDe cig\u00e1ny vagyok, j\u00f3l \u00e9lek,<br \/>\na g\u00e1dzs\u00f3kkal nem cser\u00e9lek!<br \/>\nAcalari bomba,acalari bomba-bomba,<br \/>\nAcalari bomba,side lata rari bomba!<br \/>\nAcalari bomba,acalari bomba-bomba,<br \/>\nAcalari bomba,side laya cirni bomba!<br \/>\nHa nem szeretsz, h\u00e1t akkor elmegyek,<br \/>\nDe mit sem \u00e9r,az \u00e9let de n\u00e9lk\u00fcled!<br \/>\nJ\u00f3l vigy\u00e1zz,gondold meg mit csin\u00e1lsz,<br \/>\nHa nem h\u00e1t \u00fcss\u00f6n meg a bomba,\u00fcss\u00f6n meg a b\u00e1ri bomba!<br \/>\nAcalari bomba,acalari bomba-bomba,<br \/>\nAcalari bomba,side lata rari bomba!<br \/>\nAcalari bomba,acalari bomba-bomba,<br \/>\nAcalari bomba,side laya cirni bomba!<br \/>\n&#8212;Solo&#8212;\/\/05:51\/\/<br \/>\nAcalari bomba,acalari bomba-bomba,<br \/>\nAcalari bomba,side lata rari bomba!<br \/>\nAcalari bomba,acalari bomba-bomba,<br \/>\nAcalari bomba,side laya cirni bomba!<br \/>\nAcalari bomba,acalari bomba-bomba,<br \/>\nAcalari bomba,side lata rari bomba!<br \/>\nAcalari bomba,acalari bomba-bomba,<br \/>\nAcalari bomba,side laya cirni bomba!<br \/>\n&#8212;V\u00e9ge&#8212;<\/p>\n","protected":false},"featured_media":8752,"template":"","meta":{"site-sidebar-layout":"default","site-content-layout":"default","ast-site-content-layout":"default","site-content-style":"default","site-sidebar-style":"default","ast-global-header-display":"","ast-banner-title-visibility":"","ast-main-header-display":"","ast-hfb-above-header-display":"","ast-hfb-below-header-display":"","ast-hfb-mobile-header-display":"","site-post-title":"","ast-breadcrumbs-content":"","ast-featured-img":"","footer-sml-layout":"","theme-transparent-header-meta":"default","adv-header-id-meta":"","stick-header-meta":"","header-above-stick-meta":"","header-main-stick-meta":"","header-below-stick-meta":"","astra-migrate-meta-layouts":"set","ast-page-background-enabled":"default","ast-page-background-meta":{"desktop":{"background-color":"var(--ast-global-color-4)","background-image":"","background-repeat":"repeat","background-position":"center center","background-size":"auto","background-attachment":"scroll","background-type":"","background-media":"","overlay-type":"","overlay-color":"","overlay-opacity":"","overlay-gradient":""},"tablet":{"background-color":"","background-image":"","background-repeat":"repeat","background-position":"center center","background-size":"auto","background-attachment":"scroll","background-type":"","background-media":"","overlay-type":"","overlay-color":"","overlay-opacity":"","overlay-gradient":""},"mobile":{"background-color":"","background-image":"","background-repeat":"repeat","background-position":"center center","background-size":"auto","background-attachment":"scroll","background-type":"","background-media":"","overlay-type":"","overlay-color":"","overlay-opacity":"","overlay-gradient":""}},"ast-content-background-meta":{"desktop":{"background-color":"var(--ast-global-color-5)","background-image":"","background-repeat":"repeat","background-position":"center center","background-size":"auto","background-attachment":"scroll","background-type":"","background-media":"","overlay-type":"","overlay-color":"","overlay-opacity":"","overlay-gradient":""},"tablet":{"background-color":"var(--ast-global-color-5)","background-image":"","background-repeat":"repeat","background-position":"center center","background-size":"auto","background-attachment":"scroll","background-type":"","background-media":"","overlay-type":"","overlay-color":"","overlay-opacity":"","overlay-gradient":""},"mobile":{"background-color":"var(--ast-global-color-5)","background-image":"","background-repeat":"repeat","background-position":"center center","background-size":"auto","background-attachment":"scroll","background-type":"","background-media":"","overlay-type":"","overlay-color":"","overlay-opacity":"","overlay-gradient":""}}},"product_cat":[46],"product_tag":[],"class_list":["post-14485","product","type-product","status-publish","has-post-thumbnail","hentry","product_cat-eredeti-karaoke-dalok","desktop-align-left","tablet-align-left","mobile-align-left"],"_links":{"self":[{"href":"https:\/\/www.sunkaraoke.hu\/index.php\/wp-json\/wp\/v2\/product\/14485","targetHints":{"allow":["GET"]}}],"collection":[{"href":"https:\/\/www.sunkaraoke.hu\/index.php\/wp-json\/wp\/v2\/product"}],"about":[{"href":"https:\/\/www.sunkaraoke.hu\/index.php\/wp-json\/wp\/v2\/types\/product"}],"wp:featuredmedia":[{"embeddable":true,"href":"https:\/\/www.sunkaraoke.hu\/index.php\/wp-json\/wp\/v2\/media\/8752"}],"wp:attachment":[{"href":"https:\/\/www.sunkaraoke.hu\/index.php\/wp-json\/wp\/v2\/media?parent=14485"}],"wp:term":[{"taxonomy":"product_cat","embeddable":true,"href":"https:\/\/www.sunkaraoke.hu\/index.php\/wp-json\/wp\/v2\/product_cat?post=14485"},{"taxonomy":"product_tag","embeddable":true,"href":"https:\/\/www.sunkaraoke.hu\/index.php\/wp-json\/wp\/v2\/product_tag?post=14485"}],"curies":[{"name":"wp","href":"https:\/\/api.w.org\/{rel}","templated":true}]}}