{"id":14443,"date":"2024-12-01T09:14:52","date_gmt":"2024-12-01T09:14:52","guid":{"rendered":"https:\/\/www.sunkaraoke.hu\/?post_type=product&#038;p=14443"},"modified":"2024-12-03T18:54:44","modified_gmt":"2024-12-03T18:54:44","slug":"tajtiboy-lesz-minden-last-christmas-magyarul","status":"publish","type":"product","link":"https:\/\/www.sunkaraoke.hu\/index.php\/termek\/tajtiboy-lesz-minden-last-christmas-magyarul\/","title":{"rendered":"<div class=\"wcmp-player-container product-14443\"><audio controlslist=\"nodownload\" data-product=\"14443\"  volume=\"1\"  preload=\"none\" data-lazyloading=\"none\" class=\"wcmp-player track mejs-classic\" data-duration=\"0:32\" data-estimated_duration=\"4\"><source src=\"https:\/\/www.sunkaraoke.hu\/wp-content\/uploads\/2024\/12\/Lesz-minden_demo.mp3\" type=\"audio\/mp3\" \/><\/audio><\/div>Tajtiboy -Lesz minden (Last Christmas Magyarul\ud83d\ude80 )"},"content":{"rendered":"<p><strong>04:06<\/strong> | <strong><img loading=\"lazy\" decoding=\"async\" class=\"alignnone size-full wp-image-467\" src=\"https:\/\/www.sunkaraoke.hu\/wp-content\/uploads\/2022\/07\/choir_2-copy.webp\" alt=\"\" width=\"30\" height=\"30\" \/> <\/strong><\/p>\n","protected":false},"excerpt":{"rendered":"<h6>Bits\u0171r\u0171s\u00e9g: 320 kb\/s<br \/>\nHossz: 04:06<br \/>\nVok\u00e1lt tartalmaz: Nem <img loading=\"lazy\" decoding=\"async\" class=\"alignnone size-full wp-image-467\" src=\"http:\/\/www.sunkaraoke.hu\/wp-content\/uploads\/2022\/07\/choir_2-copy.png\" alt=\"\" width=\"30\" height=\"30\" \/><strong style=\"font-size: 16px;\"><br \/>\n<\/strong><\/h6>\n<p>Sunkaraoke mp3 st\u00fadi\u00f3 \/ www.sunkaraoke.hu \/ Inf: Tel: 06 20 4275001<\/p>\n<p>&#8212;Intr\u00f3&#8212;<br \/>\nAz \u00e9j hideg, fagyos m\u00e1r,<br \/>\nm\u00e9g a h\u00f3ember is nagykalapban j\u00e1r,<br \/>\ntudja \u0151 is, ilyenkor j\u00f3 te\u00e1zni,<br \/>\n\u00e9s a kandall\u00f3t\u0171z mellett nem fog sz\u00edv\u00fcnk sem f\u00e1zni!<br \/>\nBoldog Kar\u00e1csonyt, \u00edrhatn\u00e9k csak ennyit,<br \/>\nvisszav\u00e1r a sz\u00edvem, j\u00f3l tudod, hogy mennyit,<br \/>\nf\u00e1j a m\u00falt, m\u00e9gis elhiszem,<br \/>\nhogy \u00fajra visszat\u00e9rsz, igen csak \u00edgy legyen.<br \/>\nLesz minden, amit sz\u00edved akart,<br \/>\nigazi gy\u00f6ny\u00f6r\u0171 t\u00e9l, nehogy szomor\u00fa l\u00e9gy.<br \/>\nMi\u00e9rt s\u00edrsz, hogyha szeretni b\u00edrsz,<br \/>\nmost legyen az \u00fcnnep k\u00f6nnyek n\u00e9lk\u00fcl.<br \/>\nLesz minden, amit sz\u00edved akart,<br \/>\nigazi gy\u00f6ny\u00f6r\u0171 t\u00e9l, nehogy szomor\u00fa l\u00e9gy.<br \/>\nMi\u00e9rt s\u00edrsz, hogyha szeretni b\u00edrsz,<br \/>\nmost legyen az \u00fcnnep k\u00f6nnyek n\u00e9lk\u00fcl.<br \/>\n&#8212;Sz\u00f3l\u00f3&#8212;-<br \/>\n\u00dajra v\u00e1rlak, ugyan \u00fagy, mint r\u00e9g,<br \/>\nm\u00e1r tal\u00e1n k\u00e9s\u0151,de h\u00e1tha elj\u00f6ssz m\u00e9g.<br \/>\n\u00c9rzem, hogy \u00e9rzed, \u00e9n mindig abban hittem,<br \/>\nhogy nem \u00e9r semmit az \u00fcnnep, hogyha szeretet sincsen.<br \/>\nJ\u00f3 volt veled, olyan igazi j\u00f3,<br \/>\neml\u00e9kszem akkor is \u00e9ppen, \u00e9ppen hullott a h\u00f3,<br \/>\ns csak annyit k\u00e9rt\u00e9l, mindig ugyan \u00edgy legyen.<br \/>\nLesz minden, amit sz\u00edved akart,<br \/>\nigazi gy\u00f6ny\u00f6r\u0171 t\u00e9l, nehogy szomor\u00fa l\u00e9gy.<br \/>\nMi\u00e9rt s\u00edrsz, hogyha szeretni b\u00edrsz,<br \/>\nmost legyen az \u00fcnnep k\u00f6nnyek n\u00e9lk\u00fcl.<br \/>\nLesz minden, amit sz\u00edved akart,<br \/>\nigazi gy\u00f6ny\u00f6r\u0171 t\u00e9l, nehogy szomor\u00fa l\u00e9gy.<br \/>\nMi\u00e9rt s\u00edrsz, hogyha szeretni b\u00edrsz,<br \/>\nmost legyen az \u00fcnnep k\u00f6nnyek n\u00e9lk\u00fcl.<br \/>\n&#8212;Sz\u00f3l\u00f3&#8212;<br \/>\nLesz minden, amit sz\u00edved akart,<br \/>\nigazi gy\u00f6ny\u00f6r\u0171 t\u00e9l, nehogy szomor\u00fa l\u00e9gy.<br \/>\nMi\u00e9rt s\u00edrsz, hogyha szeretni b\u00edrsz,<br \/>\nmost legyen az \u00fcnnep k\u00f6nnyek n\u00e9lk\u00fcl.<br \/>\nLesz minden, amit sz\u00edved akart,<br \/>\nigazi gy\u00f6ny\u00f6r\u0171 t\u00e9l, nehogy szomor\u00fa l\u00e9gy.<br \/>\nMi\u00e9rt s\u00edrsz, hogyha szeretni b\u00edrsz,<br \/>\nmost legyen az \u00fcnnep k\u00f6nnyek n\u00e9lk\u00fcl.<br \/>\n&#8212;V\u00e9ge&#8212;<\/p>\n","protected":false},"featured_media":9020,"template":"","meta":{"site-sidebar-layout":"default","site-content-layout":"default","ast-site-content-layout":"default","site-content-style":"default","site-sidebar-style":"default","ast-global-header-display":"","ast-banner-title-visibility":"","ast-main-header-display":"","ast-hfb-above-header-display":"","ast-hfb-below-header-display":"","ast-hfb-mobile-header-display":"","site-post-title":"","ast-breadcrumbs-content":"","ast-featured-img":"","footer-sml-layout":"","theme-transparent-header-meta":"default","adv-header-id-meta":"","stick-header-meta":"","header-above-stick-meta":"","header-main-stick-meta":"","header-below-stick-meta":"","astra-migrate-meta-layouts":"set","ast-page-background-enabled":"default","ast-page-background-meta":{"desktop":{"background-color":"var(--ast-global-color-4)","background-image":"","background-repeat":"repeat","background-position":"center center","background-size":"auto","background-attachment":"scroll","background-type":"","background-media":"","overlay-type":"","overlay-color":"","overlay-opacity":"","overlay-gradient":""},"tablet":{"background-color":"","background-image":"","background-repeat":"repeat","background-position":"center center","background-size":"auto","background-attachment":"scroll","background-type":"","background-media":"","overlay-type":"","overlay-color":"","overlay-opacity":"","overlay-gradient":""},"mobile":{"background-color":"","background-image":"","background-repeat":"repeat","background-position":"center center","background-size":"auto","background-attachment":"scroll","background-type":"","background-media":"","overlay-type":"","overlay-color":"","overlay-opacity":"","overlay-gradient":""}},"ast-content-background-meta":{"desktop":{"background-color":"var(--ast-global-color-5)","background-image":"","background-repeat":"repeat","background-position":"center center","background-size":"auto","background-attachment":"scroll","background-type":"","background-media":"","overlay-type":"","overlay-color":"","overlay-opacity":"","overlay-gradient":""},"tablet":{"background-color":"var(--ast-global-color-5)","background-image":"","background-repeat":"repeat","background-position":"center center","background-size":"auto","background-attachment":"scroll","background-type":"","background-media":"","overlay-type":"","overlay-color":"","overlay-opacity":"","overlay-gradient":""},"mobile":{"background-color":"var(--ast-global-color-5)","background-image":"","background-repeat":"repeat","background-position":"center center","background-size":"auto","background-attachment":"scroll","background-type":"","background-media":"","overlay-type":"","overlay-color":"","overlay-opacity":"","overlay-gradient":""}}},"product_cat":[52],"product_tag":[],"class_list":["post-14443","product","type-product","status-publish","has-post-thumbnail","hentry","product_cat-tajtiboy","desktop-align-left","tablet-align-left","mobile-align-left"],"_links":{"self":[{"href":"https:\/\/www.sunkaraoke.hu\/index.php\/wp-json\/wp\/v2\/product\/14443","targetHints":{"allow":["GET"]}}],"collection":[{"href":"https:\/\/www.sunkaraoke.hu\/index.php\/wp-json\/wp\/v2\/product"}],"about":[{"href":"https:\/\/www.sunkaraoke.hu\/index.php\/wp-json\/wp\/v2\/types\/product"}],"wp:featuredmedia":[{"embeddable":true,"href":"https:\/\/www.sunkaraoke.hu\/index.php\/wp-json\/wp\/v2\/media\/9020"}],"wp:attachment":[{"href":"https:\/\/www.sunkaraoke.hu\/index.php\/wp-json\/wp\/v2\/media?parent=14443"}],"wp:term":[{"taxonomy":"product_cat","embeddable":true,"href":"https:\/\/www.sunkaraoke.hu\/index.php\/wp-json\/wp\/v2\/product_cat?post=14443"},{"taxonomy":"product_tag","embeddable":true,"href":"https:\/\/www.sunkaraoke.hu\/index.php\/wp-json\/wp\/v2\/product_tag?post=14443"}],"curies":[{"name":"wp","href":"https:\/\/api.w.org\/{rel}","templated":true}]}}