{"id":14433,"date":"2024-11-29T17:42:52","date_gmt":"2024-11-29T17:42:52","guid":{"rendered":"https:\/\/www.sunkaraoke.hu\/?post_type=product&#038;p=14433"},"modified":"2024-12-03T18:55:04","modified_gmt":"2024-12-03T18:55:04","slug":"horvath-tamas-hullnak-a-falevelek-2024-new-meggyfa","status":"publish","type":"product","link":"https:\/\/www.sunkaraoke.hu\/index.php\/termek\/horvath-tamas-hullnak-a-falevelek-2024-new-meggyfa\/","title":{"rendered":"<div class=\"wcmp-player-container product-14433\"><audio controlslist=\"nodownload\" data-product=\"14433\"  volume=\"1\"  preload=\"none\" data-lazyloading=\"none\" class=\"wcmp-player track mejs-classic\" data-duration=\"0:32\" data-estimated_duration=\"4\"><source src=\"https:\/\/www.sunkaraoke.hu\/wp-content\/uploads\/2024\/11\/Hullnak-a-falevelek-2024_demo.mp3\" type=\"audio\/mp3\" \/><\/audio><\/div>Horv\u00e1th Tam\u00e1s &#8211; Hullnak a falevelek  2024. NEW Meggyfa"},"content":{"rendered":"<p><strong>03:23<\/strong> | <strong><img loading=\"lazy\" decoding=\"async\" class=\"alignnone size-full wp-image-467\" src=\"https:\/\/www.sunkaraoke.hu\/wp-content\/uploads\/2022\/07\/choir_2-copy.webp\" alt=\"\" width=\"30\" height=\"30\" \/> <strong> | <img loading=\"lazy\" decoding=\"async\" class=\"alignnone size-full wp-image-613\" src=\"https:\/\/www.sunkaraoke.hu\/wp-content\/uploads\/2022\/07\/transzponalas.webp\" alt=\"\" width=\"30\" height=\"30\" \/> <\/strong><strong>-4<\/strong><\/strong><\/p>\n","protected":false},"excerpt":{"rendered":"<h6><strong>Bits\u0171r\u0171s\u00e9g: 320 kb\/s<\/strong><br \/>\n<strong>Hossz: 03:23<\/strong><br \/>\n<strong>Vok\u00e1lt tartalmaz: Nem <img loading=\"lazy\" decoding=\"async\" class=\"alignnone size-full wp-image-467\" src=\"http:\/\/www.sunkaraoke.hu\/wp-content\/uploads\/2022\/07\/choir_2-copy.png\" alt=\"\" width=\"30\" height=\"30\" \/><\/strong><br \/>\n<strong>Transzpon\u00e1l\u00e1s: <img loading=\"lazy\" decoding=\"async\" class=\"alignnone size-full wp-image-613\" src=\"http:\/\/www.sunkaraoke.hu\/wp-content\/uploads\/2022\/07\/transzponalas.png\" alt=\"\" width=\"30\" height=\"30\" \/> -4<\/strong><\/h6>\n<p>Sunkaraoke mp3 st\u00fadi\u00f3 \/ www.sunkaraoke.hu \/ Inf: Tel: 06 20 4275001<\/p>\n<p>&#8212;Intr\u00f3&#8212;<br \/>\nVir\u00e1gokat f\u00fajja a sz\u00e9l,<br \/>\ner\u0151s l\u00e9lek, mint az ac\u00e9l.<br \/>\nSz\u00f3ljon nek\u00fcnk a Hold,<br \/>\nf\u00e9nye arcoddal dacolt.<br \/>\nSimogat a mosolyod, m\u00e1mor\u00edt\u00f3 a cs\u00f3kod,<br \/>\nk\u00e9rlek gyere vissza sz\u00e9p eml\u00e9k,<br \/>\nmert kell m\u00e9g a b\u00f3kod!<br \/>\nSz\u00edved az, amire v\u00e1gyom \u00e9n,<br \/>\nnincs n\u00e1lad szebb, a F\u00f6ld kerek\u00e9n.<br \/>\nHullnak a falevelek, \u00e9s te mindig sz\u00e9p vagy!<br \/>\nMeggyf\u00e1r\u00f3l lem\u00e1szok, hogy egy-k\u00e9t cs\u00f3kot adjak!<br \/>\nHejj Bab\u00e1m a teringett\u00e9t, olyan gy\u00f6ny\u00f6r\u0171 vagy!<br \/>\nGyere ide, szeretgess\u00e9l!A csizm\u00e1mat meg hagyjad!<br \/>\nOlyan gy\u00f6ny\u00f6r\u0171 vagy!<br \/>\n&#8212;Sz\u00f3l\u00f3&#8212;<br \/>\nEl\u00e9rt m\u00e1r az \u0151szi hom\u00e1ly,<br \/>\nelb\u00facs\u00fazik a napsug\u00e1r.<br \/>\nNem akarok t\u00f6bb\u00e9 f\u00e1zni,<br \/>\naz id\u0151 nem fog mi r\u00e1nk v\u00e1rni!<br \/>\nGyere j\u00f6jj most k\u00f6zelebb,<br \/>\nengedd szabad lelkedet!<br \/>\nT\u00e1ncolj ide hozz\u00e1m ut\u00f3lj\u00e1ra,hadd legyek veled!<br \/>\nSz\u00edved az, amire v\u00e1gyom \u00e9n!<br \/>\nNincs n\u00e1lad szebb, a F\u00f6ld kerek\u00e9n!<br \/>\nHullnak a falevelek, \u00e9s te mindig sz\u00e9p vagy!<br \/>\nMeggyf\u00e1r\u00f3l lem\u00e1szok, hogy egy-k\u00e9t cs\u00f3kot adjak!<br \/>\nHejj Bab\u00e1m a teringett\u00e9t, olyan gy\u00f6ny\u00f6r\u0171 vagy!<br \/>\nGyere ide, szeretgess\u00e9l!A csizm\u00e1mat meg hagyjad!<br \/>\nOlyan gy\u00f6ny\u00f6r\u0171 vagy!<br \/>\n&#8212;Sz\u00f3l\u00f3&#8212;<br \/>\nHullnak a falevelek, \u00e9s te mindig sz\u00e9p vagy!<br \/>\nMeggyf\u00e1r\u00f3l lem\u00e1szok, hogy egy-k\u00e9t cs\u00f3kot adjak!<br \/>\nHejj Bab\u00e1m a teringett\u00e9t, olyan gy\u00f6ny\u00f6r\u0171 vagy!<br \/>\nGyere ide, szeretgess\u00e9l!A csizm\u00e1mat meg hagyjad!<br \/>\nOlyan gy\u00f6ny\u00f6r\u0171 vagy!<br \/>\nOlyan gy\u00f6ny\u00f6r\u0171 vagy!<br \/>\n&#8212;V\u00e9ge&#8211;<\/p>\n","protected":false},"featured_media":14437,"template":"","meta":{"site-sidebar-layout":"default","site-content-layout":"default","ast-site-content-layout":"default","site-content-style":"default","site-sidebar-style":"default","ast-global-header-display":"","ast-banner-title-visibility":"","ast-main-header-display":"","ast-hfb-above-header-display":"","ast-hfb-below-header-display":"","ast-hfb-mobile-header-display":"","site-post-title":"","ast-breadcrumbs-content":"","ast-featured-img":"","footer-sml-layout":"","theme-transparent-header-meta":"default","adv-header-id-meta":"","stick-header-meta":"","header-above-stick-meta":"","header-main-stick-meta":"","header-below-stick-meta":"","astra-migrate-meta-layouts":"set","ast-page-background-enabled":"default","ast-page-background-meta":{"desktop":{"background-color":"var(--ast-global-color-4)","background-image":"","background-repeat":"repeat","background-position":"center center","background-size":"auto","background-attachment":"scroll","background-type":"","background-media":"","overlay-type":"","overlay-color":"","overlay-opacity":"","overlay-gradient":""},"tablet":{"background-color":"","background-image":"","background-repeat":"repeat","background-position":"center center","background-size":"auto","background-attachment":"scroll","background-type":"","background-media":"","overlay-type":"","overlay-color":"","overlay-opacity":"","overlay-gradient":""},"mobile":{"background-color":"","background-image":"","background-repeat":"repeat","background-position":"center center","background-size":"auto","background-attachment":"scroll","background-type":"","background-media":"","overlay-type":"","overlay-color":"","overlay-opacity":"","overlay-gradient":""}},"ast-content-background-meta":{"desktop":{"background-color":"var(--ast-global-color-5)","background-image":"","background-repeat":"repeat","background-position":"center center","background-size":"auto","background-attachment":"scroll","background-type":"","background-media":"","overlay-type":"","overlay-color":"","overlay-opacity":"","overlay-gradient":""},"tablet":{"background-color":"var(--ast-global-color-5)","background-image":"","background-repeat":"repeat","background-position":"center center","background-size":"auto","background-attachment":"scroll","background-type":"","background-media":"","overlay-type":"","overlay-color":"","overlay-opacity":"","overlay-gradient":""},"mobile":{"background-color":"var(--ast-global-color-5)","background-image":"","background-repeat":"repeat","background-position":"center center","background-size":"auto","background-attachment":"scroll","background-type":"","background-media":"","overlay-type":"","overlay-color":"","overlay-opacity":"","overlay-gradient":""}}},"product_cat":[48],"product_tag":[],"class_list":["post-14433","product","type-product","status-publish","has-post-thumbnail","hentry","product_cat-sunkaraoke-dalok","desktop-align-left","tablet-align-left","mobile-align-left"],"_links":{"self":[{"href":"https:\/\/www.sunkaraoke.hu\/index.php\/wp-json\/wp\/v2\/product\/14433","targetHints":{"allow":["GET"]}}],"collection":[{"href":"https:\/\/www.sunkaraoke.hu\/index.php\/wp-json\/wp\/v2\/product"}],"about":[{"href":"https:\/\/www.sunkaraoke.hu\/index.php\/wp-json\/wp\/v2\/types\/product"}],"wp:featuredmedia":[{"embeddable":true,"href":"https:\/\/www.sunkaraoke.hu\/index.php\/wp-json\/wp\/v2\/media\/14437"}],"wp:attachment":[{"href":"https:\/\/www.sunkaraoke.hu\/index.php\/wp-json\/wp\/v2\/media?parent=14433"}],"wp:term":[{"taxonomy":"product_cat","embeddable":true,"href":"https:\/\/www.sunkaraoke.hu\/index.php\/wp-json\/wp\/v2\/product_cat?post=14433"},{"taxonomy":"product_tag","embeddable":true,"href":"https:\/\/www.sunkaraoke.hu\/index.php\/wp-json\/wp\/v2\/product_tag?post=14433"}],"curies":[{"name":"wp","href":"https:\/\/api.w.org\/{rel}","templated":true}]}}