{"id":14425,"date":"2024-11-28T12:22:23","date_gmt":"2024-11-28T12:22:23","guid":{"rendered":"https:\/\/www.sunkaraoke.hu\/?post_type=product&#038;p=14425"},"modified":"2024-11-28T12:24:34","modified_gmt":"2024-11-28T12:24:34","slug":"kaczor-ferenc-szeretem-a-kek-szemedet-2024-new","status":"publish","type":"product","link":"https:\/\/www.sunkaraoke.hu\/index.php\/termek\/kaczor-ferenc-szeretem-a-kek-szemedet-2024-new\/","title":{"rendered":"<div class=\"wcmp-player-container product-14425\"><audio controlslist=\"nodownload\" data-product=\"14425\"  volume=\"1\"  preload=\"none\" data-lazyloading=\"none\" class=\"wcmp-player track mejs-classic\" data-duration=\"0:31\" data-estimated_duration=\"4\"><source src=\"https:\/\/www.sunkaraoke.hu\/wp-content\/uploads\/2024\/11\/Szeretem-a-kek-2024_demo.mp3\" type=\"audio\/mp3\" \/><\/audio><\/div>Kaczor Ferenc &#8211; Szeretem a k\u00e9k szemedet 2024. NEW"},"content":{"rendered":"<p><strong>03:38 <\/strong>| <strong><img loading=\"lazy\" decoding=\"async\" class=\"alignnone size-full wp-image-467\" src=\"https:\/\/www.sunkaraoke.hu\/wp-content\/uploads\/2022\/07\/choir_2-copy.webp\" alt=\"\" width=\"30\" height=\"30\" \/> | <img decoding=\"async\" src=\"https:\/\/www.sunkaraoke.hu\/wp-content\/uploads\/2022\/07\/transzponalas.webp\" \/> \u00a0<\/strong><\/p>\n","protected":false},"excerpt":{"rendered":"<h6><strong>Bits\u0171r\u0171s\u00e9g: 320kb\/s<\/strong><br \/>\n<strong>Hossz: 03:38<\/strong><br \/>\n<strong>Vok\u00e1lt tartalmaz: Nem <img loading=\"lazy\" decoding=\"async\" class=\"alignnone size-full wp-image-467\" src=\"http:\/\/www.sunkaraoke.hu\/wp-content\/uploads\/2022\/07\/choir_2-copy.png\" alt=\"\" width=\"30\" height=\"30\" \/><\/strong><\/h6>\n<p>Sunkaraoke mp3 st\u00fadi\u00f3 \/ www.sunkaraoke.hu \/ Inf: Tel: 06 20 4275001<\/p>\n<p>&#8212;Intr\u00f3&#8212;<br \/>\nMindig kerestem, hogy vajon, hol lehetsz,<br \/>\nhogy hol van az a l\u00e1ny, kibe szerelmes lehetek.<br \/>\nMegtal\u00e1ltam, bel\u00e9estem, r\u00f6gt\u00f6n egy perc alatt,<br \/>\nh\u00e1t gyere, gyere, \u00e9des szerelmem,<br \/>\nhisz oly r\u00e9gen v\u00e1rtalak.<br \/>\nSzeretem a, k\u00e9k szemedet,<br \/>\nszeretem a, mosolyod,<br \/>\nami\u00f3ta megl\u00e1ttalak,<br \/>\nolyan \u0151r\u00fclt, szerelmes vagyok.<br \/>\nSzeretem a, k\u00e9k szemedet,<br \/>\nszeretem a, mosolyod,<br \/>\nami\u00f3ta megl\u00e1ttalak,<br \/>\nolyan \u0151r\u00fclt, szerelmes vagyok.<br \/>\n&#8212;Sz\u00f3l\u00f3&#8212;<br \/>\nNem m\u00falik el perc, hogy ne gondoljak r\u00e1d,<br \/>\nszerelmes lett a sz\u00edvem,<br \/>\ns \u00e1lmatlan az \u00e9jszak\u00e1m.<br \/>\nM\u00e1shogy k\u00e9l a nap,m\u00e1s lett a vil\u00e1g,<br \/>\nh\u00e1t gyere, gyere, \u00e9des szerelmem,<br \/>\nhisz oly r\u00e9gen, v\u00e1rtam r\u00e1d.<br \/>\nSzeretem a, k\u00e9k szemedet,<br \/>\nszeretem a, mosolyod,<br \/>\nami\u00f3ta megl\u00e1ttalak,<br \/>\nolyan \u0151r\u00fclt, szerelmes vagyok.<br \/>\nSzeretem a, k\u00e9k szemedet,<br \/>\nszeretem a, mosolyod,<br \/>\nami\u00f3ta megl\u00e1ttalak,<br \/>\nolyan \u0151r\u00fclt, szerelmes vagyok.<br \/>\n&#8212;Sz\u00f3l\u00f3&#8212;<br \/>\nSzeretem a, k\u00e9k szemedet,<br \/>\nszeretem a, mosolyod,<br \/>\nami\u00f3ta megl\u00e1ttalak,<br \/>\nolyan \u0151r\u00fclt, szerelmes vagyok.<br \/>\nSzeretem a, k\u00e9k szemedet,<br \/>\nszeretem a, mosolyod,<br \/>\nami\u00f3ta megl\u00e1ttalak,<br \/>\nolyan \u0151r\u00fclt, szerelmes vagyok.<br \/>\nSzeretem a, k\u00e9k szemedet,<br \/>\nszeretem a, mosolyod,<br \/>\nami\u00f3ta megl\u00e1ttalak,<br \/>\nolyan \u0151r\u00fclt, szerelmes vagyok.<br \/>\nSzeretem a, k\u00e9k szemedet,<br \/>\nszeretem a, mosolyod,<br \/>\nami\u00f3ta megl\u00e1ttalak,<br \/>\nolyan \u0151r\u00fclt, szerelmes vagyok.<br \/>\n&#8212;V\u00e9ge&#8212;<\/p>\n","protected":false},"featured_media":8960,"template":"","meta":{"site-sidebar-layout":"default","site-content-layout":"default","ast-site-content-layout":"default","site-content-style":"default","site-sidebar-style":"default","ast-global-header-display":"","ast-banner-title-visibility":"","ast-main-header-display":"","ast-hfb-above-header-display":"","ast-hfb-below-header-display":"","ast-hfb-mobile-header-display":"","site-post-title":"","ast-breadcrumbs-content":"","ast-featured-img":"","footer-sml-layout":"","theme-transparent-header-meta":"default","adv-header-id-meta":"","stick-header-meta":"","header-above-stick-meta":"","header-main-stick-meta":"","header-below-stick-meta":"","astra-migrate-meta-layouts":"set","ast-page-background-enabled":"default","ast-page-background-meta":{"desktop":{"background-color":"var(--ast-global-color-4)","background-image":"","background-repeat":"repeat","background-position":"center center","background-size":"auto","background-attachment":"scroll","background-type":"","background-media":"","overlay-type":"","overlay-color":"","overlay-opacity":"","overlay-gradient":""},"tablet":{"background-color":"","background-image":"","background-repeat":"repeat","background-position":"center center","background-size":"auto","background-attachment":"scroll","background-type":"","background-media":"","overlay-type":"","overlay-color":"","overlay-opacity":"","overlay-gradient":""},"mobile":{"background-color":"","background-image":"","background-repeat":"repeat","background-position":"center center","background-size":"auto","background-attachment":"scroll","background-type":"","background-media":"","overlay-type":"","overlay-color":"","overlay-opacity":"","overlay-gradient":""}},"ast-content-background-meta":{"desktop":{"background-color":"var(--ast-global-color-5)","background-image":"","background-repeat":"repeat","background-position":"center center","background-size":"auto","background-attachment":"scroll","background-type":"","background-media":"","overlay-type":"","overlay-color":"","overlay-opacity":"","overlay-gradient":""},"tablet":{"background-color":"var(--ast-global-color-5)","background-image":"","background-repeat":"repeat","background-position":"center center","background-size":"auto","background-attachment":"scroll","background-type":"","background-media":"","overlay-type":"","overlay-color":"","overlay-opacity":"","overlay-gradient":""},"mobile":{"background-color":"var(--ast-global-color-5)","background-image":"","background-repeat":"repeat","background-position":"center center","background-size":"auto","background-attachment":"scroll","background-type":"","background-media":"","overlay-type":"","overlay-color":"","overlay-opacity":"","overlay-gradient":""}}},"product_cat":[48],"product_tag":[],"class_list":["post-14425","product","type-product","status-publish","has-post-thumbnail","hentry","product_cat-sunkaraoke-dalok","desktop-align-left","tablet-align-left","mobile-align-left"],"_links":{"self":[{"href":"https:\/\/www.sunkaraoke.hu\/index.php\/wp-json\/wp\/v2\/product\/14425","targetHints":{"allow":["GET"]}}],"collection":[{"href":"https:\/\/www.sunkaraoke.hu\/index.php\/wp-json\/wp\/v2\/product"}],"about":[{"href":"https:\/\/www.sunkaraoke.hu\/index.php\/wp-json\/wp\/v2\/types\/product"}],"wp:featuredmedia":[{"embeddable":true,"href":"https:\/\/www.sunkaraoke.hu\/index.php\/wp-json\/wp\/v2\/media\/8960"}],"wp:attachment":[{"href":"https:\/\/www.sunkaraoke.hu\/index.php\/wp-json\/wp\/v2\/media?parent=14425"}],"wp:term":[{"taxonomy":"product_cat","embeddable":true,"href":"https:\/\/www.sunkaraoke.hu\/index.php\/wp-json\/wp\/v2\/product_cat?post=14425"},{"taxonomy":"product_tag","embeddable":true,"href":"https:\/\/www.sunkaraoke.hu\/index.php\/wp-json\/wp\/v2\/product_tag?post=14425"}],"curies":[{"name":"wp","href":"https:\/\/api.w.org\/{rel}","templated":true}]}}