{"id":14417,"date":"2024-11-27T12:22:43","date_gmt":"2024-11-27T12:22:43","guid":{"rendered":"https:\/\/www.sunkaraoke.hu\/?post_type=product&#038;p=14417"},"modified":"2024-11-27T12:26:16","modified_gmt":"2024-11-27T12:26:16","slug":"radics-mark-neha-nem-akarok-2024-new","status":"publish","type":"product","link":"https:\/\/www.sunkaraoke.hu\/index.php\/termek\/radics-mark-neha-nem-akarok-2024-new\/","title":{"rendered":"<div class=\"wcmp-player-container product-14417\"><audio controlslist=\"nodownload\" data-product=\"14417\"  volume=\"1\"  preload=\"none\" data-lazyloading=\"none\" class=\"wcmp-player track mejs-classic\" data-duration=\"0:31\" data-estimated_duration=\"4\"><source src=\"https:\/\/www.sunkaraoke.hu\/wp-content\/uploads\/2024\/11\/Neeha-nem-akarok-2024.-New_demo.mp3\" type=\"audio\/mp3\" \/><\/audio><\/div>Radics M\u00e1rk: N\u00e9ha nem akarok 2024. NEW"},"content":{"rendered":"<p><b>03:09<\/b>| <strong><img loading=\"lazy\" decoding=\"async\" class=\"alignnone size-full wp-image-467\" src=\"https:\/\/www.sunkaraoke.hu\/wp-content\/uploads\/2022\/07\/choir_2-copy.webp\" alt=\"\" width=\"30\" height=\"30\" \/> <\/strong><\/p>\n","protected":false},"excerpt":{"rendered":"<h6><strong>Bits\u0171r\u0171s\u00e9g: 320kb\/s<\/strong><br \/>\n<strong>Hossz: 03:09<\/strong><br \/>\n<strong>Vok\u00e1lt tartalmaz: Nem <img loading=\"lazy\" decoding=\"async\" class=\"alignnone size-full wp-image-467\" src=\"http:\/\/www.sunkaraoke.hu\/wp-content\/uploads\/2022\/07\/choir_2-copy.png\" alt=\"\" width=\"30\" height=\"30\" \/><\/strong><strong style=\"font-size: 16px;\"><br \/>\n<\/strong><\/h6>\n<p>Sunkaraoke mp3 st\u00fadi\u00f3 \/ www.sunkaraoke.hu \/ Inf: Tel: 06 20 4275001<\/p>\n<p>&#8212;Intr\u00f3&#8212;<br \/>\nMit\u0151l sz\u00e9p a vil\u00e1g,<br \/>\nmit\u0151l j\u00f3 \u00e9lni igaz\u00e1n,<br \/>\nahol a k\u00f6nny boldogs\u00e1g,<br \/>\nahol nincs csal\u00f3d\u00e1s.<br \/>\nHa a f\u00f6ld\u00f6n l\u00e9tezik ilyen,<br \/>\n\u00e9n is folyton azt keresem,<br \/>\nha v\u00e9gre m\u00e9gis megtal\u00e1lom,<br \/>\nval\u00f3ra v\u00e1lik az \u00e1lmom.<br \/>\nN\u00e9ha elb\u00fajok egy kis sarokba,<br \/>\nahol a mag\u00e1nyommal vagyok,<br \/>\nn\u00e9ha mindent\u0151l t\u00e1vol,<br \/>\nsokszor boldog vagyok.<br \/>\nN\u00e9ha nem akarok senkit l\u00e1tni,<br \/>\ncsak akin\u00e9l a sz\u00edvem van,<br \/>\n\u00e9s ha az \u00fat v\u00e9g\u00e9re gondolok,<br \/>\nnekem \u0150 a legfontosabb.<br \/>\n&#8212;Sz\u00f3l\u00f3&#8212;<br \/>\nT\u0151led sz\u00e9p a vil\u00e1g,<br \/>\nveled j\u00f3 \u00e9lni igaz\u00e1n,<br \/>\nahol a nyugalmat megtal\u00e1lom,<br \/>\nte elhozod nekem az \u00e1lmom<br \/>\nHogyan tartsd meg a sz\u00edvem,<br \/>\nezt n\u00e9ha \u00e9n is megk\u00e9rdezem,<br \/>\nde a v\u00e1laszt m\u00e1r tudhatod,<br \/>\nmert veled boldog vagyok.<br \/>\nN\u00e9ha elb\u00fajok egy kis sarokba,<br \/>\nahol a mag\u00e1nyommal vagyok,<br \/>\nn\u00e9ha mindent\u0151l t\u00e1vol,<br \/>\nsokszor boldog vagyok.<br \/>\nN\u00e9ha nem akarok senkit l\u00e1tni,<br \/>\ncsak akin\u00e9l a sz\u00edvem van,<br \/>\n\u00e9s ha az \u00fat v\u00e9g\u00e9re gondolok,<br \/>\nnekem \u0150 a legfontosabb.<br \/>\nN\u00e9ha elb\u00fajok egy kis sarokba,<br \/>\nahol a mag\u00e1nyommal vagyok,<br \/>\nn\u00e9ha mindent\u0151l t\u00e1vol,<br \/>\nsokszor boldog vagyok.<br \/>\nN\u00e9ha nem akarok senkit l\u00e1tni,<br \/>\ncsak akin\u00e9l a sz\u00edvem van,<br \/>\n\u00e9s ha az \u00fat v\u00e9g\u00e9re gondolok,<br \/>\nnekem \u0150 a legfontosabb.<br \/>\n&#8212;V\u00e9ge&#8212;<\/p>\n","protected":false},"featured_media":14418,"template":"","meta":{"site-sidebar-layout":"default","site-content-layout":"default","ast-site-content-layout":"default","site-content-style":"default","site-sidebar-style":"default","ast-global-header-display":"","ast-banner-title-visibility":"","ast-main-header-display":"","ast-hfb-above-header-display":"","ast-hfb-below-header-display":"","ast-hfb-mobile-header-display":"","site-post-title":"","ast-breadcrumbs-content":"","ast-featured-img":"","footer-sml-layout":"","theme-transparent-header-meta":"default","adv-header-id-meta":"","stick-header-meta":"","header-above-stick-meta":"","header-main-stick-meta":"","header-below-stick-meta":"","astra-migrate-meta-layouts":"set","ast-page-background-enabled":"default","ast-page-background-meta":{"desktop":{"background-color":"var(--ast-global-color-4)","background-image":"","background-repeat":"repeat","background-position":"center center","background-size":"auto","background-attachment":"scroll","background-type":"","background-media":"","overlay-type":"","overlay-color":"","overlay-opacity":"","overlay-gradient":""},"tablet":{"background-color":"","background-image":"","background-repeat":"repeat","background-position":"center center","background-size":"auto","background-attachment":"scroll","background-type":"","background-media":"","overlay-type":"","overlay-color":"","overlay-opacity":"","overlay-gradient":""},"mobile":{"background-color":"","background-image":"","background-repeat":"repeat","background-position":"center center","background-size":"auto","background-attachment":"scroll","background-type":"","background-media":"","overlay-type":"","overlay-color":"","overlay-opacity":"","overlay-gradient":""}},"ast-content-background-meta":{"desktop":{"background-color":"var(--ast-global-color-5)","background-image":"","background-repeat":"repeat","background-position":"center center","background-size":"auto","background-attachment":"scroll","background-type":"","background-media":"","overlay-type":"","overlay-color":"","overlay-opacity":"","overlay-gradient":""},"tablet":{"background-color":"var(--ast-global-color-5)","background-image":"","background-repeat":"repeat","background-position":"center center","background-size":"auto","background-attachment":"scroll","background-type":"","background-media":"","overlay-type":"","overlay-color":"","overlay-opacity":"","overlay-gradient":""},"mobile":{"background-color":"var(--ast-global-color-5)","background-image":"","background-repeat":"repeat","background-position":"center center","background-size":"auto","background-attachment":"scroll","background-type":"","background-media":"","overlay-type":"","overlay-color":"","overlay-opacity":"","overlay-gradient":""}}},"product_cat":[48],"product_tag":[],"class_list":["post-14417","product","type-product","status-publish","has-post-thumbnail","hentry","product_cat-sunkaraoke-dalok","desktop-align-left","tablet-align-left","mobile-align-left"],"_links":{"self":[{"href":"https:\/\/www.sunkaraoke.hu\/index.php\/wp-json\/wp\/v2\/product\/14417","targetHints":{"allow":["GET"]}}],"collection":[{"href":"https:\/\/www.sunkaraoke.hu\/index.php\/wp-json\/wp\/v2\/product"}],"about":[{"href":"https:\/\/www.sunkaraoke.hu\/index.php\/wp-json\/wp\/v2\/types\/product"}],"wp:featuredmedia":[{"embeddable":true,"href":"https:\/\/www.sunkaraoke.hu\/index.php\/wp-json\/wp\/v2\/media\/14418"}],"wp:attachment":[{"href":"https:\/\/www.sunkaraoke.hu\/index.php\/wp-json\/wp\/v2\/media?parent=14417"}],"wp:term":[{"taxonomy":"product_cat","embeddable":true,"href":"https:\/\/www.sunkaraoke.hu\/index.php\/wp-json\/wp\/v2\/product_cat?post=14417"},{"taxonomy":"product_tag","embeddable":true,"href":"https:\/\/www.sunkaraoke.hu\/index.php\/wp-json\/wp\/v2\/product_tag?post=14417"}],"curies":[{"name":"wp","href":"https:\/\/api.w.org\/{rel}","templated":true}]}}