{"id":14391,"date":"2024-11-24T13:45:09","date_gmt":"2024-11-24T13:45:09","guid":{"rendered":"https:\/\/www.sunkaraoke.hu\/?post_type=product&#038;p=14391"},"modified":"2024-11-24T13:46:33","modified_gmt":"2024-11-24T13:46:33","slug":"fejsze-jozsi-egyszer-majd-fajni-fog-2024-new","status":"publish","type":"product","link":"https:\/\/www.sunkaraoke.hu\/index.php\/termek\/fejsze-jozsi-egyszer-majd-fajni-fog-2024-new\/","title":{"rendered":"<div class=\"wcmp-player-container product-14391\"><audio controlslist=\"nodownload\" data-product=\"14391\"  volume=\"1\"  preload=\"none\" data-lazyloading=\"none\" class=\"wcmp-player track mejs-classic\" data-duration=\"0:32\" data-estimated_duration=\"4\"><source src=\"https:\/\/www.sunkaraoke.hu\/wp-content\/uploads\/2024\/11\/Egyszer-majd-fajni-2024_demo.mp3\" type=\"audio\/mp3\" \/><\/audio><\/div>Fejsze J\u00f3zsi: Egyszer majd f\u00e1jni fog 2024. NEW"},"content":{"rendered":"<p><strong>03:29<\/strong>\u00a0| <strong><img loading=\"lazy\" decoding=\"async\" class=\"alignnone size-full wp-image-467\" src=\"https:\/\/www.sunkaraoke.hu\/wp-content\/uploads\/2022\/07\/choir_2-copy.webp\" alt=\"\" width=\"30\" height=\"30\" \/> | <img decoding=\"async\" src=\"https:\/\/www.sunkaraoke.hu\/wp-content\/uploads\/2022\/07\/transzponalas.webp\" \/> \u00a0<\/strong><\/p>\n","protected":false},"excerpt":{"rendered":"<h6><strong>Bits\u0171r\u0171s\u00e9g: 320kb\/s<\/strong><br \/>\n<strong>Hossz: 03:29<\/strong><br \/>\n<strong>Vok\u00e1lt tartalmaz: Nem <img loading=\"lazy\" decoding=\"async\" class=\"alignnone size-full wp-image-467\" src=\"http:\/\/www.sunkaraoke.hu\/wp-content\/uploads\/2022\/07\/choir_2-copy.png\" alt=\"\" width=\"30\" height=\"30\" \/><\/strong><\/h6>\n<p>Sunkaraoke mp3 st\u00fadi\u00f3 \/ www.sunkaraoke.hu \/ Inf: Tel: 06 20 4275001<\/p>\n<p>&#8212;Intr\u00f3&#8212;<br \/>\nOtt \u00e1lltam n\u00e9m\u00e1n, \u00e9s nem hittem hogy v\u00e9get \u00e9r,<br \/>\ncsak annyit \u00edrt hogy elhagy most egy m\u00e1sik\u00e9rt.<br \/>\nH\u00e1t b\u00facs\u00fat intek, hisz, egyszer minden v\u00e9get \u00e9r,<br \/>\nde s\u00edrni fogsz m\u00e9g az elmulasztott percek\u00e9rt.<br \/>\nEgyszer majd f\u00e1jni fog m\u00e9g a sz\u00edved,<br \/>\ns\u00edrsz majd a boldog percek ut\u00e1n,<br \/>\nf\u00e1jni fog, hogy mindennek v\u00e9ge m\u00e1r.<br \/>\nEgyszer majd, f\u00e1jni fog m\u00e9g a sz\u00edved,<br \/>\negyszer majd f\u00e1jni fog m\u00e9g tal\u00e1n,<br \/>\n\u00e9s csendben s\u00edrsz majd ott, hol senki sem l\u00e1t.<br \/>\n&#8212;Sz\u00f3l\u00f3&#8212;<br \/>\nB\u00facs\u00fat venni \u00f6r\u00f6kre t\u0151led oly neh\u00e9z,<br \/>\nm\u00e1st dikt\u00e1l a sz\u00edv, \u00e9s m\u00e1st a j\u00f3zan \u00e9sz.<br \/>\nDe b\u00facs\u00fat intek, hisz, egyszer minden v\u00e9get \u00e9r,<br \/>\nde s\u00edrhatsz majd az elmulasztott percek\u00e9rt.<br \/>\nEgyszer majd f\u00e1jni fog m\u00e9g a sz\u00edved,<br \/>\ns\u00edrsz majd a boldog percek ut\u00e1n,<br \/>\nf\u00e1jni fog, hogy mindennek v\u00e9ge m\u00e1r.<br \/>\nEgyszer majd, f\u00e1jni fog m\u00e9g a sz\u00edved,<br \/>\negyszer majd f\u00e1jni fog m\u00e9g tal\u00e1n,<br \/>\n\u00e9s csendben s\u00edrsz majd ott, hol senki sem l\u00e1t.<br \/>\n&#8212;Sz\u00f3l\u00f3&#8212;<br \/>\nEgyszer majd f\u00e1jni fog m\u00e9g a sz\u00edved,<br \/>\ns\u00edrsz majd a boldog percek ut\u00e1n,<br \/>\nf\u00e1jni fog, hogy mindennek v\u00e9ge m\u00e1r.<br \/>\nEgyszer majd, f\u00e1jni fog m\u00e9g a sz\u00edved,<br \/>\negyszer majd f\u00e1jni fog m\u00e9g tal\u00e1n,<br \/>\n\u00e9s csendben s\u00edrsz majd ott, hol senki sem l\u00e1t.<br \/>\n&#8212;V\u00e9ge&#8212;<\/p>\n","protected":false},"featured_media":14394,"template":"","meta":{"site-sidebar-layout":"default","site-content-layout":"default","ast-site-content-layout":"default","site-content-style":"default","site-sidebar-style":"default","ast-global-header-display":"","ast-banner-title-visibility":"","ast-main-header-display":"","ast-hfb-above-header-display":"","ast-hfb-below-header-display":"","ast-hfb-mobile-header-display":"","site-post-title":"","ast-breadcrumbs-content":"","ast-featured-img":"","footer-sml-layout":"","theme-transparent-header-meta":"default","adv-header-id-meta":"","stick-header-meta":"","header-above-stick-meta":"","header-main-stick-meta":"","header-below-stick-meta":"","astra-migrate-meta-layouts":"set","ast-page-background-enabled":"default","ast-page-background-meta":{"desktop":{"background-color":"var(--ast-global-color-4)","background-image":"","background-repeat":"repeat","background-position":"center center","background-size":"auto","background-attachment":"scroll","background-type":"","background-media":"","overlay-type":"","overlay-color":"","overlay-opacity":"","overlay-gradient":""},"tablet":{"background-color":"","background-image":"","background-repeat":"repeat","background-position":"center center","background-size":"auto","background-attachment":"scroll","background-type":"","background-media":"","overlay-type":"","overlay-color":"","overlay-opacity":"","overlay-gradient":""},"mobile":{"background-color":"","background-image":"","background-repeat":"repeat","background-position":"center center","background-size":"auto","background-attachment":"scroll","background-type":"","background-media":"","overlay-type":"","overlay-color":"","overlay-opacity":"","overlay-gradient":""}},"ast-content-background-meta":{"desktop":{"background-color":"var(--ast-global-color-5)","background-image":"","background-repeat":"repeat","background-position":"center center","background-size":"auto","background-attachment":"scroll","background-type":"","background-media":"","overlay-type":"","overlay-color":"","overlay-opacity":"","overlay-gradient":""},"tablet":{"background-color":"var(--ast-global-color-5)","background-image":"","background-repeat":"repeat","background-position":"center center","background-size":"auto","background-attachment":"scroll","background-type":"","background-media":"","overlay-type":"","overlay-color":"","overlay-opacity":"","overlay-gradient":""},"mobile":{"background-color":"var(--ast-global-color-5)","background-image":"","background-repeat":"repeat","background-position":"center center","background-size":"auto","background-attachment":"scroll","background-type":"","background-media":"","overlay-type":"","overlay-color":"","overlay-opacity":"","overlay-gradient":""}}},"product_cat":[48],"product_tag":[],"class_list":["post-14391","product","type-product","status-publish","has-post-thumbnail","hentry","product_cat-sunkaraoke-dalok","desktop-align-left","tablet-align-left","mobile-align-left"],"_links":{"self":[{"href":"https:\/\/www.sunkaraoke.hu\/index.php\/wp-json\/wp\/v2\/product\/14391","targetHints":{"allow":["GET"]}}],"collection":[{"href":"https:\/\/www.sunkaraoke.hu\/index.php\/wp-json\/wp\/v2\/product"}],"about":[{"href":"https:\/\/www.sunkaraoke.hu\/index.php\/wp-json\/wp\/v2\/types\/product"}],"wp:featuredmedia":[{"embeddable":true,"href":"https:\/\/www.sunkaraoke.hu\/index.php\/wp-json\/wp\/v2\/media\/14394"}],"wp:attachment":[{"href":"https:\/\/www.sunkaraoke.hu\/index.php\/wp-json\/wp\/v2\/media?parent=14391"}],"wp:term":[{"taxonomy":"product_cat","embeddable":true,"href":"https:\/\/www.sunkaraoke.hu\/index.php\/wp-json\/wp\/v2\/product_cat?post=14391"},{"taxonomy":"product_tag","embeddable":true,"href":"https:\/\/www.sunkaraoke.hu\/index.php\/wp-json\/wp\/v2\/product_tag?post=14391"}],"curies":[{"name":"wp","href":"https:\/\/api.w.org\/{rel}","templated":true}]}}