{"id":14357,"date":"2024-11-22T17:18:07","date_gmt":"2024-11-22T17:18:07","guid":{"rendered":"https:\/\/www.sunkaraoke.hu\/?post_type=product&#038;p=14357"},"modified":"2024-11-22T17:19:16","modified_gmt":"2024-11-22T17:19:16","slug":"kaczor-ferenc-akacfa-2024-new","status":"publish","type":"product","link":"https:\/\/www.sunkaraoke.hu\/index.php\/termek\/kaczor-ferenc-akacfa-2024-new\/","title":{"rendered":"<div class=\"wcmp-player-container product-14357\"><audio controlslist=\"nodownload\" data-product=\"14357\"  volume=\"1\"  preload=\"none\" data-lazyloading=\"none\" class=\"wcmp-player track mejs-classic\" data-duration=\"0:35\" data-estimated_duration=\"4\"><source src=\"https:\/\/www.sunkaraoke.hu\/wp-content\/uploads\/2024\/11\/Akacfa-Kaczor_demo.mp3\" type=\"audio\/mp3\" \/><\/audio><\/div>Kaczor Ferenc &#8211; Ak\u00e1cfa 2024. NEW"},"content":{"rendered":"<p><strong>03:05<\/strong>\u00a0| <strong><img loading=\"lazy\" decoding=\"async\" class=\"alignnone size-full wp-image-467\" src=\"https:\/\/www.sunkaraoke.hu\/wp-content\/uploads\/2022\/07\/choir_2-copy.webp\" alt=\"\" width=\"30\" height=\"30\" \/> | <img decoding=\"async\" src=\"https:\/\/www.sunkaraoke.hu\/wp-content\/uploads\/2022\/07\/transzponalas.webp\" \/> \u00a0<\/strong><\/p>\n","protected":false},"excerpt":{"rendered":"<h6><strong>Bits\u0171r\u0171s\u00e9g: 320kb\/s<\/strong><br \/>\n<strong>Hossz: 03:05<\/strong><br \/>\n<strong>Vok\u00e1lt tartalmaz: Nem <img loading=\"lazy\" decoding=\"async\" class=\"alignnone size-full wp-image-467\" src=\"http:\/\/www.sunkaraoke.hu\/wp-content\/uploads\/2022\/07\/choir_2-copy.png\" alt=\"\" width=\"30\" height=\"30\" \/><\/strong><\/h6>\n<p>Sunkaraoke mp3 st\u00fadi\u00f3 \/ www.sunkaraoke.hu \/ Inf: Tel: 06 20 4275001<\/p>\n<p>&#8212;Intr\u00f3&#8212;<br \/>\nEgyszer ny\u00e1ron, h\u0171s hajnalban,<br \/>\nszomsz\u00e9d kertbe n\u00e9ztem \u00e1t,<br \/>\nalm\u00e1t szedni l\u00e1ttam \u00e9n ott,<br \/>\negy csodasz\u00e9p barna l\u00e1nyt.<br \/>\nElpirultam, els\u00e1padtam, s nagy zavarban \u00edgy sz\u00f3ltam,<br \/>\nv\u00e1rni foglak \u00e9des t\u00e9ged minden hajnalban.<br \/>\nSej, haj ak\u00e1cfa hullatja a level\u00e9t,<br \/>\nkisl\u00e1ny, szerelmes lettem \u00e9n most tebel\u00e9d,<br \/>\nsej, haj azt mondom, l\u00e9gy a galambom,<br \/>\nmert \u00fagy szeretlek \u00e9n.<br \/>\nSej, haj ak\u00e1cfa hullatja a level\u00e9t,<br \/>\nkisl\u00e1ny, szerelmes lettem \u00e9n most tebel\u00e9d,<br \/>\nsej, haj azt mondom, l\u00e9gy a galambom,<br \/>\nmert \u00fagy szeretlek \u00e9n.<br \/>\n\u00c1m de erre ott a kertben azt felelte a le\u00e1ny,<br \/>\nn\u00e9zz csak arra fel e hegyre, ott vonul sok partiz\u00e1n.<br \/>\nNekem is most el kell mennem a csat\u00e1ba \u0151vel\u00fck,<br \/>\nitt az ellens\u00e9g, h\u00e1t harcolj te is ellen\u00fck!<br \/>\nSej haj ak\u00e1cfa hullajtja a levelet,<br \/>\nisten meg\u00e1ldjon nem mehetek teveled.<br \/>\nSej haj azt mondom l\u00e9gy a galambom t\u00e1n m\u00e9g tal\u00e1lkozunk!<br \/>\nSej haj ak\u00e1cfa hullajtja a levelet,<br \/>\nisten meg\u00e1ldjon nem mehetek teveled.<br \/>\nSej haj azt mondom l\u00e9gy a galambom t\u00e1n m\u00e9g tal\u00e1lkozunk!<br \/>\n&#8212;Sz\u00f3l\u00f3&#8212;<br \/>\nBarna kisl\u00e1ny perd\u00fclt-fordult, t\u0151lem messze elfutott,<br \/>\nf\u00e1j a sz\u00edvem mert az\u00f3ta csak a b\u00e1nat fojtogat.<br \/>\nMit tehettem felkerestem a partiz\u00e1nok t\u00e1bor\u00e1t,<br \/>\nott tal\u00e1ltam \u0151t, a kisl\u00e1nyt mint egy katon\u00e1t!<br \/>\nSej, haj ak\u00e1cfa hullatja a level\u00e9t,<br \/>\nkisl\u00e1ny, szerelmes lettem \u00e9n most tebel\u00e9d,<br \/>\nsej, haj azt mondom, l\u00e9gy a galambom,<br \/>\nmert \u00fagy szeretlek \u00e9n.<br \/>\nSej, haj ak\u00e1cfa hullatja a level\u00e9t,<br \/>\nkisl\u00e1ny, szerelmes lettem \u00e9n most tebel\u00e9d,<br \/>\nsej, haj azt mondom, l\u00e9gy a galambom,<br \/>\nmert \u00fagy szeretlek \u00e9n.<br \/>\n&#8212;V\u00e9ge&#8212;<\/p>\n","protected":false},"featured_media":8960,"template":"","meta":{"site-sidebar-layout":"default","site-content-layout":"default","ast-site-content-layout":"default","site-content-style":"default","site-sidebar-style":"default","ast-global-header-display":"","ast-banner-title-visibility":"","ast-main-header-display":"","ast-hfb-above-header-display":"","ast-hfb-below-header-display":"","ast-hfb-mobile-header-display":"","site-post-title":"","ast-breadcrumbs-content":"","ast-featured-img":"","footer-sml-layout":"","theme-transparent-header-meta":"default","adv-header-id-meta":"","stick-header-meta":"","header-above-stick-meta":"","header-main-stick-meta":"","header-below-stick-meta":"","astra-migrate-meta-layouts":"set","ast-page-background-enabled":"default","ast-page-background-meta":{"desktop":{"background-color":"var(--ast-global-color-4)","background-image":"","background-repeat":"repeat","background-position":"center center","background-size":"auto","background-attachment":"scroll","background-type":"","background-media":"","overlay-type":"","overlay-color":"","overlay-opacity":"","overlay-gradient":""},"tablet":{"background-color":"","background-image":"","background-repeat":"repeat","background-position":"center center","background-size":"auto","background-attachment":"scroll","background-type":"","background-media":"","overlay-type":"","overlay-color":"","overlay-opacity":"","overlay-gradient":""},"mobile":{"background-color":"","background-image":"","background-repeat":"repeat","background-position":"center center","background-size":"auto","background-attachment":"scroll","background-type":"","background-media":"","overlay-type":"","overlay-color":"","overlay-opacity":"","overlay-gradient":""}},"ast-content-background-meta":{"desktop":{"background-color":"var(--ast-global-color-5)","background-image":"","background-repeat":"repeat","background-position":"center center","background-size":"auto","background-attachment":"scroll","background-type":"","background-media":"","overlay-type":"","overlay-color":"","overlay-opacity":"","overlay-gradient":""},"tablet":{"background-color":"var(--ast-global-color-5)","background-image":"","background-repeat":"repeat","background-position":"center center","background-size":"auto","background-attachment":"scroll","background-type":"","background-media":"","overlay-type":"","overlay-color":"","overlay-opacity":"","overlay-gradient":""},"mobile":{"background-color":"var(--ast-global-color-5)","background-image":"","background-repeat":"repeat","background-position":"center center","background-size":"auto","background-attachment":"scroll","background-type":"","background-media":"","overlay-type":"","overlay-color":"","overlay-opacity":"","overlay-gradient":""}}},"product_cat":[48],"product_tag":[],"class_list":["post-14357","product","type-product","status-publish","has-post-thumbnail","hentry","product_cat-sunkaraoke-dalok","desktop-align-left","tablet-align-left","mobile-align-left"],"_links":{"self":[{"href":"https:\/\/www.sunkaraoke.hu\/index.php\/wp-json\/wp\/v2\/product\/14357","targetHints":{"allow":["GET"]}}],"collection":[{"href":"https:\/\/www.sunkaraoke.hu\/index.php\/wp-json\/wp\/v2\/product"}],"about":[{"href":"https:\/\/www.sunkaraoke.hu\/index.php\/wp-json\/wp\/v2\/types\/product"}],"wp:featuredmedia":[{"embeddable":true,"href":"https:\/\/www.sunkaraoke.hu\/index.php\/wp-json\/wp\/v2\/media\/8960"}],"wp:attachment":[{"href":"https:\/\/www.sunkaraoke.hu\/index.php\/wp-json\/wp\/v2\/media?parent=14357"}],"wp:term":[{"taxonomy":"product_cat","embeddable":true,"href":"https:\/\/www.sunkaraoke.hu\/index.php\/wp-json\/wp\/v2\/product_cat?post=14357"},{"taxonomy":"product_tag","embeddable":true,"href":"https:\/\/www.sunkaraoke.hu\/index.php\/wp-json\/wp\/v2\/product_tag?post=14357"}],"curies":[{"name":"wp","href":"https:\/\/api.w.org\/{rel}","templated":true}]}}