{"id":14352,"date":"2024-11-21T16:11:24","date_gmt":"2024-11-21T16:11:24","guid":{"rendered":"https:\/\/www.sunkaraoke.hu\/?post_type=product&#038;p=14352"},"modified":"2025-03-28T15:42:25","modified_gmt":"2025-03-28T15:42:25","slug":"tesok-attila-elrontottam","status":"publish","type":"product","link":"https:\/\/www.sunkaraoke.hu\/index.php\/termek\/tesok-attila-elrontottam\/","title":{"rendered":"<div class=\"wcmp-player-container product-14352\"><audio controlslist=\"nodownload\" data-product=\"14352\"  volume=\"1\"  preload=\"none\" data-lazyloading=\"none\" class=\"wcmp-player track mejs-classic\" data-duration=\"0:33\" data-estimated_duration=\"4\"><source src=\"https:\/\/www.sunkaraoke.hu\/wp-content\/uploads\/2024\/11\/Tesok-Elrontottam.mp3\" type=\"audio\/mp3\" \/><\/audio><\/div>Tes\u00f3k Attila- Elrontottam (Original)"},"content":{"rendered":"<p><strong>03:10<\/strong>\u00a0| <strong><img loading=\"lazy\" decoding=\"async\" class=\"alignnone size-full wp-image-467\" src=\"https:\/\/www.sunkaraoke.hu\/wp-content\/uploads\/2022\/07\/choir_2-copy.webp\" alt=\"\" width=\"30\" height=\"30\" \/> \u00a0<\/strong><\/p>\n","protected":false},"excerpt":{"rendered":"<h6><strong>Bits\u0171r\u0171s\u00e9g: 320kb\/s<\/strong><br \/>\n<strong>Hossz: 03:10<\/strong><\/h6>\n<h6><strong>Vok\u00e1lt tartalmaz: Nem <img loading=\"lazy\" decoding=\"async\" class=\"alignnone size-full wp-image-467\" src=\"http:\/\/www.sunkaraoke.hu\/wp-content\/uploads\/2022\/07\/choir_2-copy.png\" alt=\"\" width=\"30\" height=\"30\" \/><\/strong><\/h6>\n<p>Sunkaraoke mp3 st\u00fadi\u00f3 \/ www.sunkaraoke.hu \/ Inf: Tel: 06 20 4275001<\/p>\n<p>Elrontottam m\u00e1r megint \u00e9rzem,<br \/>\nmessze v\u00e1ndorolt el a sz\u00edvem,<br \/>\nmit sz\u00f3lsz bab\u00e1m, holnap egy k\u00e1v\u00e9,<br \/>\nbesz\u00e9lj\u00fck meg nem lehetsz m\u00e1s\u00e9.<br \/>\n&#8212;-Sz\u00f3l\u00f3&#8212;<br \/>\nMent mendeg\u00e9lt, szerelm\u00fcnk l\u00e1ngra lobbant,<br \/>\nazt\u00e1n let\u00e9rt, elf\u00e1rad \u00e9s lerobbant.<br \/>\nM\u00e9g el sem b\u00facs\u00fazott sz\u00edvem majdnem meg\u00e1llt,<br \/>\nutols\u00f3 er\u0151vel ma m\u00e9g, \u00e9rted ki\u00e1lt.<br \/>\nElrontottam m\u00e1r megint \u00e9rzem,<br \/>\nmessze v\u00e1ndorolt el a sz\u00edvem,<br \/>\nmit sz\u00f3lsz bab\u00e1m, holnap egy k\u00e1v\u00e9,<br \/>\nbesz\u00e9lj\u00fck meg nem lehetsz m\u00e1s\u00e9.<br \/>\nElrontottam most is \u00fagy b\u00e1nom,<br \/>\nesk\u00fcsz\u00f6m \u00e9n vissza csin\u00e1lom.<br \/>\nElrontottam most is \u00fagy \u00e9rzem,<br \/>\nlegyen \u00fajra \u00fagy ahogy r\u00e9gen.<br \/>\n&#8212;Sz\u00f3l\u00f3&#8212;<br \/>\nSenki sem \u00e9rt, mert r\u00e9gen m\u00e1st mutattam,<br \/>\nz\u00fcll\u00f6ttem \u00e9n, sok \u00e9jjelt \u00e1tmulattam.<br \/>\nMellette j\u00f3 \u00faton vagyok, l\u00e1tom a f\u00e9nyt,<br \/>\nf\u0151leg ha adni fog nekem m\u00e9g egy es\u00e9lyt.<br \/>\nElrontottam m\u00e1r megint \u00e9rzem,<br \/>\nmessze v\u00e1ndorolt el a sz\u00edvem,<br \/>\nmit sz\u00f3lsz bab\u00e1m, holnap egy k\u00e1v\u00e9,<br \/>\nbesz\u00e9lj\u00fck meg nem lehetsz m\u00e1s\u00e9.<br \/>\nElrontottam most is \u00fagy b\u00e1nom,<br \/>\nesk\u00fcsz\u00f6m \u00e9n vissza csin\u00e1lom.<br \/>\nElrontottam most is \u00fagy \u00e9rzem,<br \/>\nlegyen \u00fajra \u00fagy ahogy r\u00e9gen.<br \/>\n\u00d3hh&#8230;sajn\u00e1lom \u00e9n&#8230;visszav\u00e1rom \u00e9n&#8230;<br \/>\nElrontottam m\u00e1r megint \u00e9rzem,<br \/>\nmessze v\u00e1ndorolt el a sz\u00edvem,<br \/>\nmit sz\u00f3lsz bab\u00e1m, holnap egy k\u00e1v\u00e9,<br \/>\nbesz\u00e9lj\u00fck meg nem lehetsz m\u00e1s\u00e9.<br \/>\nElrontottam most is \u00fagy b\u00e1nom,<br \/>\nesk\u00fcsz\u00f6m \u00e9n vissza csin\u00e1lom.<br \/>\nElrontottam most is \u00fagy \u00e9rzem,<br \/>\nlegyen \u00fajra \u00fagy ahogy r\u00e9gen.<br \/>\nElrontottam m\u00e1r megint \u00e9rzem,<br \/>\nmessze v\u00e1ndorolt el a sz\u00edvem,<br \/>\nmit sz\u00f3lsz bab\u00e1m, holnap egy k\u00e1v\u00e9,<br \/>\nbesz\u00e9lj\u00fck meg nem lehetsz m\u00e1s\u00e9.<br \/>\nElrontottam most is \u00fagy b\u00e1nom,<br \/>\nesk\u00fcsz\u00f6m \u00e9n vissza csin\u00e1lom.<br \/>\nElrontottam most is \u00fagy \u00e9rzem,<br \/>\nlegyen \u00fajra \u00fagy ahogy r\u00e9gen.<br \/>\n&#8212;V\u00e9ge&#8212;<\/p>\n","protected":false},"featured_media":8715,"template":"","meta":{"site-sidebar-layout":"default","site-content-layout":"default","ast-site-content-layout":"default","site-content-style":"default","site-sidebar-style":"default","ast-global-header-display":"","ast-banner-title-visibility":"","ast-main-header-display":"","ast-hfb-above-header-display":"","ast-hfb-below-header-display":"","ast-hfb-mobile-header-display":"","site-post-title":"","ast-breadcrumbs-content":"","ast-featured-img":"","footer-sml-layout":"","theme-transparent-header-meta":"default","adv-header-id-meta":"","stick-header-meta":"","header-above-stick-meta":"","header-main-stick-meta":"","header-below-stick-meta":"","astra-migrate-meta-layouts":"set","ast-page-background-enabled":"default","ast-page-background-meta":{"desktop":{"background-color":"var(--ast-global-color-4)","background-image":"","background-repeat":"repeat","background-position":"center center","background-size":"auto","background-attachment":"scroll","background-type":"","background-media":"","overlay-type":"","overlay-color":"","overlay-opacity":"","overlay-gradient":""},"tablet":{"background-color":"","background-image":"","background-repeat":"repeat","background-position":"center center","background-size":"auto","background-attachment":"scroll","background-type":"","background-media":"","overlay-type":"","overlay-color":"","overlay-opacity":"","overlay-gradient":""},"mobile":{"background-color":"","background-image":"","background-repeat":"repeat","background-position":"center center","background-size":"auto","background-attachment":"scroll","background-type":"","background-media":"","overlay-type":"","overlay-color":"","overlay-opacity":"","overlay-gradient":""}},"ast-content-background-meta":{"desktop":{"background-color":"var(--ast-global-color-5)","background-image":"","background-repeat":"repeat","background-position":"center center","background-size":"auto","background-attachment":"scroll","background-type":"","background-media":"","overlay-type":"","overlay-color":"","overlay-opacity":"","overlay-gradient":""},"tablet":{"background-color":"var(--ast-global-color-5)","background-image":"","background-repeat":"repeat","background-position":"center center","background-size":"auto","background-attachment":"scroll","background-type":"","background-media":"","overlay-type":"","overlay-color":"","overlay-opacity":"","overlay-gradient":""},"mobile":{"background-color":"var(--ast-global-color-5)","background-image":"","background-repeat":"repeat","background-position":"center center","background-size":"auto","background-attachment":"scroll","background-type":"","background-media":"","overlay-type":"","overlay-color":"","overlay-opacity":"","overlay-gradient":""}}},"product_cat":[48],"product_tag":[],"class_list":["post-14352","product","type-product","status-publish","has-post-thumbnail","hentry","product_cat-sunkaraoke-dalok","desktop-align-left","tablet-align-left","mobile-align-left"],"_links":{"self":[{"href":"https:\/\/www.sunkaraoke.hu\/index.php\/wp-json\/wp\/v2\/product\/14352","targetHints":{"allow":["GET"]}}],"collection":[{"href":"https:\/\/www.sunkaraoke.hu\/index.php\/wp-json\/wp\/v2\/product"}],"about":[{"href":"https:\/\/www.sunkaraoke.hu\/index.php\/wp-json\/wp\/v2\/types\/product"}],"wp:featuredmedia":[{"embeddable":true,"href":"https:\/\/www.sunkaraoke.hu\/index.php\/wp-json\/wp\/v2\/media\/8715"}],"wp:attachment":[{"href":"https:\/\/www.sunkaraoke.hu\/index.php\/wp-json\/wp\/v2\/media?parent=14352"}],"wp:term":[{"taxonomy":"product_cat","embeddable":true,"href":"https:\/\/www.sunkaraoke.hu\/index.php\/wp-json\/wp\/v2\/product_cat?post=14352"},{"taxonomy":"product_tag","embeddable":true,"href":"https:\/\/www.sunkaraoke.hu\/index.php\/wp-json\/wp\/v2\/product_tag?post=14352"}],"curies":[{"name":"wp","href":"https:\/\/api.w.org\/{rel}","templated":true}]}}