{"id":14348,"date":"2024-11-21T14:56:49","date_gmt":"2024-11-21T14:56:49","guid":{"rendered":"https:\/\/www.sunkaraoke.hu\/?post_type=product&#038;p=14348"},"modified":"2024-11-21T14:57:54","modified_gmt":"2024-11-21T14:57:54","slug":"bitto-duo-miert-nem-jossz-2024-new","status":"publish","type":"product","link":"https:\/\/www.sunkaraoke.hu\/index.php\/termek\/bitto-duo-miert-nem-jossz-2024-new\/","title":{"rendered":"<div class=\"wcmp-player-container product-14348\"><audio controlslist=\"nodownload\" data-product=\"14348\"  volume=\"1\"  preload=\"none\" data-lazyloading=\"none\" class=\"wcmp-player track mejs-classic\" data-duration=\"0:31\" data-estimated_duration=\"4\"><source src=\"https:\/\/www.sunkaraoke.hu\/wp-content\/uploads\/2024\/11\/Miert-nem-joossz-demo.mp3\" type=\"audio\/mp3\" \/><\/audio><\/div>Bitt\u00f3 Du\u00f3 &#8211; Mi\u00e9rt nem j\u00f6ssz 2024. NEW"},"content":{"rendered":"<p><strong>03:39<\/strong>| <strong><img loading=\"lazy\" decoding=\"async\" class=\"alignnone size-full wp-image-467\" src=\"https:\/\/www.sunkaraoke.hu\/wp-content\/uploads\/2022\/07\/choir_2-copy.webp\" alt=\"\" width=\"30\" height=\"30\" \/> <\/strong><\/p>\n","protected":false},"excerpt":{"rendered":"<h6><strong>Bits\u0171r\u0171s\u00e9g: 320kb\/s<\/strong><\/h6>\n<h6><strong>Hossz: 03:39<\/strong><\/h6>\n<h6><strong>Vok\u00e1l: Nem <img loading=\"lazy\" decoding=\"async\" class=\"alignnone size-full wp-image-467\" src=\"http:\/\/www.sunkaraoke.hu\/wp-content\/uploads\/2022\/07\/choir_2-copy.png\" alt=\"\" width=\"30\" height=\"30\" \/><\/strong><\/h6>\n<p>Sunkaraoke mp3 st\u00fadi\u00f3 \/ www.sunkaraoke.hu \/ Inf: Tel: 06 20 4275001<\/p>\n<p>&#8212;Intr\u00f3&#8212;<br \/>\nA tornyok felett, lesz\u00e1ll az este,<br \/>\na sz\u00edvem v\u00e1r, t\u00e9ged remegve.<br \/>\nElj\u00f6ssz-e hozz\u00e1m, a holdat k\u00e9rdem,<br \/>\nnem felelt semmit, csak b\u00f3lint n\u00e9kem.<br \/>\n\u00c1llok \u00e9s v\u00e1rok, semmi rem\u00e9nyem,<br \/>\na sz\u00edvem jajdul, nem l\u00e1tlak t\u00e9ged.<br \/>\nMi\u00e9rt nem j\u00f6ssz el, hisz \u00fagy \u00edg\u00e9rted,<br \/>\n\u00f3h nagy szavak, elsz\u00e1llnak a f\u00fcsttel.<br \/>\nMi\u00e9rt nem j\u00f6ssz el, hisz \u00fagy \u00edg\u00e9rted,<br \/>\n\u00f3h nagy szavak, elsz\u00e1llnak a f\u00fcsttel.<br \/>\n&#8212;Sz\u00f3l\u00f3&#8212;<br \/>\nEgy nap m\u00e9g j\u00e1rtunk, egy\u00fctt az utc\u00e1n,<br \/>\n\u00e9s mindaz ami sz\u00e9p volt, t\u0151led \u00fagy elsz\u00e1llt.<br \/>\nTudom hogy \u00e1lom, tudom hogy v\u00e9ge,<br \/>\n\u00e9s k\u00f6nnyes szemmel n\u00e9zek az \u00e9gre.<br \/>\nSz\u00f3ljatok csillagok,mondj\u00e1tok l\u00e1tt\u00e1tok,<br \/>\ns a kett\u0151nk sz\u00edv\u00e9re, ott fent vigy\u00e1zzatok.<br \/>\nMi\u00e9rt nem j\u00f6ssz el,hisz \u00fagy \u00edg\u00e9rted,<br \/>\n\u00f3h nagy szavak, elsz\u00e1llnak a f\u00fcsttel.<br \/>\nMi\u00e9rt nem j\u00f6ssz el,hisz \u00fagy \u00edg\u00e9rted,<br \/>\n\u00f3h nagy szavak, elsz\u00e1llnak a f\u00fcsttel.<br \/>\nA tornyok felett lesz\u00e1ll az este,<br \/>\na sz\u00edvem v\u00e1r t\u00e9ged remegve.<br \/>\nElj\u00f6ssz-e hozz\u00e1m a holdat k\u00e9rdem,<br \/>\nnem felelt semmit csak b\u00f3lint n\u00e9kem.<br \/>\n\u00c1llok \u00e9s v\u00e1rok semmi rem\u00e9nyem,<br \/>\na sz\u00edvem jajdul nem l\u00e1tlak t\u00e9ged.<br \/>\nMi\u00e9rt nem j\u00f6ssz el,hisz \u00fagy \u00edg\u00e9rted,<br \/>\n\u00f3h nagy szavak, elsz\u00e1llnak a f\u00fcsttel.<br \/>\nMi\u00e9rt nem j\u00f6ssz el,hisz \u00fagy \u00edg\u00e9rted,<br \/>\n\u00f3h nagy szavak, elsz\u00e1llnak a f\u00fcsttel.<br \/>\n&#8212;V\u00e9ge&#8212;<\/p>\n","protected":false},"featured_media":11406,"template":"","meta":{"site-sidebar-layout":"default","site-content-layout":"default","ast-site-content-layout":"default","site-content-style":"default","site-sidebar-style":"default","ast-global-header-display":"","ast-banner-title-visibility":"","ast-main-header-display":"","ast-hfb-above-header-display":"","ast-hfb-below-header-display":"","ast-hfb-mobile-header-display":"","site-post-title":"","ast-breadcrumbs-content":"","ast-featured-img":"","footer-sml-layout":"","theme-transparent-header-meta":"default","adv-header-id-meta":"","stick-header-meta":"","header-above-stick-meta":"","header-main-stick-meta":"","header-below-stick-meta":"","astra-migrate-meta-layouts":"set","ast-page-background-enabled":"default","ast-page-background-meta":{"desktop":{"background-color":"var(--ast-global-color-4)","background-image":"","background-repeat":"repeat","background-position":"center center","background-size":"auto","background-attachment":"scroll","background-type":"","background-media":"","overlay-type":"","overlay-color":"","overlay-opacity":"","overlay-gradient":""},"tablet":{"background-color":"","background-image":"","background-repeat":"repeat","background-position":"center center","background-size":"auto","background-attachment":"scroll","background-type":"","background-media":"","overlay-type":"","overlay-color":"","overlay-opacity":"","overlay-gradient":""},"mobile":{"background-color":"","background-image":"","background-repeat":"repeat","background-position":"center center","background-size":"auto","background-attachment":"scroll","background-type":"","background-media":"","overlay-type":"","overlay-color":"","overlay-opacity":"","overlay-gradient":""}},"ast-content-background-meta":{"desktop":{"background-color":"var(--ast-global-color-5)","background-image":"","background-repeat":"repeat","background-position":"center center","background-size":"auto","background-attachment":"scroll","background-type":"","background-media":"","overlay-type":"","overlay-color":"","overlay-opacity":"","overlay-gradient":""},"tablet":{"background-color":"var(--ast-global-color-5)","background-image":"","background-repeat":"repeat","background-position":"center center","background-size":"auto","background-attachment":"scroll","background-type":"","background-media":"","overlay-type":"","overlay-color":"","overlay-opacity":"","overlay-gradient":""},"mobile":{"background-color":"var(--ast-global-color-5)","background-image":"","background-repeat":"repeat","background-position":"center center","background-size":"auto","background-attachment":"scroll","background-type":"","background-media":"","overlay-type":"","overlay-color":"","overlay-opacity":"","overlay-gradient":""}}},"product_cat":[48],"product_tag":[],"class_list":["post-14348","product","type-product","status-publish","has-post-thumbnail","hentry","product_cat-sunkaraoke-dalok","desktop-align-left","tablet-align-left","mobile-align-left"],"_links":{"self":[{"href":"https:\/\/www.sunkaraoke.hu\/index.php\/wp-json\/wp\/v2\/product\/14348","targetHints":{"allow":["GET"]}}],"collection":[{"href":"https:\/\/www.sunkaraoke.hu\/index.php\/wp-json\/wp\/v2\/product"}],"about":[{"href":"https:\/\/www.sunkaraoke.hu\/index.php\/wp-json\/wp\/v2\/types\/product"}],"wp:featuredmedia":[{"embeddable":true,"href":"https:\/\/www.sunkaraoke.hu\/index.php\/wp-json\/wp\/v2\/media\/11406"}],"wp:attachment":[{"href":"https:\/\/www.sunkaraoke.hu\/index.php\/wp-json\/wp\/v2\/media?parent=14348"}],"wp:term":[{"taxonomy":"product_cat","embeddable":true,"href":"https:\/\/www.sunkaraoke.hu\/index.php\/wp-json\/wp\/v2\/product_cat?post=14348"},{"taxonomy":"product_tag","embeddable":true,"href":"https:\/\/www.sunkaraoke.hu\/index.php\/wp-json\/wp\/v2\/product_tag?post=14348"}],"curies":[{"name":"wp","href":"https:\/\/api.w.org\/{rel}","templated":true}]}}