{"id":14340,"date":"2024-11-19T10:49:10","date_gmt":"2024-11-19T10:49:10","guid":{"rendered":"https:\/\/www.sunkaraoke.hu\/?post_type=product&#038;p=14340"},"modified":"2024-12-03T19:49:06","modified_gmt":"2024-12-03T19:49:06","slug":"balazs-feco-evszakok-2024-new","status":"publish","type":"product","link":"https:\/\/www.sunkaraoke.hu\/index.php\/termek\/balazs-feco-evszakok-2024-new\/","title":{"rendered":"<div class=\"wcmp-player-container product-14340\"><audio controlslist=\"nodownload\" data-product=\"14340\"  volume=\"1\"  preload=\"none\" data-lazyloading=\"none\" class=\"wcmp-player track mejs-classic\" data-duration=\"0:31\" data-estimated_duration=\"4\"><source src=\"https:\/\/www.sunkaraoke.hu\/wp-content\/uploads\/2024\/11\/Evszakok-2024.-_demo.mp3\" type=\"audio\/mp3\" \/><\/audio><\/div>Bal\u00e1zs Fec\u00f3 : \u00c9vszakok 2024. NEW"},"content":{"rendered":"<p><strong>03:37<\/strong> | <strong><img loading=\"lazy\" decoding=\"async\" class=\"alignnone size-full wp-image-467\" src=\"https:\/\/www.sunkaraoke.hu\/wp-content\/uploads\/2022\/07\/choir_2-copy.webp\" alt=\"\" width=\"30\" height=\"30\" \/> <\/strong><\/p>\n","protected":false},"excerpt":{"rendered":"<h5><strong>Bits\u0171r\u0171s\u00e9g: 320 kb\/s<\/strong><br \/>\n<strong>Hossz: 03:37<\/strong><br \/>\n<strong>Vok\u00e1lt tartalmaz: Nem <img loading=\"lazy\" decoding=\"async\" class=\"alignnone size-full wp-image-467\" src=\"http:\/\/www.sunkaraoke.hu\/wp-content\/uploads\/2022\/07\/choir_2-copy.png\" alt=\"\" width=\"30\" height=\"30\" \/><\/strong><strong style=\"font-size: 16px;\"><br \/>\n<\/strong><\/h5>\n<p>Sunkaraoke mp3 st\u00fadi\u00f3 \/ www.sunkaraoke.hu \/ Inf: Tel: 06 20 4275001<\/p>\n<p>&#8212;Intr\u00f3&#8212;<br \/>\nVolt id\u0151 mikor m\u00e9g nem volt\u00e1l,<br \/>\ns nem \u00e9reztem, hogy f\u00e1jna majd ha nem voln\u00e1l,<br \/>\n\u00e9s most l\u00e1tod, f\u00e9ltelek, \u0151rizlek, v\u00e9delek,<br \/>\nmert lesz id\u0151, meglehet, hogy nem leszel m\u00e1r.<br \/>\nVoltak, akik szerettek, \u00fagy hiszem,<br \/>\nma sem tudom v\u00e9g\u00fcl, mi\u00e9rt hagytak el,<br \/>\nde t\u00e9ged most m\u00e1r f\u00e9ltelek, szeress \u00fagy hogy j\u00f3 legyek,<br \/>\n\u0151rizz meg elveszek, ha nem figyelsz r\u00e1m!<br \/>\nV\u00e1ltoznak az \u00e9vszakok, rossz id\u0151k, sz\u00e9p napok,<br \/>\nb\u00fajj hozz\u00e1m, ne hagyj el,<br \/>\nha \u00e9n menn\u00e9k, ne engedj el.<br \/>\nV\u00e1ltoznak az \u00e9vszakok j\u00f3 id\u0151k, rossz napok,<br \/>\nb\u00fajj hozz\u00e1m, ne hagyj el,<br \/>\nha \u00e9n menn\u00e9k, ne engedj el!<br \/>\n&#8212;Sz\u00f3l\u00f3&#8212;<br \/>\nPr\u00f3b\u00e1ltam m\u00e1sokkal, m\u00e1shogyan,<br \/>\nma egyik is, m\u00e1sik is messze van,<br \/>\n\u00e9s v\u00e9letlen, \u00fagy lehet, de t\u00e9ged m\u00e1r f\u00e9ltelek,<br \/>\n\u0151rizz meg, elveszek, ha nem figyelsz r\u00e1m!<br \/>\nVoltak, akik szerettek, \u00fagy hiszem,<br \/>\nma sem tudom v\u00e9g\u00fcl mi\u00e9rt hagytak el,<br \/>\nde t\u00e9ged most m\u00e1r f\u00e9ltelek, szeress \u00fagy hogy j\u00f3 legyek,<br \/>\n\u0151rizz meg elveszek ha nem figyelsz r\u00e1m!<br \/>\nV\u00e1ltoznak az \u00e9vszakok, rossz id\u0151k, sz\u00e9p napok,<br \/>\nb\u00fajj hozz\u00e1m, ne hagyj el,<br \/>\nha \u00e9n menn\u00e9k, ne engedj el.<br \/>\nV\u00e1ltoznak az \u00e9vszakok j\u00f3 id\u0151k, rossz napok,<br \/>\nb\u00fajj hozz\u00e1m, ne hagyj el,<br \/>\nha \u00e9n menn\u00e9k, ne engedj el!<br \/>\nV\u00e1ltoznak az \u00e9vszakok, rossz id\u0151k, sz\u00e9p napok,<br \/>\nb\u00fajj hozz\u00e1m, ne hagyj elm<br \/>\nha \u00e9n menn\u00e9k, ne engedj el.<br \/>\nV\u00e1ltoznak az \u00e9vszakok j\u00f3 id\u0151k, rossz napok,<br \/>\nb\u00fajj hozz\u00e1m, ne hagyj el,<br \/>\nha \u00e9n menn\u00e9k, ne engedj el!<br \/>\n&#8212;V\u00e9ge&#8212;<\/p>\n","protected":false},"featured_media":14343,"template":"","meta":{"site-sidebar-layout":"default","site-content-layout":"default","ast-site-content-layout":"default","site-content-style":"default","site-sidebar-style":"default","ast-global-header-display":"","ast-banner-title-visibility":"","ast-main-header-display":"","ast-hfb-above-header-display":"","ast-hfb-below-header-display":"","ast-hfb-mobile-header-display":"","site-post-title":"","ast-breadcrumbs-content":"","ast-featured-img":"","footer-sml-layout":"","theme-transparent-header-meta":"default","adv-header-id-meta":"","stick-header-meta":"","header-above-stick-meta":"","header-main-stick-meta":"","header-below-stick-meta":"","astra-migrate-meta-layouts":"set","ast-page-background-enabled":"default","ast-page-background-meta":{"desktop":{"background-color":"var(--ast-global-color-4)","background-image":"","background-repeat":"repeat","background-position":"center center","background-size":"auto","background-attachment":"scroll","background-type":"","background-media":"","overlay-type":"","overlay-color":"","overlay-opacity":"","overlay-gradient":""},"tablet":{"background-color":"","background-image":"","background-repeat":"repeat","background-position":"center center","background-size":"auto","background-attachment":"scroll","background-type":"","background-media":"","overlay-type":"","overlay-color":"","overlay-opacity":"","overlay-gradient":""},"mobile":{"background-color":"","background-image":"","background-repeat":"repeat","background-position":"center center","background-size":"auto","background-attachment":"scroll","background-type":"","background-media":"","overlay-type":"","overlay-color":"","overlay-opacity":"","overlay-gradient":""}},"ast-content-background-meta":{"desktop":{"background-color":"var(--ast-global-color-5)","background-image":"","background-repeat":"repeat","background-position":"center center","background-size":"auto","background-attachment":"scroll","background-type":"","background-media":"","overlay-type":"","overlay-color":"","overlay-opacity":"","overlay-gradient":""},"tablet":{"background-color":"var(--ast-global-color-5)","background-image":"","background-repeat":"repeat","background-position":"center center","background-size":"auto","background-attachment":"scroll","background-type":"","background-media":"","overlay-type":"","overlay-color":"","overlay-opacity":"","overlay-gradient":""},"mobile":{"background-color":"var(--ast-global-color-5)","background-image":"","background-repeat":"repeat","background-position":"center center","background-size":"auto","background-attachment":"scroll","background-type":"","background-media":"","overlay-type":"","overlay-color":"","overlay-opacity":"","overlay-gradient":""}}},"product_cat":[48],"product_tag":[],"class_list":["post-14340","product","type-product","status-publish","has-post-thumbnail","hentry","product_cat-sunkaraoke-dalok","desktop-align-left","tablet-align-left","mobile-align-left"],"_links":{"self":[{"href":"https:\/\/www.sunkaraoke.hu\/index.php\/wp-json\/wp\/v2\/product\/14340","targetHints":{"allow":["GET"]}}],"collection":[{"href":"https:\/\/www.sunkaraoke.hu\/index.php\/wp-json\/wp\/v2\/product"}],"about":[{"href":"https:\/\/www.sunkaraoke.hu\/index.php\/wp-json\/wp\/v2\/types\/product"}],"wp:featuredmedia":[{"embeddable":true,"href":"https:\/\/www.sunkaraoke.hu\/index.php\/wp-json\/wp\/v2\/media\/14343"}],"wp:attachment":[{"href":"https:\/\/www.sunkaraoke.hu\/index.php\/wp-json\/wp\/v2\/media?parent=14340"}],"wp:term":[{"taxonomy":"product_cat","embeddable":true,"href":"https:\/\/www.sunkaraoke.hu\/index.php\/wp-json\/wp\/v2\/product_cat?post=14340"},{"taxonomy":"product_tag","embeddable":true,"href":"https:\/\/www.sunkaraoke.hu\/index.php\/wp-json\/wp\/v2\/product_tag?post=14340"}],"curies":[{"name":"wp","href":"https:\/\/api.w.org\/{rel}","templated":true}]}}