{"id":14308,"date":"2024-11-13T11:13:41","date_gmt":"2024-11-13T11:13:41","guid":{"rendered":"https:\/\/www.sunkaraoke.hu\/?post_type=product&#038;p=14308"},"modified":"2024-12-03T19:50:08","modified_gmt":"2024-12-03T19:50:08","slug":"beatrice-nyolc-ora-munka-2024-new","status":"publish","type":"product","link":"https:\/\/www.sunkaraoke.hu\/index.php\/termek\/beatrice-nyolc-ora-munka-2024-new\/","title":{"rendered":"<div class=\"wcmp-player-container product-14308\"><audio controlslist=\"nodownload\" data-product=\"14308\"  volume=\"1\"  preload=\"none\" data-lazyloading=\"none\" class=\"wcmp-player track mejs-classic\" data-duration=\"0:32\" data-estimated_duration=\"4\"><source src=\"https:\/\/www.sunkaraoke.hu\/wp-content\/uploads\/2024\/11\/Nyolc-ora-munka-2024._demo.mp3\" type=\"audio\/mp3\" \/><\/audio><\/div>Beatrice &#8211; Nyolc \u00f3ra munka 2024. NEW"},"content":{"rendered":"<p><strong>03:22<\/strong>\u00a0| <strong><img loading=\"lazy\" decoding=\"async\" class=\"alignnone size-full wp-image-466\" src=\"https:\/\/www.sunkaraoke.hu\/wp-content\/uploads\/2022\/07\/choir_1-copy.webp\" alt=\"\" width=\"30\" height=\"30\" \/> <\/strong><\/p>\n","protected":false},"excerpt":{"rendered":"<h5><strong>Bits\u0171r\u0171s\u00e9g: 320kb\/s<\/strong><br \/>\n<strong>Hossz: 03:22<\/strong><br \/>\n<strong>Vok\u00e1lt tartalmaz: Igen <img loading=\"lazy\" decoding=\"async\" class=\"alignnone size-full wp-image-466\" src=\"http:\/\/www.sunkaraoke.hu\/wp-content\/uploads\/2022\/07\/choir_1-copy.png\" alt=\"\" width=\"30\" height=\"30\" \/><\/strong><strong style=\"font-size: 16px;\"><br \/>\n<\/strong><\/h5>\n<p>Sunkaraoke mp3 st\u00fadi\u00f3 \/ www.sunkaraoke.hu \/ Inf: Tel: 06 20 4275001<\/p>\n<p>&#8212;Intr\u00f3&#8212;<br \/>\nA munk\u00e1nak v\u00e9ge, kij\u00f6ssz a gy\u00e1rb\u00f3l,<br \/>\negy vodk\u00e1t\u00f3l, er\u0151s vagy \u00e9s b\u00e1tor,<br \/>\negy r\u00e9szeg fazon, a kezed ut\u00e1n nyul,<br \/>\nnem tudod mi\u00e9rt, j\u00f3l beler\u00fagsz.<br \/>\nMer&#8217; elfogyott, a t\u00fcrelmed m\u00e1r,<br \/>\npedig szabad a cs\u00f3k, szabad a t\u00e1nc,<br \/>\nsz\u00e1z \u00e9ve P\u00e1rizsban, az volt a j\u00f3,<br \/>\na komm\u00fcn ez\u00e9rt k\u00f6telet adott.h<br \/>\nNyolc \u00f3ra munka, nyolc \u00f3ra pihen\u00e9s,<br \/>\nnyolc \u00f3ra sz\u00f3rakoz\u00e1s.<br \/>\nNyolc \u00f3ra munka, nyolc \u00f3ra pihen\u00e9s,<br \/>\nnyolc \u00f3ra sz\u00f3rakoz\u00e1s.<br \/>\n&#8212;Sz\u00f3l\u00f3&#8212;<br \/>\nA kocsm\u00e1ban, ott van a nagy \u00e9let,<br \/>\ntompulnak az agyak, \u00e9lesek a k\u00e9sek,<br \/>\ns\u0171r\u0171 a leveg\u0151 az olcs\u00f3 s\u00f6r szag\u00e1t\u00f3l,<br \/>\neleged van m\u00e1r e kib&#8230;ott vil\u00e1gb\u00f3l.<br \/>\nNyolc \u00f3ra munka, nyolc \u00f3ra pihen\u00e9s,<br \/>\nnyolc \u00f3ra sz\u00f3rakoz\u00e1s.<br \/>\nNyolc \u00f3ra munka, nyolc \u00f3ra pihen\u00e9s,<br \/>\nnyolc \u00f3ra sz\u00f3rakoz\u00e1s.<br \/>\n&#8212;Sz\u00f3l\u00f3&#8212;<br \/>\nA munk\u00e1nak v\u00e9ge, kij\u00f6ssz a gy\u00e1rb\u00f3l,<br \/>\negy vodk\u00e1t\u00f3l, er\u0151s vagy \u00e9s b\u00e1tor,<br \/>\negy r\u00e9szeg fazon, a kezed ut\u00e1n ny\u00fal,<br \/>\nnem tudod mi\u00e9rt, j\u00f3l beler\u00fagsz.<br \/>\nNyolc \u00f3ra munka, nyolc \u00f3ra pihen\u00e9s,<br \/>\nnyolc \u00f3ra sz\u00f3rakoz\u00e1s.<br \/>\nNyolc \u00f3ra munka, nyolc \u00f3ra pihen\u00e9s,<br \/>\nnyolc \u00f3ra sz\u00f3rakoz\u00e1s.<br \/>\nNyolc \u00f3ra munka, nyolc \u00f3ra pihen\u00e9s,<br \/>\nnyolc \u00f3ra sz\u00f3rakoz\u00e1s.<br \/>\nNyolc \u00f3ra munka, nyolc \u00f3ra pihen\u00e9s,<br \/>\nnyolc \u00f3ra sz\u00f3rakoz\u00e1s.<br \/>\n&#8212;Sz\u00f3l\u00f3&#8212;<br \/>\nA kocsm\u00e1ban, ott van a nagy \u00e9let,<br \/>\ntompulnak az agyak, \u00e9lesek a k\u00e9sek,<br \/>\ns\u0171r\u0171 a leveg\u0151 az olcs\u00f3 s\u00f6r szag\u00e1t\u00f3l,<br \/>\neleged van m\u00e1r e kib&#8230;ott vil\u00e1gb\u00f3l.<br \/>\nNyolc \u00f3ra munka, nyolc \u00f3ra pihen\u00e9s,<br \/>\nnyolc \u00f3ra sz\u00f3rakoz\u00e1s.<br \/>\nNyolc \u00f3ra munka, nyolc \u00f3ra pihen\u00e9s,<br \/>\nnyolc \u00f3ra sz\u00f3rakoz\u00e1s.<br \/>\nNyolc \u00f3ra munka, nyolc \u00f3ra pihen\u00e9s,<br \/>\nnyolc \u00f3ra sz\u00f3rakoz\u00e1s.<br \/>\nNyolc \u00f3ra munka, nyolc \u00f3ra pihen\u00e9s,<br \/>\nnyolc \u00f3ra sz\u00f3rakoz\u00e1s.<br \/>\n&#8212;V\u00e9ge&#8212;<\/p>\n<p>&nbsp;<\/p>\n","protected":false},"featured_media":14311,"template":"","meta":{"site-sidebar-layout":"default","site-content-layout":"default","ast-site-content-layout":"default","site-content-style":"default","site-sidebar-style":"default","ast-global-header-display":"","ast-banner-title-visibility":"","ast-main-header-display":"","ast-hfb-above-header-display":"","ast-hfb-below-header-display":"","ast-hfb-mobile-header-display":"","site-post-title":"","ast-breadcrumbs-content":"","ast-featured-img":"","footer-sml-layout":"","theme-transparent-header-meta":"default","adv-header-id-meta":"","stick-header-meta":"","header-above-stick-meta":"","header-main-stick-meta":"","header-below-stick-meta":"","astra-migrate-meta-layouts":"set","ast-page-background-enabled":"default","ast-page-background-meta":{"desktop":{"background-color":"var(--ast-global-color-4)","background-image":"","background-repeat":"repeat","background-position":"center center","background-size":"auto","background-attachment":"scroll","background-type":"","background-media":"","overlay-type":"","overlay-color":"","overlay-opacity":"","overlay-gradient":""},"tablet":{"background-color":"","background-image":"","background-repeat":"repeat","background-position":"center center","background-size":"auto","background-attachment":"scroll","background-type":"","background-media":"","overlay-type":"","overlay-color":"","overlay-opacity":"","overlay-gradient":""},"mobile":{"background-color":"","background-image":"","background-repeat":"repeat","background-position":"center center","background-size":"auto","background-attachment":"scroll","background-type":"","background-media":"","overlay-type":"","overlay-color":"","overlay-opacity":"","overlay-gradient":""}},"ast-content-background-meta":{"desktop":{"background-color":"var(--ast-global-color-5)","background-image":"","background-repeat":"repeat","background-position":"center center","background-size":"auto","background-attachment":"scroll","background-type":"","background-media":"","overlay-type":"","overlay-color":"","overlay-opacity":"","overlay-gradient":""},"tablet":{"background-color":"var(--ast-global-color-5)","background-image":"","background-repeat":"repeat","background-position":"center center","background-size":"auto","background-attachment":"scroll","background-type":"","background-media":"","overlay-type":"","overlay-color":"","overlay-opacity":"","overlay-gradient":""},"mobile":{"background-color":"var(--ast-global-color-5)","background-image":"","background-repeat":"repeat","background-position":"center center","background-size":"auto","background-attachment":"scroll","background-type":"","background-media":"","overlay-type":"","overlay-color":"","overlay-opacity":"","overlay-gradient":""}}},"product_cat":[48],"product_tag":[],"class_list":["post-14308","product","type-product","status-publish","has-post-thumbnail","hentry","product_cat-sunkaraoke-dalok","desktop-align-left","tablet-align-left","mobile-align-left"],"_links":{"self":[{"href":"https:\/\/www.sunkaraoke.hu\/index.php\/wp-json\/wp\/v2\/product\/14308","targetHints":{"allow":["GET"]}}],"collection":[{"href":"https:\/\/www.sunkaraoke.hu\/index.php\/wp-json\/wp\/v2\/product"}],"about":[{"href":"https:\/\/www.sunkaraoke.hu\/index.php\/wp-json\/wp\/v2\/types\/product"}],"wp:featuredmedia":[{"embeddable":true,"href":"https:\/\/www.sunkaraoke.hu\/index.php\/wp-json\/wp\/v2\/media\/14311"}],"wp:attachment":[{"href":"https:\/\/www.sunkaraoke.hu\/index.php\/wp-json\/wp\/v2\/media?parent=14308"}],"wp:term":[{"taxonomy":"product_cat","embeddable":true,"href":"https:\/\/www.sunkaraoke.hu\/index.php\/wp-json\/wp\/v2\/product_cat?post=14308"},{"taxonomy":"product_tag","embeddable":true,"href":"https:\/\/www.sunkaraoke.hu\/index.php\/wp-json\/wp\/v2\/product_tag?post=14308"}],"curies":[{"name":"wp","href":"https:\/\/api.w.org\/{rel}","templated":true}]}}