{"id":14300,"date":"2024-11-12T10:17:51","date_gmt":"2024-11-12T10:17:51","guid":{"rendered":"https:\/\/www.sunkaraoke.hu\/?post_type=product&#038;p=14300"},"modified":"2024-11-12T10:20:09","modified_gmt":"2024-11-12T10:20:09","slug":"jolly-es-hollosy-adrian-mulatunk-mert-jo-kedvunk-van","status":"publish","type":"product","link":"https:\/\/www.sunkaraoke.hu\/index.php\/termek\/jolly-es-hollosy-adrian-mulatunk-mert-jo-kedvunk-van\/","title":{"rendered":"<div class=\"wcmp-player-container product-14300\"><audio controlslist=\"nodownload\" data-product=\"14300\"  volume=\"1\"  preload=\"none\" data-lazyloading=\"none\" class=\"wcmp-player track mejs-classic\" data-duration=\"0:31\" data-estimated_duration=\"4\"><source src=\"https:\/\/www.sunkaraoke.hu\/wp-content\/uploads\/2024\/11\/Mulatunk-mert-_demo.mp3\" type=\"audio\/mp3\" \/><\/audio><\/div>Jolly \u00e9s Holl\u00f3sy Adri\u00e1n: Mulatunk mert j\u00f3 kedv\u00fcnk van"},"content":{"rendered":"<p><b>03:40<\/b>|<\/p>\n","protected":false},"excerpt":{"rendered":"<h6><strong>Bits\u0171r\u0171s\u00e9g: 320kb\/s<\/strong><br \/>\n<strong>Hossz: 03:40<\/strong><\/h6>\n<p>Sunkaraoke mp3 st\u00fadi\u00f3 \/ www.sunkaraoke.hu \/ Inf: Tel: 06 20 4275001<\/p>\n<p>&#8212;Intr\u00f3&#8212;<br \/>\nMulatunk mert j\u00f3 kedv\u00fcnk van,<br \/>\njaj bennetek nagy \u00f6r\u00f6m\u00fcnk van,<br \/>\nfogj\u00e1tok meg a poharat,<br \/>\nki nem iszik az lemarad.<br \/>\nMutassuk meg testv\u00e9r a nagy vil\u00e1gnak,<br \/>\nFelvid\u00e9knek \u00e9s Magyarorsz\u00e1gnak,<br \/>\nisszuk a j\u00f3 p\u00e1link\u00e1t, t\u00f6lthetsz m\u00e9g egy kupic\u00e1t,<br \/>\n\u00e1tmulatjuk az \u00e9jszak\u00e1t.<br \/>\nIsszuk a j\u00f3 p\u00e1link\u00e1t, t\u00f6lthetsz m\u00e9g egy kupic\u00e1t,<br \/>\n\u00e1tmulatjuk az \u00e9jszak\u00e1t.<br \/>\nMulatunk mert j\u00f3 kedv\u00fcnk van,<br \/>\njaj bennetek nagy \u00f6r\u00f6m\u00fcnk van,<br \/>\nfogj\u00e1tok meg a poharat,<br \/>\nki nem iszik az lemarad.<br \/>\nMulatunk mert j\u00f3 kedv\u00fcnk van,<br \/>\njaj bennetek nagy \u00f6r\u00f6m\u00fcnk van,<br \/>\nfogj\u00e1tok meg a poharat,<br \/>\nki nem iszik az lemarad.<br \/>\nMutassuk meg hogy mulatnak min\u00e1lunk,<br \/>\nIsten adjon nektek sok boldogs\u00e1got,<br \/>\nszerencs\u00e9t a l\u00e1nyoknak, j\u00f3 sok p\u00e9nzt a cs\u00e1v\u00f3knak,<br \/>\nj\u00f3 sok p\u00e9nzt a cs\u00e1v\u00f3knak.<br \/>\nSzerencs\u00e9t a l\u00e1nyoknak, j\u00f3 sok p\u00e9nzt a cs\u00e1v\u00f3knak,<br \/>\nj\u00f3 sok p\u00e9nzt a cs\u00e1v\u00f3knak.<br \/>\nMulatunk mert j\u00f3 kedv\u00fcnk van,<br \/>\njaj bennetek nagy \u00f6r\u00f6m\u00fcnk van,<br \/>\nfogj\u00e1tok meg a poharat,<br \/>\nki nem iszik az lemarad.<br \/>\nMulatunk mert j\u00f3 kedv\u00fcnk van,<br \/>\njaj bennetek nagy \u00f6r\u00f6m\u00fcnk van,<br \/>\nfogj\u00e1tok meg a poharat,<br \/>\nki nem iszik az lemarad.<br \/>\n&#8212;Sz\u00f3l\u00f3&#8212;<br \/>\nGyere ide mell\u00e9m dr\u00e1ga testv\u00e9rem,<br \/>\nt\u00f6ltsd a p\u00e1leszt mindenkinek fizetem.<br \/>\nMindent meg\u00e9r ez neked,mulassatok \u00e9nvelem,<br \/>\nmulassatok \u00e9nvelem.<br \/>\nMindent meg\u00e9r ez neked,<br \/>\nmulassatok \u00e9nvelem,<br \/>\nmulassatok \u00e9nvelem.<br \/>\nMulatunk mert j\u00f3 kedv\u00fcnk van,<br \/>\njaj bennetek nagy \u00f6r\u00f6m\u00fcnk van,<br \/>\nfogj\u00e1tok meg a poharat,<br \/>\nki nem iszik az lemarad.<br \/>\nMulatunk mert j\u00f3 kedv\u00fcnk van,<br \/>\njaj bennetek nagy \u00f6r\u00f6m\u00fcnk van,<br \/>\nfogj\u00e1tok meg a poharat,<br \/>\nki nem iszik az lemarad.<br \/>\nMulatunk mert j\u00f3 kedv\u00fcnk van,<br \/>\njaj bennetek nagy \u00f6r\u00f6m\u00fcnk van,<br \/>\nfogj\u00e1tok meg a poharat,<br \/>\nki nem iszik az lemarad.<br \/>\nMulatunk mert j\u00f3 kedv\u00fcnk van,<br \/>\njaj bennetek nagy \u00f6r\u00f6m\u00fcnk van,<br \/>\nfogj\u00e1tok meg a poharat,<br \/>\nki nem iszik az lemarad.<br \/>\nKi nem iszik az lemarad.<br \/>\n&#8212;V\u00e9ge&#8212;<\/p>\n","protected":false},"featured_media":6147,"template":"","meta":{"site-sidebar-layout":"default","site-content-layout":"default","ast-site-content-layout":"default","site-content-style":"default","site-sidebar-style":"default","ast-global-header-display":"","ast-banner-title-visibility":"","ast-main-header-display":"","ast-hfb-above-header-display":"","ast-hfb-below-header-display":"","ast-hfb-mobile-header-display":"","site-post-title":"","ast-breadcrumbs-content":"","ast-featured-img":"","footer-sml-layout":"","theme-transparent-header-meta":"default","adv-header-id-meta":"","stick-header-meta":"","header-above-stick-meta":"","header-main-stick-meta":"","header-below-stick-meta":"","astra-migrate-meta-layouts":"set","ast-page-background-enabled":"default","ast-page-background-meta":{"desktop":{"background-color":"var(--ast-global-color-4)","background-image":"","background-repeat":"repeat","background-position":"center center","background-size":"auto","background-attachment":"scroll","background-type":"","background-media":"","overlay-type":"","overlay-color":"","overlay-opacity":"","overlay-gradient":""},"tablet":{"background-color":"","background-image":"","background-repeat":"repeat","background-position":"center center","background-size":"auto","background-attachment":"scroll","background-type":"","background-media":"","overlay-type":"","overlay-color":"","overlay-opacity":"","overlay-gradient":""},"mobile":{"background-color":"","background-image":"","background-repeat":"repeat","background-position":"center center","background-size":"auto","background-attachment":"scroll","background-type":"","background-media":"","overlay-type":"","overlay-color":"","overlay-opacity":"","overlay-gradient":""}},"ast-content-background-meta":{"desktop":{"background-color":"var(--ast-global-color-5)","background-image":"","background-repeat":"repeat","background-position":"center center","background-size":"auto","background-attachment":"scroll","background-type":"","background-media":"","overlay-type":"","overlay-color":"","overlay-opacity":"","overlay-gradient":""},"tablet":{"background-color":"var(--ast-global-color-5)","background-image":"","background-repeat":"repeat","background-position":"center center","background-size":"auto","background-attachment":"scroll","background-type":"","background-media":"","overlay-type":"","overlay-color":"","overlay-opacity":"","overlay-gradient":""},"mobile":{"background-color":"var(--ast-global-color-5)","background-image":"","background-repeat":"repeat","background-position":"center center","background-size":"auto","background-attachment":"scroll","background-type":"","background-media":"","overlay-type":"","overlay-color":"","overlay-opacity":"","overlay-gradient":""}}},"product_cat":[48],"product_tag":[],"class_list":["post-14300","product","type-product","status-publish","has-post-thumbnail","hentry","product_cat-sunkaraoke-dalok","desktop-align-left","tablet-align-left","mobile-align-left"],"_links":{"self":[{"href":"https:\/\/www.sunkaraoke.hu\/index.php\/wp-json\/wp\/v2\/product\/14300","targetHints":{"allow":["GET"]}}],"collection":[{"href":"https:\/\/www.sunkaraoke.hu\/index.php\/wp-json\/wp\/v2\/product"}],"about":[{"href":"https:\/\/www.sunkaraoke.hu\/index.php\/wp-json\/wp\/v2\/types\/product"}],"wp:featuredmedia":[{"embeddable":true,"href":"https:\/\/www.sunkaraoke.hu\/index.php\/wp-json\/wp\/v2\/media\/6147"}],"wp:attachment":[{"href":"https:\/\/www.sunkaraoke.hu\/index.php\/wp-json\/wp\/v2\/media?parent=14300"}],"wp:term":[{"taxonomy":"product_cat","embeddable":true,"href":"https:\/\/www.sunkaraoke.hu\/index.php\/wp-json\/wp\/v2\/product_cat?post=14300"},{"taxonomy":"product_tag","embeddable":true,"href":"https:\/\/www.sunkaraoke.hu\/index.php\/wp-json\/wp\/v2\/product_tag?post=14300"}],"curies":[{"name":"wp","href":"https:\/\/api.w.org\/{rel}","templated":true}]}}