{"id":14275,"date":"2024-11-08T11:22:12","date_gmt":"2024-11-08T11:22:12","guid":{"rendered":"https:\/\/www.sunkaraoke.hu\/?post_type=product&#038;p=14275"},"modified":"2024-11-08T11:23:48","modified_gmt":"2024-11-08T11:23:48","slug":"csore-bela-asszonyom-nem-szerethetem-2024-new","status":"publish","type":"product","link":"https:\/\/www.sunkaraoke.hu\/index.php\/termek\/csore-bela-asszonyom-nem-szerethetem-2024-new\/","title":{"rendered":"<div class=\"wcmp-player-container product-14275\"><audio controlslist=\"nodownload\" data-product=\"14275\"  volume=\"1\"  preload=\"none\" data-lazyloading=\"none\" class=\"wcmp-player track mejs-classic\" data-duration=\"0:31\" data-estimated_duration=\"4\"><source src=\"https:\/\/www.sunkaraoke.hu\/wp-content\/uploads\/2024\/11\/Asszonyom-nem-szerethetem-2024._demo.mp3\" type=\"audio\/mp3\" \/><\/audio><\/div>Cs\u00f3r\u00e9 B\u00e9la &#8211; Asszonyom nem szerethetem 2024. NEW"},"content":{"rendered":"<p><strong>03:09 <\/strong>\/ <strong><img loading=\"lazy\" decoding=\"async\" class=\"alignnone size-full wp-image-467\" src=\"https:\/\/www.sunkaraoke.hu\/wp-content\/uploads\/2022\/07\/choir_2-copy.webp\" alt=\"\" width=\"30\" height=\"30\" \/> \/\u00a0\u00a0<\/strong><\/p>\n","protected":false},"excerpt":{"rendered":"<h6><strong>Bits\u0171r\u0171s\u00e9g: 320kb\/s<\/strong><\/h6>\n<h6><strong>Hossz: 03:09<\/strong><br \/>\n<strong>Vok\u00e1lt tartalmaz: Nem <img loading=\"lazy\" decoding=\"async\" class=\"alignnone size-full wp-image-467\" src=\"http:\/\/www.sunkaraoke.hu\/wp-content\/uploads\/2022\/07\/choir_2-copy.png\" alt=\"\" width=\"30\" height=\"30\" \/><\/strong><\/h6>\n<p>Sunkaraoke mp3 st\u00fadi\u00f3 \/ www.sunkaraoke.hu \/ Inf: Tel: 06 20 4275001<\/p>\n<p>&#8212;Intr\u00f3&#8212;<br \/>\nAsszonyom nem szerethetem,<br \/>\nhi\u00e1ba n\u00e9z r\u00e1m kedvesen!<br \/>\nA sz\u00edvem forr\u00f3, mint a ny\u00e1r,<br \/>\nelmegyek, r\u00e1m hi\u00e1ba v\u00e1r!<br \/>\nAsszonyom nem szerethetem,<br \/>\nengem egy m\u00e1sik \u00e9rdekel,<br \/>\n\u00e9s v\u00e9g\u00fcl annyit mondhatok,<br \/>\nszeretni kett\u0151t nem tudok!<br \/>\n&#8212;Sz\u00f3l\u00f3&#8212;<br \/>\nSzerelmes nem voltam soha,<br \/>\nsz\u00edvemnek van egy s\u00f3haja!<br \/>\nA sz\u00edvem \u00f6sszet\u00f6rte m\u00e1r,<br \/>\nelmegyek, r\u00e1m hi\u00e1ba v\u00e1r!<br \/>\nAsszonyom nem szerethetem,<br \/>\nhi\u00e1ba n\u00e9z r\u00e1m kedvesen!<br \/>\nA sz\u00edvem forr\u00f3, mint a ny\u00e1r,<br \/>\nelmegyek, r\u00e1m hi\u00e1ba v\u00e1r!<br \/>\n&#8212;Sz\u00f3l\u00f3&#8212;<br \/>\nAsszonyom nem szerethetem,<br \/>\nengem egy m\u00e1sik \u00e9rdekel,<br \/>\n\u00e9s v\u00e9g\u00fcl annyit mondhatok,<br \/>\nszeretni kett\u0151t nem tudok!<br \/>\nSzerelmes nem voltam soha,<br \/>\nsz\u00edvemnek van egy s\u00f3haja!<br \/>\nA sz\u00edvem \u00f6sszet\u00f6rte m\u00e1r,<br \/>\nelmegyek, r\u00e1m hi\u00e1ba v\u00e1r!<br \/>\n&#8212;Sz\u00f3l\u00f3&#8212;<br \/>\nSzerelmes nem voltam soha,<br \/>\nsz\u00edvemnek van egy s\u00f3haja!<br \/>\nA sz\u00edvem \u00f6sszet\u00f6rte m\u00e1r,<br \/>\nelmegyek, r\u00e1m hi\u00e1ba v\u00e1r!<br \/>\nAsszonyom nem szerethetem,<br \/>\nengem egy m\u00e1sik \u00e9rdekel,<br \/>\n\u00e9s v\u00e9g\u00fcl annyit mondhatok,<br \/>\nszeretni kett\u0151t nem tudok,<br \/>\n\u00e9s v\u00e9g\u00fcl annyit mondhatok,<br \/>\nszeretni kett\u0151t nem tudok!<br \/>\n&#8212;V\u00e9ge&#8212;<\/p>\n","protected":false},"featured_media":8991,"template":"","meta":{"site-sidebar-layout":"default","site-content-layout":"default","ast-site-content-layout":"default","site-content-style":"default","site-sidebar-style":"default","ast-global-header-display":"","ast-banner-title-visibility":"","ast-main-header-display":"","ast-hfb-above-header-display":"","ast-hfb-below-header-display":"","ast-hfb-mobile-header-display":"","site-post-title":"","ast-breadcrumbs-content":"","ast-featured-img":"","footer-sml-layout":"","theme-transparent-header-meta":"default","adv-header-id-meta":"","stick-header-meta":"","header-above-stick-meta":"","header-main-stick-meta":"","header-below-stick-meta":"","astra-migrate-meta-layouts":"set","ast-page-background-enabled":"default","ast-page-background-meta":{"desktop":{"background-color":"var(--ast-global-color-4)","background-image":"","background-repeat":"repeat","background-position":"center center","background-size":"auto","background-attachment":"scroll","background-type":"","background-media":"","overlay-type":"","overlay-color":"","overlay-opacity":"","overlay-gradient":""},"tablet":{"background-color":"","background-image":"","background-repeat":"repeat","background-position":"center center","background-size":"auto","background-attachment":"scroll","background-type":"","background-media":"","overlay-type":"","overlay-color":"","overlay-opacity":"","overlay-gradient":""},"mobile":{"background-color":"","background-image":"","background-repeat":"repeat","background-position":"center center","background-size":"auto","background-attachment":"scroll","background-type":"","background-media":"","overlay-type":"","overlay-color":"","overlay-opacity":"","overlay-gradient":""}},"ast-content-background-meta":{"desktop":{"background-color":"var(--ast-global-color-5)","background-image":"","background-repeat":"repeat","background-position":"center center","background-size":"auto","background-attachment":"scroll","background-type":"","background-media":"","overlay-type":"","overlay-color":"","overlay-opacity":"","overlay-gradient":""},"tablet":{"background-color":"var(--ast-global-color-5)","background-image":"","background-repeat":"repeat","background-position":"center center","background-size":"auto","background-attachment":"scroll","background-type":"","background-media":"","overlay-type":"","overlay-color":"","overlay-opacity":"","overlay-gradient":""},"mobile":{"background-color":"var(--ast-global-color-5)","background-image":"","background-repeat":"repeat","background-position":"center center","background-size":"auto","background-attachment":"scroll","background-type":"","background-media":"","overlay-type":"","overlay-color":"","overlay-opacity":"","overlay-gradient":""}}},"product_cat":[48],"product_tag":[],"class_list":["post-14275","product","type-product","status-publish","has-post-thumbnail","hentry","product_cat-sunkaraoke-dalok","desktop-align-left","tablet-align-left","mobile-align-left"],"_links":{"self":[{"href":"https:\/\/www.sunkaraoke.hu\/index.php\/wp-json\/wp\/v2\/product\/14275","targetHints":{"allow":["GET"]}}],"collection":[{"href":"https:\/\/www.sunkaraoke.hu\/index.php\/wp-json\/wp\/v2\/product"}],"about":[{"href":"https:\/\/www.sunkaraoke.hu\/index.php\/wp-json\/wp\/v2\/types\/product"}],"wp:featuredmedia":[{"embeddable":true,"href":"https:\/\/www.sunkaraoke.hu\/index.php\/wp-json\/wp\/v2\/media\/8991"}],"wp:attachment":[{"href":"https:\/\/www.sunkaraoke.hu\/index.php\/wp-json\/wp\/v2\/media?parent=14275"}],"wp:term":[{"taxonomy":"product_cat","embeddable":true,"href":"https:\/\/www.sunkaraoke.hu\/index.php\/wp-json\/wp\/v2\/product_cat?post=14275"},{"taxonomy":"product_tag","embeddable":true,"href":"https:\/\/www.sunkaraoke.hu\/index.php\/wp-json\/wp\/v2\/product_tag?post=14275"}],"curies":[{"name":"wp","href":"https:\/\/api.w.org\/{rel}","templated":true}]}}