{"id":14266,"date":"2024-11-06T15:35:44","date_gmt":"2024-11-06T15:35:44","guid":{"rendered":"https:\/\/www.sunkaraoke.hu\/?post_type=product&#038;p=14266"},"modified":"2024-11-06T15:38:20","modified_gmt":"2024-11-06T15:38:20","slug":"bitto-duo-halasto-de-halasto-2024-new","status":"publish","type":"product","link":"https:\/\/www.sunkaraoke.hu\/index.php\/termek\/bitto-duo-halasto-de-halasto-2024-new\/","title":{"rendered":"<div class=\"wcmp-player-container product-14266\"><audio controlslist=\"nodownload\" data-product=\"14266\"  volume=\"1\"  preload=\"none\" data-lazyloading=\"none\" class=\"wcmp-player track mejs-classic\" data-duration=\"0:34\" data-estimated_duration=\"4\"><source src=\"https:\/\/www.sunkaraoke.hu\/wp-content\/uploads\/2024\/11\/Halasto-2024._demo.mp3\" type=\"audio\/mp3\" \/><\/audio><\/div>Bitt\u00f3 Du\u00f3 &#8211; Halast\u00f3 de halast\u00f3 2024. NEW"},"content":{"rendered":"<p><strong>03:14 <\/strong>| <strong><img loading=\"lazy\" decoding=\"async\" class=\"alignnone size-full wp-image-467\" src=\"https:\/\/www.sunkaraoke.hu\/wp-content\/uploads\/2022\/07\/choir_2-copy.webp\" alt=\"\" width=\"30\" height=\"30\" \/> <\/strong><\/p>\n","protected":false},"excerpt":{"rendered":"<h6><strong>Bits\u0171r\u0171s\u00e9g: 320kb\/s<\/strong><\/h6>\n<h6><strong>Hossz: 03:14<\/strong><\/h6>\n<h6><strong>Vok\u00e1l: Nem <img loading=\"lazy\" decoding=\"async\" class=\"alignnone size-full wp-image-467\" src=\"http:\/\/www.sunkaraoke.hu\/wp-content\/uploads\/2022\/07\/choir_2-copy.png\" alt=\"\" width=\"30\" height=\"30\" \/><\/strong><\/h6>\n<p>Sunkaraoke mp3 st\u00fadi\u00f3 \/ www.sunkaraoke.hu \/ Inf: Tel: 06 20 4275001<\/p>\n<p>&#8212;Intr\u00f3&#8212;<br \/>\nHalast\u00f3, de halst\u00f3, de halast\u00f3,<br \/>\nbeleestem szekerest\u0151l, lovast\u00f3l.<br \/>\nGyere, bab\u00e1m h\u00fazz\u00e1l ki, ne hagyj\u00e1l elhervadni,<br \/>\nne hagyj\u00e1l a halast\u00f3ba&#8217; meghalni.<br \/>\nGyere, bab\u00e1m h\u00fazz\u00e1l ki, ne hagyj\u00e1l elhervadni,<br \/>\nne hagyj\u00e1l a halast\u00f3ba&#8217; meghalni.<br \/>\n\u00c9n a dr\u00f3tos \u00e1r\u00e1b\u00f3l is meg\u00e9lek,<br \/>\nelhagyott a dr\u00e1ga kis feles\u00e9gem.<br \/>\nHa elhagyott \u00e9n nem b\u00e1nom devl\u00e1l\u00e9,<br \/>\nvan m\u00e9g asszony a vil\u00e1gon temer\u00e1v.<br \/>\nHa elhagyott \u00e9n nem b\u00e1nom devl\u00e1l\u00e9,<br \/>\nvan m\u00e9g asszony a vil\u00e1gon temer\u00e1v.<br \/>\nJaj de neh\u00e9z egy p\u00e1rn\u00e1ra fek\u00fcdni,<br \/>\naki egym\u00e1st nem igaz\u00e1n szereti.<br \/>\nJaj \u00e9n is tudom \u00e9n is sokat pr\u00f3b\u00e1lom,<br \/>\nm\u00e9g az ellens\u00e9gemnek se k\u00edv\u00e1nom.<br \/>\nJaj \u00e9n is tudom \u00e9n is sokat pr\u00f3b\u00e1lom,<br \/>\nm\u00e9g az ellens\u00e9gemnek se k\u00edv\u00e1nom.<br \/>\nHa te tudtad roma g\u00e1dzsi nem szeretsz,<br \/>\nm\u00e9rt csaltad meg az \u00e9n \u00e1rva sz\u00edvemet.<br \/>\nM\u00e9rt csaltad meg az \u00e1rva sz\u00edvemet,<br \/>\nt\u00f6nkretetted az eg\u00e9sz \u00e9letemet.<br \/>\nM\u00e9rt csaltad meg az \u00e1rva sz\u00edvemet,<br \/>\nt\u00f6nkretetted az eg\u00e9sz \u00e9letemet.<br \/>\n&#8212;Sz\u00f3l\u00f3&#8212;<br \/>\nHalast\u00f3, de halst\u00f3, de halast\u00f3,<br \/>\nbeleestem szekerest\u0151l, lovast\u00f3l.<br \/>\nGyere, bab\u00e1m h\u00fazz\u00e1l ki, ne hagyj\u00e1l elhervadni,<br \/>\nne hagyj\u00e1l a halast\u00f3ba&#8217; meghalni.<br \/>\nGyere, bab\u00e1m h\u00fazz\u00e1l ki, ne hagyj\u00e1l elhervadni,<br \/>\nne hagyj\u00e1l a halast\u00f3ba&#8217; meghalni.<br \/>\n\u00c9n a dr\u00f3tos \u00e1r\u00e1b\u00f3l is meg\u00e9lek,<br \/>\nelhagyott a dr\u00e1ga kis feles\u00e9gem.<br \/>\nHa elhagyott \u00e9n nem b\u00e1nom devl\u00e1l\u00e9,<br \/>\nvan m\u00e9g asszony a vil\u00e1gon temer\u00e1v.<br \/>\nHa elhagyott \u00e9n nem b\u00e1nom devl\u00e1l\u00e9,<br \/>\nvan m\u00e9g asszony a vil\u00e1gon temer\u00e1v.<br \/>\nJaj de neh\u00e9z egy p\u00e1rn\u00e1ra fek\u00fcdni,<br \/>\naki egym\u00e1st nem igaz\u00e1n szereti.<br \/>\nJaj \u00e9n is tudom \u00e9n is sokat pr\u00f3b\u00e1lom,<br \/>\nm\u00e9g az ellens\u00e9gemnek se k\u00edv\u00e1nom.<br \/>\nJaj \u00e9n is tudom \u00e9n is sokat pr\u00f3b\u00e1lom,<br \/>\nm\u00e9g az ellens\u00e9gemnek se k\u00edv\u00e1nom.<br \/>\nHa te tudtad roma g\u00e1dzsi nem szeretsz,<br \/>\nm\u00e9rt csaltad meg az \u00e9n \u00e1rva sz\u00edvemet.<br \/>\nM\u00e9rt csaltad meg az \u00e1rva sz\u00edvemet,<br \/>\nt\u00f6nkretetted az eg\u00e9sz \u00e9letemet.<br \/>\nM\u00e9rt csaltad meg az \u00e1rva sz\u00edvemet,<br \/>\nt\u00f6nkretetted az eg\u00e9sz \u00e9letemet.<br \/>\n&#8212;V\u00e9ge&#8212;<\/p>\n","protected":false},"featured_media":11406,"template":"","meta":{"site-sidebar-layout":"default","site-content-layout":"default","ast-site-content-layout":"default","site-content-style":"default","site-sidebar-style":"default","ast-global-header-display":"","ast-banner-title-visibility":"","ast-main-header-display":"","ast-hfb-above-header-display":"","ast-hfb-below-header-display":"","ast-hfb-mobile-header-display":"","site-post-title":"","ast-breadcrumbs-content":"","ast-featured-img":"","footer-sml-layout":"","theme-transparent-header-meta":"default","adv-header-id-meta":"","stick-header-meta":"","header-above-stick-meta":"","header-main-stick-meta":"","header-below-stick-meta":"","astra-migrate-meta-layouts":"set","ast-page-background-enabled":"default","ast-page-background-meta":{"desktop":{"background-color":"var(--ast-global-color-4)","background-image":"","background-repeat":"repeat","background-position":"center center","background-size":"auto","background-attachment":"scroll","background-type":"","background-media":"","overlay-type":"","overlay-color":"","overlay-opacity":"","overlay-gradient":""},"tablet":{"background-color":"","background-image":"","background-repeat":"repeat","background-position":"center center","background-size":"auto","background-attachment":"scroll","background-type":"","background-media":"","overlay-type":"","overlay-color":"","overlay-opacity":"","overlay-gradient":""},"mobile":{"background-color":"","background-image":"","background-repeat":"repeat","background-position":"center center","background-size":"auto","background-attachment":"scroll","background-type":"","background-media":"","overlay-type":"","overlay-color":"","overlay-opacity":"","overlay-gradient":""}},"ast-content-background-meta":{"desktop":{"background-color":"var(--ast-global-color-5)","background-image":"","background-repeat":"repeat","background-position":"center center","background-size":"auto","background-attachment":"scroll","background-type":"","background-media":"","overlay-type":"","overlay-color":"","overlay-opacity":"","overlay-gradient":""},"tablet":{"background-color":"var(--ast-global-color-5)","background-image":"","background-repeat":"repeat","background-position":"center center","background-size":"auto","background-attachment":"scroll","background-type":"","background-media":"","overlay-type":"","overlay-color":"","overlay-opacity":"","overlay-gradient":""},"mobile":{"background-color":"var(--ast-global-color-5)","background-image":"","background-repeat":"repeat","background-position":"center center","background-size":"auto","background-attachment":"scroll","background-type":"","background-media":"","overlay-type":"","overlay-color":"","overlay-opacity":"","overlay-gradient":""}}},"product_cat":[48],"product_tag":[],"class_list":["post-14266","product","type-product","status-publish","has-post-thumbnail","hentry","product_cat-sunkaraoke-dalok","desktop-align-left","tablet-align-left","mobile-align-left"],"_links":{"self":[{"href":"https:\/\/www.sunkaraoke.hu\/index.php\/wp-json\/wp\/v2\/product\/14266","targetHints":{"allow":["GET"]}}],"collection":[{"href":"https:\/\/www.sunkaraoke.hu\/index.php\/wp-json\/wp\/v2\/product"}],"about":[{"href":"https:\/\/www.sunkaraoke.hu\/index.php\/wp-json\/wp\/v2\/types\/product"}],"wp:featuredmedia":[{"embeddable":true,"href":"https:\/\/www.sunkaraoke.hu\/index.php\/wp-json\/wp\/v2\/media\/11406"}],"wp:attachment":[{"href":"https:\/\/www.sunkaraoke.hu\/index.php\/wp-json\/wp\/v2\/media?parent=14266"}],"wp:term":[{"taxonomy":"product_cat","embeddable":true,"href":"https:\/\/www.sunkaraoke.hu\/index.php\/wp-json\/wp\/v2\/product_cat?post=14266"},{"taxonomy":"product_tag","embeddable":true,"href":"https:\/\/www.sunkaraoke.hu\/index.php\/wp-json\/wp\/v2\/product_tag?post=14266"}],"curies":[{"name":"wp","href":"https:\/\/api.w.org\/{rel}","templated":true}]}}