{"id":14227,"date":"2024-10-31T11:59:33","date_gmt":"2024-10-31T11:59:33","guid":{"rendered":"https:\/\/www.sunkaraoke.hu\/?post_type=product&#038;p=14227"},"modified":"2025-10-13T16:28:04","modified_gmt":"2025-10-13T14:28:04","slug":"herceg-feat-parno-graszt-rozsam-2024-new","status":"publish","type":"product","link":"https:\/\/www.sunkaraoke.hu\/index.php\/termek\/herceg-feat-parno-graszt-rozsam-2024-new\/","title":{"rendered":"<div class=\"wcmp-player-container product-14227\"><audio controlslist=\"nodownload\" data-product=\"14227\"  volume=\"1\"  preload=\"none\" data-lazyloading=\"none\" class=\"wcmp-player track mejs-classic\" data-duration=\"0:31\" data-estimated_duration=\"4\"><source src=\"https:\/\/www.sunkaraoke.hu\/wp-content\/uploads\/2024\/10\/Rozsam-2024.-New_demo.mp3\" type=\"audio\/mp3\" \/><\/audio><\/div>Herceg feat Parno Graszt: R\u00f3zs\u00e1m 2024. New"},"content":{"rendered":"<p><strong>04:19<\/strong>| <strong><img loading=\"lazy\" decoding=\"async\" class=\"alignnone size-full wp-image-467\" src=\"https:\/\/www.sunkaraoke.hu\/wp-content\/uploads\/2022\/07\/choir_2-copy.webp\" alt=\"\" width=\"30\" height=\"30\" \/> <\/strong><\/p>\n","protected":false},"excerpt":{"rendered":"<h6><strong>Bits\u0171r\u0171s\u00e9g: 320kb\/s<\/strong><\/h6>\n<h6><strong>Hossz: 04:19<\/strong><\/h6>\n<h6><strong>Vok\u00e1l: Nem <img loading=\"lazy\" decoding=\"async\" class=\"alignnone size-full wp-image-467\" src=\"http:\/\/www.sunkaraoke.hu\/wp-content\/uploads\/2022\/07\/choir_2-copy.png\" alt=\"\" width=\"30\" height=\"30\" \/><\/strong><\/h6>\n<p>Sunkaraoke mp3 st\u00fadi\u00f3 \/ www.sunkaraoke.hu \/ Inf: Tel: 06 20 4275001<\/p>\n<p>&#8212;Intr\u00f3&#8211;<br \/>\nMost tele van a s\u00f6t\u00e9t \u00e9gbolt, sok ragyog\u00f3 csillaggal,<br \/>\n\u00e9s tele van az \u00e9n sz\u00edvem is, sok keser\u0171 b\u00e1nattal.<br \/>\nMert az \u00e9n \u00e9letem, nem igen gy\u00f6ny\u00f6r\u0171,<br \/>\naz \u00e9n k\u00e9t orc\u00e1mon, folydog\u00e1l a k\u00f6nny\u0171.<br \/>\nSzerettelek r\u00f3zs\u00e1m, de \u00e9n megcsaltalak,<br \/>\nde m\u00e1r a J\u00f3isten, viselje a te gondodat.<br \/>\nMert szerettelek r\u00f3zs\u00e1m, de \u00e9n megcsaltalak,<br \/>\nde m\u00e1r a J\u00f3isten, viselje a te sorsodat.<br \/>\n&#8212;Sz\u00f3l\u00f3&#8212;<br \/>\nNem szeretett engem, soha m\u00e9g \u00edgy senki,<br \/>\nm\u00e9gis elbotlottam, nem tudok mit tenni.<br \/>\nBenne maradt sz\u00edvem, az \u00f6v\u00e9 meg bennem,<br \/>\nIstenem az \u00e9gben, seg\u00edts visszamennem.<br \/>\nNy\u00edlik a vir\u00e1g, de holnapra lehull, micsoda az \u00e9let?<br \/>\nT\u0171nik a vil\u00e1g, elbor\u00edt a m\u00falt, sz\u00e1llunk \u00e1t a v\u00e9gtelen.<br \/>\nN\u00e9lk\u00fcled a sz\u00edv, egy \u00f6sszeomlott h\u00edd, a k\u00e9t part olyan t\u00e1vol.<br \/>\nA f\u00e1jdalom a k\u00edn, \u00e1rad mint a v\u00edz, m\u00e9gis \u00e9rzem v\u00e1rsz valahol.<br \/>\n&#8212;Sz\u00f3l\u00f3&#8212;<br \/>\nMikor a csillagokra n\u00e9zek, folyton r\u00e1d gondolok.<br \/>\nMinek ez a szerelem, ha nem j\u00f3 nekem?<br \/>\nMikor ter\u00e1d \u00e9n n\u00e9zek, Te \u00e9rted \u00e9n meghalok,<br \/>\nminek ez a szerelem, ha nem j\u00f3 nekem?<br \/>\nSzerettelek r\u00f3zs\u00e1m, de \u00e9n megcsaltalak,<br \/>\nde m\u00e1r a J\u00f3isten, viselje a te gondodat.<br \/>\nMert szerettelek r\u00f3zs\u00e1m, de \u00e9n megcsaltalak,<br \/>\nde m\u00e1r a J\u00f3isten, viselje a te sorsodat.<br \/>\nMert szerettelek r\u00f3zs\u00e1m, de \u00e9n megcsaltalak,<br \/>\nDe m\u00e1r a J\u00f3isten viselje a te sorsodat.<br \/>\n&#8212;V\u00e9ge&#8212;<\/p>\n","protected":false},"featured_media":14230,"template":"","meta":{"site-sidebar-layout":"default","site-content-layout":"default","ast-site-content-layout":"default","site-content-style":"default","site-sidebar-style":"default","ast-global-header-display":"","ast-banner-title-visibility":"","ast-main-header-display":"","ast-hfb-above-header-display":"","ast-hfb-below-header-display":"","ast-hfb-mobile-header-display":"","site-post-title":"","ast-breadcrumbs-content":"","ast-featured-img":"","footer-sml-layout":"","theme-transparent-header-meta":"default","adv-header-id-meta":"","stick-header-meta":"","header-above-stick-meta":"","header-main-stick-meta":"","header-below-stick-meta":"","astra-migrate-meta-layouts":"set","ast-page-background-enabled":"default","ast-page-background-meta":{"desktop":{"background-color":"var(--ast-global-color-4)","background-image":"","background-repeat":"repeat","background-position":"center center","background-size":"auto","background-attachment":"scroll","background-type":"","background-media":"","overlay-type":"","overlay-color":"","overlay-opacity":"","overlay-gradient":""},"tablet":{"background-color":"","background-image":"","background-repeat":"repeat","background-position":"center center","background-size":"auto","background-attachment":"scroll","background-type":"","background-media":"","overlay-type":"","overlay-color":"","overlay-opacity":"","overlay-gradient":""},"mobile":{"background-color":"","background-image":"","background-repeat":"repeat","background-position":"center center","background-size":"auto","background-attachment":"scroll","background-type":"","background-media":"","overlay-type":"","overlay-color":"","overlay-opacity":"","overlay-gradient":""}},"ast-content-background-meta":{"desktop":{"background-color":"var(--ast-global-color-5)","background-image":"","background-repeat":"repeat","background-position":"center center","background-size":"auto","background-attachment":"scroll","background-type":"","background-media":"","overlay-type":"","overlay-color":"","overlay-opacity":"","overlay-gradient":""},"tablet":{"background-color":"var(--ast-global-color-5)","background-image":"","background-repeat":"repeat","background-position":"center center","background-size":"auto","background-attachment":"scroll","background-type":"","background-media":"","overlay-type":"","overlay-color":"","overlay-opacity":"","overlay-gradient":""},"mobile":{"background-color":"var(--ast-global-color-5)","background-image":"","background-repeat":"repeat","background-position":"center center","background-size":"auto","background-attachment":"scroll","background-type":"","background-media":"","overlay-type":"","overlay-color":"","overlay-opacity":"","overlay-gradient":""}}},"product_cat":[48],"product_tag":[],"class_list":["post-14227","product","type-product","status-publish","has-post-thumbnail","hentry","product_cat-sunkaraoke-dalok","desktop-align-left","tablet-align-left","mobile-align-left"],"_links":{"self":[{"href":"https:\/\/www.sunkaraoke.hu\/index.php\/wp-json\/wp\/v2\/product\/14227","targetHints":{"allow":["GET"]}}],"collection":[{"href":"https:\/\/www.sunkaraoke.hu\/index.php\/wp-json\/wp\/v2\/product"}],"about":[{"href":"https:\/\/www.sunkaraoke.hu\/index.php\/wp-json\/wp\/v2\/types\/product"}],"wp:featuredmedia":[{"embeddable":true,"href":"https:\/\/www.sunkaraoke.hu\/index.php\/wp-json\/wp\/v2\/media\/14230"}],"wp:attachment":[{"href":"https:\/\/www.sunkaraoke.hu\/index.php\/wp-json\/wp\/v2\/media?parent=14227"}],"wp:term":[{"taxonomy":"product_cat","embeddable":true,"href":"https:\/\/www.sunkaraoke.hu\/index.php\/wp-json\/wp\/v2\/product_cat?post=14227"},{"taxonomy":"product_tag","embeddable":true,"href":"https:\/\/www.sunkaraoke.hu\/index.php\/wp-json\/wp\/v2\/product_tag?post=14227"}],"curies":[{"name":"wp","href":"https:\/\/api.w.org\/{rel}","templated":true}]}}