{"id":14183,"date":"2024-10-23T12:19:50","date_gmt":"2024-10-23T12:19:50","guid":{"rendered":"https:\/\/www.sunkaraoke.hu\/?post_type=product&#038;p=14183"},"modified":"2025-11-14T19:21:52","modified_gmt":"2025-11-14T17:21:52","slug":"zseda-fantom-2024-new-cover","status":"publish","type":"product","link":"https:\/\/www.sunkaraoke.hu\/index.php\/termek\/zseda-fantom-2024-new-cover\/","title":{"rendered":"<div class=\"wcmp-player-container product-14183\"><audio controlslist=\"nodownload\" data-product=\"14183\"  volume=\"1\"  preload=\"none\" data-lazyloading=\"none\" class=\"wcmp-player track mejs-classic\" data-duration=\"0:33\" data-estimated_duration=\"4\"><source src=\"https:\/\/www.sunkaraoke.hu\/wp-content\/uploads\/2024\/10\/Fantom-trp-2024._demo.mp3\" type=\"audio\/mp3\" \/><\/audio><\/div>Zs\u00e9da &#8211; Fantom 2024. NEW ( Original PB Cover Edition )"},"content":{"rendered":"<p><strong>03:51<\/strong>| <strong><img loading=\"lazy\" decoding=\"async\" class=\"alignnone size-full wp-image-467\" src=\"https:\/\/www.sunkaraoke.hu\/wp-content\/uploads\/2022\/07\/choir_2-copy.webp\" alt=\"\" width=\"30\" height=\"30\" \/> <\/strong><\/p>\n","protected":false},"excerpt":{"rendered":"<h5>Bits\u0171r\u0171s\u00e9g: 320 kb\/s<br \/>\nHossz: 03:51<br \/>\nVok\u00e1lt tartalmaz: Nem <img loading=\"lazy\" decoding=\"async\" class=\"alignnone size-full wp-image-467\" src=\"http:\/\/www.sunkaraoke.hu\/wp-content\/uploads\/2022\/07\/choir_2-copy.png\" alt=\"\" width=\"30\" height=\"30\" \/><strong style=\"font-size: 16px;\"><br \/>\n<\/strong><\/h5>\n<p>Sunkaraoke mp3 st\u00fadi\u00f3 \/ www.sunkaraoke.hu \/ Inf: Tel: 06 20 4275001<\/p>\n<p>&#8212;Intr\u00f3&#8212;<br \/>\nVolt, mikor k\u00e9rd\u00e9s n\u00e9lk\u00fcl v\u00e1gytam r\u00e1d,<br \/>\n\u00e9s volt, hogy az \u00e9rint\u00e9sem nem tal\u00e1lt.<br \/>\nT\u00fal vagyok rajtad, ajkad nem k\u00eds\u00e9rt,<br \/>\nn\u00e9zd, ez a sz\u00e9d\u00fclt t\u00e1nc is v\u00e9get \u00e9rt!<br \/>\nF\u00e1tylat r\u00e1, s\u00edrni nincs mi\u00e9rt!<br \/>\nMint egy fantom, a szerelem k\u00f6zt\u00fcnk j\u00e1rt,<br \/>\nhallom, a l\u00e9ptek visszhangj\u00e1t,<br \/>\nhordom a nyomait b\u00fcszk\u00e9n az \u00e9let \u00fagyis megy tov\u00e1bb.<br \/>\nFantom, a szerelem megk\u00eds\u00e9rt,<br \/>\nfelk\u00e9r, majd visszah\u00fazza kez\u00e9t.<br \/>\nF\u00e1j m\u00e9g a helye a sz\u00edvben, de \u00e9lni kell tov\u00e1bb,<br \/>\na tegnaput\u00e1n.<br \/>\n&#8212;Sz\u00f3l\u00f3&#8212;<br \/>\nVolt ezer gyilkos cs\u00f3k meg sz\u00e9p hal\u00e1l,<br \/>\n\u00e9s volt, mit a l\u00e9lek m\u00e1shol nem tal\u00e1l.<br \/>\nNincs tov\u00e1bb, nincs t\u00f6bb t\u00e1nc, csak \u00e1llunk, n\u00e9zd!<br \/>\nSz\u00e9p, ahogy hullik sz\u00e9t most minden r\u00e9sz.<br \/>\nF\u00e1tylat r\u00e1! H\u00e1tra hagyom ami neh\u00e9z!<br \/>\nMint egy fantom, a szerelem k\u00f6zt\u00fcnk j\u00e1rt,<br \/>\nhallom a l\u00e9ptek visszhangj\u00e1t,<br \/>\nhordom a nyomait b\u00fcszk\u00e9n, az \u00e9let \u00fagyis megy tov\u00e1bb.<br \/>\nFantom, a szerelem megk\u00eds\u00e9rt,<br \/>\nfelk\u00e9r, majd visszah\u00fazza kez\u00e9t.<br \/>\nF\u00e1j m\u00e9g a helye a sz\u00edvben, de \u00e9lni kell tov\u00e1bb,<br \/>\na tegnaput\u00e1n.<br \/>\nF\u00e1tylat r\u00e1! H\u00e1tra hagyom ami neh\u00e9z!<br \/>\nMint egy fantom,a szerelem k\u00f6zt\u00fcnk j\u00e1rt,<br \/>\nhallom a l\u00e9ptek visszhangj\u00e1t.<br \/>\nHordom a nyomait b\u00fcszk\u00e9n.<br \/>\nAz \u00e9let \u00fagyis megy tov\u00e1bb.<br \/>\nFantom, a szerelem megk\u00eds\u00e9rt,<br \/>\nfelk\u00e9r, majd visszah\u00fazza kez\u00e9t.<br \/>\nF\u00e1j m\u00e9g a helye a sz\u00edvben, De \u00e9lni kell tov\u00e1bb!<br \/>\nA tegnaput\u00e1n&#8230;<br \/>\nA tegnaput\u00e1n&#8230;<br \/>\n&#8212;V\u00e9ge&#8212;<\/p>\n","protected":false},"featured_media":14186,"template":"","meta":{"site-sidebar-layout":"default","site-content-layout":"default","ast-site-content-layout":"default","site-content-style":"default","site-sidebar-style":"default","ast-global-header-display":"","ast-banner-title-visibility":"","ast-main-header-display":"","ast-hfb-above-header-display":"","ast-hfb-below-header-display":"","ast-hfb-mobile-header-display":"","site-post-title":"","ast-breadcrumbs-content":"","ast-featured-img":"","footer-sml-layout":"","theme-transparent-header-meta":"default","adv-header-id-meta":"","stick-header-meta":"","header-above-stick-meta":"","header-main-stick-meta":"","header-below-stick-meta":"","astra-migrate-meta-layouts":"set","ast-page-background-enabled":"default","ast-page-background-meta":{"desktop":{"background-color":"var(--ast-global-color-4)","background-image":"","background-repeat":"repeat","background-position":"center center","background-size":"auto","background-attachment":"scroll","background-type":"","background-media":"","overlay-type":"","overlay-color":"","overlay-opacity":"","overlay-gradient":""},"tablet":{"background-color":"","background-image":"","background-repeat":"repeat","background-position":"center center","background-size":"auto","background-attachment":"scroll","background-type":"","background-media":"","overlay-type":"","overlay-color":"","overlay-opacity":"","overlay-gradient":""},"mobile":{"background-color":"","background-image":"","background-repeat":"repeat","background-position":"center center","background-size":"auto","background-attachment":"scroll","background-type":"","background-media":"","overlay-type":"","overlay-color":"","overlay-opacity":"","overlay-gradient":""}},"ast-content-background-meta":{"desktop":{"background-color":"var(--ast-global-color-5)","background-image":"","background-repeat":"repeat","background-position":"center center","background-size":"auto","background-attachment":"scroll","background-type":"","background-media":"","overlay-type":"","overlay-color":"","overlay-opacity":"","overlay-gradient":""},"tablet":{"background-color":"var(--ast-global-color-5)","background-image":"","background-repeat":"repeat","background-position":"center center","background-size":"auto","background-attachment":"scroll","background-type":"","background-media":"","overlay-type":"","overlay-color":"","overlay-opacity":"","overlay-gradient":""},"mobile":{"background-color":"var(--ast-global-color-5)","background-image":"","background-repeat":"repeat","background-position":"center center","background-size":"auto","background-attachment":"scroll","background-type":"","background-media":"","overlay-type":"","overlay-color":"","overlay-opacity":"","overlay-gradient":""}}},"product_cat":[48],"product_tag":[],"class_list":["post-14183","product","type-product","status-publish","has-post-thumbnail","hentry","product_cat-sunkaraoke-dalok","desktop-align-left","tablet-align-left","mobile-align-left"],"_links":{"self":[{"href":"https:\/\/www.sunkaraoke.hu\/index.php\/wp-json\/wp\/v2\/product\/14183","targetHints":{"allow":["GET"]}}],"collection":[{"href":"https:\/\/www.sunkaraoke.hu\/index.php\/wp-json\/wp\/v2\/product"}],"about":[{"href":"https:\/\/www.sunkaraoke.hu\/index.php\/wp-json\/wp\/v2\/types\/product"}],"wp:featuredmedia":[{"embeddable":true,"href":"https:\/\/www.sunkaraoke.hu\/index.php\/wp-json\/wp\/v2\/media\/14186"}],"wp:attachment":[{"href":"https:\/\/www.sunkaraoke.hu\/index.php\/wp-json\/wp\/v2\/media?parent=14183"}],"wp:term":[{"taxonomy":"product_cat","embeddable":true,"href":"https:\/\/www.sunkaraoke.hu\/index.php\/wp-json\/wp\/v2\/product_cat?post=14183"},{"taxonomy":"product_tag","embeddable":true,"href":"https:\/\/www.sunkaraoke.hu\/index.php\/wp-json\/wp\/v2\/product_tag?post=14183"}],"curies":[{"name":"wp","href":"https:\/\/api.w.org\/{rel}","templated":true}]}}