{"id":14151,"date":"2024-10-16T13:59:47","date_gmt":"2024-10-16T13:59:47","guid":{"rendered":"https:\/\/www.sunkaraoke.hu\/?post_type=product&#038;p=14151"},"modified":"2025-04-07T15:30:50","modified_gmt":"2025-04-07T15:30:50","slug":"piros-bela-piros-mulatos-mix-87","status":"publish","type":"product","link":"https:\/\/www.sunkaraoke.hu\/index.php\/termek\/piros-bela-piros-mulatos-mix-87\/","title":{"rendered":"<div class=\"wcmp-player-container product-14151\"><audio controlslist=\"nodownload\" data-product=\"14151\"  volume=\"1\"  preload=\"none\" data-lazyloading=\"none\" class=\"wcmp-player track mejs-classic\" data-duration=\"0:40\" data-estimated_duration=\"4\"><source src=\"https:\/\/www.sunkaraoke.hu\/wp-content\/uploads\/2024\/10\/Piros-mulatos-87-_demo.mp3\" type=\"audio\/mp3\" \/><\/audio><\/div>Piros B\u00e9la &#8211; Piros Mulat\u00f3s Mix 87. (Original)"},"content":{"rendered":"<p><b>11:32<\/b>| <strong><img loading=\"lazy\" decoding=\"async\" class=\"alignnone size-full wp-image-467\" src=\"https:\/\/www.sunkaraoke.hu\/wp-content\/uploads\/2022\/07\/choir_2-copy.webp\" alt=\"\" width=\"30\" height=\"30\" \/> <\/strong><\/p>\n","protected":false},"excerpt":{"rendered":"<h6><strong>Bits\u0171r\u0171s\u00e9g: 320kb\/s<\/strong><br \/>\n<strong>Hossz:11:32<\/strong><br \/>\n<strong>Vok\u00e1lt tartalmaz: Nem <img loading=\"lazy\" decoding=\"async\" class=\"alignnone size-full wp-image-467\" src=\"http:\/\/www.sunkaraoke.hu\/wp-content\/uploads\/2022\/07\/choir_2-copy.png\" alt=\"\" width=\"30\" height=\"30\" \/><\/strong><strong style=\"font-size: 16px;\"><br \/>\n<\/strong><\/h6>\n<p>Sunkaraoke mp3 st\u00fadi\u00f3 \/ www.sunkaraoke.hu \/ Inf: Tel: 06 20 4275001<\/p>\n<p>&#8212;Intr\u00f3&#8212;<br \/>\nJ\u00f3 est\u00e9t k\u00edv\u00e1nok, megj\u00f6ttek a feh\u00e9rv\u00e1ri husz\u00e1rok.<br \/>\nJ\u00f3 est\u00e9t k\u00edv\u00e1nok, megj\u00f6ttek a feh\u00e9rv\u00e1ri husz\u00e1rok.<br \/>\nJ\u00f6ttek, l\u00e1ttak, l\u0151ttek, sok kisl\u00e1nyt megf\u0151ztek.<br \/>\nJ\u00f3 est\u00e9t k\u00edv\u00e1nok, megj\u00f6ttek a feh\u00e9rv\u00e1ri husz\u00e1rok.<br \/>\nJ\u00f6ttek, l\u00e1ttak, l\u0151ttek, sok kisl\u00e1nyt megf\u0151ztek.<br \/>\nJ\u00f3 est\u00e9t k\u00edv\u00e1nok, megj\u00f6ttek a feh\u00e9rv\u00e1ri husz\u00e1rok.<br \/>\nJ\u00f3 reggelt k\u00edv\u00e1nok, elmentek a feh\u00e9rv\u00e1ri husz\u00e1rok.<br \/>\nJ\u00f3 reggelt k\u00edv\u00e1nok, elmentek a feh\u00e9rv\u00e1ri husz\u00e1rok.<br \/>\nErre-arra j\u00e1rtak, selyem\u00e1gyban h\u00e1ltak.<br \/>\nj\u00f3 reggelt k\u00edv\u00e1nok, elmentek a feh\u00e9rv\u00e1ri husz\u00e1rok.<br \/>\nErre-arra j\u00e1rtak, selyem\u00e1gyban h\u00e1ltak.<br \/>\nj\u00f3 reggelt k\u00edv\u00e1nok, elmentek a feh\u00e9rv\u00e1ri husz\u00e1rok.<br \/>\n&#8212;-Sz\u00f3l\u00f3&#8212;<br \/>\nL\u00e1tod, \u00e9desany\u00e1m, l\u00e1tod, \u00e9desany\u00e1m, m\u00e9rt sz\u00fclt\u00e9l a vil\u00e1gra?<br \/>\nInk\u00e1bb dobt\u00e1l volna, ink\u00e1bb dobt\u00e1l volna a zavaros Tisz\u00e1ba!<br \/>\nTisza vize elvitt volna jeges Dun\u00e1ba,<br \/>\nHogy ne lettem volna, b\u00e1r ne lettem volna senki megunt bab\u00e1ja!<br \/>\nTisza vize elvitt volna jeges Dun\u00e1ba,<br \/>\nHogy ne lettem volna, b\u00e1r ne lettem volna senki megunt bab\u00e1ja!<br \/>\nNincs m\u00e1r s\u00e1rga r\u00f3zsa, nincs m\u00e1r s\u00e1rga r\u00f3zsa, csak a s\u00e1rga levele.<br \/>\nNincs szeret\u0151m, sej-haj, nincs szeret\u0151m, sej-haj, mind elhagyott \u00f6r\u00f6kre.<br \/>\nHa elhagyott, nem b\u00fasulok, elment \u00f6r\u00f6kre.<br \/>\nM\u00e9g a s\u00edron t\u00fal is, m\u00e9g a f\u00f6ld alatt is csak \u0151 j\u00e1r az eszemben.<br \/>\nHa elhagyott, nem b\u00fasulok, elment \u00f6r\u00f6kre.<br \/>\nM\u00e9g a s\u00edron t\u00fal is, m\u00e9g a f\u00f6ld alatt is csak \u0151 j\u00e1r az eszemben.<br \/>\n&#8212;Sz\u00f3l\u00f3&#8212;<br \/>\nLassan forog bab\u00e1m,lassan forog bab\u00e1m,a g\u00e9pkocsi kereke,<br \/>\nAzon visznek engem, azon visznek engem ki a hat\u00e1r sz\u00e9l\u00e9re.<br \/>\nB\u00e1rcsak \u00f6ssze vissza t\u00f6rne a kocsi kereke,<br \/>\nhogy ne vinne engem, b\u00e1r ne vinne engem, le a hat\u00e1r sz\u00e9l\u00e9re.<br \/>\nB\u00e1rcsak \u00f6ssze vissza t\u00f6rne a kocsi kereke,<br \/>\nhogy ne vinne engem, b\u00e1r ne vinne engem, le a hat\u00e1r sz\u00e9l\u00e9re.<br \/>\nNincsen s\u00e1rga r\u00f3zsa, nincsen s\u00e1rga r\u00f3zsa, csak a sz\u00e1raz levele.<br \/>\nNincsen sz\u00e9p szeret\u0151m, nincsen sz\u00e9p szeret\u0151m, az anyja lebesz\u00e9lte.<br \/>\nLebesz\u00e9lte, ne szeressen soha engemet,<br \/>\nmert \u00e9n t\u00e1n sohasem, vagy tal\u00e1n sohasem t\u00f6lt\u00f6m ki az id\u0151met!<br \/>\nLebesz\u00e9lte, ne szeressen soha engemet,<br \/>\nmert \u00e9n t\u00e1n sohasem, vagy tal\u00e1n sohasem t\u00f6lt\u00f6m ki az id\u0151met!<br \/>\n&#8212;Sz\u00f3l\u00f3&#8212;<br \/>\nSz\u00e9p a r\u00f3zs\u00e1m, nincs hib\u00e1ja, csak egy kicsit libeg\u0151s a j\u00e1r\u00e1sa.<br \/>\nHuncut adta cs\u00f3kos ajka, jaj, de hamis a k\u00e9t szeme v\u00e1g\u00e1sa!<br \/>\nNe csud\u00e1lja, ha hib\u00e1ja nincs n\u00e9ki, hisz \u00e9n vagyok a szeret\u0151je, sz\u00edvb\u00e9li!<br \/>\nSz\u00e9p a r\u00f3zs\u00e1m, nincs hib\u00e1ja, csak egy kicsit libeg\u0151s a j\u00e1r\u00e1sa.<br \/>\nNe csud\u00e1lja, ha hib\u00e1ja nincs n\u00e9ki, hisz \u00e9n vagyok a szeret\u0151je, sz\u00edvb\u00e9li!<br \/>\nSz\u00e9p a r\u00f3zs\u00e1m, nincs hib\u00e1ja, csak egy kicsit libeg\u0151s a j\u00e1r\u00e1sa.<br \/>\nR\u00e9gi n\u00f3ta, b\u00e1rki tudja, k\u00e9t bolond a szerelemben is egy p\u00e1r.<br \/>\nM\u00e9rt cic\u00e1zt\u00e1l a sz\u00edvemmel, hogyha \u00fagyis az eszem elvetted m\u00e1r?<br \/>\nA csepeg\u0151 eresz al\u00e1 is \u00e1lln\u00e9k, \u00e9rted m\u00e9g a pokolba is s\u00e9t\u00e1ln\u00e9k!<br \/>\nR\u00e9gi n\u00f3ta, b\u00e1rki tudja, k\u00e9t bolond a szerelemben is egy p\u00e1r.<br \/>\nA csepeg\u0151 eresz al\u00e1 is \u00e1lln\u00e9k, \u00e9rted m\u00e9g a pokolba is s\u00e9t\u00e1ln\u00e9k!<br \/>\nR\u00e9gi n\u00f3ta, b\u00e1rki tudja, k\u00e9t bolond a szerelemben is egy p\u00e1r.<br \/>\n&#8212;Sz\u00f3l\u00f3&#8212;<br \/>\nZsebkend\u0151m n\u00e9gy sarka sim\u00e1ra van vasalva.<br \/>\nMind a n\u00e9gy sark\u00e1ba a bab\u00e1m neve van varrva.<br \/>\nEgyik sz\u0151ke, a m\u00e1sik barna, a harmadik csudasz\u00e9p.<br \/>\nMeg\u00e1llj, te csudasz\u00e9p, majd eszedbe jutok m\u00e9g!<br \/>\nMajd eszedbe jutok, bab\u00e1m, de m\u00e1r akkor k\u00e9s\u0151 lesz,<br \/>\nmert az \u00e9n \u00e1rva a sz\u00edvem, nem a ti\u00e9d, a m\u00e1s\u00e9 lesz!<br \/>\nMajd eszedbe jutok, bab\u00e1m, de m\u00e1r akkor k\u00e9s\u0151 lesz,<br \/>\nmert az \u00e9n \u00e1rva a sz\u00edvem, nem a ti\u00e9d, a m\u00e1s\u00e9 lesz!<br \/>\nB\u00e9k\u00e1s t\u00f3, halas t\u00f3, jaj, de s\u00e1ros a partja.<br \/>\nArra j\u00e1r a r\u00f3zs\u00e1m, selyemkend\u0151 van rajta.<br \/>\nR\u00e1k\u00f6lt\u00f6ttem a f\u00e9l peng\u0151met, az\u00e9rt olyan csudasz\u00e9p.<br \/>\nMeg\u00e1llj te, csudasz\u00e9p! Majd eszedbe jutok m\u00e9g.<br \/>\nMajd eszedbe jutok, bab\u00e1m, de m\u00e1r akkor k\u00e9s\u0151 lesz,<br \/>\nMikor majd a sz\u00edvem nem a ti\u00e9d, a m\u00e1s\u00e9 lesz!<br \/>\n&#8212;Sz\u00f3l\u00f3&#8212;<br \/>\nJ\u00e1szkuns\u00e1gi gyerek vagyok, J\u00e1szkuns\u00e1gban sz\u00fclettem.<br \/>\nKis koromt\u00f3l nagy koromig benne felnevel\u0151dtem.<br \/>\nKilenc zsand\u00e1r k\u00eds\u00e9r v\u00e9gig a j\u00e1szkuns\u00e1gi f\u0151utc\u00e1n.<br \/>\nM\u00e9g akkor is bekacsintok a bab\u00e1m r\u00e1csos ablak\u00e1n.<br \/>\nM\u00e9g akkor is csak azt mondja: Bety\u00e1r gyerek, gyere be!<br \/>\nAdj egy cs\u00f3kot, nyomd meg a d\u00f3got, kacsints\u00e1l a szemembe!<br \/>\nNem kacsintok a szemedbe, mert be vagyok sorozva.<br \/>\nA j\u00e1szkuns\u00e1gi b\u00f6rt\u00f6nkapu a sz\u00e1momra van kinyitva.<br \/>\nFelsz\u00e1ntatom, felsz\u00e1ntatom a j\u00e1szkuns\u00e1gi f\u0151utc\u00e1t.<br \/>\nHa ez a a f\u00f6ld, fekete f\u00f6ld piros r\u00f3zs\u00e1t teremne,<br \/>\nminden sz\u0151ke, barna kisl\u00e1ny csak engemet szeretne.<br \/>\n&#8212;V\u00e9ge&#8212;<\/p>\n","protected":false},"featured_media":12989,"template":"","meta":{"site-sidebar-layout":"default","site-content-layout":"default","ast-site-content-layout":"default","site-content-style":"default","site-sidebar-style":"default","ast-global-header-display":"","ast-banner-title-visibility":"","ast-main-header-display":"","ast-hfb-above-header-display":"","ast-hfb-below-header-display":"","ast-hfb-mobile-header-display":"","site-post-title":"","ast-breadcrumbs-content":"","ast-featured-img":"","footer-sml-layout":"","theme-transparent-header-meta":"default","adv-header-id-meta":"","stick-header-meta":"","header-above-stick-meta":"","header-main-stick-meta":"","header-below-stick-meta":"","astra-migrate-meta-layouts":"set","ast-page-background-enabled":"default","ast-page-background-meta":{"desktop":{"background-color":"var(--ast-global-color-4)","background-image":"","background-repeat":"repeat","background-position":"center center","background-size":"auto","background-attachment":"scroll","background-type":"","background-media":"","overlay-type":"","overlay-color":"","overlay-opacity":"","overlay-gradient":""},"tablet":{"background-color":"","background-image":"","background-repeat":"repeat","background-position":"center center","background-size":"auto","background-attachment":"scroll","background-type":"","background-media":"","overlay-type":"","overlay-color":"","overlay-opacity":"","overlay-gradient":""},"mobile":{"background-color":"","background-image":"","background-repeat":"repeat","background-position":"center center","background-size":"auto","background-attachment":"scroll","background-type":"","background-media":"","overlay-type":"","overlay-color":"","overlay-opacity":"","overlay-gradient":""}},"ast-content-background-meta":{"desktop":{"background-color":"var(--ast-global-color-5)","background-image":"","background-repeat":"repeat","background-position":"center center","background-size":"auto","background-attachment":"scroll","background-type":"","background-media":"","overlay-type":"","overlay-color":"","overlay-opacity":"","overlay-gradient":""},"tablet":{"background-color":"var(--ast-global-color-5)","background-image":"","background-repeat":"repeat","background-position":"center center","background-size":"auto","background-attachment":"scroll","background-type":"","background-media":"","overlay-type":"","overlay-color":"","overlay-opacity":"","overlay-gradient":""},"mobile":{"background-color":"var(--ast-global-color-5)","background-image":"","background-repeat":"repeat","background-position":"center center","background-size":"auto","background-attachment":"scroll","background-type":"","background-media":"","overlay-type":"","overlay-color":"","overlay-opacity":"","overlay-gradient":""}}},"product_cat":[48],"product_tag":[],"class_list":["post-14151","product","type-product","status-publish","has-post-thumbnail","hentry","product_cat-sunkaraoke-dalok","desktop-align-left","tablet-align-left","mobile-align-left"],"_links":{"self":[{"href":"https:\/\/www.sunkaraoke.hu\/index.php\/wp-json\/wp\/v2\/product\/14151","targetHints":{"allow":["GET"]}}],"collection":[{"href":"https:\/\/www.sunkaraoke.hu\/index.php\/wp-json\/wp\/v2\/product"}],"about":[{"href":"https:\/\/www.sunkaraoke.hu\/index.php\/wp-json\/wp\/v2\/types\/product"}],"wp:featuredmedia":[{"embeddable":true,"href":"https:\/\/www.sunkaraoke.hu\/index.php\/wp-json\/wp\/v2\/media\/12989"}],"wp:attachment":[{"href":"https:\/\/www.sunkaraoke.hu\/index.php\/wp-json\/wp\/v2\/media?parent=14151"}],"wp:term":[{"taxonomy":"product_cat","embeddable":true,"href":"https:\/\/www.sunkaraoke.hu\/index.php\/wp-json\/wp\/v2\/product_cat?post=14151"},{"taxonomy":"product_tag","embeddable":true,"href":"https:\/\/www.sunkaraoke.hu\/index.php\/wp-json\/wp\/v2\/product_tag?post=14151"}],"curies":[{"name":"wp","href":"https:\/\/api.w.org\/{rel}","templated":true}]}}