{"id":14144,"date":"2024-10-15T13:50:39","date_gmt":"2024-10-15T13:50:39","guid":{"rendered":"https:\/\/www.sunkaraoke.hu\/?post_type=product&#038;p=14144"},"modified":"2024-10-15T13:52:15","modified_gmt":"2024-10-15T13:52:15","slug":"dondi-duo-ha-kigyulnak-a-csillagok-2024-new","status":"publish","type":"product","link":"https:\/\/www.sunkaraoke.hu\/index.php\/termek\/dondi-duo-ha-kigyulnak-a-csillagok-2024-new\/","title":{"rendered":"<div class=\"wcmp-player-container product-14144\"><audio controlslist=\"nodownload\" data-product=\"14144\"  volume=\"1\"  preload=\"none\" data-lazyloading=\"none\" class=\"wcmp-player track mejs-classic\" data-duration=\"0:32\" data-estimated_duration=\"4\"><source src=\"https:\/\/www.sunkaraoke.hu\/wp-content\/uploads\/2024\/10\/Ha-kigyulnak-a-csillagok-Dondi-2024.-New_demo.mp3\" type=\"audio\/mp3\" \/><\/audio><\/div>D\u00f6ndi Du\u00f3 : Ha kigy\u00falnak a csillagok 2024. NEW"},"content":{"rendered":"<p><strong>03:47<\/strong>| <strong><img loading=\"lazy\" decoding=\"async\" class=\"alignnone size-full wp-image-467\" src=\"https:\/\/www.sunkaraoke.hu\/wp-content\/uploads\/2022\/07\/choir_2-copy.webp\" alt=\"\" width=\"30\" height=\"30\" \/> <\/strong><\/p>\n","protected":false},"excerpt":{"rendered":"<h6><strong>Bits\u0171r\u0171s\u00e9g: 320kb\/s<\/strong><\/h6>\n<h6><strong>Hossz: 03:47<\/strong><\/h6>\n<h6><strong>Vok\u00e1l: Nem <img loading=\"lazy\" decoding=\"async\" class=\"alignnone size-full wp-image-467\" src=\"http:\/\/www.sunkaraoke.hu\/wp-content\/uploads\/2022\/07\/choir_2-copy.png\" alt=\"\" width=\"30\" height=\"30\" \/><\/strong><\/h6>\n<p>Sunkaraoke mp3 st\u00fadi\u00f3 \/ www.sunkaraoke.hu \/ Inf: Tel: 06 20 4275001<\/p>\n<p>&#8212;Intr\u00f3&#8212;<br \/>\nHi\u00e1ba tagadn\u00e1m, r\u00e9g\u00f3ta szeretlek,<br \/>\nk\u00f6nnyeim titokban, te \u00e9rted peregnek.<br \/>\nK\u00e9rtem a j\u00f3 istent, tan\u00edtson feledni,<br \/>\nv\u00e1lasza csak az volt, hogy t\u00e9ged kell szeretni.<br \/>\nHa kigy\u00falnak a csillagok,<br \/>\nte ott vagy \u00e9n meg itt vagyok,<br \/>\na csillagokkal \u00fczenem, hogy szeretlek \u00e9n kedvesem.<br \/>\nHa kigy\u00falnak a csillagok,<br \/>\nte ott vagy \u00e9n meg itt vagyok,<br \/>\na csillagokkal \u00fczenem, hogy szeretlek \u00e9n kedvesem.<br \/>\n&#8212;Sz\u00f3l\u00f3&#8212;<br \/>\nHa majd egyszer s\u00edrni l\u00e1tsz,<br \/>\n\u00e9s engem t\u00f6bb\u00e9 nem l\u00e1tsz,<br \/>\n\u00edrd a porba csendesen,<br \/>\nkedvesem hogy \u0151t valaha szerettem.<br \/>\nK\u00e9rtem a j\u00f3 istent tan\u00edtson feledni,<br \/>\nv\u00e1lasza csak az, volt t\u00e9ged kell szeretni.<br \/>\nHa kigy\u00falnak a csillagok,<br \/>\nte ott vagy \u00e9n meg itt vagyok,<br \/>\na csillagokkal \u00fczenem,hogy szeretlek \u00e9n kedvesem.<br \/>\nHa kigy\u00falnak a csillagok,<br \/>\nte ott vagy \u00e9n meg itt vagyok,<br \/>\na csillagokkal \u00fczenem,hogy szeretlek \u00e9n kedvesem.<br \/>\n&#8212;Sz\u00f3l\u00f3&#8212;<br \/>\nHi\u00e1ba tagadn\u00e1m r\u00e9g\u00f3ta szeretlek,<br \/>\nk\u00f6nnyeim titokban te \u00e9rted peregnek.<br \/>\nK\u00e9rtem a j\u00f3 istent tan\u00edtson feledni,<br \/>\nv\u00e1lasza csak az volt hogy t\u00e9ged kell szeretni.<br \/>\nHa kigy\u00falnak a csillagok,<br \/>\nte ott vagy \u00e9n meg itt vagyok,<br \/>\na csillagokkal \u00fczenem,hogy szeretlek \u00e9n kedvesem.<br \/>\nHa kigy\u00falnak a csillagok,<br \/>\nte ott vagy \u00e9n meg itt vagyok,<br \/>\na csillagokkal \u00fczenem,hogy szeretlek \u00e9n kedvesem.<br \/>\n&#8212;V\u00e9ge&#8212;<\/p>\n<p>&nbsp;<\/p>\n","protected":false},"featured_media":12239,"template":"","meta":{"site-sidebar-layout":"default","site-content-layout":"default","ast-site-content-layout":"default","site-content-style":"default","site-sidebar-style":"default","ast-global-header-display":"","ast-banner-title-visibility":"","ast-main-header-display":"","ast-hfb-above-header-display":"","ast-hfb-below-header-display":"","ast-hfb-mobile-header-display":"","site-post-title":"","ast-breadcrumbs-content":"","ast-featured-img":"","footer-sml-layout":"","theme-transparent-header-meta":"default","adv-header-id-meta":"","stick-header-meta":"","header-above-stick-meta":"","header-main-stick-meta":"","header-below-stick-meta":"","astra-migrate-meta-layouts":"set","ast-page-background-enabled":"default","ast-page-background-meta":{"desktop":{"background-color":"var(--ast-global-color-4)","background-image":"","background-repeat":"repeat","background-position":"center center","background-size":"auto","background-attachment":"scroll","background-type":"","background-media":"","overlay-type":"","overlay-color":"","overlay-opacity":"","overlay-gradient":""},"tablet":{"background-color":"","background-image":"","background-repeat":"repeat","background-position":"center center","background-size":"auto","background-attachment":"scroll","background-type":"","background-media":"","overlay-type":"","overlay-color":"","overlay-opacity":"","overlay-gradient":""},"mobile":{"background-color":"","background-image":"","background-repeat":"repeat","background-position":"center center","background-size":"auto","background-attachment":"scroll","background-type":"","background-media":"","overlay-type":"","overlay-color":"","overlay-opacity":"","overlay-gradient":""}},"ast-content-background-meta":{"desktop":{"background-color":"var(--ast-global-color-5)","background-image":"","background-repeat":"repeat","background-position":"center center","background-size":"auto","background-attachment":"scroll","background-type":"","background-media":"","overlay-type":"","overlay-color":"","overlay-opacity":"","overlay-gradient":""},"tablet":{"background-color":"var(--ast-global-color-5)","background-image":"","background-repeat":"repeat","background-position":"center center","background-size":"auto","background-attachment":"scroll","background-type":"","background-media":"","overlay-type":"","overlay-color":"","overlay-opacity":"","overlay-gradient":""},"mobile":{"background-color":"var(--ast-global-color-5)","background-image":"","background-repeat":"repeat","background-position":"center center","background-size":"auto","background-attachment":"scroll","background-type":"","background-media":"","overlay-type":"","overlay-color":"","overlay-opacity":"","overlay-gradient":""}}},"product_cat":[48],"product_tag":[],"class_list":["post-14144","product","type-product","status-publish","has-post-thumbnail","hentry","product_cat-sunkaraoke-dalok","desktop-align-left","tablet-align-left","mobile-align-left"],"_links":{"self":[{"href":"https:\/\/www.sunkaraoke.hu\/index.php\/wp-json\/wp\/v2\/product\/14144","targetHints":{"allow":["GET"]}}],"collection":[{"href":"https:\/\/www.sunkaraoke.hu\/index.php\/wp-json\/wp\/v2\/product"}],"about":[{"href":"https:\/\/www.sunkaraoke.hu\/index.php\/wp-json\/wp\/v2\/types\/product"}],"wp:featuredmedia":[{"embeddable":true,"href":"https:\/\/www.sunkaraoke.hu\/index.php\/wp-json\/wp\/v2\/media\/12239"}],"wp:attachment":[{"href":"https:\/\/www.sunkaraoke.hu\/index.php\/wp-json\/wp\/v2\/media?parent=14144"}],"wp:term":[{"taxonomy":"product_cat","embeddable":true,"href":"https:\/\/www.sunkaraoke.hu\/index.php\/wp-json\/wp\/v2\/product_cat?post=14144"},{"taxonomy":"product_tag","embeddable":true,"href":"https:\/\/www.sunkaraoke.hu\/index.php\/wp-json\/wp\/v2\/product_tag?post=14144"}],"curies":[{"name":"wp","href":"https:\/\/api.w.org\/{rel}","templated":true}]}}