{"id":14120,"date":"2024-10-12T13:42:03","date_gmt":"2024-10-12T13:42:03","guid":{"rendered":"https:\/\/www.sunkaraoke.hu\/?post_type=product&#038;p=14120"},"modified":"2024-10-13T17:39:37","modified_gmt":"2024-10-13T17:39:37","slug":"piros-bela-ciganyhimnusz-2024-new","status":"publish","type":"product","link":"https:\/\/www.sunkaraoke.hu\/index.php\/termek\/piros-bela-ciganyhimnusz-2024-new\/","title":{"rendered":"<div class=\"wcmp-player-container product-14120\"><audio controlslist=\"nodownload\" data-product=\"14120\"  volume=\"1\"  preload=\"none\" data-lazyloading=\"none\" class=\"wcmp-player track mejs-classic\" data-duration=\"0:32\" data-estimated_duration=\"4\"><source src=\"https:\/\/www.sunkaraoke.hu\/wp-content\/uploads\/2024\/10\/Ciganyhimnusz-2024._demo.mp3\" type=\"audio\/mp3\" \/><\/audio><\/div>Piros B\u00e9la &#8211; Cig\u00e1nyhimnusz 2024. NEW"},"content":{"rendered":"<p><b>03:23<\/b>| <strong><img loading=\"lazy\" decoding=\"async\" class=\"alignnone size-full wp-image-467\" src=\"https:\/\/www.sunkaraoke.hu\/wp-content\/uploads\/2022\/07\/choir_2-copy.webp\" alt=\"\" width=\"30\" height=\"30\" \/> <\/strong><\/p>\n","protected":false},"excerpt":{"rendered":"<h6><strong>Bits\u0171r\u0171s\u00e9g: 320kb\/s<\/strong><br \/>\n<strong>Hossz: 03:23<\/strong><br \/>\n<strong>Vok\u00e1lt tartalmaz: Nem <img loading=\"lazy\" decoding=\"async\" class=\"alignnone size-full wp-image-467\" src=\"http:\/\/www.sunkaraoke.hu\/wp-content\/uploads\/2022\/07\/choir_2-copy.png\" alt=\"\" width=\"30\" height=\"30\" \/><\/strong><strong style=\"font-size: 16px;\"><br \/>\n<\/strong><\/h6>\n<p>Sunkaraoke mp3 st\u00fadi\u00f3 \/ www.sunkaraoke.hu \/ Inf: Tel: 06 20 4275001<\/p>\n<p>&#8212;Intr\u00f3&#8212;<br \/>\nZ\u00f6ld az erd\u0151, z\u00f6ld a hegy is,<br \/>\na szerencse j\u00f6n is megy is!<br \/>\nMondom, k\u00e9s\u0151n b\u00fasulsz bab\u00e1m,<br \/>\nhisz k\u00e9pmutat\u00f3 lett a vil\u00e1g.<br \/>\nMondom, k\u00e9s\u0151n b\u00fasulsz bab\u00e1m,<br \/>\nhisz k\u00e9pmutat\u00f3 lett a vil\u00e1g.<\/p>\n<p>Isten k\u00f6ny\u00f6r\u00fclj meg n\u00e9k\u00fcnk,<br \/>\nne szenvedjen tov\u00e1bb n\u00e9p\u00fcnk.<br \/>\nMeg\u00e1tkozt\u00e1l meg is vert\u00e9l,<br \/>\n\u00f6r\u00f6k csavarg\u00f3v\u00e1 tett\u00e9l!<br \/>\nMeg\u00e1tkozt\u00e1l meg is vert\u00e9l,<br \/>\n\u00f6r\u00f6k csavarg\u00f3v\u00e1 tett\u00e9l!<br \/>\n&#8212;Sz\u00f3l\u00f3&#8212;<br \/>\nZ\u00f6ld az erd\u0151, z\u00f6ld a hegy is,<br \/>\na szerencse j\u00f6n is megy is!<br \/>\nMondom, k\u00e9s\u0151n b\u00fasulsz bab\u00e1m,<br \/>\nhisz k\u00e9pmutat\u00f3 lett a vil\u00e1g.<br \/>\nMondom, k\u00e9s\u0151n b\u00fasulsz bab\u00e1m,<br \/>\nhisz k\u00e9pmutat\u00f3 lett a vil\u00e1g.<br \/>\nEg\u00e9sz vil\u00e1g ellens\u00e9g\u00fcnk,<br \/>\n\u0171z\u00f6tt tolvajokk\u00e9nt \u00e9l\u00fcnk,<br \/>\nnem loptunk mi, csak egy sz\u00f6get,<br \/>\nJ\u00e9zus v\u00e9rz\u0151 tenyer\u00e9b\u0151l.<br \/>\nnem loptunk mi, csak egy sz\u00f6get,<br \/>\nJ\u00e9zus v\u00e9rz\u0151 tenyer\u00e9b\u0151l.<br \/>\n&#8212;Sz\u00f3l\u00f3&#8212;<br \/>\nIsten k\u00f6ny\u00f6r\u00fclj meg n\u00e9k\u00fcnk,<br \/>\nne szenvedjen tov\u00e1bb n\u00e9p\u00fcnk.<br \/>\nMeg\u00e1tkozt\u00e1l meg is vert\u00e9l,<br \/>\n\u00f6r\u00f6k csavarg\u00f3v\u00e1 tett\u00e9l!<br \/>\nMeg\u00e1tkozt\u00e1l meg is vert\u00e9l,<br \/>\n\u00f6r\u00f6k csavarg\u00f3v\u00e1 tett\u00e9l!<br \/>\nZ\u00f6ld az erd\u0151, z\u00f6ld a hegy is,<br \/>\na szerencse j\u00f6n is megy is!<br \/>\nMondom, k\u00e9s\u0151n b\u00fasulsz bab\u00e1m,<br \/>\nhisz k\u00e9pmutat\u00f3 lett a vil\u00e1g.<br \/>\nMondom, k\u00e9s\u0151n b\u00fasulsz bab\u00e1m,<br \/>\nhisz k\u00e9pmutat\u00f3 lett a vil\u00e1g.<br \/>\nMondom, k\u00e9s\u0151n b\u00fasulsz bab\u00e1m,<br \/>\nhisz k\u00e9pmutat\u00f3 lett a vil\u00e1g.<br \/>\n&#8212;V\u00e9ge&#8212;<\/p>\n","protected":false},"featured_media":12989,"template":"","meta":{"site-sidebar-layout":"default","site-content-layout":"default","ast-site-content-layout":"default","site-content-style":"default","site-sidebar-style":"default","ast-global-header-display":"","ast-banner-title-visibility":"","ast-main-header-display":"","ast-hfb-above-header-display":"","ast-hfb-below-header-display":"","ast-hfb-mobile-header-display":"","site-post-title":"","ast-breadcrumbs-content":"","ast-featured-img":"","footer-sml-layout":"","theme-transparent-header-meta":"default","adv-header-id-meta":"","stick-header-meta":"","header-above-stick-meta":"","header-main-stick-meta":"","header-below-stick-meta":"","astra-migrate-meta-layouts":"set","ast-page-background-enabled":"default","ast-page-background-meta":{"desktop":{"background-color":"var(--ast-global-color-4)","background-image":"","background-repeat":"repeat","background-position":"center center","background-size":"auto","background-attachment":"scroll","background-type":"","background-media":"","overlay-type":"","overlay-color":"","overlay-opacity":"","overlay-gradient":""},"tablet":{"background-color":"","background-image":"","background-repeat":"repeat","background-position":"center center","background-size":"auto","background-attachment":"scroll","background-type":"","background-media":"","overlay-type":"","overlay-color":"","overlay-opacity":"","overlay-gradient":""},"mobile":{"background-color":"","background-image":"","background-repeat":"repeat","background-position":"center center","background-size":"auto","background-attachment":"scroll","background-type":"","background-media":"","overlay-type":"","overlay-color":"","overlay-opacity":"","overlay-gradient":""}},"ast-content-background-meta":{"desktop":{"background-color":"var(--ast-global-color-5)","background-image":"","background-repeat":"repeat","background-position":"center center","background-size":"auto","background-attachment":"scroll","background-type":"","background-media":"","overlay-type":"","overlay-color":"","overlay-opacity":"","overlay-gradient":""},"tablet":{"background-color":"var(--ast-global-color-5)","background-image":"","background-repeat":"repeat","background-position":"center center","background-size":"auto","background-attachment":"scroll","background-type":"","background-media":"","overlay-type":"","overlay-color":"","overlay-opacity":"","overlay-gradient":""},"mobile":{"background-color":"var(--ast-global-color-5)","background-image":"","background-repeat":"repeat","background-position":"center center","background-size":"auto","background-attachment":"scroll","background-type":"","background-media":"","overlay-type":"","overlay-color":"","overlay-opacity":"","overlay-gradient":""}}},"product_cat":[48],"product_tag":[],"class_list":["post-14120","product","type-product","status-publish","has-post-thumbnail","hentry","product_cat-sunkaraoke-dalok","desktop-align-left","tablet-align-left","mobile-align-left"],"_links":{"self":[{"href":"https:\/\/www.sunkaraoke.hu\/index.php\/wp-json\/wp\/v2\/product\/14120","targetHints":{"allow":["GET"]}}],"collection":[{"href":"https:\/\/www.sunkaraoke.hu\/index.php\/wp-json\/wp\/v2\/product"}],"about":[{"href":"https:\/\/www.sunkaraoke.hu\/index.php\/wp-json\/wp\/v2\/types\/product"}],"wp:featuredmedia":[{"embeddable":true,"href":"https:\/\/www.sunkaraoke.hu\/index.php\/wp-json\/wp\/v2\/media\/12989"}],"wp:attachment":[{"href":"https:\/\/www.sunkaraoke.hu\/index.php\/wp-json\/wp\/v2\/media?parent=14120"}],"wp:term":[{"taxonomy":"product_cat","embeddable":true,"href":"https:\/\/www.sunkaraoke.hu\/index.php\/wp-json\/wp\/v2\/product_cat?post=14120"},{"taxonomy":"product_tag","embeddable":true,"href":"https:\/\/www.sunkaraoke.hu\/index.php\/wp-json\/wp\/v2\/product_tag?post=14120"}],"curies":[{"name":"wp","href":"https:\/\/api.w.org\/{rel}","templated":true}]}}