{"id":14100,"date":"2024-10-11T11:06:34","date_gmt":"2024-10-11T11:06:34","guid":{"rendered":"https:\/\/www.sunkaraoke.hu\/?post_type=product&#038;p=14100"},"modified":"2025-04-07T15:31:21","modified_gmt":"2025-04-07T15:31:21","slug":"piros-bela-piros-mulatos-86-mix-elado-new","status":"publish","type":"product","link":"https:\/\/www.sunkaraoke.hu\/index.php\/termek\/piros-bela-piros-mulatos-86-mix-elado-new\/","title":{"rendered":"<div class=\"wcmp-player-container product-14100\"><audio controlslist=\"nodownload\" data-product=\"14100\"  volume=\"1\"  preload=\"none\" data-lazyloading=\"none\" class=\"wcmp-player track mejs-classic\" data-duration=\"0:36\" data-estimated_duration=\"4\"><source src=\"https:\/\/www.sunkaraoke.hu\/wp-content\/uploads\/2024\/10\/Piros-mulatos-86_demo-1.mp3\" type=\"audio\/mp3\" \/><\/audio><\/div>Piros B\u00e9la &#8211; Piros Mulat\u00f3s Mix 86. \/Elad\u00f3\/ (Original)"},"content":{"rendered":"<p><b>13:36<\/b>| <strong><img loading=\"lazy\" decoding=\"async\" class=\"alignnone size-full wp-image-467\" src=\"https:\/\/www.sunkaraoke.hu\/wp-content\/uploads\/2022\/07\/choir_2-copy.webp\" alt=\"\" width=\"30\" height=\"30\" \/> <\/strong><\/p>\n","protected":false},"excerpt":{"rendered":"<h6><strong>Bits\u0171r\u0171s\u00e9g: 320kb\/s<\/strong><br \/>\n<strong>Hossz:13:36<\/strong><br \/>\n<strong>Vok\u00e1lt tartalmaz: Nem <img loading=\"lazy\" decoding=\"async\" class=\"alignnone size-full wp-image-467\" src=\"http:\/\/www.sunkaraoke.hu\/wp-content\/uploads\/2022\/07\/choir_2-copy.png\" alt=\"\" width=\"30\" height=\"30\" \/><\/strong><strong style=\"font-size: 16px;\"><br \/>\n<\/strong><\/h6>\n<p>Sunkaraoke mp3 st\u00fadi\u00f3 \/ www.sunkaraoke.hu \/ Inf: Tel: 06 20 4275001<\/p>\n<p>&#8212;Intr\u00f3&#8212;<br \/>\nEttetek is, ittatok is m\u00e1r eleget.<br \/>\nDe hazamenni, j\u00f3 emberek, m\u00e9gsem lehet.<br \/>\nV\u0151f\u00e9lyuram, ha lenne sz\u00edves fel\u00e1llni,<br \/>\na menyasszonyra kezdjen el licit\u00e1lni!<br \/>\nElad\u00f3 a menyasszony m\u00e9g \u00f6tsz\u00e1z\u00e9rt.<br \/>\nA k\u00f6vetkez\u0151 elviheti doll\u00e1r\u00e9rt.<br \/>\nDe az, aki a legv\u00e9g\u00e9re marad,<br \/>\nnem \u00fassza meg soha h\u00fasz rongy alatt.<br \/>\nElad\u00f3 a menyasszony m\u00e9g \u00f6tsz\u00e1z\u00e9rt.<br \/>\nDe az se baj, ha kifizeti doll\u00e1r\u00e9rt.<br \/>\nDe az, aki a legv\u00e9g\u00e9re marad,<br \/>\nnem \u00fassza meg soha h\u00fasz rongy alatt.<br \/>\n&#8212;Sz\u00f3l\u00f3&#8212;<br \/>\nEttetek is, ittatok is m\u00e1r eleget.<br \/>\nDe hazamenni, j\u00f3 emberek, m\u00e9gsem lehet.<br \/>\nV\u0151f\u00e9lyuram, ha lenne sz\u00edves fel\u00e1llni,<br \/>\na menyasszonyra kezdjen el licit\u00e1lni!<br \/>\nElad\u00f3 a menyasszony m\u00e9g \u00f6tsz\u00e1z\u00e9rt.<br \/>\nA k\u00f6vetkez\u0151 elviheti doll\u00e1r\u00e9rt.<br \/>\nDe az, aki a legv\u00e9g\u00e9re marad,<br \/>\nnem \u00fassza meg soha h\u00fasz rongy alatt.<br \/>\nElad\u00f3 a menyasszony m\u00e9g \u00f6tsz\u00e1z\u00e9rt.<br \/>\nDe az se baj, ha kifizeti doll\u00e1r\u00e9rt.<br \/>\nDe az, aki a legv\u00e9g\u00e9re marad,<br \/>\nnem \u00fassza meg soha h\u00fasz rongy alatt.<br \/>\n&#8212;Sz\u00f3l\u00f3&#8212;<br \/>\nTegnap \u00e9jjel \u00e1lmomban \u00fajra leg\u00e9ny voltam.<br \/>\nSzabadon, mint a mad\u00e1r, boldogan daloltam.<br \/>\nBety\u00e1ros kis kalapom a fejemre t\u00e9ve,<br \/>\nKi\u00e1lltam a kapuba a h\u00e1zunk el\u00e9be.<br \/>\nBety\u00e1ros kis kalapom a fejemre t\u00e9ve,<br \/>\nKi\u00e1lltam a kapuba a h\u00e1zunk el\u00e9be.<br \/>\nArra j\u00e1rt a szeret\u0151m, a sok k\u00f6z\u00fcl egyik.<br \/>\nEgy cs\u00f3k ut\u00e1n tov\u00e1bb ment, azt\u00e1n j\u00f6tt a m\u00e1sik.<br \/>\nElj\u00f6tt volna mind a sz\u00e1z, de m\u00e1r \u00e9bren voltam.<br \/>\nHol volt n\u00e9kem az eszem, hogy megh\u00e1zasodtam?<br \/>\nElj\u00f6tt volna mind a sz\u00e1z, de m\u00e1r \u00e9bren voltam.<br \/>\nHol volt n\u00e9kem az eszem, hogy megh\u00e1zasodtam?<br \/>\n&#8212;Sz\u00f3l\u00f3&#8212;<br \/>\nEttetek is, ittatok is m\u00e1r eleget.<br \/>\nDe hazamenni, j\u00f3 emberek, m\u00e9gsem lehet.<br \/>\nV\u0151f\u00e9lyuram, ha lenne sz\u00edves fel\u00e1llni,<br \/>\na menyasszonyra kezdjen el licit\u00e1lni!<br \/>\nElad\u00f3 a menyasszony m\u00e9g \u00f6tsz\u00e1z\u00e9rt.<br \/>\nA k\u00f6vetkez\u0151 elviheti doll\u00e1r\u00e9rt.<br \/>\nDe az, aki a legv\u00e9g\u00e9re marad,<br \/>\nnem \u00fassza meg soha h\u00fasz rongy alatt.<br \/>\nElad\u00f3 a menyasszony m\u00e9g \u00f6tsz\u00e1z\u00e9rt.<br \/>\nDe az se baj, ha kifizeti doll\u00e1r\u00e9rt.<br \/>\nDe az, aki a legv\u00e9g\u00e9re marad,<br \/>\nnem \u00fassza meg soha h\u00fasz rongy alatt.<br \/>\n&#8212;Sz\u00f3l\u00f3&#8212;<br \/>\nCsillagok, csillagok, sz\u00e9pen ragyogjatok!<br \/>\nA szeg\u00e9nyleg\u00e9nynek utat mutassatok!<br \/>\nMutassatok utat a szeg\u00e9nyleg\u00e9nynek!<br \/>\nNem tal\u00e1lja h\u00e1z\u00e1t a szeret\u0151j\u00e9nek.<br \/>\nMutassatok utat a szeg\u00e9nyleg\u00e9nynek!<br \/>\nNem tal\u00e1lja h\u00e1z\u00e1t a szeret\u0151j\u00e9nek.<br \/>\nUdvarom,udvarom, sz\u00e9p kerek udvarom,<br \/>\nnem s\u00f6p\u00f6r m\u00e1r t\u00f6bbet az \u00e9n gy\u00f6nge karom.<br \/>\nS\u00f6p\u00f6rtem eleget, s\u00f6p\u00f6rj\u00f6n m\u00e1r m\u00e1s is,<br \/>\n\u00f6leltem a bab\u00e1m, \u00f6lelje m\u00e1r m\u00e1s is!<br \/>\nS\u00f6p\u00f6rtem eleget, s\u00f6p\u00f6rj\u00f6n m\u00e1r m\u00e1s is,<br \/>\n\u00f6leltem a bab\u00e1m, \u00f6lelje m\u00e1r m\u00e1s is!<br \/>\n&#8212;Sz\u00f3l\u00f3&#8212;<br \/>\nEste van, este van, de nem minden l\u00e1nynak,<br \/>\ncsak annak, akihez a leg\u00e9nyek j\u00e1rnak.<br \/>\nHozz\u00e1m nem j\u00e1r senki, n\u00e9kem nincs is este,<br \/>\nvil\u00e1gos az \u00e9gbolt, feh\u00e9rre van festve.<br \/>\nHozz\u00e1m nem j\u00e1r senki, n\u00e9kem nincs is este,<br \/>\nvil\u00e1gos az \u00e9gbolt, feh\u00e9rre van festve.<br \/>\nKinek van, kinek nincs k\u00fat az udvar\u00e1ba,<br \/>\naranyos di\u00f3fa pitvar ajtaj\u00e1ba?<br \/>\nAranyos di\u00f3fa, csipk\u00e9s a levele.<br \/>\nM\u00e9rt nincs minden l\u00e1nynak igaz szeret\u0151je?<br \/>\nAz\u00e9rt nincs a l\u00e1nynak igaz szeret\u0151je,<br \/>\nmer&#8217; a leg\u00e9nyekre kacsint a menyecske.<br \/>\n&#8212;Sz\u00f3l\u00f3&#8212;<br \/>\nEz a kisl\u00e1ny akkor sz\u00e9p, mikor koszor\u00fa van a fej\u00e9n.<br \/>\nMegy az Isten h\u00e1z\u00e1ba, r\u00e1hajol az \u00dar asztal\u00e1ra.<br \/>\nCsatos imak\u00f6nyv van a kez\u00e9ben, r\u00e9gi szeret\u0151je j\u00e1r az esz\u00e9ben.<br \/>\nP\u00e1ros csillag az \u00e9gen, ragyog a fekete szem\u00e9ben.<br \/>\nCsatos imak\u00f6nyv van a kez\u00e9ben, r\u00e9gi szeret\u0151je j\u00e1r az esz\u00e9ben.<br \/>\nP\u00e1ros csillag az \u00e9gen, ragyog a fekete szem\u00e9ben.<br \/>\nM\u00e1r min\u00e1lunk soroznak, tal\u00e1n be is rukkolnak.<br \/>\nKisl\u00e1ny mondja az anyj\u00e1nak, elvitt\u00e9k a r\u00f3zs\u00e1m katon\u00e1nak.<br \/>\nKik\u00eds\u00e9ri a vas\u00fatra, r\u00e1borul a szeret\u0151je v\u00e1ll\u00e1ra.<br \/>\nNe s\u00edrj cs\u00e1rd\u00e1s Marisk\u00e1m! Tied leszek m\u00e1sf\u00e9l \u00e9v ut\u00e1n.<br \/>\nKik\u00eds\u00e9ri a vas\u00fatra, r\u00e1borul a szeret\u0151je v\u00e1ll\u00e1ra.<br \/>\nNe s\u00edrj cs\u00e1rd\u00e1s Marisk\u00e1m! Tied leszek m\u00e1sf\u00e9l \u00e9v ut\u00e1n.<br \/>\nEgy-kett\u0151r\u0151l h\u00e1romra bek\u00f6t\u00f6m az any\u00f3som a j\u00e1romba.<br \/>\nKihajtom a tany\u00e1ra, bek\u00f6t\u00f6m a t\u00f6bbi marha sor\u00e1ba.<br \/>\nSz\u00e9n\u00e1t l\u00f6k\u00f6k el\u00e9je, hadd egyen az \u00f6regasszony kedv\u00e9re!<br \/>\nNe s\u00edrj, cs\u00e1rd\u00e1s any\u00f3som! Itat\u00e1sn\u00e1l a k\u00f6telet eloldom.<br \/>\nSz\u00e9n\u00e1t l\u00f6k\u00f6k el\u00e9je, hadd egyen az \u00f6regasszony kedv\u00e9re!<br \/>\nNe s\u00edrj, cs\u00e1rd\u00e1s any\u00f3som! Itat\u00e1sn\u00e1l a k\u00f6telet eloldom.<br \/>\n&#8212;Sz\u00f3l\u00f3&#8212;<br \/>\nKicsi m\u00e9g a mi l\u00e1nyunk, ne j\u00e1rjon kend min\u00e1lunk!<br \/>\nKicsi m\u00e9g a mi l\u00e1nyunk, ne j\u00e1rjon kend min\u00e1lunk!<br \/>\nMajd ha feln\u0151 a mi l\u00e1nyunk, akkor, akkor, akkor j\u00f6jj\u00f6n min\u00e1lunk!<br \/>\nMajd ha feln\u0151 a mi l\u00e1nyunk, akkor, akkor, akkor j\u00f6jj\u00f6n min\u00e1lunk!<br \/>\nMegn\u0151tt m\u00e1r a mi l\u00e1nyunk, j\u00e1rhat kend m\u00e1r min\u00e1lunk.<br \/>\nMegn\u0151tt m\u00e1r a mi l\u00e1nyunk, j\u00e1rhat kend m\u00e1r min\u00e1lunk.<br \/>\nVegye el a mi l\u00e1nyunk, ne csak enni-inni j\u00e1rjon min\u00e1lunk!<br \/>\nVegye el a mi l\u00e1nyunk, ne csak enni-inni j\u00e1rjon min\u00e1lunk!<br \/>\n&#8212;Sz\u00f3l\u00f3&#8212;<br \/>\nEttetek is, ittatok is m\u00e1r eleget.<br \/>\nDe hazamenni, j\u00f3 emberek, m\u00e9gsem lehet.<br \/>\nV\u0151f\u00e9lyuram, ha lenne sz\u00edves fel\u00e1llni,<br \/>\na menyasszonyra kezdjen el licit\u00e1lni!<br \/>\nElad\u00f3 a menyasszony m\u00e9g \u00f6tsz\u00e1z\u00e9rt.<br \/>\nA k\u00f6vetkez\u0151 elviheti doll\u00e1r\u00e9rt.<br \/>\nDe az, aki a legv\u00e9g\u00e9re marad,<br \/>\nnem \u00fassza meg soha h\u00fasz rongy alatt.<br \/>\nElad\u00f3 a menyasszony m\u00e9g \u00f6tsz\u00e1z\u00e9rt.<br \/>\nDe az se baj, ha kifizeti doll\u00e1r\u00e9rt.<br \/>\nDe az, aki a legv\u00e9g\u00e9re marad,<br \/>\nnem \u00fassza meg soha h\u00fasz rongy alatt.<br \/>\n&#8212;V\u00e9ge&#8212;<\/p>\n","protected":false},"featured_media":12989,"template":"","meta":{"site-sidebar-layout":"default","site-content-layout":"default","ast-site-content-layout":"default","site-content-style":"default","site-sidebar-style":"default","ast-global-header-display":"","ast-banner-title-visibility":"","ast-main-header-display":"","ast-hfb-above-header-display":"","ast-hfb-below-header-display":"","ast-hfb-mobile-header-display":"","site-post-title":"","ast-breadcrumbs-content":"","ast-featured-img":"","footer-sml-layout":"","theme-transparent-header-meta":"default","adv-header-id-meta":"","stick-header-meta":"","header-above-stick-meta":"","header-main-stick-meta":"","header-below-stick-meta":"","astra-migrate-meta-layouts":"set","ast-page-background-enabled":"default","ast-page-background-meta":{"desktop":{"background-color":"var(--ast-global-color-4)","background-image":"","background-repeat":"repeat","background-position":"center center","background-size":"auto","background-attachment":"scroll","background-type":"","background-media":"","overlay-type":"","overlay-color":"","overlay-opacity":"","overlay-gradient":""},"tablet":{"background-color":"","background-image":"","background-repeat":"repeat","background-position":"center center","background-size":"auto","background-attachment":"scroll","background-type":"","background-media":"","overlay-type":"","overlay-color":"","overlay-opacity":"","overlay-gradient":""},"mobile":{"background-color":"","background-image":"","background-repeat":"repeat","background-position":"center center","background-size":"auto","background-attachment":"scroll","background-type":"","background-media":"","overlay-type":"","overlay-color":"","overlay-opacity":"","overlay-gradient":""}},"ast-content-background-meta":{"desktop":{"background-color":"var(--ast-global-color-5)","background-image":"","background-repeat":"repeat","background-position":"center center","background-size":"auto","background-attachment":"scroll","background-type":"","background-media":"","overlay-type":"","overlay-color":"","overlay-opacity":"","overlay-gradient":""},"tablet":{"background-color":"var(--ast-global-color-5)","background-image":"","background-repeat":"repeat","background-position":"center center","background-size":"auto","background-attachment":"scroll","background-type":"","background-media":"","overlay-type":"","overlay-color":"","overlay-opacity":"","overlay-gradient":""},"mobile":{"background-color":"var(--ast-global-color-5)","background-image":"","background-repeat":"repeat","background-position":"center center","background-size":"auto","background-attachment":"scroll","background-type":"","background-media":"","overlay-type":"","overlay-color":"","overlay-opacity":"","overlay-gradient":""}}},"product_cat":[48],"product_tag":[],"class_list":["post-14100","product","type-product","status-publish","has-post-thumbnail","hentry","product_cat-sunkaraoke-dalok","desktop-align-left","tablet-align-left","mobile-align-left"],"_links":{"self":[{"href":"https:\/\/www.sunkaraoke.hu\/index.php\/wp-json\/wp\/v2\/product\/14100","targetHints":{"allow":["GET"]}}],"collection":[{"href":"https:\/\/www.sunkaraoke.hu\/index.php\/wp-json\/wp\/v2\/product"}],"about":[{"href":"https:\/\/www.sunkaraoke.hu\/index.php\/wp-json\/wp\/v2\/types\/product"}],"wp:featuredmedia":[{"embeddable":true,"href":"https:\/\/www.sunkaraoke.hu\/index.php\/wp-json\/wp\/v2\/media\/12989"}],"wp:attachment":[{"href":"https:\/\/www.sunkaraoke.hu\/index.php\/wp-json\/wp\/v2\/media?parent=14100"}],"wp:term":[{"taxonomy":"product_cat","embeddable":true,"href":"https:\/\/www.sunkaraoke.hu\/index.php\/wp-json\/wp\/v2\/product_cat?post=14100"},{"taxonomy":"product_tag","embeddable":true,"href":"https:\/\/www.sunkaraoke.hu\/index.php\/wp-json\/wp\/v2\/product_tag?post=14100"}],"curies":[{"name":"wp","href":"https:\/\/api.w.org\/{rel}","templated":true}]}}