{"id":14046,"date":"2024-10-01T09:51:47","date_gmt":"2024-10-01T09:51:47","guid":{"rendered":"https:\/\/www.sunkaraoke.hu\/?post_type=product&#038;p=14046"},"modified":"2025-11-14T19:21:54","modified_gmt":"2025-11-14T17:21:54","slug":"ocho-macho-jo-nekem-2024-new","status":"publish","type":"product","link":"https:\/\/www.sunkaraoke.hu\/index.php\/termek\/ocho-macho-jo-nekem-2024-new\/","title":{"rendered":"<div class=\"wcmp-player-container product-14046\"><audio controlslist=\"nodownload\" data-product=\"14046\"  volume=\"1\"  preload=\"none\" data-lazyloading=\"none\" class=\"wcmp-player track mejs-classic\" data-duration=\"0:31\" data-estimated_duration=\"4\"><source src=\"https:\/\/www.sunkaraoke.hu\/wp-content\/uploads\/2024\/10\/Jo-Nekem-24_demo.mp3\" type=\"audio\/mp3\" \/><\/audio><\/div>Ocho Macho: J\u00f3 nekem 2024. NEW"},"content":{"rendered":"<p><strong>04:09<\/strong>\u00a0| <strong><img loading=\"lazy\" decoding=\"async\" class=\"alignnone size-full wp-image-467\" src=\"https:\/\/www.sunkaraoke.hu\/wp-content\/uploads\/2022\/07\/choir_2-copy.webp\" alt=\"\" width=\"30\" height=\"30\" \/> <strong> |\u00a0<\/strong><\/strong><\/p>\n<p>&nbsp;<\/p>\n<p>&nbsp;<\/p>\n","protected":false},"excerpt":{"rendered":"<h6><strong>Bits\u0171r\u0171s\u00e9g: 320 kb\/s<\/strong><br \/>\n<strong>Hossz: 04:09<\/strong><\/h6>\n<h6><strong>Vok\u00e1t tartalmaz: Nem\u00a0 <img loading=\"lazy\" decoding=\"async\" class=\"alignnone size-full wp-image-467\" src=\"http:\/\/www.sunkaraoke.hu\/wp-content\/uploads\/2022\/07\/choir_2-copy.png\" alt=\"\" width=\"30\" height=\"30\" \/> \u00a0<\/strong><\/h6>\n<h6><\/h6>\n<p>Sunkaraoke mp3 st\u00fadi\u00f3 \/ www.sunkaraoke.hu \/ Inf: Tel: 06 20 4275001<\/p>\n<p>&#8212;Intr\u00f3&#8212;<br \/>\nReggel mikor kin\u00e9ztem \u00e9s l\u00e1ttam,<br \/>\nsajnos szemembe s\u00fct\u00f6tt a nap,<br \/>\nreggel mikor kin\u00e9ztem \u00e9s l\u00e1ttam,<br \/>\nde sajnos szemembe s\u00fct\u00f6tt a nap.<br \/>\nL\u00e1ttam a madarakat sz\u00e1llni az \u00e9gen,<br \/>\nde sajnos szemembe s\u00fct\u00f6tt a nap,<br \/>\nl\u00e1ttam az az embereket j\u00e1rni a r\u00e9ten,<br \/>\nde sajnos szemembe s\u00fct\u00f6tt a nap.<br \/>\n\u00d6reg raszta tan\u00edtja, everything\u2019s alright,<br \/>\n\u00f6reg raszta tan\u00edtja, everything\u2019s alright,<br \/>\n\u00f6reg raszta tan\u00edtja, everything\u2019s alright,<br \/>\ncsak d\u00fadolom azt hogy j\u00f3, j\u00f3, j\u00f3,..j\u00f3,..j\u00f3,j\u00f3, de j\u00f3 nekem.<br \/>\nAzt hogy j\u00f3, j\u00f3,..j\u00f3,j\u00f3, de j\u00f3 nekem, hogy j\u00f3 nekem.<br \/>\nAzt hogy j\u00f3, j\u00f3,..j\u00f3,j\u00f3, de j\u00f3 nekem, hogy j\u00f3 nekem.<br \/>\nAzt hogy j\u00f3, j\u00f3,..j\u00f3,j\u00f3, de j\u00f3 nekem, hogy j\u00f3 nekem, de j\u00f3 nekem!<br \/>\n&#8212;Sz\u00f3l\u00f3&#8212;<br \/>\nAzt mondj\u00e1k hogy pozit\u00edvan \u00e9ljek,<br \/>\nde nem rezeg bennem m\u00e1r semmi sem.<br \/>\nAzt mondj\u00e1k hogy pozit\u00edvan \u00e9ljek,<br \/>\nde nem rezeg bennem m\u00e1r semmi sem.<br \/>\nlek\u00e9stem a g\u00e9pemet nem megyek,<br \/>\nnem megyek \u00e9n m\u00e1r haza,<br \/>\nlek\u00e9stem a g\u00e9pemet nem megyek,<br \/>\ncsak d\u00fadolom azt hogy j\u00f3, j\u00f3, j\u00f3,..j\u00f3, j\u00f3,j\u00f3, de j\u00f3 nekem.<br \/>\nAzt hogy j\u00f3, j\u00f3,..j\u00f3,j\u00f3, de j\u00f3 nekem, hogy j\u00f3 nekem.<br \/>\nAzt hogy j\u00f3, j\u00f3,..j\u00f3,j\u00f3, de j\u00f3 nekem, hogy j\u00f3 nekem.<br \/>\nAzt hogy j\u00f3, j\u00f3,..j\u00f3,j\u00f3, de j\u00f3 nekem, hogy j\u00f3 nekem, de j\u00f3 nekem!<br \/>\n\u00d6reg raszta tan\u00edtja, everything\u2019s alright,<br \/>\n\u00f6reg raszta tan\u00edtja, everything\u2019s alright,<br \/>\n\u00f6reg raszta tan\u00edtja, everything\u2019s alright,<br \/>\ncsak d\u00fadolom azt hogy j\u00f3, j\u00f3, j\u00f3,..j\u00f3,..j\u00f3,j\u00f3, de j\u00f3 nekem.<br \/>\nAzt hogy j\u00f3, j\u00f3,..j\u00f3,j\u00f3, de j\u00f3 nekem, hogy j\u00f3 nekem.<br \/>\nAzt hogy j\u00f3, j\u00f3,..j\u00f3,j\u00f3, de j\u00f3 nekem, hogy j\u00f3 nekem.<br \/>\nAzt hogy j\u00f3, j\u00f3,..j\u00f3,j\u00f3, de j\u00f3 nekem, hogy j\u00f3 nekem.<br \/>\nAzt hogy j\u00f3, j\u00f3,..j\u00f3,j\u00f3, de j\u00f3 nekem, hogy j\u00f3 nekem.<br \/>\nAzt hogy j\u00f3, j\u00f3,..j\u00f3,j\u00f3, de j\u00f3 nekem, hogy j\u00f3 nekem.<br \/>\nAzt hogy j\u00f3, j\u00f3,..j\u00f3,j\u00f3, de j\u00f3 nekem, hogy j\u00f3 nekem.<br \/>\nAzt hogy j\u00f3, j\u00f3,..j\u00f3,j\u00f3, de j\u00f3 nekem, hogy j\u00f3 nekem.<br \/>\nAzt hogy j\u00f3, j\u00f3,..j\u00f3,j\u00f3, de j\u00f3 nekem, hogy j\u00f3 nekem.<br \/>\nAzt hogy j\u00f3, j\u00f3,..j\u00f3,j\u00f3, de j\u00f3 nekem, hogy j\u00f3 nekem.<br \/>\nAzt hogy j\u00f3, j\u00f3,..j\u00f3,j\u00f3, de j\u00f3 nekem, hogy j\u00f3 nekem.<br \/>\nAzt hogy j\u00f3, j\u00f3,..j\u00f3,j\u00f3, de j\u00f3 nekem, hogy j\u00f3 nekem.<br \/>\n&#8212;V\u00e9ge&#8212;<\/p>\n","protected":false},"featured_media":13606,"template":"","meta":{"site-sidebar-layout":"default","site-content-layout":"default","ast-site-content-layout":"default","site-content-style":"default","site-sidebar-style":"default","ast-global-header-display":"","ast-banner-title-visibility":"","ast-main-header-display":"","ast-hfb-above-header-display":"","ast-hfb-below-header-display":"","ast-hfb-mobile-header-display":"","site-post-title":"","ast-breadcrumbs-content":"","ast-featured-img":"","footer-sml-layout":"","theme-transparent-header-meta":"default","adv-header-id-meta":"","stick-header-meta":"","header-above-stick-meta":"","header-main-stick-meta":"","header-below-stick-meta":"","astra-migrate-meta-layouts":"set","ast-page-background-enabled":"default","ast-page-background-meta":{"desktop":{"background-color":"var(--ast-global-color-4)","background-image":"","background-repeat":"repeat","background-position":"center center","background-size":"auto","background-attachment":"scroll","background-type":"","background-media":"","overlay-type":"","overlay-color":"","overlay-opacity":"","overlay-gradient":""},"tablet":{"background-color":"","background-image":"","background-repeat":"repeat","background-position":"center center","background-size":"auto","background-attachment":"scroll","background-type":"","background-media":"","overlay-type":"","overlay-color":"","overlay-opacity":"","overlay-gradient":""},"mobile":{"background-color":"","background-image":"","background-repeat":"repeat","background-position":"center center","background-size":"auto","background-attachment":"scroll","background-type":"","background-media":"","overlay-type":"","overlay-color":"","overlay-opacity":"","overlay-gradient":""}},"ast-content-background-meta":{"desktop":{"background-color":"var(--ast-global-color-5)","background-image":"","background-repeat":"repeat","background-position":"center center","background-size":"auto","background-attachment":"scroll","background-type":"","background-media":"","overlay-type":"","overlay-color":"","overlay-opacity":"","overlay-gradient":""},"tablet":{"background-color":"var(--ast-global-color-5)","background-image":"","background-repeat":"repeat","background-position":"center center","background-size":"auto","background-attachment":"scroll","background-type":"","background-media":"","overlay-type":"","overlay-color":"","overlay-opacity":"","overlay-gradient":""},"mobile":{"background-color":"var(--ast-global-color-5)","background-image":"","background-repeat":"repeat","background-position":"center center","background-size":"auto","background-attachment":"scroll","background-type":"","background-media":"","overlay-type":"","overlay-color":"","overlay-opacity":"","overlay-gradient":""}}},"product_cat":[48],"product_tag":[],"class_list":["post-14046","product","type-product","status-publish","has-post-thumbnail","hentry","product_cat-sunkaraoke-dalok","desktop-align-left","tablet-align-left","mobile-align-left"],"_links":{"self":[{"href":"https:\/\/www.sunkaraoke.hu\/index.php\/wp-json\/wp\/v2\/product\/14046","targetHints":{"allow":["GET"]}}],"collection":[{"href":"https:\/\/www.sunkaraoke.hu\/index.php\/wp-json\/wp\/v2\/product"}],"about":[{"href":"https:\/\/www.sunkaraoke.hu\/index.php\/wp-json\/wp\/v2\/types\/product"}],"wp:featuredmedia":[{"embeddable":true,"href":"https:\/\/www.sunkaraoke.hu\/index.php\/wp-json\/wp\/v2\/media\/13606"}],"wp:attachment":[{"href":"https:\/\/www.sunkaraoke.hu\/index.php\/wp-json\/wp\/v2\/media?parent=14046"}],"wp:term":[{"taxonomy":"product_cat","embeddable":true,"href":"https:\/\/www.sunkaraoke.hu\/index.php\/wp-json\/wp\/v2\/product_cat?post=14046"},{"taxonomy":"product_tag","embeddable":true,"href":"https:\/\/www.sunkaraoke.hu\/index.php\/wp-json\/wp\/v2\/product_tag?post=14046"}],"curies":[{"name":"wp","href":"https:\/\/api.w.org\/{rel}","templated":true}]}}