{"id":13977,"date":"2024-09-26T11:18:38","date_gmt":"2024-09-26T11:18:38","guid":{"rendered":"https:\/\/www.sunkaraoke.hu\/?post_type=product&#038;p=13977"},"modified":"2024-09-26T11:23:24","modified_gmt":"2024-09-26T11:23:24","slug":"rupa-robika-krisztian-gyere-kislany-igyunk-valamit-2024-new","status":"publish","type":"product","link":"https:\/\/www.sunkaraoke.hu\/index.php\/termek\/rupa-robika-krisztian-gyere-kislany-igyunk-valamit-2024-new\/","title":{"rendered":"<div class=\"wcmp-player-container product-13977\"><audio controlslist=\"nodownload\" data-product=\"13977\"  volume=\"1\"  preload=\"none\" data-lazyloading=\"none\" class=\"wcmp-player track mejs-classic\" data-duration=\"0:38\" data-estimated_duration=\"4\"><source src=\"https:\/\/www.sunkaraoke.hu\/wp-content\/uploads\/2024\/09\/Gyere-kislany-new_demo.mp3\" type=\"audio\/mp3\" \/><\/audio><\/div>Rupa Robika &#038; Kriszti\u00e1n : Gyere kisl\u00e1ny igyunk valamit 2024. NEW"},"content":{"rendered":"<p><strong>02:48<\/strong>\u00a0| <strong><img loading=\"lazy\" decoding=\"async\" class=\"alignnone size-full wp-image-467\" src=\"https:\/\/www.sunkaraoke.hu\/wp-content\/uploads\/2022\/07\/choir_2-copy.webp\" alt=\"\" width=\"30\" height=\"30\" \/> <\/strong><\/p>\n","protected":false},"excerpt":{"rendered":"<p><strong>Bits\u0171r\u0171s\u00e9g: 320 kb\/s<\/strong><strong><br \/>\n<\/strong><strong>Hossz: 02:51<\/strong><strong><br \/>\n<\/strong><strong style=\"font-size: 16px;\">Vok\u00e1lt tartalmaz: Nem<\/strong><strong style=\"font-size: 16px;\"><br \/>\n<\/strong><\/p>\n<p>Sunkaraoke mp3 st\u00fadi\u00f3 \/ www.sunkaraoke.hu \/ Inf: Tel: 06 20 4275001<\/p>\n<p>&#8212;Intr\u00f3&#8212;<br \/>\nGyere kisl\u00e1ny igyunk valamit,<br \/>\nneh\u00e9z eset vagy azt, mondta valaki,<br \/>\nne par\u00e1zz \u0151szinte vagyok nem habi,<br \/>\nelb\u00fajhat m\u00f6g\u00f6ttem a t\u00f6bbi palid.<br \/>\nDe kapcsolat az nem kell szeretlek egy napig,<br \/>\nnem b\u00edrn\u00e1m \u00e9n melletted csak egy darabig,<br \/>\nmegs\u00e9r\u00fclt a lelkem de a v\u00e9rem szak\u00edt,<br \/>\nrajtam elrontottatok valamit.<br \/>\nHol van az a l\u00e1ny, akivel \u00e9n boldog lenn\u00e9k,<br \/>\na sz\u00edv\u00e9\u00e9rt mindent megtenn\u00e9k,<br \/>\nbelemenn\u00e9k \u00e9n a t\u0171zbe, meglehet a b\u0171nbe,<br \/>\nha v\u00e9gre ide is \u00e9rn\u00e9l.<br \/>\n\u00c9n v\u00e1rok r\u00e1d m\u00e1r j\u00f3 ideje,<br \/>\nmost ny\u00e1r van de kaptam m\u00e1r sok hideget,<br \/>\nkereslek de nem tudom hol vagy \u00e9pp,<br \/>\nha megl\u00e1tn\u00e1lak csak annyit mondan\u00e9k.<br \/>\nGyere kisl\u00e1ny igyunk valamit,<br \/>\nneh\u00e9z eset vagy azt mondta valaki,<br \/>\nne par\u00e1zz \u0151szinte vagyok nem habi,<br \/>\nelb\u00fajhat m\u00f6g\u00f6ttem a t\u00f6bbi palid.<br \/>\nDe kapcsolat az nem kell szeretlek egy napig,<br \/>\nnem b\u00edrn\u00e1m \u00e9n melletted csak egy darabig,<br \/>\nmegs\u00e9r\u00fclt a lelkem, de a v\u00e9rem szak\u00edt,<br \/>\nrajtam elrontottatok valamit.<br \/>\n&#8212;Sz\u00f3l\u00f3&#8212;<br \/>\nGyere kisl\u00e1ny igyunk valamit,<br \/>\nneh\u00e9z eset vagy azt mondta valaki,<br \/>\nne par\u00e1zz \u0151szinte vagyok nem habi,<br \/>\nelb\u00fajhat m\u00f6g\u00f6ttem a t\u00f6bbi palid.<br \/>\nDe kapcsolat az nem kell szeretlek egy napig,<br \/>\nnem b\u00edrn\u00e1m \u00e9n melletted csak egy darabig,<br \/>\nmegs\u00e9r\u00fclt a lelkem, de a v\u00e9rem szak\u00edt,<br \/>\nrajtam elrontottatok valamit.<br \/>\n&#8212;V\u00e9ge&#8212;<\/p>\n<p>&nbsp;<\/p>\n<p>&#8212;Intr\u00f3&#8212;<br \/>\nSzerelem mondd, mi\u00e9rt haragszol, mi a baj?<br \/>\nSzeretem, hogy t\u00fal sok minden bezavar.<br \/>\nNem ereszt sz\u00edvemben ez a zivatar,<br \/>\nakarom, hogy m\u00faljon, de ez nem akar.<br \/>\nSzerelem mondd, mi\u00e9rt haragszol, mi a baj,<br \/>\nszeretem, hogy t\u00fal sok minden bezavar.<br \/>\nNem ereszt sz\u00edvemben ez a zivatar,<br \/>\nakarom, hogy m\u00faljon, de ez nem akar.<\/p>\n<p>A hajnal sz\u00e9p volt, amikor a sz\u00ednek az \u00e9gen fordultak.<br \/>\nHalv\u00e1ny f\u00e9nyben szemeit l\u00e1tva ,nem tudtam, mit mondjak.<br \/>\nCsak att\u00f3l f\u00e9ltem, hogy felkel a nap \u00e9s a perceink elfogynak.<br \/>\nA v\u00edz t\u00fckr\u00e9ben hull\u00e1mz\u00f3 \u00f6lel\u00e9sek,hol vannak?<\/p>\n<p>Szerelem mondd, mi\u00e9rt haragszol, mi a baj?<br \/>\nSzeretem, hogy t\u00fal sok minden bezavar.<br \/>\nNem ereszt sz\u00edvemben ez a zivatar,<br \/>\nakarom, hogy m\u00faljon, de ez nem akar.<br \/>\nSzerelem mondd, mi\u00e9rt haragszol, mi a baj,<br \/>\nszeretem, hogy t\u00fal sok minden bezavar.<br \/>\nNem ereszt sz\u00edvemben ez a zivatar,<br \/>\nakarom, hogy m\u00faljon, de ez nem akar.<\/p>\n<p>Gyere, b\u00fajj most mell\u00e9m, raboljanak el ezek a v\u00e1gyak most minket.<br \/>\n\u00d6lelj most k\u00e9rlek, szor\u00edts magadhoz kell hogy \u00e9rezzem.<br \/>\nA sz\u00e9p eml\u00e9kek majd itt maradnak \u00e9s r\u00f3lunk suttognak.<br \/>\nAz \u00f6sszes v\u00e9tkem magamba z\u00e1rom a titkok elfogytak.<\/p>\n<p>Szerelem mondd, mi\u00e9rt haragszol, mi a baj?<br \/>\nSzeretem, hogy t\u00fal sok minden bezavar.<br \/>\nNem ereszt sz\u00edvemben ez a zivatar,<br \/>\nakarom, hogy m\u00faljon, de ez nem akar.<br \/>\nSzerelem mondd, mi\u00e9rt haragszol, mi a baj,<br \/>\nszeretem, hogy t\u00fal sok minden bezavar.<br \/>\nNem ereszt sz\u00edvemben ez a zivatar,<br \/>\nakarom, hogy m\u00faljon, de ez nem akar.<\/p>\n<p>Szerelem mondd, mi\u00e9rt haragszol, mi a baj?<br \/>\nSzeretem, hogy t\u00fal sok minden bezavar.<br \/>\nNem ereszt sz\u00edvemben ez a zivatar,<br \/>\nakarom, hogy m\u00faljon, de ez nem akar.<br \/>\nSzerelem mondd, mi\u00e9rt haragszol, mi a baj,<br \/>\nszeretem, hogy t\u00fal sok minden bezavar.<br \/>\nNem ereszt sz\u00edvemben ez a zivatar,<br \/>\nakarom, hogy m\u00faljon, de ez nem akar.<br \/>\n&#8212;V\u00e9ge&#8212;<\/p>\n","protected":false},"featured_media":13982,"template":"","meta":{"site-sidebar-layout":"default","site-content-layout":"default","ast-site-content-layout":"default","site-content-style":"default","site-sidebar-style":"default","ast-global-header-display":"","ast-banner-title-visibility":"","ast-main-header-display":"","ast-hfb-above-header-display":"","ast-hfb-below-header-display":"","ast-hfb-mobile-header-display":"","site-post-title":"","ast-breadcrumbs-content":"","ast-featured-img":"","footer-sml-layout":"","theme-transparent-header-meta":"default","adv-header-id-meta":"","stick-header-meta":"","header-above-stick-meta":"","header-main-stick-meta":"","header-below-stick-meta":"","astra-migrate-meta-layouts":"set","ast-page-background-enabled":"default","ast-page-background-meta":{"desktop":{"background-color":"var(--ast-global-color-4)","background-image":"","background-repeat":"repeat","background-position":"center center","background-size":"auto","background-attachment":"scroll","background-type":"","background-media":"","overlay-type":"","overlay-color":"","overlay-opacity":"","overlay-gradient":""},"tablet":{"background-color":"","background-image":"","background-repeat":"repeat","background-position":"center center","background-size":"auto","background-attachment":"scroll","background-type":"","background-media":"","overlay-type":"","overlay-color":"","overlay-opacity":"","overlay-gradient":""},"mobile":{"background-color":"","background-image":"","background-repeat":"repeat","background-position":"center center","background-size":"auto","background-attachment":"scroll","background-type":"","background-media":"","overlay-type":"","overlay-color":"","overlay-opacity":"","overlay-gradient":""}},"ast-content-background-meta":{"desktop":{"background-color":"var(--ast-global-color-5)","background-image":"","background-repeat":"repeat","background-position":"center center","background-size":"auto","background-attachment":"scroll","background-type":"","background-media":"","overlay-type":"","overlay-color":"","overlay-opacity":"","overlay-gradient":""},"tablet":{"background-color":"var(--ast-global-color-5)","background-image":"","background-repeat":"repeat","background-position":"center center","background-size":"auto","background-attachment":"scroll","background-type":"","background-media":"","overlay-type":"","overlay-color":"","overlay-opacity":"","overlay-gradient":""},"mobile":{"background-color":"var(--ast-global-color-5)","background-image":"","background-repeat":"repeat","background-position":"center center","background-size":"auto","background-attachment":"scroll","background-type":"","background-media":"","overlay-type":"","overlay-color":"","overlay-opacity":"","overlay-gradient":""}}},"product_cat":[48],"product_tag":[],"class_list":["post-13977","product","type-product","status-publish","has-post-thumbnail","hentry","product_cat-sunkaraoke-dalok","desktop-align-left","tablet-align-left","mobile-align-left"],"_links":{"self":[{"href":"https:\/\/www.sunkaraoke.hu\/index.php\/wp-json\/wp\/v2\/product\/13977","targetHints":{"allow":["GET"]}}],"collection":[{"href":"https:\/\/www.sunkaraoke.hu\/index.php\/wp-json\/wp\/v2\/product"}],"about":[{"href":"https:\/\/www.sunkaraoke.hu\/index.php\/wp-json\/wp\/v2\/types\/product"}],"wp:featuredmedia":[{"embeddable":true,"href":"https:\/\/www.sunkaraoke.hu\/index.php\/wp-json\/wp\/v2\/media\/13982"}],"wp:attachment":[{"href":"https:\/\/www.sunkaraoke.hu\/index.php\/wp-json\/wp\/v2\/media?parent=13977"}],"wp:term":[{"taxonomy":"product_cat","embeddable":true,"href":"https:\/\/www.sunkaraoke.hu\/index.php\/wp-json\/wp\/v2\/product_cat?post=13977"},{"taxonomy":"product_tag","embeddable":true,"href":"https:\/\/www.sunkaraoke.hu\/index.php\/wp-json\/wp\/v2\/product_tag?post=13977"}],"curies":[{"name":"wp","href":"https:\/\/api.w.org\/{rel}","templated":true}]}}