{"id":13961,"date":"2024-09-22T14:27:30","date_gmt":"2024-09-22T14:27:30","guid":{"rendered":"https:\/\/www.sunkaraoke.hu\/?post_type=product&#038;p=13961"},"modified":"2025-10-13T16:28:04","modified_gmt":"2025-10-13T14:28:04","slug":"aradszky-laszlo-csak-ezt-az-ejszakat-2024-new","status":"publish","type":"product","link":"https:\/\/www.sunkaraoke.hu\/index.php\/termek\/aradszky-laszlo-csak-ezt-az-ejszakat-2024-new\/","title":{"rendered":"<div class=\"wcmp-player-container product-13961\"><audio controlslist=\"nodownload\" data-product=\"13961\"  volume=\"1\"  preload=\"none\" data-lazyloading=\"none\" class=\"wcmp-player track mejs-classic\" data-duration=\"0:30\" data-estimated_duration=\"3\"><source src=\"https:\/\/www.sunkaraoke.hu\/wp-content\/uploads\/2024\/09\/Csak-ezt-az-ejszakat-2024._demo.mp3\" type=\"audio\/mp3\" \/><\/audio><\/div>Aradszky L\u00e1szl\u00f3: Csak ezt az \u00e9jszak\u00e1t 2024.NEW"},"content":{"rendered":"<p><strong>03:08<\/strong>\u00a0| <strong><img loading=\"lazy\" decoding=\"async\" class=\"alignnone size-full wp-image-467\" src=\"https:\/\/www.sunkaraoke.hu\/wp-content\/uploads\/2022\/07\/choir_2-copy.webp\" alt=\"\" width=\"30\" height=\"30\" \/> <\/strong><\/p>\n","protected":false},"excerpt":{"rendered":"<h6><strong>Bits\u0171r\u0171s\u00e9g: 320kb\/s<\/strong><br \/>\n<strong>Hossz: 03:08<\/strong><\/h6>\n<h6><strong>Vok\u00e1lt tartalmaz: Nem <img loading=\"lazy\" decoding=\"async\" class=\"alignnone size-full wp-image-467\" src=\"http:\/\/www.sunkaraoke.hu\/wp-content\/uploads\/2022\/07\/choir_2-copy.png\" alt=\"\" width=\"30\" height=\"30\" \/><\/strong><\/h6>\n<p>Sunkaraoke mp3 st\u00fadi\u00f3 \/ www.sunkaraoke.hu \/ Inf: Tel: 06 20 4275001<\/p>\n<p>&#8212;Intr\u00f3&#8212;<br \/>\n\u00dagy s\u00edr a sz\u00e9l, a h\u00e1zad el\u0151tt \u00e1llok \u00e9n,<br \/>\nmellettem \u00e1ll, a kij\u00e1tszott b\u00fas rem\u00e9ny.<br \/>\n\u00dagy s\u00edr a sz\u00e9l, \u00e9n folyton csak r\u00e1d gondolok,<br \/>\narcod feldereng, mint felh\u0151k k\u00f6zt a csillagok.<br \/>\nEgyed\u00fcl te seg\u00edthetsz n\u00e9kem, mondd, hogy sz\u00e1m\u00edthatok r\u00e1d.<br \/>\nHisz nem a lehetetlent k\u00e9rem, csak ezt az \u00e9jszak\u00e1t!<br \/>\n&#8212;Sz\u00f3l\u00f3&#8212;<br \/>\nHol j\u00e1rsz,kit csod\u00e1l a k\u00e9t szemed?<br \/>\nT\u00e1n valakit v\u00e1rsz, ki n\u00e1lam is jobban szeret.<br \/>\nMinden f\u00e1j, m\u00e1r vitatkozni nem tudok,<br \/>\nsenki se v\u00e1r, az eg\u00e9sz vil\u00e1g elhagyott.<br \/>\nEgyed\u00fcl te seg\u00edthetsz n\u00e9kem, mondd, hogy sz\u00e1m\u00edthatok r\u00e1d.<br \/>\nHisz nem a lehetetlent k\u00e9rem, csak ezt az \u00e9jszak\u00e1t!<br \/>\n&#8212;Sz\u00f3l\u00f3&#8212;<br \/>\nEgyed\u00fcl te seg\u00edthetsz n\u00e9kem,mondd, hogy sz\u00e1m\u00edthatok r\u00e1d.<br \/>\nHisz nem a lehetetlent k\u00e9rem, csak ezt az \u00e9jszak\u00e1t!<br \/>\nCsak te seg\u00edthetsz n\u00e9kem, mondd, hogy sz\u00e1m\u00edthatok r\u00e1d,<br \/>\nhisz nem a lehetetlent k\u00e9rem, csak ezt az \u00e9jszak\u00e1t!<br \/>\n&#8212;V\u00e9ge&#8212;<\/p>\n","protected":false},"featured_media":10081,"template":"","meta":{"site-sidebar-layout":"default","site-content-layout":"default","ast-site-content-layout":"default","site-content-style":"default","site-sidebar-style":"default","ast-global-header-display":"","ast-banner-title-visibility":"","ast-main-header-display":"","ast-hfb-above-header-display":"","ast-hfb-below-header-display":"","ast-hfb-mobile-header-display":"","site-post-title":"","ast-breadcrumbs-content":"","ast-featured-img":"","footer-sml-layout":"","theme-transparent-header-meta":"default","adv-header-id-meta":"","stick-header-meta":"","header-above-stick-meta":"","header-main-stick-meta":"","header-below-stick-meta":"","astra-migrate-meta-layouts":"set","ast-page-background-enabled":"default","ast-page-background-meta":{"desktop":{"background-color":"var(--ast-global-color-4)","background-image":"","background-repeat":"repeat","background-position":"center center","background-size":"auto","background-attachment":"scroll","background-type":"","background-media":"","overlay-type":"","overlay-color":"","overlay-opacity":"","overlay-gradient":""},"tablet":{"background-color":"","background-image":"","background-repeat":"repeat","background-position":"center center","background-size":"auto","background-attachment":"scroll","background-type":"","background-media":"","overlay-type":"","overlay-color":"","overlay-opacity":"","overlay-gradient":""},"mobile":{"background-color":"","background-image":"","background-repeat":"repeat","background-position":"center center","background-size":"auto","background-attachment":"scroll","background-type":"","background-media":"","overlay-type":"","overlay-color":"","overlay-opacity":"","overlay-gradient":""}},"ast-content-background-meta":{"desktop":{"background-color":"var(--ast-global-color-5)","background-image":"","background-repeat":"repeat","background-position":"center center","background-size":"auto","background-attachment":"scroll","background-type":"","background-media":"","overlay-type":"","overlay-color":"","overlay-opacity":"","overlay-gradient":""},"tablet":{"background-color":"var(--ast-global-color-5)","background-image":"","background-repeat":"repeat","background-position":"center center","background-size":"auto","background-attachment":"scroll","background-type":"","background-media":"","overlay-type":"","overlay-color":"","overlay-opacity":"","overlay-gradient":""},"mobile":{"background-color":"var(--ast-global-color-5)","background-image":"","background-repeat":"repeat","background-position":"center center","background-size":"auto","background-attachment":"scroll","background-type":"","background-media":"","overlay-type":"","overlay-color":"","overlay-opacity":"","overlay-gradient":""}}},"product_cat":[48],"product_tag":[],"class_list":["post-13961","product","type-product","status-publish","has-post-thumbnail","hentry","product_cat-sunkaraoke-dalok","desktop-align-left","tablet-align-left","mobile-align-left"],"_links":{"self":[{"href":"https:\/\/www.sunkaraoke.hu\/index.php\/wp-json\/wp\/v2\/product\/13961","targetHints":{"allow":["GET"]}}],"collection":[{"href":"https:\/\/www.sunkaraoke.hu\/index.php\/wp-json\/wp\/v2\/product"}],"about":[{"href":"https:\/\/www.sunkaraoke.hu\/index.php\/wp-json\/wp\/v2\/types\/product"}],"wp:featuredmedia":[{"embeddable":true,"href":"https:\/\/www.sunkaraoke.hu\/index.php\/wp-json\/wp\/v2\/media\/10081"}],"wp:attachment":[{"href":"https:\/\/www.sunkaraoke.hu\/index.php\/wp-json\/wp\/v2\/media?parent=13961"}],"wp:term":[{"taxonomy":"product_cat","embeddable":true,"href":"https:\/\/www.sunkaraoke.hu\/index.php\/wp-json\/wp\/v2\/product_cat?post=13961"},{"taxonomy":"product_tag","embeddable":true,"href":"https:\/\/www.sunkaraoke.hu\/index.php\/wp-json\/wp\/v2\/product_tag?post=13961"}],"curies":[{"name":"wp","href":"https:\/\/api.w.org\/{rel}","templated":true}]}}