{"id":13929,"date":"2024-09-19T13:42:23","date_gmt":"2024-09-19T13:42:23","guid":{"rendered":"https:\/\/www.sunkaraoke.hu\/?post_type=product&#038;p=13929"},"modified":"2025-11-14T19:21:54","modified_gmt":"2025-11-14T17:21:54","slug":"dolly-roll-neha-bant-es-faj-2024-new","status":"publish","type":"product","link":"https:\/\/www.sunkaraoke.hu\/index.php\/termek\/dolly-roll-neha-bant-es-faj-2024-new\/","title":{"rendered":"<div class=\"wcmp-player-container product-13929\"><audio controlslist=\"nodownload\" data-product=\"13929\"  volume=\"1\"  preload=\"none\" data-lazyloading=\"none\" class=\"wcmp-player track mejs-classic\" data-duration=\"0:34\" data-estimated_duration=\"4\"><source src=\"https:\/\/www.sunkaraoke.hu\/wp-content\/uploads\/2024\/09\/Neha-bant-es-faj-2024._demo.mp3\" type=\"audio\/mp3\" \/><\/audio><\/div>Dolly Roll: N\u00e9ha b\u00e1nt \u00e9s f\u00e1j 2024. NEW"},"content":{"rendered":"<p><strong>03:53 \/<\/strong>\u00a0<strong><img loading=\"lazy\" decoding=\"async\" class=\"alignnone size-full wp-image-467\" src=\"https:\/\/www.sunkaraoke.hu\/wp-content\/uploads\/2022\/07\/choir_2-copy.webp\" alt=\"\" width=\"30\" height=\"30\" \/> \/ +2<\/strong><\/p>\n","protected":false},"excerpt":{"rendered":"<h6><strong>Bits\u0171r\u0171s\u00e9g: 320kb\/s<\/strong><br \/>\n<strong>Hossz: 03:53<\/strong><br \/>\n<strong>Vok\u00e1lt tartalmaz: Nem <img loading=\"lazy\" decoding=\"async\" class=\"alignnone size-full wp-image-467\" src=\"http:\/\/www.sunkaraoke.hu\/wp-content\/uploads\/2022\/07\/choir_2-copy.png\" alt=\"\" width=\"30\" height=\"30\" \/><\/strong><br \/>\n<strong>Transzpon\u00e1l\u00e1s: +2<\/strong><\/h6>\n<p>Sunkaraoke mp3 st\u00fadi\u00f3 \/ www.sunkaraoke.hu \/ Inf: Tel: 06 20 4275001<\/p>\n<p>&#8212;Intr\u00f3&#8212;<br \/>\nN\u00e9ha b\u00e1nt \u00e9s f\u00e1j, hogy t\u00fal k\u00f6nnyen mondod good bye,<br \/>\nn\u00e9ha b\u00e1nt, ha volt egy nagyobb vit\u00e1nk.<br \/>\nN\u00e9ha j\u00f3, ha s\u00edrsz s\u00e9rtetten f\u00e9lve h\u00edvsz,<br \/>\nn\u00e9ha j\u00f3, hogy k\u00e9rd\u0151n n\u00e9zel r\u00e1m.<br \/>\nSz\u00e1zezer elsuttogott sz\u00f3,<br \/>\nb\u00e1nt\u00f3,vagy kedves,m\u00e9gis kell nekem.<br \/>\nM\u00e9rt van, hogy rossz lesz ami j\u00f3,<br \/>\nm\u00e9rt van hogy fordul a vil\u00e1g velem?<br \/>\nN\u00e9ha b\u00e1nt \u00e9s f\u00e1j,<br \/>\nhogy t\u00fal k\u00f6nnyen mondod good bye,<br \/>\nn\u00e9ha b\u00e1nt, ha volt egy nagyobb vit\u00e1nk.<br \/>\nN\u00e9ha j\u00f3,ha s\u00edrsz,s\u00e9rtetten f\u00e9lve h\u00edvsz,<br \/>\nn\u00e9ha j\u00f3,hogy k\u00e9rd\u0151n n\u00e9zel r\u00e1m.<br \/>\nSz\u00e1zezer elsuttogott sz\u00f3,<br \/>\nb\u00e1nt\u00f3,vagy kedves,m\u00e9gis kell nekem.<br \/>\nM\u00e9rt van, hogy rossz lesz ami j\u00f3,<br \/>\nm\u00e9rt van hogy fordul a vil\u00e1g velem?<br \/>\nN\u00e9ha b\u00e1nt \u00e9s f\u00e1j,<br \/>\nhogy t\u00fal k\u00f6nnyen mondod good bye,<br \/>\nn\u00e9ha b\u00e1nt, ha volt egy nagyobb vit\u00e1nk.<br \/>\nN\u00e9ha j\u00f3,ha s\u00edrsz,s\u00e9rtetten f\u00e9lreh\u00edvsz,<br \/>\nn\u00e9ha j\u00f3,hogy k\u00e9rd\u0151n n\u00e9zel r\u00e1m.<br \/>\n&#8212;Sz\u00f3l\u00f3&#8212;<br \/>\nN\u00e9ha b\u00e1nt \u00e9s f\u00e1j, hogy t\u00fal k\u00f6nnyen mondod good bye,<br \/>\nn\u00e9ha b\u00e1nt, ha volt egy nagyobb vit\u00e1nk.<br \/>\nN\u00e9ha j\u00f3, ha s\u00edrsz s\u00e9rtetten f\u00e9lve h\u00edvsz,<br \/>\nn\u00e9ha j\u00f3 hogy k\u00e9rd\u0151n n\u00e9zel r\u00e1m.<br \/>\nSz\u00e1zezer elsuttogott sz\u00f3,<br \/>\nb\u00e1nt\u00f3,vagy kedves,m\u00e9gis kell nekem.<br \/>\nM\u00e9rt van, hogy rossz lesz ami j\u00f3,<br \/>\nm\u00e9rt van hogy fordul a vil\u00e1g velem?<br \/>\nN\u00e9ha b\u00e1nt \u00e9s f\u00e1j,<br \/>\nhogy t\u00fal k\u00f6nnyen mondod good bye,<br \/>\nn\u00e9ha b\u00e1nt, ha volt egy nagyobb vit\u00e1nk.<br \/>\nN\u00e9ha j\u00f3,ha s\u00edrsz,s\u00e9rtetten f\u00e9lve h\u00edvsz,<br \/>\nn\u00e9ha j\u00f3,hogy k\u00e9rd\u0151n n\u00e9zel r\u00e1m.<br \/>\nN\u00e9ha b\u00e1nt \u00e9s f\u00e1j,<br \/>\nhogy t\u00fal k\u00f6nnyen mondod good bye,<br \/>\nn\u00e9ha b\u00e1nt, ha volt egy nagyobb vit\u00e1nk.<br \/>\nN\u00e9ha j\u00f3,ha s\u00edrsz,s\u00e9rtetten f\u00e9lve h\u00edvsz,<br \/>\nn\u00e9ha j\u00f3,hogy k\u00e9rd\u0151n n\u00e9zel r\u00e1m.<br \/>\n&#8212;V\u00e9ge&#8212;<\/p>\n","protected":false},"featured_media":13932,"template":"","meta":{"site-sidebar-layout":"default","site-content-layout":"default","ast-site-content-layout":"default","site-content-style":"default","site-sidebar-style":"default","ast-global-header-display":"","ast-banner-title-visibility":"","ast-main-header-display":"","ast-hfb-above-header-display":"","ast-hfb-below-header-display":"","ast-hfb-mobile-header-display":"","site-post-title":"","ast-breadcrumbs-content":"","ast-featured-img":"","footer-sml-layout":"","theme-transparent-header-meta":"default","adv-header-id-meta":"","stick-header-meta":"","header-above-stick-meta":"","header-main-stick-meta":"","header-below-stick-meta":"","astra-migrate-meta-layouts":"set","ast-page-background-enabled":"default","ast-page-background-meta":{"desktop":{"background-color":"var(--ast-global-color-4)","background-image":"","background-repeat":"repeat","background-position":"center center","background-size":"auto","background-attachment":"scroll","background-type":"","background-media":"","overlay-type":"","overlay-color":"","overlay-opacity":"","overlay-gradient":""},"tablet":{"background-color":"","background-image":"","background-repeat":"repeat","background-position":"center center","background-size":"auto","background-attachment":"scroll","background-type":"","background-media":"","overlay-type":"","overlay-color":"","overlay-opacity":"","overlay-gradient":""},"mobile":{"background-color":"","background-image":"","background-repeat":"repeat","background-position":"center center","background-size":"auto","background-attachment":"scroll","background-type":"","background-media":"","overlay-type":"","overlay-color":"","overlay-opacity":"","overlay-gradient":""}},"ast-content-background-meta":{"desktop":{"background-color":"var(--ast-global-color-5)","background-image":"","background-repeat":"repeat","background-position":"center center","background-size":"auto","background-attachment":"scroll","background-type":"","background-media":"","overlay-type":"","overlay-color":"","overlay-opacity":"","overlay-gradient":""},"tablet":{"background-color":"var(--ast-global-color-5)","background-image":"","background-repeat":"repeat","background-position":"center center","background-size":"auto","background-attachment":"scroll","background-type":"","background-media":"","overlay-type":"","overlay-color":"","overlay-opacity":"","overlay-gradient":""},"mobile":{"background-color":"var(--ast-global-color-5)","background-image":"","background-repeat":"repeat","background-position":"center center","background-size":"auto","background-attachment":"scroll","background-type":"","background-media":"","overlay-type":"","overlay-color":"","overlay-opacity":"","overlay-gradient":""}}},"product_cat":[48],"product_tag":[],"class_list":["post-13929","product","type-product","status-publish","has-post-thumbnail","hentry","product_cat-sunkaraoke-dalok","desktop-align-left","tablet-align-left","mobile-align-left"],"_links":{"self":[{"href":"https:\/\/www.sunkaraoke.hu\/index.php\/wp-json\/wp\/v2\/product\/13929","targetHints":{"allow":["GET"]}}],"collection":[{"href":"https:\/\/www.sunkaraoke.hu\/index.php\/wp-json\/wp\/v2\/product"}],"about":[{"href":"https:\/\/www.sunkaraoke.hu\/index.php\/wp-json\/wp\/v2\/types\/product"}],"wp:featuredmedia":[{"embeddable":true,"href":"https:\/\/www.sunkaraoke.hu\/index.php\/wp-json\/wp\/v2\/media\/13932"}],"wp:attachment":[{"href":"https:\/\/www.sunkaraoke.hu\/index.php\/wp-json\/wp\/v2\/media?parent=13929"}],"wp:term":[{"taxonomy":"product_cat","embeddable":true,"href":"https:\/\/www.sunkaraoke.hu\/index.php\/wp-json\/wp\/v2\/product_cat?post=13929"},{"taxonomy":"product_tag","embeddable":true,"href":"https:\/\/www.sunkaraoke.hu\/index.php\/wp-json\/wp\/v2\/product_tag?post=13929"}],"curies":[{"name":"wp","href":"https:\/\/api.w.org\/{rel}","templated":true}]}}