{"id":13825,"date":"2024-09-14T08:56:16","date_gmt":"2024-09-14T08:56:16","guid":{"rendered":"https:\/\/www.sunkaraoke.hu\/?post_type=product&#038;p=13825"},"modified":"2024-09-18T05:42:33","modified_gmt":"2024-09-18T05:42:33","slug":"feher-krisztian-ft-burai-gyere-kislany-igyunk-valamit-2024-new-cover","status":"publish","type":"product","link":"https:\/\/www.sunkaraoke.hu\/index.php\/termek\/feher-krisztian-ft-burai-gyere-kislany-igyunk-valamit-2024-new-cover\/","title":{"rendered":"<div class=\"wcmp-player-container product-13825\"><audio controlslist=\"nodownload\" data-product=\"13825\"  volume=\"1\"  preload=\"none\" data-lazyloading=\"none\" class=\"wcmp-player track mejs-classic\" data-duration=\"0:33\" data-estimated_duration=\"4\"><source src=\"https:\/\/www.sunkaraoke.hu\/wp-content\/uploads\/2024\/09\/Gyere-kislany-igyunk-2024_demo.mp3\" type=\"audio\/mp3\" \/><\/audio><\/div>Feh\u00e9r Kriszti\u00e1n Ft. Burai: Gyere kisl\u00e1ny igyunk valamit 2024. NEW  (Cover)"},"content":{"rendered":"<p><strong>03:01<\/strong>\u00a0| <strong><img loading=\"lazy\" decoding=\"async\" class=\"alignnone size-full wp-image-467\" src=\"https:\/\/www.sunkaraoke.hu\/wp-content\/uploads\/2022\/07\/choir_2-copy.webp\" alt=\"\" width=\"30\" height=\"30\" \/> | <img decoding=\"async\" src=\"https:\/\/www.sunkaraoke.hu\/wp-content\/uploads\/2022\/07\/transzponalas.webp\" \/>\u00a0 +3<\/strong><\/p>\n","protected":false},"excerpt":{"rendered":"<p>Bits\u0171r\u0171s\u00e9g: 320kb\/<br \/>\nHossz: 03:01<br \/>\nVok\u00e1lt tartalmaz: Nem <img loading=\"lazy\" decoding=\"async\" class=\"alignnone size-full wp-image-467\" src=\"http:\/\/www.sunkaraoke.hu\/wp-content\/uploads\/2022\/07\/choir_2-copy.png\" alt=\"\" width=\"30\" height=\"30\" \/><br \/>\nTranszpon\u00e1lt : Igen +3<\/p>\n<p>Sunkaraoke mp3 st\u00fadi\u00f3 \/ www.sunkaraoke.hu \/ Inf: Tel: 06 20 4275001<\/p>\n<p>&#8212;Intr\u00f3&#8212;<br \/>\nGyere kisl\u00e1ny igyunk valamit,<br \/>\nneh\u00e9z eset vagy azt mondta valaki,<br \/>\nne par\u00e1zz \u0151szinte vagyok nem habi,<br \/>\nelb\u00fajhat m\u00f6g\u00f6ttem a t\u00f6bbi palid.<br \/>\nDe kapcsolat az nem kell szeretlek egy napig,<br \/>\nnem b\u00edrn\u00e1m \u00e9n melletted csak egy darabig,<br \/>\nmegs\u00e9r\u00fclt a lelkem de a v\u00e9rem szak\u00edt,<br \/>\nrajtam elrontottatok valamit.<br \/>\nHol van az a l\u00e1ny akivel \u00e9n boldog lenn\u00e9k,<br \/>\na sz\u00edv\u00e9\u00e9rt mindent megtenn\u00e9k,<br \/>\nbelemenn\u00e9k a t\u0171zbe, meglehet a b\u0171nbe,<br \/>\nha v\u00e9gre ide is \u00e9rn\u00e9l.<br \/>\n\u00c9n v\u00e1rok r\u00e1d m\u00e1r j\u00f3 ideje,<br \/>\nmost ny\u00e1r van de kaptam m\u00e1r sok hideget,<br \/>\nkereslek de nem tudom hol vagy \u00e9pp,<br \/>\nha megl\u00e1tn\u00e1lak csak annyit mondan\u00e9k.<br \/>\nGyere kisl\u00e1ny igyunk valamit,<br \/>\nneh\u00e9z eset vagy azt mondta valaki,<br \/>\nne par\u00e1zz \u0151szinte vagyok nem habi,<br \/>\nelb\u00fajhat m\u00f6g\u00f6ttem a t\u00f6bbi palid.<br \/>\nDe kapcsolat az nem kell szeretlek egy napig,<br \/>\nnem b\u00edrn\u00e1m \u00e9n melletted csak egy darabig,<br \/>\nmegs\u00e9r\u00fclt a lelkem de a v\u00e9rem szak\u00edt,<br \/>\nrajtam elrontottatok valamit.<br \/>\n&#8212;Sz\u00f3l\u00f3&#8212;<br \/>\nGyere kisl\u00e1ny igyunk valamit,<br \/>\nneh\u00e9z eset vagy azt mondta valaki,<br \/>\nne par\u00e1zz \u0151szinte vagyok nem habi,<br \/>\nelb\u00fajhat m\u00f6g\u00f6ttem a t\u00f6bbi palid.<br \/>\nDe kapcsolat az nem kell szeretlek egy napig,<br \/>\nnem b\u00edrn\u00e1m \u00e9n melletted csak egy darabig,<br \/>\nmegs\u00e9r\u00fclt a lelkem de a v\u00e9rem szak\u00edt,<br \/>\nrajtam elrontottatok valamit.<br \/>\nR\u00e9gen v\u00e1rtam hogy s\u00f6t\u00e9t legyen odakint,<br \/>\nelindultunk gyalog majd biztos csin\u00e1lunk valamit,<br \/>\nr\u00f6vidnadr\u00e1g p\u00f3l\u00f3 feh\u00e9r cip\u0151 az j\u00f3 volt,<br \/>\nvisszagondolok nevetek nem mindig de sokszor.<br \/>\nTeltek az \u00e9vek megmaradtunk p\u00e1ran,<br \/>\nvannak akik megtanult\u00e1k szembej\u00f6nni h\u00e1ttal,<br \/>\neleget v\u00e1rtam az emberek elsz\u00e1lltak,<br \/>\na magam ura vagyok nem adok senki szav\u00e1ra.<br \/>\nGyere kisl\u00e1ny igyunk valamit,<br \/>\nneh\u00e9z eset vagy azt mondta valaki,<br \/>\nne par\u00e1zz \u0151szinte vagyok nem habi,<br \/>\nelb\u00fajhat m\u00f6g\u00f6ttem a t\u00f6bbi palid.<br \/>\nDe kapcsolat az nem kell szeretlek egy napig,<br \/>\nnem b\u00edrn\u00e1m \u00e9n melletted csak egy darabig,<br \/>\nmegs\u00e9r\u00fclt a lelkem de a v\u00e9rem szak\u00edt,<br \/>\nrajtam elrontottatok valamit.<br \/>\nMondom \u00f3 dik ki ez a l\u00e1ny,<br \/>\nki az apja neki, tal\u00e1lkozni akarok veled,<br \/>\ngyere mondd meg a neved,nekem te vagy a f\u0151nyerem\u00e9ny.<br \/>\nAnnyit mondok \u00f3 dik,megszerettem a l\u00e1nyt,<br \/>\nelcs\u00e1b\u00edtott a mosolya,megfogott a b\u00e1ja,<br \/>\nmegharapom a sz\u00e1d,gyer\u00fcnk a f\u00f6ldre mert nyikorog az \u00e1gy.<br \/>\nGyere kisl\u00e1ny igyunk valamit,<br \/>\nneh\u00e9z eset vagy azt mondta valaki,<br \/>\nne par\u00e1zz \u0151szinte vagyok nem habi,<br \/>\nelb\u00fajhat m\u00f6g\u00f6ttem a t\u00f6bbi palid.<br \/>\nDe kapcsolat az nem kell szeretlek egy napig,<br \/>\nnem b\u00edrn\u00e1m \u00e9n melletted csak egy darabig,<br \/>\nmegs\u00e9r\u00fclt a lelkem de a v\u00e9rem szak\u00edt,<br \/>\nrajtam elrontottatok valamit.<br \/>\n&#8212;V\u00e9ge&#8212;<\/p>\n","protected":false},"featured_media":13832,"template":"","meta":{"site-sidebar-layout":"default","site-content-layout":"default","ast-site-content-layout":"default","site-content-style":"default","site-sidebar-style":"default","ast-global-header-display":"","ast-banner-title-visibility":"","ast-main-header-display":"","ast-hfb-above-header-display":"","ast-hfb-below-header-display":"","ast-hfb-mobile-header-display":"","site-post-title":"","ast-breadcrumbs-content":"","ast-featured-img":"","footer-sml-layout":"","theme-transparent-header-meta":"default","adv-header-id-meta":"","stick-header-meta":"","header-above-stick-meta":"","header-main-stick-meta":"","header-below-stick-meta":"","astra-migrate-meta-layouts":"set","ast-page-background-enabled":"default","ast-page-background-meta":{"desktop":{"background-color":"var(--ast-global-color-4)","background-image":"","background-repeat":"repeat","background-position":"center center","background-size":"auto","background-attachment":"scroll","background-type":"","background-media":"","overlay-type":"","overlay-color":"","overlay-opacity":"","overlay-gradient":""},"tablet":{"background-color":"","background-image":"","background-repeat":"repeat","background-position":"center center","background-size":"auto","background-attachment":"scroll","background-type":"","background-media":"","overlay-type":"","overlay-color":"","overlay-opacity":"","overlay-gradient":""},"mobile":{"background-color":"","background-image":"","background-repeat":"repeat","background-position":"center center","background-size":"auto","background-attachment":"scroll","background-type":"","background-media":"","overlay-type":"","overlay-color":"","overlay-opacity":"","overlay-gradient":""}},"ast-content-background-meta":{"desktop":{"background-color":"var(--ast-global-color-5)","background-image":"","background-repeat":"repeat","background-position":"center center","background-size":"auto","background-attachment":"scroll","background-type":"","background-media":"","overlay-type":"","overlay-color":"","overlay-opacity":"","overlay-gradient":""},"tablet":{"background-color":"var(--ast-global-color-5)","background-image":"","background-repeat":"repeat","background-position":"center center","background-size":"auto","background-attachment":"scroll","background-type":"","background-media":"","overlay-type":"","overlay-color":"","overlay-opacity":"","overlay-gradient":""},"mobile":{"background-color":"var(--ast-global-color-5)","background-image":"","background-repeat":"repeat","background-position":"center center","background-size":"auto","background-attachment":"scroll","background-type":"","background-media":"","overlay-type":"","overlay-color":"","overlay-opacity":"","overlay-gradient":""}}},"product_cat":[48],"product_tag":[],"class_list":["post-13825","product","type-product","status-publish","has-post-thumbnail","hentry","product_cat-sunkaraoke-dalok","desktop-align-left","tablet-align-left","mobile-align-left"],"_links":{"self":[{"href":"https:\/\/www.sunkaraoke.hu\/index.php\/wp-json\/wp\/v2\/product\/13825","targetHints":{"allow":["GET"]}}],"collection":[{"href":"https:\/\/www.sunkaraoke.hu\/index.php\/wp-json\/wp\/v2\/product"}],"about":[{"href":"https:\/\/www.sunkaraoke.hu\/index.php\/wp-json\/wp\/v2\/types\/product"}],"wp:featuredmedia":[{"embeddable":true,"href":"https:\/\/www.sunkaraoke.hu\/index.php\/wp-json\/wp\/v2\/media\/13832"}],"wp:attachment":[{"href":"https:\/\/www.sunkaraoke.hu\/index.php\/wp-json\/wp\/v2\/media?parent=13825"}],"wp:term":[{"taxonomy":"product_cat","embeddable":true,"href":"https:\/\/www.sunkaraoke.hu\/index.php\/wp-json\/wp\/v2\/product_cat?post=13825"},{"taxonomy":"product_tag","embeddable":true,"href":"https:\/\/www.sunkaraoke.hu\/index.php\/wp-json\/wp\/v2\/product_tag?post=13825"}],"curies":[{"name":"wp","href":"https:\/\/api.w.org\/{rel}","templated":true}]}}