{"id":13817,"date":"2024-09-13T11:27:13","date_gmt":"2024-09-13T11:27:13","guid":{"rendered":"https:\/\/www.sunkaraoke.hu\/?post_type=product&#038;p=13817"},"modified":"2025-10-13T16:28:04","modified_gmt":"2025-10-13T14:28:04","slug":"kaczor-ferenc-oly-nehez-nelkuled-2024-new","status":"publish","type":"product","link":"https:\/\/www.sunkaraoke.hu\/index.php\/termek\/kaczor-ferenc-oly-nehez-nelkuled-2024-new\/","title":{"rendered":"<div class=\"wcmp-player-container product-13817\"><audio controlslist=\"nodownload\" data-product=\"13817\"  volume=\"1\"  preload=\"none\" data-lazyloading=\"none\" class=\"wcmp-player track mejs-classic\" data-duration=\"0:34\" data-estimated_duration=\"4\"><source src=\"https:\/\/www.sunkaraoke.hu\/wp-content\/uploads\/2024\/09\/Oly-nehez-nelkuled_demo.mp3\" type=\"audio\/mp3\" \/><\/audio><\/div>Kaczor Ferenc &#8211; Oly neh\u00e9z n\u00e9lk\u00fcled 2024. NEW"},"content":{"rendered":"<p><strong>04:09<\/strong>\u00a0| <strong><img loading=\"lazy\" decoding=\"async\" class=\"alignnone size-full wp-image-467\" src=\"https:\/\/www.sunkaraoke.hu\/wp-content\/uploads\/2022\/07\/choir_2-copy.webp\" alt=\"\" width=\"30\" height=\"30\" \/> | <img decoding=\"async\" src=\"https:\/\/www.sunkaraoke.hu\/wp-content\/uploads\/2022\/07\/transzponalas.webp\" \/>\u00a0 +1<\/strong><\/p>\n","protected":false},"excerpt":{"rendered":"<h6><strong>Bits\u0171r\u0171s\u00e9g: 320kb\/s<\/strong><br \/>\n<strong>Hossz: 03:43<\/strong><br \/>\n<strong>Vok\u00e1lt tartalmaz: Nem <img loading=\"lazy\" decoding=\"async\" class=\"alignnone size-full wp-image-467\" src=\"http:\/\/www.sunkaraoke.hu\/wp-content\/uploads\/2022\/07\/choir_2-copy.png\" alt=\"\" width=\"30\" height=\"30\" \/><\/strong><\/h6>\n<p>Sunkaraoke mp3 st\u00fadi\u00f3 \/ www.sunkaraoke.hu \/ Inf: Tel: 06 20 4275001<\/p>\n<p>&#8212;Intr\u00f3&#8212;<br \/>\nElm\u00falt egy hossz\u00fa \u00e9v, mi\u00f3ta elment\u00e9l.<br \/>\nN\u00e9lk\u00fcled mit sem \u00e9r, f\u00e1jdalmas oly neh\u00e9z.<br \/>\nOly neh\u00e9z n\u00e9lk\u00fcled, \u00e9lni sem \u00e9rdemes,<br \/>\nszomor\u00fas\u00e1g b\u00e1nat, az \u00e9letem!<br \/>\nNem akarok n\u00e9lk\u00fcled m\u00e1r \u00e9lni,<br \/>\nnem akarok t\u00f6bb \u00e9jszak\u00e1n \u00e1t s\u00edrni.<br \/>\nMindenem egy perc\u00e9rt odaadn\u00e1m,<br \/>\ncsak m\u00e9g egyszer gyere vissza hozz\u00e1m!!<br \/>\n&#8212;Sz\u00f3l\u00f3&#8212;<br \/>\nH\u00e1ny hossz\u00fa \u00e9jszak\u00e1t, miattad s\u00edrtam \u00e1t.<br \/>\nN\u00e9lk\u00fcled mit sem \u00e9r, f\u00e1jdalmas oly neh\u00e9z!!<br \/>\nOly neh\u00e9z n\u00e9lk\u00fcled, \u00e9lni sem \u00e9rdemes,<br \/>\nszomor\u00fas\u00e1g b\u00e1nat, az \u00e9letem!<br \/>\nNem akarok n\u00e9lk\u00fcled m\u00e1r \u00e9lni,<br \/>\nnem akarok t\u00f6bb \u00e9jszak\u00e1n \u00e1t s\u00edrni.<br \/>\nMindenem egy perc\u00e9rt odaadn\u00e1m,<br \/>\ncsak m\u00e9g egyszer gyere vissza hozz\u00e1m!!<br \/>\nOly neh\u00e9z n\u00e9lk\u00fcled, \u00e9lni sem \u00e9rdemes,<br \/>\nszomor\u00fas\u00e1g b\u00e1nat, az \u00e9letem!<br \/>\nNem akarok n\u00e9lk\u00fcled m\u00e1r \u00e9lni,<br \/>\nnem akarok t\u00f6bb \u00e9jszak\u00e1n \u00e1t s\u00edrni.<br \/>\nMindenem egy perc\u00e9rt odaadn\u00e1m,<br \/>\ncsak m\u00e9g egyszer gyere vissza hozz\u00e1m!!<br \/>\n&#8212;V\u00e9ge&#8212;<\/p>\n","protected":false},"featured_media":8960,"template":"","meta":{"site-sidebar-layout":"default","site-content-layout":"default","ast-site-content-layout":"","site-content-style":"default","site-sidebar-style":"default","ast-global-header-display":"","ast-banner-title-visibility":"","ast-main-header-display":"","ast-hfb-above-header-display":"","ast-hfb-below-header-display":"","ast-hfb-mobile-header-display":"","site-post-title":"","ast-breadcrumbs-content":"","ast-featured-img":"","footer-sml-layout":"","theme-transparent-header-meta":"default","adv-header-id-meta":"","stick-header-meta":"","header-above-stick-meta":"","header-main-stick-meta":"","header-below-stick-meta":"","astra-migrate-meta-layouts":"default","ast-page-background-enabled":"default","ast-page-background-meta":{"desktop":{"background-color":"var(--ast-global-color-4)","background-image":"","background-repeat":"repeat","background-position":"center center","background-size":"auto","background-attachment":"scroll","background-type":"","background-media":"","overlay-type":"","overlay-color":"","overlay-opacity":"","overlay-gradient":""},"tablet":{"background-color":"","background-image":"","background-repeat":"repeat","background-position":"center center","background-size":"auto","background-attachment":"scroll","background-type":"","background-media":"","overlay-type":"","overlay-color":"","overlay-opacity":"","overlay-gradient":""},"mobile":{"background-color":"","background-image":"","background-repeat":"repeat","background-position":"center center","background-size":"auto","background-attachment":"scroll","background-type":"","background-media":"","overlay-type":"","overlay-color":"","overlay-opacity":"","overlay-gradient":""}},"ast-content-background-meta":{"desktop":{"background-color":"var(--ast-global-color-5)","background-image":"","background-repeat":"repeat","background-position":"center center","background-size":"auto","background-attachment":"scroll","background-type":"","background-media":"","overlay-type":"","overlay-color":"","overlay-opacity":"","overlay-gradient":""},"tablet":{"background-color":"var(--ast-global-color-5)","background-image":"","background-repeat":"repeat","background-position":"center center","background-size":"auto","background-attachment":"scroll","background-type":"","background-media":"","overlay-type":"","overlay-color":"","overlay-opacity":"","overlay-gradient":""},"mobile":{"background-color":"var(--ast-global-color-5)","background-image":"","background-repeat":"repeat","background-position":"center center","background-size":"auto","background-attachment":"scroll","background-type":"","background-media":"","overlay-type":"","overlay-color":"","overlay-opacity":"","overlay-gradient":""}}},"product_cat":[48],"product_tag":[],"class_list":["post-13817","product","type-product","status-publish","has-post-thumbnail","hentry","product_cat-sunkaraoke-dalok","desktop-align-left","tablet-align-left","mobile-align-left"],"_links":{"self":[{"href":"https:\/\/www.sunkaraoke.hu\/index.php\/wp-json\/wp\/v2\/product\/13817","targetHints":{"allow":["GET"]}}],"collection":[{"href":"https:\/\/www.sunkaraoke.hu\/index.php\/wp-json\/wp\/v2\/product"}],"about":[{"href":"https:\/\/www.sunkaraoke.hu\/index.php\/wp-json\/wp\/v2\/types\/product"}],"wp:featuredmedia":[{"embeddable":true,"href":"https:\/\/www.sunkaraoke.hu\/index.php\/wp-json\/wp\/v2\/media\/8960"}],"wp:attachment":[{"href":"https:\/\/www.sunkaraoke.hu\/index.php\/wp-json\/wp\/v2\/media?parent=13817"}],"wp:term":[{"taxonomy":"product_cat","embeddable":true,"href":"https:\/\/www.sunkaraoke.hu\/index.php\/wp-json\/wp\/v2\/product_cat?post=13817"},{"taxonomy":"product_tag","embeddable":true,"href":"https:\/\/www.sunkaraoke.hu\/index.php\/wp-json\/wp\/v2\/product_tag?post=13817"}],"curies":[{"name":"wp","href":"https:\/\/api.w.org\/{rel}","templated":true}]}}