{"id":13805,"date":"2024-09-10T14:07:54","date_gmt":"2024-09-10T14:07:54","guid":{"rendered":"https:\/\/www.sunkaraoke.hu\/?post_type=product&#038;p=13805"},"modified":"2024-09-10T14:10:54","modified_gmt":"2024-09-10T14:10:54","slug":"poor-peter-kis-papirhajo-2024-new","status":"publish","type":"product","link":"https:\/\/www.sunkaraoke.hu\/index.php\/termek\/poor-peter-kis-papirhajo-2024-new\/","title":{"rendered":"<div class=\"wcmp-player-container product-13805\"><audio controlslist=\"nodownload\" data-product=\"13805\"  volume=\"1\"  preload=\"none\" data-lazyloading=\"none\" class=\"wcmp-player track mejs-classic\" data-duration=\"0:32\" data-estimated_duration=\"4\"><source src=\"https:\/\/www.sunkaraoke.hu\/wp-content\/uploads\/2024\/09\/Kis-papirhajo-Poor-TRP-_demo.mp3\" type=\"audio\/mp3\" \/><\/audio><\/div>Po\u00f3r P\u00e9ter &#8211; Kis pap\u00edrhaj\u00f3 2024. NEW"},"content":{"rendered":"<p><strong>04:35<\/strong>\u00a0| <strong><img loading=\"lazy\" decoding=\"async\" class=\"alignnone size-full wp-image-467\" src=\"https:\/\/www.sunkaraoke.hu\/wp-content\/uploads\/2022\/07\/choir_2-copy.webp\" alt=\"\" width=\"30\" height=\"30\" \/> <\/strong><\/p>\n","protected":false},"excerpt":{"rendered":"<h6><strong>Bits\u0171r\u0171s\u00e9g: 320kb\/s<\/strong><br \/>\n<strong>Hossz: 03:38<\/strong><br \/>\n<strong>Vok\u00e1lt tartalmaz: Nem <img loading=\"lazy\" decoding=\"async\" class=\"alignnone size-full wp-image-467\" src=\"http:\/\/www.sunkaraoke.hu\/wp-content\/uploads\/2022\/07\/choir_2-copy.png\" alt=\"\" width=\"30\" height=\"30\" \/><\/strong><br \/>\n<strong>Transzpon\u00e1lt: Igen + 1<\/strong><\/h6>\n<p>Sunkaraoke mp3 st\u00fadi\u00f3 \/ www.sunkaraoke.hu \/ Inf: Tel: 06 20 4275001<\/p>\n<p>&#8212;Intr\u00f3&#8212;-<br \/>\nKis pap\u00edrhaj\u00f3, lebeg a v\u00edzen,<br \/>\nforgatja a sz\u00e9l, viszi sebesen.<br \/>\nSok hazugs\u00e1g, Isten veled,<br \/>\nvigye el a v\u00edz,a hazug leveled.<br \/>\nAzt \u00edrtad n\u00e9kem, nem is r\u00e9g, \u00f6r\u00f6kk\u00e9 szeretsz!<br \/>\nS nem tudom, azt se m\u00e1r,hogy hol lehetsz?<br \/>\nElmossa a v\u00edz, majd a bet\u0171ket,<br \/>\ns elfelejtem \u00e9n, a te nevedet.<br \/>\nSok hazugs\u00e1g, Isten veled,<br \/>\ntovarohan\u00f3 kis pap\u00edrhaj\u00f3!<br \/>\n&#8212;Sz\u00f3l\u00f3&#8212;<br \/>\nKis pap\u00edrhaj\u00f3, lebeg a v\u00edzen,<br \/>\nforgatja a sz\u00e9l, viszi sebesen.<br \/>\nSok hazugs\u00e1g, Isten veled,<br \/>\nvigye el a v\u00edz,a hazug leveled.<br \/>\nAzt \u00edrtad n\u00e9kem, nem is r\u00e9g, \u00f6r\u00f6kk\u00e9 szeretsz!<br \/>\nS nem tudom azt se m\u00e1r,hogy hol lehetsz?<br \/>\nElmossa a v\u00edz, majd a bet\u0171ket,<br \/>\ns elfelejtem \u00e9n, a te nevedet.<br \/>\nSok hazugs\u00e1g, Isten veled,<br \/>\ntovarohan\u00f3 kis pap\u00edrhaj\u00f3!<br \/>\n&#8212;Sz\u00f3l\u00f3&#8212;<br \/>\nAzt \u00edrtad n\u00e9kem, nem is r\u00e9g, \u00f6r\u00f6kk\u00e9 szeretsz!<br \/>\nS nem tudom azt se m\u00e1r,hogy hol lehetsz?<br \/>\nElmossa a v\u00edz, majd a bet\u0171ket,<br \/>\ns elfelejtem \u00e9n, a te nevedet.<br \/>\nSok hazugs\u00e1g, Isten veled,<br \/>\ntovarohan\u00f3 kis pap\u00edrhaj\u00f3!<br \/>\n&#8212;V\u00e9ge&#8212;<\/p>\n<p>&nbsp;<\/p>\n","protected":false},"featured_media":9739,"template":"","meta":{"site-sidebar-layout":"default","site-content-layout":"default","ast-site-content-layout":"","site-content-style":"default","site-sidebar-style":"default","ast-global-header-display":"","ast-banner-title-visibility":"","ast-main-header-display":"","ast-hfb-above-header-display":"","ast-hfb-below-header-display":"","ast-hfb-mobile-header-display":"","site-post-title":"","ast-breadcrumbs-content":"","ast-featured-img":"","footer-sml-layout":"","theme-transparent-header-meta":"default","adv-header-id-meta":"","stick-header-meta":"","header-above-stick-meta":"","header-main-stick-meta":"","header-below-stick-meta":"","astra-migrate-meta-layouts":"default","ast-page-background-enabled":"default","ast-page-background-meta":{"desktop":{"background-color":"var(--ast-global-color-4)","background-image":"","background-repeat":"repeat","background-position":"center center","background-size":"auto","background-attachment":"scroll","background-type":"","background-media":"","overlay-type":"","overlay-color":"","overlay-opacity":"","overlay-gradient":""},"tablet":{"background-color":"","background-image":"","background-repeat":"repeat","background-position":"center center","background-size":"auto","background-attachment":"scroll","background-type":"","background-media":"","overlay-type":"","overlay-color":"","overlay-opacity":"","overlay-gradient":""},"mobile":{"background-color":"","background-image":"","background-repeat":"repeat","background-position":"center center","background-size":"auto","background-attachment":"scroll","background-type":"","background-media":"","overlay-type":"","overlay-color":"","overlay-opacity":"","overlay-gradient":""}},"ast-content-background-meta":{"desktop":{"background-color":"var(--ast-global-color-5)","background-image":"","background-repeat":"repeat","background-position":"center center","background-size":"auto","background-attachment":"scroll","background-type":"","background-media":"","overlay-type":"","overlay-color":"","overlay-opacity":"","overlay-gradient":""},"tablet":{"background-color":"var(--ast-global-color-5)","background-image":"","background-repeat":"repeat","background-position":"center center","background-size":"auto","background-attachment":"scroll","background-type":"","background-media":"","overlay-type":"","overlay-color":"","overlay-opacity":"","overlay-gradient":""},"mobile":{"background-color":"var(--ast-global-color-5)","background-image":"","background-repeat":"repeat","background-position":"center center","background-size":"auto","background-attachment":"scroll","background-type":"","background-media":"","overlay-type":"","overlay-color":"","overlay-opacity":"","overlay-gradient":""}}},"product_cat":[48],"product_tag":[],"class_list":["post-13805","product","type-product","status-publish","has-post-thumbnail","hentry","product_cat-sunkaraoke-dalok","desktop-align-left","tablet-align-left","mobile-align-left"],"_links":{"self":[{"href":"https:\/\/www.sunkaraoke.hu\/index.php\/wp-json\/wp\/v2\/product\/13805","targetHints":{"allow":["GET"]}}],"collection":[{"href":"https:\/\/www.sunkaraoke.hu\/index.php\/wp-json\/wp\/v2\/product"}],"about":[{"href":"https:\/\/www.sunkaraoke.hu\/index.php\/wp-json\/wp\/v2\/types\/product"}],"wp:featuredmedia":[{"embeddable":true,"href":"https:\/\/www.sunkaraoke.hu\/index.php\/wp-json\/wp\/v2\/media\/9739"}],"wp:attachment":[{"href":"https:\/\/www.sunkaraoke.hu\/index.php\/wp-json\/wp\/v2\/media?parent=13805"}],"wp:term":[{"taxonomy":"product_cat","embeddable":true,"href":"https:\/\/www.sunkaraoke.hu\/index.php\/wp-json\/wp\/v2\/product_cat?post=13805"},{"taxonomy":"product_tag","embeddable":true,"href":"https:\/\/www.sunkaraoke.hu\/index.php\/wp-json\/wp\/v2\/product_tag?post=13805"}],"curies":[{"name":"wp","href":"https:\/\/api.w.org\/{rel}","templated":true}]}}