{"id":13797,"date":"2024-09-09T07:52:56","date_gmt":"2024-09-09T07:52:56","guid":{"rendered":"https:\/\/www.sunkaraoke.hu\/?post_type=product&#038;p=13797"},"modified":"2024-09-09T07:55:59","modified_gmt":"2024-09-09T07:55:59","slug":"kozmix-tul-keso-2024-new","status":"publish","type":"product","link":"https:\/\/www.sunkaraoke.hu\/index.php\/termek\/kozmix-tul-keso-2024-new\/","title":{"rendered":"<div class=\"wcmp-player-container product-13797\"><audio controlslist=\"nodownload\" data-product=\"13797\"  volume=\"1\"  preload=\"none\" data-lazyloading=\"none\" class=\"wcmp-player track mejs-classic\" data-duration=\"0:31\" data-estimated_duration=\"4\"><source src=\"https:\/\/www.sunkaraoke.hu\/wp-content\/uploads\/2024\/09\/Tul-keso-Kozmix-2024._demo-1.mp3\" type=\"audio\/mp3\" \/><\/audio><\/div>Kozmix: T\u00fal k\u00e9s\u0151 2024. NEW"},"content":{"rendered":"<p><strong>03:38 <\/strong>| <strong><img loading=\"lazy\" decoding=\"async\" class=\"alignnone size-full wp-image-467\" src=\"https:\/\/www.sunkaraoke.hu\/wp-content\/uploads\/2022\/07\/choir_2-copy.webp\" alt=\"\" width=\"30\" height=\"30\" \/> | <img decoding=\"async\" src=\"https:\/\/www.sunkaraoke.hu\/wp-content\/uploads\/2022\/07\/transzponalas.webp\" \/>\u00a0<\/strong><\/p>\n","protected":false},"excerpt":{"rendered":"<h6><strong>Bits\u0171r\u0171s\u00e9g: 320kb\/s<\/strong><br \/>\n<strong>Hossz: 03:38<\/strong><br \/>\n<strong>Vok\u00e1lt tartalmaz: Nem <img loading=\"lazy\" decoding=\"async\" class=\"alignnone size-full wp-image-467\" src=\"http:\/\/www.sunkaraoke.hu\/wp-content\/uploads\/2022\/07\/choir_2-copy.png\" alt=\"\" width=\"30\" height=\"30\" \/><\/strong><\/h6>\n<p>Sunkaraoke mp3 st\u00fadi\u00f3 \/ www.sunkaraoke.hu \/ Inf: Tel: 06 20 4275001<\/p>\n<p>&#8212;Intr\u00f3&#8212;<br \/>\nHa volna m\u00e9g egy es\u00e9ly igaz\u00e1n,<br \/>\nhidd el m\u00e1sk\u00e9pp csin\u00e1ln\u00e1nk.<br \/>\nHa volna m\u00e9g egy nap elmondan\u00e1nk,<br \/>\ntal\u00e1n ut\u00f3lag bevallan\u00e1nk.<br \/>\nTudom \u00e9s \u00e9rtem m\u00e1r, minden rajtad m\u00falott h\u00e1t.<br \/>\nHisz&#8217; tudod \u00e9n nem k\u00e9rtem t\u00f6bbet,<br \/>\ncsak azt hogy n\u00e9ha gondolj r\u00e1m,<br \/>\ns ha minket egy \u00f3ce\u00e1n v\u00e1laszt el,<br \/>\n\u00e9n \u00e9rted azt is \u00e1t\u00faszn\u00e1m.<br \/>\nS ha v\u00e9g\u00fcl, nem \u00e9rn\u00e9k majd c\u00e9lba,<br \/>\ntudd meg ,hogy mindenem te volt\u00e1l,<br \/>\nezer \u00e9v is kev\u00e9s lenne hogy elhidd,<br \/>\nnekem az \u00e9letem volt\u00e1l.<br \/>\n&#8212;Sz\u00f3l\u00f3&#8212;-<br \/>\nHa l\u00e1tn\u00e1nk a j\u00f6v\u0151nket tudod,<br \/>\nte sem lenn\u00e9l titok m\u00e1r,<br \/>\negy t\u00e1voli bolyg\u00f3n \u00e9lhetn\u00e9nk,<br \/>\nkis kertedet locsoln\u00e1d,<br \/>\nhisz&#8217; ott is felkel a nap \u00e9s csak te v\u00e1rn\u00e1l r\u00e1m.<br \/>\nHisz&#8217; tudod \u00e9n nem k\u00e9rtem t\u00f6bbet,<br \/>\ncsak azt ,hogy n\u00e9ha gondolj r\u00e1m,<br \/>\ns ha minket egy \u00f3ce\u00e1n v\u00e1laszt el,<br \/>\n\u00e9n \u00e9rted azt is \u00e1t\u00faszn\u00e1m.<br \/>\nS ha v\u00e9g\u00fcl nem \u00e9rn\u00e9k majd c\u00e9lba,<br \/>\ntudd meg ,hogy mindenem te volt\u00e1l,<br \/>\nezer \u00e9v is kev\u00e9s lenne ,hogy elhidd,<br \/>\nnekem az \u00e9letem volt\u00e1l.<br \/>\n&#8212;Sz\u00f3l\u00f3&#8212;<br \/>\nHisz&#8217; tudod \u00e9n nem k\u00e9rtem t\u00f6bbet,<br \/>\ncsak azt ,hogy n\u00e9ha gondolj r\u00e1m,<br \/>\ns ha minket egy \u00f3ce\u00e1n v\u00e1laszt el,<br \/>\n\u00e9n \u00e9rted azt is \u00e1t\u00faszn\u00e1m.<br \/>\nS ha v\u00e9g\u00fcl nem \u00e9rn\u00e9k majd c\u00e9lba,<br \/>\ntudd meg hogy mindenem te volt\u00e1l,<br \/>\nezer \u00e9v is kev\u00e9s lenne ,hogy elhidd,<br \/>\nnekem az \u00e9letem volt\u00e1l.<br \/>\n&#8212;V\u00e9ge&#8212;<\/p>\n","protected":false},"featured_media":13800,"template":"","meta":{"site-sidebar-layout":"default","site-content-layout":"default","ast-site-content-layout":"","site-content-style":"default","site-sidebar-style":"default","ast-global-header-display":"","ast-banner-title-visibility":"","ast-main-header-display":"","ast-hfb-above-header-display":"","ast-hfb-below-header-display":"","ast-hfb-mobile-header-display":"","site-post-title":"","ast-breadcrumbs-content":"","ast-featured-img":"","footer-sml-layout":"","theme-transparent-header-meta":"default","adv-header-id-meta":"","stick-header-meta":"","header-above-stick-meta":"","header-main-stick-meta":"","header-below-stick-meta":"","astra-migrate-meta-layouts":"default","ast-page-background-enabled":"default","ast-page-background-meta":{"desktop":{"background-color":"var(--ast-global-color-4)","background-image":"","background-repeat":"repeat","background-position":"center center","background-size":"auto","background-attachment":"scroll","background-type":"","background-media":"","overlay-type":"","overlay-color":"","overlay-opacity":"","overlay-gradient":""},"tablet":{"background-color":"","background-image":"","background-repeat":"repeat","background-position":"center center","background-size":"auto","background-attachment":"scroll","background-type":"","background-media":"","overlay-type":"","overlay-color":"","overlay-opacity":"","overlay-gradient":""},"mobile":{"background-color":"","background-image":"","background-repeat":"repeat","background-position":"center center","background-size":"auto","background-attachment":"scroll","background-type":"","background-media":"","overlay-type":"","overlay-color":"","overlay-opacity":"","overlay-gradient":""}},"ast-content-background-meta":{"desktop":{"background-color":"var(--ast-global-color-5)","background-image":"","background-repeat":"repeat","background-position":"center center","background-size":"auto","background-attachment":"scroll","background-type":"","background-media":"","overlay-type":"","overlay-color":"","overlay-opacity":"","overlay-gradient":""},"tablet":{"background-color":"var(--ast-global-color-5)","background-image":"","background-repeat":"repeat","background-position":"center center","background-size":"auto","background-attachment":"scroll","background-type":"","background-media":"","overlay-type":"","overlay-color":"","overlay-opacity":"","overlay-gradient":""},"mobile":{"background-color":"var(--ast-global-color-5)","background-image":"","background-repeat":"repeat","background-position":"center center","background-size":"auto","background-attachment":"scroll","background-type":"","background-media":"","overlay-type":"","overlay-color":"","overlay-opacity":"","overlay-gradient":""}}},"product_cat":[48],"product_tag":[],"class_list":["post-13797","product","type-product","status-publish","has-post-thumbnail","hentry","product_cat-sunkaraoke-dalok","desktop-align-left","tablet-align-left","mobile-align-left"],"_links":{"self":[{"href":"https:\/\/www.sunkaraoke.hu\/index.php\/wp-json\/wp\/v2\/product\/13797","targetHints":{"allow":["GET"]}}],"collection":[{"href":"https:\/\/www.sunkaraoke.hu\/index.php\/wp-json\/wp\/v2\/product"}],"about":[{"href":"https:\/\/www.sunkaraoke.hu\/index.php\/wp-json\/wp\/v2\/types\/product"}],"wp:featuredmedia":[{"embeddable":true,"href":"https:\/\/www.sunkaraoke.hu\/index.php\/wp-json\/wp\/v2\/media\/13800"}],"wp:attachment":[{"href":"https:\/\/www.sunkaraoke.hu\/index.php\/wp-json\/wp\/v2\/media?parent=13797"}],"wp:term":[{"taxonomy":"product_cat","embeddable":true,"href":"https:\/\/www.sunkaraoke.hu\/index.php\/wp-json\/wp\/v2\/product_cat?post=13797"},{"taxonomy":"product_tag","embeddable":true,"href":"https:\/\/www.sunkaraoke.hu\/index.php\/wp-json\/wp\/v2\/product_tag?post=13797"}],"curies":[{"name":"wp","href":"https:\/\/api.w.org\/{rel}","templated":true}]}}