{"id":13768,"date":"2024-09-05T07:21:12","date_gmt":"2024-09-05T07:21:12","guid":{"rendered":"https:\/\/www.sunkaraoke.hu\/?post_type=product&#038;p=13768"},"modified":"2024-09-05T07:23:18","modified_gmt":"2024-09-05T07:23:18","slug":"kaczor-ferenc-rabod-lettem-2024-new","status":"publish","type":"product","link":"https:\/\/www.sunkaraoke.hu\/index.php\/termek\/kaczor-ferenc-rabod-lettem-2024-new\/","title":{"rendered":"<div class=\"wcmp-player-container product-13768\"><audio controlslist=\"nodownload\" data-product=\"13768\"  volume=\"1\"  preload=\"none\" data-lazyloading=\"none\" class=\"wcmp-player track mejs-classic\" data-duration=\"0:32\" data-estimated_duration=\"4\"><source src=\"https:\/\/www.sunkaraoke.hu\/wp-content\/uploads\/2024\/09\/Rabod-lettem-2024.-_demo.mp3\" type=\"audio\/mp3\" \/><\/audio><\/div>Kaczor Ferenc &#8211; Rabod lettem 2024. NEW"},"content":{"rendered":"<p><strong>03:41<\/strong>\u00a0| <strong><img loading=\"lazy\" decoding=\"async\" class=\"alignnone size-full wp-image-467\" src=\"https:\/\/www.sunkaraoke.hu\/wp-content\/uploads\/2022\/07\/choir_2-copy.webp\" alt=\"\" width=\"30\" height=\"30\" \/> | <img decoding=\"async\" src=\"https:\/\/www.sunkaraoke.hu\/wp-content\/uploads\/2022\/07\/transzponalas.webp\" \/> + 1<\/strong><\/p>\n","protected":false},"excerpt":{"rendered":"<h6><strong>Bits\u0171r\u0171s\u00e9g: 320kb\/s<\/strong><br \/>\n<strong>Hossz: 03:41<\/strong><br \/>\n<strong>Vok\u00e1lt tartalmaz: Nem <img loading=\"lazy\" decoding=\"async\" class=\"alignnone size-full wp-image-467\" src=\"http:\/\/www.sunkaraoke.hu\/wp-content\/uploads\/2022\/07\/choir_2-copy.png\" alt=\"\" width=\"30\" height=\"30\" \/><\/strong><\/h6>\n<h6><strong>Transzpon\u00e1l\u00e1s:\u00a0 <img decoding=\"async\" src=\"https:\/\/www.sunkaraoke.hu\/wp-content\/uploads\/2022\/07\/transzponalas.png\" \/>\u00a0 +1<\/strong><\/h6>\n<p>Sunkaraoke mp3 st\u00fadi\u00f3 \/ www.sunkaraoke.hu \/ Inf: Tel: 06 20 4275001<\/p>\n<p>&#8212;Intr\u00f3&#8212;<br \/>\nJaj, de nagyon tudn\u00e1lak szeretni,jaj, de nagyon j\u00f3 lenne veled.<br \/>\nMegbabon\u00e1z, megb\u00e9n\u00edt a szemed,menek\u00fclni t\u0151led nem lehet.<br \/>\nRabod lettem, most m\u00e1r mind\u00f6r\u00f6kre,elraboltad, elloptad a sz\u00edvem.<br \/>\nEgy m\u00e1sik\u00e9rt majd k\u00e9rlek,ne t\u00f6rd \u00f6ssze,tudom nincs a f\u00f6ld\u00f6n \u00f6r\u00f6k szerelem.<br \/>\n\u00c1tkozottul boldog tudn\u00e9k lenni,veled n\u00e9h\u00e1ny r\u00f6pke perc alatt.<br \/>\n\u00c1tkozottul tudn\u00e1lak szeretni,menek\u00fclni m\u00e1r nem akarok.<br \/>\n&#8212;Sz\u00f3l\u00f3&#8212;<br \/>\nJaj, de nagyon tudn\u00e1lak szeretni,jaj, de nagyon j\u00f3 lenne veled.<br \/>\nMegbabon\u00e1z, megb\u00e9n\u00edt a szemed,menek\u00fclni t\u0151led nem lehet.<br \/>\nRabod lettem, most m\u00e1r mind\u00f6r\u00f6kre,elraboltad, elloptad a sz\u00edvem.<br \/>\nEgy m\u00e1sik\u00e9t majd k\u00e9rlek,ne t\u00f6rd \u00f6ssze.Tudom nincs a f\u00f6ld\u00f6n \u00f6r\u00f6k szerelem.<br \/>\n\u00c1tkozottul boldog tudn\u00e9k lenni,veled n\u00e9h\u00e1ny r\u00f6pke perc alatt.<br \/>\n\u00c1tkozottul tudn\u00e1lak szeretni,menek\u00fclni m\u00e1r nem akarok.<br \/>\n\u00c1tkozottul boldog tudn\u00e9k lenni,veled n\u00e9h\u00e1ny r\u00f6pke perc alatt.<br \/>\n\u00c1tkozottul tudn\u00e1lak szeretni,menek\u00fclni m\u00e1r nem akarok.<br \/>\n&#8212;V\u00e9ge&#8212;<\/p>\n","protected":false},"featured_media":8960,"template":"","meta":{"site-sidebar-layout":"default","site-content-layout":"default","ast-site-content-layout":"","site-content-style":"default","site-sidebar-style":"default","ast-global-header-display":"","ast-banner-title-visibility":"","ast-main-header-display":"","ast-hfb-above-header-display":"","ast-hfb-below-header-display":"","ast-hfb-mobile-header-display":"","site-post-title":"","ast-breadcrumbs-content":"","ast-featured-img":"","footer-sml-layout":"","theme-transparent-header-meta":"default","adv-header-id-meta":"","stick-header-meta":"","header-above-stick-meta":"","header-main-stick-meta":"","header-below-stick-meta":"","astra-migrate-meta-layouts":"default","ast-page-background-enabled":"default","ast-page-background-meta":{"desktop":{"background-color":"var(--ast-global-color-4)","background-image":"","background-repeat":"repeat","background-position":"center center","background-size":"auto","background-attachment":"scroll","background-type":"","background-media":"","overlay-type":"","overlay-color":"","overlay-opacity":"","overlay-gradient":""},"tablet":{"background-color":"","background-image":"","background-repeat":"repeat","background-position":"center center","background-size":"auto","background-attachment":"scroll","background-type":"","background-media":"","overlay-type":"","overlay-color":"","overlay-opacity":"","overlay-gradient":""},"mobile":{"background-color":"","background-image":"","background-repeat":"repeat","background-position":"center center","background-size":"auto","background-attachment":"scroll","background-type":"","background-media":"","overlay-type":"","overlay-color":"","overlay-opacity":"","overlay-gradient":""}},"ast-content-background-meta":{"desktop":{"background-color":"var(--ast-global-color-5)","background-image":"","background-repeat":"repeat","background-position":"center center","background-size":"auto","background-attachment":"scroll","background-type":"","background-media":"","overlay-type":"","overlay-color":"","overlay-opacity":"","overlay-gradient":""},"tablet":{"background-color":"var(--ast-global-color-5)","background-image":"","background-repeat":"repeat","background-position":"center center","background-size":"auto","background-attachment":"scroll","background-type":"","background-media":"","overlay-type":"","overlay-color":"","overlay-opacity":"","overlay-gradient":""},"mobile":{"background-color":"var(--ast-global-color-5)","background-image":"","background-repeat":"repeat","background-position":"center center","background-size":"auto","background-attachment":"scroll","background-type":"","background-media":"","overlay-type":"","overlay-color":"","overlay-opacity":"","overlay-gradient":""}}},"product_cat":[48],"product_tag":[],"class_list":["post-13768","product","type-product","status-publish","has-post-thumbnail","hentry","product_cat-sunkaraoke-dalok","desktop-align-left","tablet-align-left","mobile-align-left"],"_links":{"self":[{"href":"https:\/\/www.sunkaraoke.hu\/index.php\/wp-json\/wp\/v2\/product\/13768","targetHints":{"allow":["GET"]}}],"collection":[{"href":"https:\/\/www.sunkaraoke.hu\/index.php\/wp-json\/wp\/v2\/product"}],"about":[{"href":"https:\/\/www.sunkaraoke.hu\/index.php\/wp-json\/wp\/v2\/types\/product"}],"wp:featuredmedia":[{"embeddable":true,"href":"https:\/\/www.sunkaraoke.hu\/index.php\/wp-json\/wp\/v2\/media\/8960"}],"wp:attachment":[{"href":"https:\/\/www.sunkaraoke.hu\/index.php\/wp-json\/wp\/v2\/media?parent=13768"}],"wp:term":[{"taxonomy":"product_cat","embeddable":true,"href":"https:\/\/www.sunkaraoke.hu\/index.php\/wp-json\/wp\/v2\/product_cat?post=13768"},{"taxonomy":"product_tag","embeddable":true,"href":"https:\/\/www.sunkaraoke.hu\/index.php\/wp-json\/wp\/v2\/product_tag?post=13768"}],"curies":[{"name":"wp","href":"https:\/\/api.w.org\/{rel}","templated":true}]}}