{"id":13731,"date":"2024-08-30T07:32:01","date_gmt":"2024-08-30T07:32:01","guid":{"rendered":"https:\/\/www.sunkaraoke.hu\/?post_type=product&#038;p=13731"},"modified":"2024-08-30T07:35:18","modified_gmt":"2024-08-30T07:35:18","slug":"pierott-telihold-2024-new","status":"publish","type":"product","link":"https:\/\/www.sunkaraoke.hu\/index.php\/termek\/pierott-telihold-2024-new\/","title":{"rendered":"<div class=\"wcmp-player-container product-13731\"><audio controlslist=\"nodownload\" data-product=\"13731\"  volume=\"1\"  preload=\"none\" data-lazyloading=\"none\" class=\"wcmp-player track mejs-classic\" data-duration=\"0:32\" data-estimated_duration=\"4\"><source src=\"https:\/\/www.sunkaraoke.hu\/wp-content\/uploads\/2024\/08\/Telihold-Pierot-2024.-NEW_demo.mp3\" type=\"audio\/mp3\" \/><\/audio><\/div>Pierrot: Telihold 2024. NEW"},"content":{"rendered":"<p><strong>03:30<\/strong>\u00a0| <strong><img loading=\"lazy\" decoding=\"async\" class=\"alignnone size-full wp-image-467\" src=\"https:\/\/www.sunkaraoke.hu\/wp-content\/uploads\/2022\/07\/choir_2-copy.webp\" alt=\"\" width=\"30\" height=\"30\" \/> <\/strong><\/p>\n","protected":false},"excerpt":{"rendered":"<h5><strong>Bits\u0171r\u0171s\u00e9g: 320kb\/s<\/strong><\/h5>\n<h5><strong>Hossz: 03:30<\/strong><\/h5>\n<h5><strong>Vok\u00e1l: Nem <img loading=\"lazy\" decoding=\"async\" class=\"alignnone size-full wp-image-467\" src=\"http:\/\/www.sunkaraoke.hu\/wp-content\/uploads\/2022\/07\/choir_2-copy.png\" alt=\"\" width=\"30\" height=\"30\" \/><\/strong><\/h5>\n<p>Sunkaraoke mp3 st\u00fadi\u00f3 \/ www.sunkaraoke.hu \/ Inf: Tel: 06 20 4275001<\/p>\n<p>&#8212;Intr\u00f3&#8212;<br \/>\nEml\u00e9kszem egy \u00e9jszaka j\u00f6tt, miel\u0151tt elk\u00f6lt\u00f6z\u00f6tt,hitte: v\u00e9gleg,<br \/>\nn\u00e9m\u00e1n, mint a kerek Hold,megcs\u00f3kolt, s nem v\u00e1laszolt,elment t\u00e9nyleg&#8230;<br \/>\nMinden elm\u00falik az id\u0151vel,de el kell mondjam, n\u00e9ha nagyon kell,<br \/>\nmi az\u00f3ta nem volt, telihold&#8230;<br \/>\nJ\u00f6tt \u00e9s elt\u0171nt sok szerelem,ha mindet annak hiszem,hazug \u00e1lmok,<br \/>\nmind\u00f6ssze a Hold ami m\u00e1s,mint ahogy minden cs\u00f3k m\u00e1s,s \u00e9n m\u00e9g v\u00e1rom&#8230;<br \/>\nMinden elm\u00falik az id\u0151vel,de el kell mondjam, n\u00e9ha nagyon kell,mi az\u00f3ta nem volt, telihold&#8230;<br \/>\n&#8212;Sz\u00f3l\u00f3&#8212;<br \/>\nEltelt m\u00e1r \u00edgy t\u00f6bb mint t\u00edz \u00e9v,s nem mondott semmit a n\u00e9v,csak k\u00e9k bor\u00edt\u00e9k&#8230;<br \/>\nKi\u00edrt n\u0151i \u00edr\u00e1s, egy sz\u00f3, t\u00faloldalt sz\u00ednes fot\u00f3,a hold \u00e9s az \u00e9g&#8230;<br \/>\nMinden elm\u00falik az id\u0151vel,de el kell mondjam, n\u00e9ha nagyon kell,mi az\u00f3ta nem volt, telihold&#8230;<br \/>\nEml\u00e9kszem egy \u00e9jszaka j\u00f6tt, miel\u0151tt elk\u00f6lt\u00f6z\u00f6tt,hitte: v\u00e9gleg,<br \/>\nn\u00e9m\u00e1n, mint a kerek Hold,megcs\u00f3kolt, s nem v\u00e1laszolt,elment t\u00e9nyleg&#8230;<br \/>\nMinden elm\u00falik az id\u0151vel,de el kell mondjam, n\u00e9ha nagyon kell,mi az\u00f3ta nem volt, telihold&#8230;<br \/>\n&#8212;Sz\u00f3l\u00f3&#8212;<br \/>\nMinden elm\u00falik az id\u0151vel,de el kell mondjam, n\u00e9ha nagyon kell,mi az\u00f3ta nem volt, telihold&#8230;<br \/>\n&#8212;V\u00e9ge&#8212;<\/p>\n","protected":false},"featured_media":13736,"template":"","meta":{"site-sidebar-layout":"default","site-content-layout":"default","ast-site-content-layout":"","site-content-style":"default","site-sidebar-style":"default","ast-global-header-display":"","ast-banner-title-visibility":"","ast-main-header-display":"","ast-hfb-above-header-display":"","ast-hfb-below-header-display":"","ast-hfb-mobile-header-display":"","site-post-title":"","ast-breadcrumbs-content":"","ast-featured-img":"","footer-sml-layout":"","theme-transparent-header-meta":"default","adv-header-id-meta":"","stick-header-meta":"","header-above-stick-meta":"","header-main-stick-meta":"","header-below-stick-meta":"","astra-migrate-meta-layouts":"default","ast-page-background-enabled":"default","ast-page-background-meta":{"desktop":{"background-color":"var(--ast-global-color-4)","background-image":"","background-repeat":"repeat","background-position":"center center","background-size":"auto","background-attachment":"scroll","background-type":"","background-media":"","overlay-type":"","overlay-color":"","overlay-opacity":"","overlay-gradient":""},"tablet":{"background-color":"","background-image":"","background-repeat":"repeat","background-position":"center center","background-size":"auto","background-attachment":"scroll","background-type":"","background-media":"","overlay-type":"","overlay-color":"","overlay-opacity":"","overlay-gradient":""},"mobile":{"background-color":"","background-image":"","background-repeat":"repeat","background-position":"center center","background-size":"auto","background-attachment":"scroll","background-type":"","background-media":"","overlay-type":"","overlay-color":"","overlay-opacity":"","overlay-gradient":""}},"ast-content-background-meta":{"desktop":{"background-color":"var(--ast-global-color-5)","background-image":"","background-repeat":"repeat","background-position":"center center","background-size":"auto","background-attachment":"scroll","background-type":"","background-media":"","overlay-type":"","overlay-color":"","overlay-opacity":"","overlay-gradient":""},"tablet":{"background-color":"var(--ast-global-color-5)","background-image":"","background-repeat":"repeat","background-position":"center center","background-size":"auto","background-attachment":"scroll","background-type":"","background-media":"","overlay-type":"","overlay-color":"","overlay-opacity":"","overlay-gradient":""},"mobile":{"background-color":"var(--ast-global-color-5)","background-image":"","background-repeat":"repeat","background-position":"center center","background-size":"auto","background-attachment":"scroll","background-type":"","background-media":"","overlay-type":"","overlay-color":"","overlay-opacity":"","overlay-gradient":""}}},"product_cat":[48],"product_tag":[],"class_list":["post-13731","product","type-product","status-publish","has-post-thumbnail","hentry","product_cat-sunkaraoke-dalok","desktop-align-left","tablet-align-left","mobile-align-left"],"_links":{"self":[{"href":"https:\/\/www.sunkaraoke.hu\/index.php\/wp-json\/wp\/v2\/product\/13731","targetHints":{"allow":["GET"]}}],"collection":[{"href":"https:\/\/www.sunkaraoke.hu\/index.php\/wp-json\/wp\/v2\/product"}],"about":[{"href":"https:\/\/www.sunkaraoke.hu\/index.php\/wp-json\/wp\/v2\/types\/product"}],"wp:featuredmedia":[{"embeddable":true,"href":"https:\/\/www.sunkaraoke.hu\/index.php\/wp-json\/wp\/v2\/media\/13736"}],"wp:attachment":[{"href":"https:\/\/www.sunkaraoke.hu\/index.php\/wp-json\/wp\/v2\/media?parent=13731"}],"wp:term":[{"taxonomy":"product_cat","embeddable":true,"href":"https:\/\/www.sunkaraoke.hu\/index.php\/wp-json\/wp\/v2\/product_cat?post=13731"},{"taxonomy":"product_tag","embeddable":true,"href":"https:\/\/www.sunkaraoke.hu\/index.php\/wp-json\/wp\/v2\/product_tag?post=13731"}],"curies":[{"name":"wp","href":"https:\/\/api.w.org\/{rel}","templated":true}]}}